{"id":31557,"date":"2026-05-05T10:14:59","date_gmt":"2026-05-05T08:14:59","guid":{"rendered":"http:\/\/preprod.howtospa.com\/?page_id=31557"},"modified":"2026-05-05T12:20:30","modified_gmt":"2026-05-05T10:20:30","slug":"our-offers-for-wellness-centers-independent-practitioners","status":"publish","type":"page","link":"https:\/\/howtospa.com\/en\/our-offers-for-wellness-centers-independent-practitioners\/","title":{"rendered":"Our Offers for Wellness Centers &#038; Independent Practitioners"},"content":{"rendered":"<section class=\"wpb-content-wrapper\"><p>[vc_row][vc_column][vc_empty_space][vc_custom_heading text=&#8221;STARTER SET&#8221; font_container=&#8221;tag:div|font_size:40px|text_align:center|color:%23cfbc8e|line_height:40px&#8221; google_fonts=&#8221;font_family:Nova%20Oval%3Aregular|font_style:400%20regular%3A400%3Anormal&#8221; css=&#8221;.vc_custom_1721143535798{background-color: #ffffff !important;}&#8221;][vc_empty_space][vc_custom_heading text=&#8221;What if your clients could extend the unique experience they enjoyed at your spa into their own homes?&#8221; font_container=&#8221;tag:div|font_size:32px|text_align:center|color:%23cfbc8e|line_height:40px&#8221; google_fonts=&#8221;font_family:Belgrano%3Aregular|font_style:400%20regular%3A400%3Anormal&#8221;][vc_empty_space][\/vc_column][\/vc_row][vc_row background_color=&#8221;#f0f1f1&#8243; padding_top=&#8221;70&#8243; padding_bottom=&#8221;50&#8243;][vc_column width=&#8221;1\/2&#8243;][vc_single_image image=&#8221;31558&#8243; img_size=&#8221;large&#8221;][\/vc_column][vc_column width=&#8221;1\/2&#8243;][vc_column_text]<\/p>\n<p style=\"text-align: center;\"><span style=\"font-family: georgia, palatino, serif; font-size: 18pt;\">Votre centre affiche un bon taux d\u2019occupation, vos clientes sont pr\u00e9sentes, mais l\u2019exp\u00e9rience pourrait aller encore plus loin.<\/span><\/p>\n<p style=\"text-align: center;\"><span style=\"font-family: georgia, palatino, serif; font-size: 18pt;\">Savez-vous que la possibilit\u00e9 de<span style=\"color: #cfbc8e;\"> <strong data-start=\"499\" data-end=\"529\">prolonger un soin chez soi<\/strong> <\/span>fait partie des attentes les plus fortes des clientes aujourd\u2019hui ?<br data-start=\"597\" data-end=\"600\" \/>Et qu\u2019en parall\u00e8le, la vente retail reste l\u2019un des leviers majeurs de rentabilit\u00e9 pour un centre de bien-\u00eatre ?*<\/span><\/p>\n<p style=\"text-align: right;\"><em><span style=\"font-size: 10pt;\">* Podcast Tiphaine Modeste, cr\u00e9atrice ESBE<\/span><\/em><\/p>\n<p>&nbsp;<\/p>\n<p style=\"text-align: center;\"><span style=\"font-family: book antiqua, palatino, serif; font-size: 14pt;\"><span style=\"font-family: georgia, palatino, serif;\">Proposer un rituel \u00e0 emporter, c\u2019est cr\u00e9er un<strong><span style=\"color: #cfbc8e;\"> souvenir \u00e9motionnel<\/span><\/strong> qui fid\u00e9lise vos cliente, <\/span><\/span><\/p>\n<p style=\"text-align: center;\"><span style=\"font-family: book antiqua, palatino, serif; font-size: 14pt;\"><span style=\"font-family: georgia, palatino, serif;\">et qui<span style=\"color: #cfbc8e;\"><strong> transforme naturellement vos ventes<\/strong><\/span> retail en prolongement de l\u2019exp\u00e9rience.<\/span><\/span><\/p>\n<p>&nbsp;<\/p>\n<p><span style=\"font-family: book antiqua, palatino, serif; font-size: 14pt;\"><span class=\"x1xsqp64 xiy17q3 x1o6pynw x19co3pv xdj266r xcwd3tp xat24cr x39eecv x2b8uid\" data-testid=\"emoji\"><span class=\"xexx8yu xn5pp95 x18d9i69 x2fxd7x x3jgonx x1bhl96m\">\ud83d\udc49Pourtant, comme beaucoup de centres, c\u2019est un point d\u00e9licat \u00e0 d\u00e9velopper. Non pas par manque d\u2019envie, mais parce que vous jonglez d\u00e9j\u00e0 entre l\u2019op\u00e9rationnel, le management et votre c\u0153ur de m\u00e9tier : <span style=\"color: #cfbc8e;\"><strong data-start=\"1144\" data-end=\"1171\">prendre soin de l\u2019autre<\/strong><\/span>. Vous vous \u00eates s\u00fbrement d\u00e9j\u00e0 demand\u00e9 ce qui pouvait emp\u00eacher une cliente d\u2019acheter un produit apr\u00e8s son soin, alors qu\u2019elle en avait l\u2019envie.<\/span><\/span><\/span><\/p>\n<p>&nbsp;<\/p>\n<p style=\"text-align: right;\"><span style=\"font-family: book antiqua, palatino, serif; font-size: 14pt;\"><span class=\"x1xsqp64 xiy17q3 x1o6pynw x19co3pv xdj266r xcwd3tp xat24cr x39eecv x2b8uid\" data-testid=\"emoji\"><span class=\"xexx8yu xn5pp95 x18d9i69 x2fxd7x x3jgonx x1bhl96m\">\ud83e\udd14<\/span><\/span>Avez-vous d\u00e9j\u00e0 pens\u00e9 au fait que lorsque qu\u2019<span style=\"color: #cfbc8e;\"><strong>une cliente vient chez vous, elle cherche en priorit\u00e9 une EXP\u00c9RIENCE bien-\u00eatre<\/strong><\/span>, et <span style=\"color: #cfbc8e;\"><strong>non une cr\u00e8me<\/strong><\/span> (sinon elle irait chez Sephora)?<\/span><\/p>\n<p><span style=\"font-family: book antiqua, palatino, serif; font-size: 14pt;\"><span class=\"x1xsqp64 xiy17q3 x1o6pynw x19co3pv xdj266r xcwd3tp xat24cr x39eecv x2b8uid\" data-testid=\"emoji\"><span class=\"xexx8yu xn5pp95 x18d9i69 x2fxd7x x3jgonx x1bhl96m\">\ud83d\udca1<\/span><\/span>Et si vous aviez <span style=\"color: #cfbc8e;\"><strong>la solution<\/strong> <\/span>pour lui vendre justement cela, la <span style=\"color: #cfbc8e;\"><strong>CONTINUIT\u00c9 de son EXP\u00c9RIENCE bien-\u00eatre re\u00e7ue<\/strong><\/span>, avec l\u2019utilisation de <span style=\"color: #cfbc8e;\"><strong>VOS produits ?<\/strong><\/span><br \/>\n<\/span>[\/vc_column_text][vc_empty_space][\/vc_column][\/vc_row][vc_row background_color=&#8221;#f0f1f1&#8243; padding_top=&#8221;70&#8243; padding_bottom=&#8221;50&#8243;][vc_column width=&#8221;1\/2&#8243;][vc_column_text]<\/p>\n<p style=\"text-align: center;\"><span style=\"font-family: book antiqua, palatino, serif; font-size: 14pt;\"><span class=\"x1xsqp64 xiy17q3 x1o6pynw x19co3pv xdj266r xcwd3tp xat24cr x39eecv x2b8uid\" data-testid=\"emoji\"><span class=\"xexx8yu xn5pp95 x18d9i69 x2fxd7x x3jgonx x1bhl96m\">\ud83d\udc49<\/span><\/span> C\u2019est ce que nous proposons avec How To Spa: <\/span><\/p>\n<p style=\"text-align: center;\"><span style=\"font-family: book antiqua, palatino, serif; font-size: 14pt;\">des <strong><span style=\"color: #cfbc8e;\">TUTORIELS DE RELAXATION <\/span><\/strong>comprenant tous les<strong><span style=\"color: #cfbc8e;\"> rituels du Spa<\/span><\/strong> <span class=\"il\">pour<\/span> se d\u00e9tendre chez soi. On y retrouve des<strong><span style=\"color: #cfbc8e;\"> astuces<\/span><\/strong>, des<strong><span style=\"color: #cfbc8e;\"> automassages<\/span><\/strong>, cr\u00e9\u00e9s par l\u2019<strong><span style=\"color: #cfbc8e;\">experte bien-\u00eatre<\/span><\/strong> et cr\u00e9atrice de protocole de massage <strong><span style=\"color: #cfbc8e;\">Fabienne Crocq<\/span><\/strong>, et une <strong><span style=\"color: #cfbc8e;\">recommandation<\/span><\/strong> de produits <span class=\"il\">pour<\/span> un <strong><span style=\"color: #cfbc8e;\">espace zen<\/span><\/strong>.\u00a0<\/span><\/p>\n<p>&nbsp;<\/p>\n<p><span style=\"font-family: book antiqua, palatino, serif; font-size: 14pt;\"><span class=\"x1xsqp64 xiy17q3 x1o6pynw x19co3pv xdj266r xcwd3tp xat24cr x39eecv x2b8uid\" data-testid=\"emoji\"><span class=\"xexx8yu xn5pp95 x18d9i69 x2fxd7x x3jgonx x1bhl96m\">\ud83d\udee0<\/span><\/span> Ce tutoriel devient un <strong><span style=\"color: #cfbc8e;\">prolongement naturel de vos soins :<\/span><\/strong> vos clientes repartent avec une exp\u00e9rience \u00e0 revivre chez elles, et vos produits s\u2019int\u00e8grent dans leur quotidien de fa\u00e7on fluide et naturelle.<strong><span style=\"color: #cfbc8e;\"> Acompagn\u00e9 par VOS produits<\/span><\/strong>, vous<strong><span style=\"color: #cfbc8e;\"> VENDEZ UNE EXP\u00c9RIENCE BIEN-\u00caTRE <\/span><\/strong>\u00e0 continuer chez soi.<\/span><\/p>\n<p>&nbsp;<\/p>\n<p><span style=\"font-family: book antiqua, palatino, serif; font-size: 14pt;\"><strong><span style=\"color: #cfbc8e;\"><span class=\"x1xsqp64 xiy17q3 x1o6pynw x19co3pv xdj266r xcwd3tp xat24cr x39eecv x2b8uid\" data-testid=\"emoji\"><span class=\"xexx8yu xn5pp95 x18d9i69 x2fxd7x x3jgonx x1bhl96m\">\u2753<\/span><\/span>Pourquoi<\/span> <\/strong>un tutoriel ? <\/span><span style=\"font-family: book antiqua, palatino, serif; font-size: 14pt;\">Apr\u00e8s avoir travaill\u00e9 sur le terrain,<span style=\"color: #cfbc8e;\"><strong> les clientes me disaient souvent \u00e0 quel point elles voulaient retrouver ce qu\u2019elles avaient re\u00e7u chez elles<\/strong><\/span>. Et cela passe souvent par la<span style=\"color: #cfbc8e;\"><strong> STIMULATION DES SENS<\/strong><\/span>. Car lorsqu\u2019un.e client.e rentre chez vous, <strong><span style=\"color: #cfbc8e;\">qu\u2019est ce qui l\u2019apaisera de suite<\/span>\u00a0<\/strong>? Une odeur qui d\u00e9tend l\u2019esprit d\u00e8s l\u2019ouverture de la porte, une d\u00e9coration zen et relaxante d\u00e8s le premier coup d\u2019\u0153il, une musique douce \u00e0 l\u2019accueil et durant le soin, votre toucher chaleureux et calme, des odeurs qui agissent sur l\u2019esprit et des gouts qui stimulent avec vos cosm\u00e9tiques et boissons<\/span>[\/vc_column_text][vc_empty_space][\/vc_column][vc_column width=&#8221;1\/2&#8243;][vc_gallery interval=&#8221;3&#8243; images=&#8221;31999,31996&#8243; img_size=&#8221;medium&#8221;][\/vc_column][\/vc_row][vc_row background_color=&#8221;#f0f1f1&#8243; padding_top=&#8221;70&#8243; padding_bottom=&#8221;50&#8243; css=&#8221;.vc_custom_1721163733039{background-color: #fffaf2 !important;}&#8221;][vc_column width=&#8221;1\/2&#8243;][vc_empty_space][vc_custom_heading text=&#8221;AVEC LE STARTER SET, RECEVEZ&#8221; font_container=&#8221;tag:div|font_size:30px|text_align:center|color:%235b5b5b|line_height:40px&#8221; google_fonts=&#8221;font_family:Zen%20Antique%3Aregular|font_style:400%20regular%3A400%3Anormal&#8221;][vc_empty_space][vc_column_text]<\/p>\n<p style=\"text-align: center;\"><span style=\"font-family: book antiqua, palatino, serif; font-size: 24pt;\"><span style=\"font-size: 14pt;\">Pour<\/span><span style=\"font-family: verdana, geneva, sans-serif; font-size: 18pt;\"><strong> 42 \u20ac<\/strong><\/span>\u00a0 <\/span><span style=\"font-family: book antiqua, palatino, serif; font-size: 14pt;\">(<span style=\"font-size: 10pt;\">au lieu de 69 \u20ac )<\/span><br \/>\n<\/span><\/p>\n<p>[\/vc_column_text][vc_column_text]<\/p>\n<ul>\n<li style=\"text-align: left;\"><span style=\"font-family: georgia, palatino, serif; font-size: 14pt;\"><span style=\"font-size: 18pt;\"><strong><span style=\"color: #cfbc8e;\">\u00a015 livrets tutoriel How To Spa version imprim\u00e9 <\/span>*<\/strong><\/span> <span style=\"font-size: 18pt;\">\u00abSpa \u00e0 la maison Cocooning\u00bb<\/span> <span style=\"font-size: 10pt;\"><em>(aper\u00e7u web <a href=\"http:\/\/preprod.howtospa.com\/faites-votre-spa-a-la-maison\/\" target=\"_blank\" rel=\"noopener\">ici<\/a>)<\/em><\/span><br \/>\n<\/span><\/li>\n<li style=\"text-align: left;\"><span style=\"font-family: georgia, palatino, serif; font-size: 18pt;\"><strong><span style=\"color: #cfbc8e;\">\u00a01 Guide<\/span> <span style=\"color: #cfbc8e;\">t\u00e9l\u00e9chargeable<\/span><\/strong> pour la mise en place du tutoriel <\/span><\/li>\n<li style=\"text-align: left;\"><span style=\"font-size: 18pt; font-family: georgia, palatino, serif;\"><strong><span style=\"color: #cfbc8e;\">\u00a0En bonus : une vid\u00e9o explicative<\/span><\/strong><\/span><\/li>\n<\/ul>\n<p><span style=\"font-size: 10pt;\"><strong><em>\u00a0\u00a0 \u00a0 \u00a0\u00a0 * Livraison offerte \u00e0 l&#8217;adresse de votre choix.<\/em><\/strong><\/span>[\/vc_column_text]<div class=\"gem-button-container gem-button-position-center thegem-button-6a038aa1c740e2966    \"  ><a class=\"gem-button gem-button-size-medium gem-button-style-flat gem-button-text-weight-normal  gem-button-tablet-size-medium gem-button-mobile-size-medium\" data-ll-effect=\"drop-right-without-wrap\" style=\"border-radius: 3px;background-color: #cfbc8e;color: #ffffff;\" onmouseleave=\"this.style.backgroundColor='#cfbc8e';this.style.color='#ffffff';\" onmouseenter=\"\" href=\"\/shop\/uncategorized\/starter-set\/\" target=\"_self\">JE COMMANDE<\/a><\/div> [\/vc_column][vc_column width=&#8221;1\/2&#8243;][vc_empty_space][vc_single_image image=&#8221;32068&#8243; img_size=&#8221;large&#8221;][\/vc_column][\/vc_row][vc_row background_color=&#8221;#f0f1f1&#8243; padding_top=&#8221;70&#8243; padding_bottom=&#8221;50&#8243;][vc_column][vc_empty_space][vc_empty_space]<div class=\"clearboth\"><\/div><div id=\"thegem-divider-6a038aa1c744b\" class=\"gem-divider   gem-divider-style-2\" style=\"border-color: #cfbc8e;\" ><\/div>[vc_empty_space][\/vc_column][\/vc_row][vc_row background_color=&#8221;#f0f1f1&#8243; padding_top=&#8221;70&#8243; padding_bottom=&#8221;50&#8243;][vc_column width=&#8221;1\/2&#8243;][vc_single_image image=&#8221;31584&#8243; img_size=&#8221;medium&#8221; alignment=&#8221;right&#8221;][\/vc_column][vc_column width=&#8221;1\/2&#8243;][vc_column_text]<\/p>\n<p style=\"text-align: center;\"><span style=\"font-size: 18pt; font-family: comic sans ms, sans-serif;\"><strong><span style=\"color: #cfbc8e;\">Besoin d\u2019aller plus loin\u00a0?<\/span><\/strong><\/span><\/p>\n<p><span style=\"font-family: comic sans ms, sans-serif; font-size: 14pt;\"><span style=\"font-size: 12pt;\">* Nous proposons la <strong><span style=\"color: #cfbc8e;\">personnalisation de votre tutoriel de relaxation<\/span><\/strong> ainsi qu\u2019un <\/span><strong><span style=\"color: #cfbc8e;\"><span style=\"font-size: 12pt;\">accompagnement sur mesure si besoin<\/span> <\/span><\/strong><\/span><\/p>\n<p><span style=\"font-family: verdana, geneva, sans-serif; font-size: 18pt;\"><span style=\"font-size: 14pt; font-family: comic sans ms, sans-serif;\"><span style=\"font-size: 12pt;\">* Nous proposons \u00e9galement de <strong><span style=\"color: #cfbc8e;\">cr\u00e9er votre propre kit de relaxation<\/span><\/strong>, avec vos produits et des accessoires disponibles dans notre e-boutique<\/span><\/span><br \/>\n<\/span>[\/vc_column_text]<div class=\"gem-button-container gem-button-position-center thegem-button-6a038aa1c74a25975    \"  ><a class=\"gem-button gem-button-size-medium gem-button-style-flat gem-button-text-weight-normal  gem-button-tablet-size-medium gem-button-mobile-size-medium\" data-ll-effect=\"drop-right-without-wrap\" style=\"border-radius: 3px;background-color: #cfbc8e;color: #ffffff;\" onmouseleave=\"this.style.backgroundColor='#cfbc8e';this.style.color='#ffffff';\" onmouseenter=\"\" href=\"\/nos-offres-sur-mesure-pour-centres-et-independants-bien-etre\/\" target=\"_blank\">OFFRES SUR MESURE<\/a><\/div> [\/vc_column][\/vc_row][vc_row background_color=&#8221;#f0f1f1&#8243; padding_top=&#8221;70&#8243; padding_bottom=&#8221;50&#8243;][vc_column][vc_empty_space]<div class=\"clearboth\"><\/div><div id=\"thegem-divider-6a038aa1c74c1\" class=\"gem-divider  \" style=\"\" ><\/div>[\/vc_column][\/vc_row]<\/p>\n<\/section>","protected":false},"excerpt":{"rendered":"<p>[vc_row][vc_column][vc_empty_space][vc_custom_heading text=&#8221;STARTER SET&#8221; font_container=&#8221;tag:div|font_size:40px|text_align:center|color:%23cfbc8e|line_height:40px&#8221; google_fonts=&#8221;font_family:Nova%20Oval%3Aregular|font_style:400%20regular%3A400%3Anormal&#8221; css=&#8221;.vc_custom_1721143535798{background-color: #ffffff !important;}&#8221;][vc_empty_space][vc_custom_heading text=&#8221;What if your clients could extend the unique experience they enjoyed at&#8230;<\/p>\n","protected":false},"author":2,"featured_media":0,"parent":0,"menu_order":0,"comment_status":"closed","ping_status":"closed","template":"","meta":{"_ppp_document_settings_meta":"","footnotes":""},"class_list":["post-31557","page","type-page","status-publish"],"_links":{"self":[{"href":"https:\/\/howtospa.com\/en\/wp-json\/wp\/v2\/pages\/31557","targetHints":{"allow":["GET"]}}],"collection":[{"href":"https:\/\/howtospa.com\/en\/wp-json\/wp\/v2\/pages"}],"about":[{"href":"https:\/\/howtospa.com\/en\/wp-json\/wp\/v2\/types\/page"}],"author":[{"embeddable":true,"href":"https:\/\/howtospa.com\/en\/wp-json\/wp\/v2\/users\/2"}],"replies":[{"embeddable":true,"href":"https:\/\/howtospa.com\/en\/wp-json\/wp\/v2\/comments?post=31557"}],"version-history":[{"count":4,"href":"https:\/\/howtospa.com\/en\/wp-json\/wp\/v2\/pages\/31557\/revisions"}],"predecessor-version":[{"id":33876,"href":"https:\/\/howtospa.com\/en\/wp-json\/wp\/v2\/pages\/31557\/revisions\/33876"}],"wp:attachment":[{"href":"https:\/\/howtospa.com\/en\/wp-json\/wp\/v2\/media?parent=31557"}],"curies":[{"name":"wp","href":"https:\/\/api.w.org\/{rel}","templated":true}]}}