{"id":27321,"date":"2020-12-07T14:30:05","date_gmt":"2020-12-07T13:30:05","guid":{"rendered":"http:\/\/preprod.howtospa.com\/?post_type=product&#038;p=27321"},"modified":"2022-04-22T15:01:37","modified_gmt":"2022-04-22T13:01:37","slug":"petit-oreiller-wilo-rose-de-chez-whole","status":"publish","type":"product","link":"https:\/\/howtospa.com\/en\/produit\/petit-oreiller-wilo-rose-de-chez-whole\/","title":{"rendered":"Petit oreiller WILO Rose de chez WHOLE"},"content":{"rendered":"","protected":false},"excerpt":{"rendered":"<p>Coussin bimati\u00e8res face resto laine tricot\u00e9e (point de riz) et teinte en 100% laine merinos sans traitement, verso en 100% coton bio \u00e9cru, et ferm\u00e9 par un zip invisible blanc.<br \/>\nFormat 40 x 40 cm<br \/>\nLe tricotage est effectu\u00e9 en France chez notre partenaire.<br \/>\nD\u00e9houssable et livr\u00e9 avec un coussin de rembourrage (made in France 100% polyester).<br \/>\nLavage : en machine \u00e0 0\u00b0, cycle laine d\u00e9licat, s\u00e9chage naturel \u00e0 plat, repassage doux envers<br \/>\nFabrication fran\u00e7aise et teinture \u00e0 l&#8217;atelier.<\/p>\n","protected":false},"featured_media":28109,"template":"","meta":{"_ppp_document_settings_meta":""},"product_cat":[451],"product_tag":[278],"class_list":{"0":"post-27321","1":"product","2":"type-product","3":"status-publish","4":"has-post-thumbnail","6":"product_cat-decoration","7":"product_tag-5261462453-2"},"composite_layout":"","composite_add_to_cart_form_location":"","composite_editable_in_cart":false,"composite_sold_individually_context":"","composite_shop_price_calc":"","composite_components":[],"composite_scenarios":[],"yoast_head":"<!-- This site is optimized with the Yoast SEO plugin v20.9 - https:\/\/yoast.com\/wordpress\/plugins\/seo\/ -->\n<title>Petit oreiller WILO Rose de chez WHOLE - HowToSpa - How to create your relaxation<\/title>\n<meta name=\"description\" content=\"Coussin bimati\u00e8res face resto laine tricot\u00e9e (point de riz) et teinte en 100% laine merinos sans traitement, verso en 100% coton bio \u00e9cru\u2026\" \/>\n<meta name=\"robots\" content=\"index, follow, max-snippet:-1, max-image-preview:large, max-video-preview:-1\" \/>\n<link rel=\"canonical\" href=\"https:\/\/howtospa.com\/produit\/petit-oreiller-wilo-rose-de-chez-whole\/\" \/>\n<meta property=\"og:locale\" content=\"en_US\" \/>\n<meta property=\"og:type\" content=\"article\" \/>\n<meta property=\"og:title\" content=\"Petit oreiller WILO Rose de chez WHOLE - HowToSpa - How to create your relaxation\" \/>\n<meta property=\"og:description\" content=\"Coussin bimati\u00e8res face resto laine tricot\u00e9e (point de riz) et teinte en 100% laine merinos sans traitement, verso en 100% coton bio \u00e9cru\u2026\" \/>\n<meta property=\"og:url\" content=\"https:\/\/howtospa.com\/produit\/petit-oreiller-wilo-rose-de-chez-whole\/\" \/>\n<meta property=\"og:site_name\" content=\"HowToSpa - How to create your relaxation\" \/>\n<meta property=\"article:modified_time\" content=\"2022-04-22T13:01:37+00:00\" \/>\n<meta property=\"og:image\" content=\"https:\/\/howtospa.com\/wp-content\/uploads\/2018\/09\/WHOLE-Petit-oreiller-WILO-Rose-5261462453.jpg\" \/>\n\t<meta property=\"og:image:width\" content=\"589\" \/>\n\t<meta property=\"og:image:height\" content=\"589\" \/>\n\t<meta property=\"og:image:type\" content=\"image\/jpeg\" \/>\n<meta name=\"twitter:card\" content=\"summary_large_image\" \/>\n<script type=\"application\/ld+json\" class=\"yoast-schema-graph\">{\"@context\":\"https:\/\/schema.org\",\"@graph\":[{\"@type\":\"WebPage\",\"@id\":\"https:\/\/howtospa.com\/produit\/petit-oreiller-wilo-rose-de-chez-whole\/\",\"url\":\"https:\/\/howtospa.com\/produit\/petit-oreiller-wilo-rose-de-chez-whole\/\",\"name\":\"Petit oreiller WILO Rose de chez WHOLE - HowToSpa - How to create your relaxation\",\"isPartOf\":{\"@id\":\"https:\/\/howtospa.com\/en\/#website\"},\"datePublished\":\"2020-12-07T13:30:05+00:00\",\"dateModified\":\"2022-04-22T13:01:37+00:00\",\"description\":\"Coussin bimati\u00e8res face resto laine tricot\u00e9e (point de riz) et teinte en 100% laine merinos sans traitement, verso en 100% coton bio \u00e9cru\u2026\",\"breadcrumb\":{\"@id\":\"https:\/\/howtospa.com\/produit\/petit-oreiller-wilo-rose-de-chez-whole\/#breadcrumb\"},\"inLanguage\":\"en-US\",\"potentialAction\":[{\"@type\":\"ReadAction\",\"target\":[\"https:\/\/howtospa.com\/produit\/petit-oreiller-wilo-rose-de-chez-whole\/\"]}]},{\"@type\":\"BreadcrumbList\",\"@id\":\"https:\/\/howtospa.com\/produit\/petit-oreiller-wilo-rose-de-chez-whole\/#breadcrumb\",\"itemListElement\":[{\"@type\":\"ListItem\",\"position\":1,\"name\":\"Home\",\"item\":\"https:\/\/howtospa.com\/\"},{\"@type\":\"ListItem\",\"position\":2,\"name\":\"Products\",\"item\":\"https:\/\/howtospa.com\/en\/shop\/\"},{\"@type\":\"ListItem\",\"position\":3,\"name\":\"Petit oreiller WILO Rose de chez WHOLE\"}]},{\"@type\":\"WebSite\",\"@id\":\"https:\/\/howtospa.com\/en\/#website\",\"url\":\"https:\/\/howtospa.com\/en\/\",\"name\":\"HowToSpa -How to vreate your relaxation\",\"description\":\"Kits, programmes et tutoriels de relaxation, auto-massage et bien-\u00eatre chez soi, au bureau ou dans les transports.\",\"publisher\":{\"@id\":\"https:\/\/howtospa.com\/en\/#organization\"},\"potentialAction\":[{\"@type\":\"SearchAction\",\"target\":{\"@type\":\"EntryPoint\",\"urlTemplate\":\"https:\/\/howtospa.com\/en\/?s={search_term_string}\"},\"query-input\":\"required name=search_term_string\"}],\"inLanguage\":\"en-US\"},{\"@type\":\"Organization\",\"@id\":\"https:\/\/howtospa.com\/en\/#organization\",\"name\":\"HowToSpa -How to vreate your relaxation\",\"url\":\"https:\/\/howtospa.com\/en\/\",\"logo\":{\"@type\":\"ImageObject\",\"inLanguage\":\"en-US\",\"@id\":\"https:\/\/howtospa.com\/en\/#\/schema\/logo\/image\/\",\"url\":\"http:\/\/preprod.howtospa.com\/wp-content\/uploads\/2021\/05\/logo-new-site-2.png\",\"contentUrl\":\"http:\/\/preprod.howtospa.com\/wp-content\/uploads\/2021\/05\/logo-new-site-2.png\",\"width\":953,\"height\":332,\"caption\":\"HowToSpa -How to vreate your relaxation\"},\"image\":{\"@id\":\"https:\/\/howtospa.com\/en\/#\/schema\/logo\/image\/\"},\"sameAs\":[\"https:\/\/www.pinterest.fr\/howtospa\"]}]}<\/script>\n<!-- \/ Yoast SEO plugin. -->","yoast_head_json":{"title":"Petit oreiller WILO Rose de chez WHOLE - HowToSpa - How to create your relaxation","description":"Coussin bimati\u00e8res face resto laine tricot\u00e9e (point de riz) et teinte en 100% laine merinos sans traitement, verso en 100% coton bio \u00e9cru\u2026","robots":{"index":"index","follow":"follow","max-snippet":"max-snippet:-1","max-image-preview":"max-image-preview:large","max-video-preview":"max-video-preview:-1"},"canonical":"https:\/\/howtospa.com\/produit\/petit-oreiller-wilo-rose-de-chez-whole\/","og_locale":"en_US","og_type":"article","og_title":"Petit oreiller WILO Rose de chez WHOLE - HowToSpa - How to create your relaxation","og_description":"Coussin bimati\u00e8res face resto laine tricot\u00e9e (point de riz) et teinte en 100% laine merinos sans traitement, verso en 100% coton bio \u00e9cru\u2026","og_url":"https:\/\/howtospa.com\/produit\/petit-oreiller-wilo-rose-de-chez-whole\/","og_site_name":"HowToSpa - How to create your relaxation","article_modified_time":"2022-04-22T13:01:37+00:00","og_image":[{"width":589,"height":589,"url":"https:\/\/howtospa.com\/wp-content\/uploads\/2018\/09\/WHOLE-Petit-oreiller-WILO-Rose-5261462453.jpg","type":"image\/jpeg"}],"twitter_card":"summary_large_image","schema":{"@context":"https:\/\/schema.org","@graph":[{"@type":"WebPage","@id":"https:\/\/howtospa.com\/produit\/petit-oreiller-wilo-rose-de-chez-whole\/","url":"https:\/\/howtospa.com\/produit\/petit-oreiller-wilo-rose-de-chez-whole\/","name":"Petit oreiller WILO Rose de chez WHOLE - HowToSpa - How to create your relaxation","isPartOf":{"@id":"https:\/\/howtospa.com\/en\/#website"},"datePublished":"2020-12-07T13:30:05+00:00","dateModified":"2022-04-22T13:01:37+00:00","description":"Coussin bimati\u00e8res face resto laine tricot\u00e9e (point de riz) et teinte en 100% laine merinos sans traitement, verso en 100% coton bio \u00e9cru\u2026","breadcrumb":{"@id":"https:\/\/howtospa.com\/produit\/petit-oreiller-wilo-rose-de-chez-whole\/#breadcrumb"},"inLanguage":"en-US","potentialAction":[{"@type":"ReadAction","target":["https:\/\/howtospa.com\/produit\/petit-oreiller-wilo-rose-de-chez-whole\/"]}]},{"@type":"BreadcrumbList","@id":"https:\/\/howtospa.com\/produit\/petit-oreiller-wilo-rose-de-chez-whole\/#breadcrumb","itemListElement":[{"@type":"ListItem","position":1,"name":"Home","item":"https:\/\/howtospa.com\/"},{"@type":"ListItem","position":2,"name":"Products","item":"https:\/\/howtospa.com\/en\/shop\/"},{"@type":"ListItem","position":3,"name":"Petit oreiller WILO Rose de chez WHOLE"}]},{"@type":"WebSite","@id":"https:\/\/howtospa.com\/en\/#website","url":"https:\/\/howtospa.com\/en\/","name":"HowToSpa -How to vreate your relaxation","description":"Kits, programmes et tutoriels de relaxation, auto-massage et bien-\u00eatre chez soi, au bureau ou dans les transports.","publisher":{"@id":"https:\/\/howtospa.com\/en\/#organization"},"potentialAction":[{"@type":"SearchAction","target":{"@type":"EntryPoint","urlTemplate":"https:\/\/howtospa.com\/en\/?s={search_term_string}"},"query-input":"required name=search_term_string"}],"inLanguage":"en-US"},{"@type":"Organization","@id":"https:\/\/howtospa.com\/en\/#organization","name":"HowToSpa -How to vreate your relaxation","url":"https:\/\/howtospa.com\/en\/","logo":{"@type":"ImageObject","inLanguage":"en-US","@id":"https:\/\/howtospa.com\/en\/#\/schema\/logo\/image\/","url":"http:\/\/preprod.howtospa.com\/wp-content\/uploads\/2021\/05\/logo-new-site-2.png","contentUrl":"http:\/\/preprod.howtospa.com\/wp-content\/uploads\/2021\/05\/logo-new-site-2.png","width":953,"height":332,"caption":"HowToSpa -How to vreate your relaxation"},"image":{"@id":"https:\/\/howtospa.com\/en\/#\/schema\/logo\/image\/"},"sameAs":["https:\/\/www.pinterest.fr\/howtospa"]}]}},"_links":{"self":[{"href":"https:\/\/howtospa.com\/en\/wp-json\/wp\/v2\/product\/27321","targetHints":{"allow":["GET"]}}],"collection":[{"href":"https:\/\/howtospa.com\/en\/wp-json\/wp\/v2\/product"}],"about":[{"href":"https:\/\/howtospa.com\/en\/wp-json\/wp\/v2\/types\/product"}],"wp:featuredmedia":[{"embeddable":true,"href":"https:\/\/howtospa.com\/en\/wp-json\/wp\/v2\/media\/28109"}],"wp:attachment":[{"href":"https:\/\/howtospa.com\/en\/wp-json\/wp\/v2\/media?parent=27321"}],"wp:term":[{"taxonomy":"product_cat","embeddable":true,"href":"https:\/\/howtospa.com\/en\/wp-json\/wp\/v2\/product_cat?post=27321"},{"taxonomy":"product_tag","embeddable":true,"href":"https:\/\/howtospa.com\/en\/wp-json\/wp\/v2\/product_tag?post=27321"}],"curies":[{"name":"wp","href":"https:\/\/api.w.org\/{rel}","templated":true}]}}