{"id":27323,"date":"2020-12-07T14:32:28","date_gmt":"2020-12-07T13:32:28","guid":{"rendered":"https:\/\/howtospa.com\/?post_type=product&#038;p=27323"},"modified":"2026-03-13T03:51:36","modified_gmt":"2026-03-13T02:51:36","slug":"coffret-petit-bol-chantant-tibetain-peter-clo","status":"publish","type":"product","link":"https:\/\/howtospa.com\/en\/produit\/coffret-petit-bol-chantant-tibetain-peter-clo\/","title":{"rendered":"Coffret Petit Bol chantant tib\u00e9tain &#8211; Peter &#038; Clo"},"content":{"rendered":"","protected":false},"excerpt":{"rendered":"<p>On peut faire sonner les bols chantants en les frappant ou en les frottant.<br \/>\nLa mani\u00e8re la plus simple est de frapper le bol \u00e0 la mani\u00e8re d&#8217;un gong. Pour cela on peut utiliser une mailloche recouverte de feutre. Cette m\u00e9thode permet d&#8217;assourdir le bruit de l&#8217;impact et d&#8217;obtenir un son tr\u00e8s pur.<\/p>\n<p>L&#8217;autre mani\u00e8re est de frotter le bord ext\u00e9rieur du bol avec un b\u00e2ton de bois dur.<br \/>\nLe bol est pos\u00e9 sur la paume ou sur le bout des doigts de la main gauche. Le b\u00e2ton est fermement tenu de la main droite. Le mouvement circulaire sur le bord du bol doit \u00eatre r\u00e9gulier et relativement lent, la pression du b\u00e2ton soutenue.<br \/>\nAvec un peu d&#8217;entra\u00eenement, un son chantant, riche en harmoniques va s&#8217;\u00e9lever, transmettant ses ondes au corps entier par l&#8217;interm\u00e9diaire de la main gauche.<\/p>\n<p>Si l\u2019on arr\u00eate le frottement, le son va dispara\u00eetre progressivement, mais la vibration persistera quelques minutes encore.<\/p>\n<p>B\u00c2TON + COUSSIN INCLUS<br \/>\n160g \u00d8 8.6cm<\/p>\n","protected":false},"featured_media":7484,"template":"","meta":{"_ppp_document_settings_meta":""},"product_cat":[454,451],"product_tag":[262],"composite_layout":"","composite_add_to_cart_form_location":"","composite_editable_in_cart":false,"composite_sold_individually_context":"","composite_shop_price_calc":"","composite_components":[],"composite_scenarios":[],"yoast_head":"<!-- This site is optimized with the Yoast SEO plugin v20.9 - https:\/\/yoast.com\/wordpress\/plugins\/seo\/ -->\n<title>Coffret Petit Bol chantant tib\u00e9tain<\/title>\n<meta name=\"description\" content=\"Coffret Petit Bol chantant tib\u00e9tain La mani\u00e8re la plus simple est de frapper le bol \u00e0 la mani\u00e8re d&#039;un gong\" \/>\n<meta name=\"robots\" content=\"index, follow, max-snippet:-1, max-image-preview:large, max-video-preview:-1\" \/>\n<link rel=\"canonical\" href=\"https:\/\/howtospa.com\/produit\/coffret-petit-bol-chantant-tibetain-peter-clo\/\" \/>\n<meta property=\"og:locale\" content=\"en_US\" \/>\n<meta property=\"og:type\" content=\"article\" \/>\n<meta property=\"og:title\" content=\"Coffret Petit Bol chantant tib\u00e9tain\" \/>\n<meta property=\"og:description\" content=\"Coffret Petit Bol chantant tib\u00e9tain La mani\u00e8re la plus simple est de frapper le bol \u00e0 la mani\u00e8re d&#039;un gong\" \/>\n<meta property=\"og:url\" content=\"https:\/\/howtospa.com\/produit\/coffret-petit-bol-chantant-tibetain-peter-clo\/\" \/>\n<meta property=\"og:site_name\" content=\"HowToSpa - How to create your relaxation\" \/>\n<meta property=\"article:modified_time\" content=\"2026-03-13T02:51:36+00:00\" \/>\n<meta property=\"og:image\" content=\"https:\/\/howtospa.com\/wp-content\/uploads\/2018\/09\/bols.jpg\" \/>\n\t<meta property=\"og:image:width\" content=\"675\" \/>\n\t<meta property=\"og:image:height\" content=\"436\" \/>\n\t<meta property=\"og:image:type\" content=\"image\/jpeg\" \/>\n<meta name=\"twitter:card\" content=\"summary_large_image\" \/>\n<script type=\"application\/ld+json\" class=\"yoast-schema-graph\">{\"@context\":\"https:\/\/schema.org\",\"@graph\":[{\"@type\":\"WebPage\",\"@id\":\"https:\/\/howtospa.com\/produit\/coffret-petit-bol-chantant-tibetain-peter-clo\/\",\"url\":\"https:\/\/howtospa.com\/produit\/coffret-petit-bol-chantant-tibetain-peter-clo\/\",\"name\":\"Coffret Petit Bol chantant tib\u00e9tain\",\"isPartOf\":{\"@id\":\"https:\/\/howtospa.com\/#website\"},\"datePublished\":\"2020-12-07T13:32:28+00:00\",\"dateModified\":\"2026-03-13T02:51:36+00:00\",\"description\":\"Coffret Petit Bol chantant tib\u00e9tain La mani\u00e8re la plus simple est de frapper le bol \u00e0 la mani\u00e8re d'un gong\",\"breadcrumb\":{\"@id\":\"https:\/\/howtospa.com\/produit\/coffret-petit-bol-chantant-tibetain-peter-clo\/#breadcrumb\"},\"inLanguage\":\"en-US\",\"potentialAction\":[{\"@type\":\"ReadAction\",\"target\":[\"https:\/\/howtospa.com\/produit\/coffret-petit-bol-chantant-tibetain-peter-clo\/\"]}]},{\"@type\":\"BreadcrumbList\",\"@id\":\"https:\/\/howtospa.com\/produit\/coffret-petit-bol-chantant-tibetain-peter-clo\/#breadcrumb\",\"itemListElement\":[{\"@type\":\"ListItem\",\"position\":1,\"name\":\"Home\",\"item\":\"https:\/\/howtospa.com\/en\/\"},{\"@type\":\"ListItem\",\"position\":2,\"name\":\"Produits\",\"item\":\"https:\/\/howtospa.com\/shop\/\"},{\"@type\":\"ListItem\",\"position\":3,\"name\":\"Coffret Petit Bol chantant tib\u00e9tain &#8211; Peter &#038; Clo\"}]},{\"@type\":\"WebSite\",\"@id\":\"https:\/\/howtospa.com\/#website\",\"url\":\"https:\/\/howtospa.com\/\",\"name\":\"HowToSpa -How to vreate your relaxation\",\"description\":\"Kits, programmes et tutoriels de relaxation, auto-massage et bien-\u00eatre chez soi, au bureau ou dans les transports.\",\"publisher\":{\"@id\":\"https:\/\/howtospa.com\/#organization\"},\"potentialAction\":[{\"@type\":\"SearchAction\",\"target\":{\"@type\":\"EntryPoint\",\"urlTemplate\":\"https:\/\/howtospa.com\/?s={search_term_string}\"},\"query-input\":\"required name=search_term_string\"}],\"inLanguage\":\"en-US\"},{\"@type\":\"Organization\",\"@id\":\"https:\/\/howtospa.com\/#organization\",\"name\":\"HowToSpa -How to vreate your relaxation\",\"url\":\"https:\/\/howtospa.com\/\",\"logo\":{\"@type\":\"ImageObject\",\"inLanguage\":\"en-US\",\"@id\":\"https:\/\/howtospa.com\/#\/schema\/logo\/image\/\",\"url\":\"https:\/\/howtospa.com\/wp-content\/uploads\/2021\/05\/logo-new-site-2.png\",\"contentUrl\":\"https:\/\/howtospa.com\/wp-content\/uploads\/2021\/05\/logo-new-site-2.png\",\"width\":953,\"height\":332,\"caption\":\"HowToSpa -How to vreate your relaxation\"},\"image\":{\"@id\":\"https:\/\/howtospa.com\/#\/schema\/logo\/image\/\"},\"sameAs\":[\"https:\/\/www.pinterest.fr\/howtospa\"]}]}<\/script>\n<!-- \/ Yoast SEO plugin. -->","yoast_head_json":{"title":"Coffret Petit Bol chantant tib\u00e9tain","description":"Coffret Petit Bol chantant tib\u00e9tain La mani\u00e8re la plus simple est de frapper le bol \u00e0 la mani\u00e8re d'un gong","robots":{"index":"index","follow":"follow","max-snippet":"max-snippet:-1","max-image-preview":"max-image-preview:large","max-video-preview":"max-video-preview:-1"},"canonical":"https:\/\/howtospa.com\/produit\/coffret-petit-bol-chantant-tibetain-peter-clo\/","og_locale":"en_US","og_type":"article","og_title":"Coffret Petit Bol chantant tib\u00e9tain","og_description":"Coffret Petit Bol chantant tib\u00e9tain La mani\u00e8re la plus simple est de frapper le bol \u00e0 la mani\u00e8re d'un gong","og_url":"https:\/\/howtospa.com\/produit\/coffret-petit-bol-chantant-tibetain-peter-clo\/","og_site_name":"HowToSpa - How to create your relaxation","article_modified_time":"2026-03-13T02:51:36+00:00","og_image":[{"width":675,"height":436,"url":"https:\/\/howtospa.com\/wp-content\/uploads\/2018\/09\/bols.jpg","type":"image\/jpeg"}],"twitter_card":"summary_large_image","schema":{"@context":"https:\/\/schema.org","@graph":[{"@type":"WebPage","@id":"https:\/\/howtospa.com\/produit\/coffret-petit-bol-chantant-tibetain-peter-clo\/","url":"https:\/\/howtospa.com\/produit\/coffret-petit-bol-chantant-tibetain-peter-clo\/","name":"Coffret Petit Bol chantant tib\u00e9tain","isPartOf":{"@id":"https:\/\/howtospa.com\/#website"},"datePublished":"2020-12-07T13:32:28+00:00","dateModified":"2026-03-13T02:51:36+00:00","description":"Coffret Petit Bol chantant tib\u00e9tain La mani\u00e8re la plus simple est de frapper le bol \u00e0 la mani\u00e8re d'un gong","breadcrumb":{"@id":"https:\/\/howtospa.com\/produit\/coffret-petit-bol-chantant-tibetain-peter-clo\/#breadcrumb"},"inLanguage":"en-US","potentialAction":[{"@type":"ReadAction","target":["https:\/\/howtospa.com\/produit\/coffret-petit-bol-chantant-tibetain-peter-clo\/"]}]},{"@type":"BreadcrumbList","@id":"https:\/\/howtospa.com\/produit\/coffret-petit-bol-chantant-tibetain-peter-clo\/#breadcrumb","itemListElement":[{"@type":"ListItem","position":1,"name":"Home","item":"https:\/\/howtospa.com\/en\/"},{"@type":"ListItem","position":2,"name":"Produits","item":"https:\/\/howtospa.com\/shop\/"},{"@type":"ListItem","position":3,"name":"Coffret Petit Bol chantant tib\u00e9tain &#8211; Peter &#038; Clo"}]},{"@type":"WebSite","@id":"https:\/\/howtospa.com\/#website","url":"https:\/\/howtospa.com\/","name":"HowToSpa -How to vreate your relaxation","description":"Kits, programmes et tutoriels de relaxation, auto-massage et bien-\u00eatre chez soi, au bureau ou dans les transports.","publisher":{"@id":"https:\/\/howtospa.com\/#organization"},"potentialAction":[{"@type":"SearchAction","target":{"@type":"EntryPoint","urlTemplate":"https:\/\/howtospa.com\/?s={search_term_string}"},"query-input":"required name=search_term_string"}],"inLanguage":"en-US"},{"@type":"Organization","@id":"https:\/\/howtospa.com\/#organization","name":"HowToSpa -How to vreate your relaxation","url":"https:\/\/howtospa.com\/","logo":{"@type":"ImageObject","inLanguage":"en-US","@id":"https:\/\/howtospa.com\/#\/schema\/logo\/image\/","url":"https:\/\/howtospa.com\/wp-content\/uploads\/2021\/05\/logo-new-site-2.png","contentUrl":"https:\/\/howtospa.com\/wp-content\/uploads\/2021\/05\/logo-new-site-2.png","width":953,"height":332,"caption":"HowToSpa -How to vreate your relaxation"},"image":{"@id":"https:\/\/howtospa.com\/#\/schema\/logo\/image\/"},"sameAs":["https:\/\/www.pinterest.fr\/howtospa"]}]}},"_links":{"self":[{"href":"https:\/\/howtospa.com\/en\/wp-json\/wp\/v2\/product\/27323"}],"collection":[{"href":"https:\/\/howtospa.com\/en\/wp-json\/wp\/v2\/product"}],"about":[{"href":"https:\/\/howtospa.com\/en\/wp-json\/wp\/v2\/types\/product"}],"wp:featuredmedia":[{"embeddable":true,"href":"https:\/\/howtospa.com\/en\/wp-json\/wp\/v2\/media\/7484"}],"wp:attachment":[{"href":"https:\/\/howtospa.com\/en\/wp-json\/wp\/v2\/media?parent=27323"}],"wp:term":[{"taxonomy":"product_cat","embeddable":true,"href":"https:\/\/howtospa.com\/en\/wp-json\/wp\/v2\/product_cat?post=27323"},{"taxonomy":"product_tag","embeddable":true,"href":"https:\/\/howtospa.com\/en\/wp-json\/wp\/v2\/product_tag?post=27323"}],"curies":[{"name":"wp","href":"https:\/\/api.w.org\/{rel}","templated":true}]}}