{"id":27324,"date":"2020-12-07T14:34:48","date_gmt":"2020-12-07T13:34:48","guid":{"rendered":"http:\/\/preprod.howtospa.com\/?post_type=product&#038;p=27324"},"modified":"2024-11-19T03:52:24","modified_gmt":"2024-11-19T02:52:24","slug":"statue-tibetaine-de-bouddha-de-peter-clo","status":"publish","type":"product","link":"https:\/\/howtospa.com\/en\/produit\/statue-tibetaine-de-bouddha-de-peter-clo\/","title":{"rendered":"Statue tib\u00e9taine de Bouddha de Peter &#038; Clo"},"content":{"rendered":"","protected":false},"excerpt":{"rendered":"<p>Composition : Matiere naturelle et r\u00e9sine<br \/>\nProduit de tr\u00e8s haute qualite.<br \/>\nFinition, polissage et mise en couleur manuel<br \/>\nDimension : 13.5 x10 x 7 cm+\/-<br \/>\nMati\u00e8re : RESINE<br \/>\nPoids : 250 grammes +\/-<\/p>\n","protected":false},"featured_media":28250,"template":"","meta":{"_ppp_document_settings_meta":""},"product_cat":[451],"product_tag":[264],"class_list":{"0":"post-27324","1":"product","2":"type-product","3":"status-publish","4":"has-post-thumbnail","6":"product_cat-decoration","7":"product_tag-6152898125-2"},"composite_layout":"","composite_add_to_cart_form_location":"","composite_editable_in_cart":false,"composite_sold_individually_context":"","composite_shop_price_calc":"","composite_components":[],"composite_scenarios":[],"yoast_head":"<!-- This site is optimized with the Yoast SEO plugin v20.9 - https:\/\/yoast.com\/wordpress\/plugins\/seo\/ -->\n<title>Statue tib\u00e9taine de Bouddha de Peter &amp; Clo<\/title>\n<meta name=\"description\" content=\"Composition : Matiere naturelle et r\u00e9sineProduit de tr\u00e8s haute qualite. Finition, polissage et mise en couleur manuel\" \/>\n<meta name=\"robots\" content=\"index, follow, max-snippet:-1, max-image-preview:large, max-video-preview:-1\" \/>\n<link rel=\"canonical\" href=\"https:\/\/howtospa.com\/produit\/statue-tibetaine-de-bouddha-de-peter-clo\/\" \/>\n<meta property=\"og:locale\" content=\"en_US\" \/>\n<meta property=\"og:type\" content=\"article\" \/>\n<meta property=\"og:title\" content=\"Statue tib\u00e9taine de Bouddha de Peter &amp; Clo\" \/>\n<meta property=\"og:description\" content=\"Composition : Matiere naturelle et r\u00e9sineProduit de tr\u00e8s haute qualite. Finition, polissage et mise en couleur manuel\" \/>\n<meta property=\"og:url\" content=\"https:\/\/howtospa.com\/produit\/statue-tibetaine-de-bouddha-de-peter-clo\/\" \/>\n<meta property=\"og:site_name\" content=\"HowToSpa - How to create your relaxation\" \/>\n<meta property=\"article:modified_time\" content=\"2024-11-19T02:52:24+00:00\" \/>\n<meta property=\"og:image\" content=\"https:\/\/howtospa.com\/wp-content\/uploads\/2021\/05\/131928166_3681030568643016_333421881940568983_n.png\" \/>\n\t<meta property=\"og:image:width\" content=\"1652\" \/>\n\t<meta property=\"og:image:height\" content=\"916\" \/>\n\t<meta property=\"og:image:type\" content=\"image\/png\" \/>\n<meta name=\"twitter:card\" content=\"summary_large_image\" \/>\n<script type=\"application\/ld+json\" class=\"yoast-schema-graph\">{\"@context\":\"https:\/\/schema.org\",\"@graph\":[{\"@type\":\"WebPage\",\"@id\":\"https:\/\/howtospa.com\/produit\/statue-tibetaine-de-bouddha-de-peter-clo\/\",\"url\":\"https:\/\/howtospa.com\/produit\/statue-tibetaine-de-bouddha-de-peter-clo\/\",\"name\":\"Statue tib\u00e9taine de Bouddha de Peter & Clo\",\"isPartOf\":{\"@id\":\"https:\/\/howtospa.com\/en\/#website\"},\"datePublished\":\"2020-12-07T13:34:48+00:00\",\"dateModified\":\"2024-11-19T02:52:24+00:00\",\"description\":\"Composition : Matiere naturelle et r\u00e9sineProduit de tr\u00e8s haute qualite. Finition, polissage et mise en couleur manuel\",\"breadcrumb\":{\"@id\":\"https:\/\/howtospa.com\/produit\/statue-tibetaine-de-bouddha-de-peter-clo\/#breadcrumb\"},\"inLanguage\":\"en-US\",\"potentialAction\":[{\"@type\":\"ReadAction\",\"target\":[\"https:\/\/howtospa.com\/produit\/statue-tibetaine-de-bouddha-de-peter-clo\/\"]}]},{\"@type\":\"BreadcrumbList\",\"@id\":\"https:\/\/howtospa.com\/produit\/statue-tibetaine-de-bouddha-de-peter-clo\/#breadcrumb\",\"itemListElement\":[{\"@type\":\"ListItem\",\"position\":1,\"name\":\"Home\",\"item\":\"https:\/\/howtospa.com\/\"},{\"@type\":\"ListItem\",\"position\":2,\"name\":\"Products\",\"item\":\"https:\/\/howtospa.com\/en\/shop\/\"},{\"@type\":\"ListItem\",\"position\":3,\"name\":\"Statue tib\u00e9taine de Bouddha de Peter &#038; Clo\"}]},{\"@type\":\"WebSite\",\"@id\":\"https:\/\/howtospa.com\/en\/#website\",\"url\":\"https:\/\/howtospa.com\/en\/\",\"name\":\"HowToSpa -How to vreate your relaxation\",\"description\":\"Kits, programmes et tutoriels de relaxation, auto-massage et bien-\u00eatre chez soi, au bureau ou dans les transports.\",\"publisher\":{\"@id\":\"https:\/\/howtospa.com\/en\/#organization\"},\"potentialAction\":[{\"@type\":\"SearchAction\",\"target\":{\"@type\":\"EntryPoint\",\"urlTemplate\":\"https:\/\/howtospa.com\/en\/?s={search_term_string}\"},\"query-input\":\"required name=search_term_string\"}],\"inLanguage\":\"en-US\"},{\"@type\":\"Organization\",\"@id\":\"https:\/\/howtospa.com\/en\/#organization\",\"name\":\"HowToSpa -How to vreate your relaxation\",\"url\":\"https:\/\/howtospa.com\/en\/\",\"logo\":{\"@type\":\"ImageObject\",\"inLanguage\":\"en-US\",\"@id\":\"https:\/\/howtospa.com\/en\/#\/schema\/logo\/image\/\",\"url\":\"http:\/\/preprod.howtospa.com\/wp-content\/uploads\/2021\/05\/logo-new-site-2.png\",\"contentUrl\":\"http:\/\/preprod.howtospa.com\/wp-content\/uploads\/2021\/05\/logo-new-site-2.png\",\"width\":953,\"height\":332,\"caption\":\"HowToSpa -How to vreate your relaxation\"},\"image\":{\"@id\":\"https:\/\/howtospa.com\/en\/#\/schema\/logo\/image\/\"},\"sameAs\":[\"https:\/\/www.pinterest.fr\/howtospa\"]}]}<\/script>\n<!-- \/ Yoast SEO plugin. -->","yoast_head_json":{"title":"Statue tib\u00e9taine de Bouddha de Peter & Clo","description":"Composition : Matiere naturelle et r\u00e9sineProduit de tr\u00e8s haute qualite. Finition, polissage et mise en couleur manuel","robots":{"index":"index","follow":"follow","max-snippet":"max-snippet:-1","max-image-preview":"max-image-preview:large","max-video-preview":"max-video-preview:-1"},"canonical":"https:\/\/howtospa.com\/produit\/statue-tibetaine-de-bouddha-de-peter-clo\/","og_locale":"en_US","og_type":"article","og_title":"Statue tib\u00e9taine de Bouddha de Peter & Clo","og_description":"Composition : Matiere naturelle et r\u00e9sineProduit de tr\u00e8s haute qualite. Finition, polissage et mise en couleur manuel","og_url":"https:\/\/howtospa.com\/produit\/statue-tibetaine-de-bouddha-de-peter-clo\/","og_site_name":"HowToSpa - How to create your relaxation","article_modified_time":"2024-11-19T02:52:24+00:00","og_image":[{"width":1652,"height":916,"url":"https:\/\/howtospa.com\/wp-content\/uploads\/2021\/05\/131928166_3681030568643016_333421881940568983_n.png","type":"image\/png"}],"twitter_card":"summary_large_image","schema":{"@context":"https:\/\/schema.org","@graph":[{"@type":"WebPage","@id":"https:\/\/howtospa.com\/produit\/statue-tibetaine-de-bouddha-de-peter-clo\/","url":"https:\/\/howtospa.com\/produit\/statue-tibetaine-de-bouddha-de-peter-clo\/","name":"Statue tib\u00e9taine de Bouddha de Peter & Clo","isPartOf":{"@id":"https:\/\/howtospa.com\/en\/#website"},"datePublished":"2020-12-07T13:34:48+00:00","dateModified":"2024-11-19T02:52:24+00:00","description":"Composition : Matiere naturelle et r\u00e9sineProduit de tr\u00e8s haute qualite. Finition, polissage et mise en couleur manuel","breadcrumb":{"@id":"https:\/\/howtospa.com\/produit\/statue-tibetaine-de-bouddha-de-peter-clo\/#breadcrumb"},"inLanguage":"en-US","potentialAction":[{"@type":"ReadAction","target":["https:\/\/howtospa.com\/produit\/statue-tibetaine-de-bouddha-de-peter-clo\/"]}]},{"@type":"BreadcrumbList","@id":"https:\/\/howtospa.com\/produit\/statue-tibetaine-de-bouddha-de-peter-clo\/#breadcrumb","itemListElement":[{"@type":"ListItem","position":1,"name":"Home","item":"https:\/\/howtospa.com\/"},{"@type":"ListItem","position":2,"name":"Products","item":"https:\/\/howtospa.com\/en\/shop\/"},{"@type":"ListItem","position":3,"name":"Statue tib\u00e9taine de Bouddha de Peter &#038; Clo"}]},{"@type":"WebSite","@id":"https:\/\/howtospa.com\/en\/#website","url":"https:\/\/howtospa.com\/en\/","name":"HowToSpa -How to vreate your relaxation","description":"Kits, programmes et tutoriels de relaxation, auto-massage et bien-\u00eatre chez soi, au bureau ou dans les transports.","publisher":{"@id":"https:\/\/howtospa.com\/en\/#organization"},"potentialAction":[{"@type":"SearchAction","target":{"@type":"EntryPoint","urlTemplate":"https:\/\/howtospa.com\/en\/?s={search_term_string}"},"query-input":"required name=search_term_string"}],"inLanguage":"en-US"},{"@type":"Organization","@id":"https:\/\/howtospa.com\/en\/#organization","name":"HowToSpa -How to vreate your relaxation","url":"https:\/\/howtospa.com\/en\/","logo":{"@type":"ImageObject","inLanguage":"en-US","@id":"https:\/\/howtospa.com\/en\/#\/schema\/logo\/image\/","url":"http:\/\/preprod.howtospa.com\/wp-content\/uploads\/2021\/05\/logo-new-site-2.png","contentUrl":"http:\/\/preprod.howtospa.com\/wp-content\/uploads\/2021\/05\/logo-new-site-2.png","width":953,"height":332,"caption":"HowToSpa -How to vreate your relaxation"},"image":{"@id":"https:\/\/howtospa.com\/en\/#\/schema\/logo\/image\/"},"sameAs":["https:\/\/www.pinterest.fr\/howtospa"]}]}},"_links":{"self":[{"href":"https:\/\/howtospa.com\/en\/wp-json\/wp\/v2\/product\/27324","targetHints":{"allow":["GET"]}}],"collection":[{"href":"https:\/\/howtospa.com\/en\/wp-json\/wp\/v2\/product"}],"about":[{"href":"https:\/\/howtospa.com\/en\/wp-json\/wp\/v2\/types\/product"}],"wp:featuredmedia":[{"embeddable":true,"href":"https:\/\/howtospa.com\/en\/wp-json\/wp\/v2\/media\/28250"}],"wp:attachment":[{"href":"https:\/\/howtospa.com\/en\/wp-json\/wp\/v2\/media?parent=27324"}],"wp:term":[{"taxonomy":"product_cat","embeddable":true,"href":"https:\/\/howtospa.com\/en\/wp-json\/wp\/v2\/product_cat?post=27324"},{"taxonomy":"product_tag","embeddable":true,"href":"https:\/\/howtospa.com\/en\/wp-json\/wp\/v2\/product_tag?post=27324"}],"curies":[{"name":"wp","href":"https:\/\/api.w.org\/{rel}","templated":true}]}}