{"id":27334,"date":"2020-12-07T15:02:46","date_gmt":"2020-12-07T14:02:46","guid":{"rendered":"http:\/\/preprod.howtospa.com\/?post_type=product&#038;p=27334"},"modified":"2024-11-19T03:27:48","modified_gmt":"2024-11-19T02:27:48","slug":"infusion-morphee-de-chez-chic-des-plantes","status":"publish","type":"product","link":"https:\/\/howtospa.com\/en\/produit\/infusion-morphee-de-chez-chic-des-plantes\/","title":{"rendered":"Infusion MORPH\u00c9E de chez CHIC DES PLANTES"},"content":{"rendered":"","protected":false},"excerpt":{"rendered":"<p>Infusion tilleul menthe 100% bio et naturelle, sans aucun ar\u00f4me ajout\u00e9, pour favoriser le sommeil.<\/p>\n<p>Ingr\u00e9dients : Tilleul \u00b7 Feuille de Sauge officinale \u00b7 Ronce \u00b7 Menthe Nanah \u00b7 Fleur d&#8217;Oranger<\/p>\n<p>Notes aromatiques : l\u2019alliance menthe nanah-sauge g\u00e9n\u00e8re une attaque fra\u00eeche, verte et subtilement camphr\u00e9e, relay\u00e9e par les notes apaisantes et florales du tilleul et de la fleur d\u2019oranger. Un bouquet de feuilles et de fleurs, vif, doux et rassurant, laissant en bouche une fra\u00eecheur tout en d\u00e9licatesse. D\u00e9couvrez nos (chics) id\u00e9es recettes avec nos infusions ici.<\/p>\n<p>All\u00e9gations officielles : le tilleul est traditionnellement utilis\u00e9 pour aider \u00e0 trouver un meilleur sommeil et diminuer la tension.<\/p>\n<p>Retrouvez notre infusion Morph\u00e9e en coffret cadeau Une tisane et au lit !<\/p>\n","protected":false},"featured_media":28301,"template":"","meta":{"_ppp_document_settings_meta":""},"product_cat":[453],"product_tag":[290],"class_list":{"0":"post-27334","1":"product","2":"type-product","3":"status-publish","4":"has-post-thumbnail","6":"product_cat-infusions","7":"product_tag-5867837811-2"},"composite_layout":"","composite_add_to_cart_form_location":"","composite_editable_in_cart":false,"composite_sold_individually_context":"","composite_shop_price_calc":"","composite_components":[],"composite_scenarios":[],"yoast_head":"<!-- This site is optimized with the Yoast SEO plugin v20.9 - https:\/\/yoast.com\/wordpress\/plugins\/seo\/ -->\n<title>Infusion MORPH\u00c9E de chez CHIC DES PLANTES - HowToSpa - How to create your relaxation<\/title>\n<meta name=\"robots\" content=\"index, follow, max-snippet:-1, max-image-preview:large, max-video-preview:-1\" \/>\n<link rel=\"canonical\" href=\"https:\/\/howtospa.com\/produit\/infusion-morphee-de-chez-chic-des-plantes\/\" \/>\n<meta property=\"og:locale\" content=\"en_US\" \/>\n<meta property=\"og:type\" content=\"article\" \/>\n<meta property=\"og:title\" content=\"Infusion MORPH\u00c9E de chez CHIC DES PLANTES - HowToSpa - How to create your relaxation\" \/>\n<meta property=\"og:description\" content=\"Infusion tilleul menthe 100% bio et naturelle, sans aucun ar\u00f4me ajout\u00e9, pour favoriser le sommeil.  Ingr\u00e9dients : Tilleul \u00b7 Feuille de Sauge officinale \u00b7 Ronce \u00b7 Menthe Nanah \u00b7 Fleur d&#039;Oranger  Notes aromatiques : l\u2019alliance menthe nanah-sauge g\u00e9n\u00e8re une attaque fra\u00eeche, verte et subtilement camphr\u00e9e, relay\u00e9e par les notes apaisantes et florales du tilleul et de la fleur d\u2019oranger. Un bouquet de feuilles et de fleurs, vif, doux et rassurant, laissant en bouche une fra\u00eecheur tout en d\u00e9licatesse. D\u00e9couvrez nos (chics) id\u00e9es recettes avec nos infusions ici.  All\u00e9gations officielles : le tilleul est traditionnellement utilis\u00e9 pour aider \u00e0 trouver un meilleur sommeil et diminuer la tension.  Retrouvez notre infusion Morph\u00e9e en coffret cadeau Une tisane et au lit !\" \/>\n<meta property=\"og:url\" content=\"https:\/\/howtospa.com\/produit\/infusion-morphee-de-chez-chic-des-plantes\/\" \/>\n<meta property=\"og:site_name\" content=\"HowToSpa - How to create your relaxation\" \/>\n<meta property=\"article:modified_time\" content=\"2024-11-19T02:27:48+00:00\" \/>\n<meta property=\"og:image\" content=\"https:\/\/howtospa.com\/wp-content\/uploads\/2020\/12\/Screenshot-2021-06-17-at-21-23-01-Chic-des-Plantes-Orange-blosson-herbal-tea-Morphee.png\" \/>\n\t<meta property=\"og:image:width\" content=\"409\" \/>\n\t<meta property=\"og:image:height\" content=\"537\" \/>\n\t<meta property=\"og:image:type\" content=\"image\/png\" \/>\n<meta name=\"twitter:card\" content=\"summary_large_image\" \/>\n<script type=\"application\/ld+json\" class=\"yoast-schema-graph\">{\"@context\":\"https:\/\/schema.org\",\"@graph\":[{\"@type\":\"WebPage\",\"@id\":\"https:\/\/howtospa.com\/produit\/infusion-morphee-de-chez-chic-des-plantes\/\",\"url\":\"https:\/\/howtospa.com\/produit\/infusion-morphee-de-chez-chic-des-plantes\/\",\"name\":\"Infusion MORPH\u00c9E de chez CHIC DES PLANTES - HowToSpa - How to create your relaxation\",\"isPartOf\":{\"@id\":\"https:\/\/howtospa.com\/en\/#website\"},\"datePublished\":\"2020-12-07T14:02:46+00:00\",\"dateModified\":\"2024-11-19T02:27:48+00:00\",\"breadcrumb\":{\"@id\":\"https:\/\/howtospa.com\/produit\/infusion-morphee-de-chez-chic-des-plantes\/#breadcrumb\"},\"inLanguage\":\"en-US\",\"potentialAction\":[{\"@type\":\"ReadAction\",\"target\":[\"https:\/\/howtospa.com\/produit\/infusion-morphee-de-chez-chic-des-plantes\/\"]}]},{\"@type\":\"BreadcrumbList\",\"@id\":\"https:\/\/howtospa.com\/produit\/infusion-morphee-de-chez-chic-des-plantes\/#breadcrumb\",\"itemListElement\":[{\"@type\":\"ListItem\",\"position\":1,\"name\":\"Home\",\"item\":\"https:\/\/howtospa.com\/\"},{\"@type\":\"ListItem\",\"position\":2,\"name\":\"Products\",\"item\":\"https:\/\/howtospa.com\/en\/shop\/\"},{\"@type\":\"ListItem\",\"position\":3,\"name\":\"Infusion MORPH\u00c9E de chez CHIC DES PLANTES\"}]},{\"@type\":\"WebSite\",\"@id\":\"https:\/\/howtospa.com\/en\/#website\",\"url\":\"https:\/\/howtospa.com\/en\/\",\"name\":\"HowToSpa -How to vreate your relaxation\",\"description\":\"Kits, programmes et tutoriels de relaxation, auto-massage et bien-\u00eatre chez soi, au bureau ou dans les transports.\",\"publisher\":{\"@id\":\"https:\/\/howtospa.com\/en\/#organization\"},\"potentialAction\":[{\"@type\":\"SearchAction\",\"target\":{\"@type\":\"EntryPoint\",\"urlTemplate\":\"https:\/\/howtospa.com\/en\/?s={search_term_string}\"},\"query-input\":\"required name=search_term_string\"}],\"inLanguage\":\"en-US\"},{\"@type\":\"Organization\",\"@id\":\"https:\/\/howtospa.com\/en\/#organization\",\"name\":\"HowToSpa -How to vreate your relaxation\",\"url\":\"https:\/\/howtospa.com\/en\/\",\"logo\":{\"@type\":\"ImageObject\",\"inLanguage\":\"en-US\",\"@id\":\"https:\/\/howtospa.com\/en\/#\/schema\/logo\/image\/\",\"url\":\"http:\/\/preprod.howtospa.com\/wp-content\/uploads\/2021\/05\/logo-new-site-2.png\",\"contentUrl\":\"http:\/\/preprod.howtospa.com\/wp-content\/uploads\/2021\/05\/logo-new-site-2.png\",\"width\":953,\"height\":332,\"caption\":\"HowToSpa -How to vreate your relaxation\"},\"image\":{\"@id\":\"https:\/\/howtospa.com\/en\/#\/schema\/logo\/image\/\"},\"sameAs\":[\"https:\/\/www.pinterest.fr\/howtospa\"]}]}<\/script>\n<!-- \/ Yoast SEO plugin. -->","yoast_head_json":{"title":"Infusion MORPH\u00c9E de chez CHIC DES PLANTES - HowToSpa - How to create your relaxation","robots":{"index":"index","follow":"follow","max-snippet":"max-snippet:-1","max-image-preview":"max-image-preview:large","max-video-preview":"max-video-preview:-1"},"canonical":"https:\/\/howtospa.com\/produit\/infusion-morphee-de-chez-chic-des-plantes\/","og_locale":"en_US","og_type":"article","og_title":"Infusion MORPH\u00c9E de chez CHIC DES PLANTES - HowToSpa - How to create your relaxation","og_description":"Infusion tilleul menthe 100% bio et naturelle, sans aucun ar\u00f4me ajout\u00e9, pour favoriser le sommeil.  Ingr\u00e9dients : Tilleul \u00b7 Feuille de Sauge officinale \u00b7 Ronce \u00b7 Menthe Nanah \u00b7 Fleur d'Oranger  Notes aromatiques : l\u2019alliance menthe nanah-sauge g\u00e9n\u00e8re une attaque fra\u00eeche, verte et subtilement camphr\u00e9e, relay\u00e9e par les notes apaisantes et florales du tilleul et de la fleur d\u2019oranger. Un bouquet de feuilles et de fleurs, vif, doux et rassurant, laissant en bouche une fra\u00eecheur tout en d\u00e9licatesse. D\u00e9couvrez nos (chics) id\u00e9es recettes avec nos infusions ici.  All\u00e9gations officielles : le tilleul est traditionnellement utilis\u00e9 pour aider \u00e0 trouver un meilleur sommeil et diminuer la tension.  Retrouvez notre infusion Morph\u00e9e en coffret cadeau Une tisane et au lit !","og_url":"https:\/\/howtospa.com\/produit\/infusion-morphee-de-chez-chic-des-plantes\/","og_site_name":"HowToSpa - How to create your relaxation","article_modified_time":"2024-11-19T02:27:48+00:00","og_image":[{"width":409,"height":537,"url":"https:\/\/howtospa.com\/wp-content\/uploads\/2020\/12\/Screenshot-2021-06-17-at-21-23-01-Chic-des-Plantes-Orange-blosson-herbal-tea-Morphee.png","type":"image\/png"}],"twitter_card":"summary_large_image","schema":{"@context":"https:\/\/schema.org","@graph":[{"@type":"WebPage","@id":"https:\/\/howtospa.com\/produit\/infusion-morphee-de-chez-chic-des-plantes\/","url":"https:\/\/howtospa.com\/produit\/infusion-morphee-de-chez-chic-des-plantes\/","name":"Infusion MORPH\u00c9E de chez CHIC DES PLANTES - HowToSpa - How to create your relaxation","isPartOf":{"@id":"https:\/\/howtospa.com\/en\/#website"},"datePublished":"2020-12-07T14:02:46+00:00","dateModified":"2024-11-19T02:27:48+00:00","breadcrumb":{"@id":"https:\/\/howtospa.com\/produit\/infusion-morphee-de-chez-chic-des-plantes\/#breadcrumb"},"inLanguage":"en-US","potentialAction":[{"@type":"ReadAction","target":["https:\/\/howtospa.com\/produit\/infusion-morphee-de-chez-chic-des-plantes\/"]}]},{"@type":"BreadcrumbList","@id":"https:\/\/howtospa.com\/produit\/infusion-morphee-de-chez-chic-des-plantes\/#breadcrumb","itemListElement":[{"@type":"ListItem","position":1,"name":"Home","item":"https:\/\/howtospa.com\/"},{"@type":"ListItem","position":2,"name":"Products","item":"https:\/\/howtospa.com\/en\/shop\/"},{"@type":"ListItem","position":3,"name":"Infusion MORPH\u00c9E de chez CHIC DES PLANTES"}]},{"@type":"WebSite","@id":"https:\/\/howtospa.com\/en\/#website","url":"https:\/\/howtospa.com\/en\/","name":"HowToSpa -How to vreate your relaxation","description":"Kits, programmes et tutoriels de relaxation, auto-massage et bien-\u00eatre chez soi, au bureau ou dans les transports.","publisher":{"@id":"https:\/\/howtospa.com\/en\/#organization"},"potentialAction":[{"@type":"SearchAction","target":{"@type":"EntryPoint","urlTemplate":"https:\/\/howtospa.com\/en\/?s={search_term_string}"},"query-input":"required name=search_term_string"}],"inLanguage":"en-US"},{"@type":"Organization","@id":"https:\/\/howtospa.com\/en\/#organization","name":"HowToSpa -How to vreate your relaxation","url":"https:\/\/howtospa.com\/en\/","logo":{"@type":"ImageObject","inLanguage":"en-US","@id":"https:\/\/howtospa.com\/en\/#\/schema\/logo\/image\/","url":"http:\/\/preprod.howtospa.com\/wp-content\/uploads\/2021\/05\/logo-new-site-2.png","contentUrl":"http:\/\/preprod.howtospa.com\/wp-content\/uploads\/2021\/05\/logo-new-site-2.png","width":953,"height":332,"caption":"HowToSpa -How to vreate your relaxation"},"image":{"@id":"https:\/\/howtospa.com\/en\/#\/schema\/logo\/image\/"},"sameAs":["https:\/\/www.pinterest.fr\/howtospa"]}]}},"_links":{"self":[{"href":"https:\/\/howtospa.com\/en\/wp-json\/wp\/v2\/product\/27334","targetHints":{"allow":["GET"]}}],"collection":[{"href":"https:\/\/howtospa.com\/en\/wp-json\/wp\/v2\/product"}],"about":[{"href":"https:\/\/howtospa.com\/en\/wp-json\/wp\/v2\/types\/product"}],"wp:featuredmedia":[{"embeddable":true,"href":"https:\/\/howtospa.com\/en\/wp-json\/wp\/v2\/media\/28301"}],"wp:attachment":[{"href":"https:\/\/howtospa.com\/en\/wp-json\/wp\/v2\/media?parent=27334"}],"wp:term":[{"taxonomy":"product_cat","embeddable":true,"href":"https:\/\/howtospa.com\/en\/wp-json\/wp\/v2\/product_cat?post=27334"},{"taxonomy":"product_tag","embeddable":true,"href":"https:\/\/howtospa.com\/en\/wp-json\/wp\/v2\/product_tag?post=27334"}],"curies":[{"name":"wp","href":"https:\/\/api.w.org\/{rel}","templated":true}]}}