{"id":27335,"date":"2020-12-07T15:04:56","date_gmt":"2020-12-07T14:04:56","guid":{"rendered":"http:\/\/preprod.howtospa.com\/?post_type=product&#038;p=27335"},"modified":"2025-05-09T01:11:27","modified_gmt":"2025-05-08T23:11:27","slug":"infusion-energie-bio-elixir-de-chez-chic-des-plantes-2","status":"publish","type":"product","link":"https:\/\/howtospa.com\/en\/produit\/infusion-energie-bio-elixir-de-chez-chic-des-plantes-2\/","title":{"rendered":"Infusion ENERGIE BIO ELIXIR de chez CHIC DES PLANTES"},"content":{"rendered":"","protected":false},"excerpt":{"rendered":"<p>Tisane bio \u00e9nergie gingembre citron L&#8217;\u00c9lixir &#8211; sans ar\u00f4me ajout\u00e9 &#8211; Bo\u00eete 12 sachets.<\/p>\n<p>\u25cf Ingr\u00e9dients (plantes 100% bio) :<strong> Gingembre<\/strong> \u00b7 Oranger Bigaradier \u00b7 <strong>Citron<\/strong> \u00b7 Combava<\/p>\n<p>\u25cf Notes aromatiques : L\u2019attaque piquante du Gingembre est soutenue par les notes zest\u00e9es du Citron associ\u00e9es \u00e0 la fra\u00eecheur stimulante et vive du Combava. Suit l\u2019ar\u00f4me charmeur et subtil de la feuille d\u2019Oranger Bigaradier. D\u2019une note \u00e9l\u00e9gante, elle arrondit cette profusion de saveurs acidul\u00e9es qui jouent les prolongations. Exaltante et dynamisante, cette tisane bio r\u00e9v\u00e8le un caract\u00e8re affirm\u00e9.<\/p>\n<p>&nbsp;<\/p>\n<p>&nbsp;<\/p>\n","protected":false},"featured_media":30675,"template":"","meta":{"_ppp_document_settings_meta":""},"product_cat":[453],"product_tag":[276],"class_list":{"0":"post-27335","1":"product","2":"type-product","3":"status-publish","4":"has-post-thumbnail","6":"product_cat-infusions","7":"product_tag-5119428471-2"},"composite_layout":"","composite_add_to_cart_form_location":"","composite_editable_in_cart":false,"composite_sold_individually_context":"","composite_shop_price_calc":"","composite_components":[],"composite_scenarios":[],"yoast_head":"<!-- This site is optimized with the Yoast SEO plugin v20.9 - https:\/\/yoast.com\/wordpress\/plugins\/seo\/ -->\n<title>Infusion ENERGIE BIO ELIXIR de chez CHIC DES PLANTES<\/title>\n<meta name=\"description\" content=\"Infusion O JOIE de chez CHIC DES PLANTES. l\u2019Ananas et la Baie de Gen\u00e9vrier d\u00e9contractent le syst\u00e8me digestif\" \/>\n<meta name=\"robots\" content=\"index, follow, max-snippet:-1, max-image-preview:large, max-video-preview:-1\" \/>\n<link rel=\"canonical\" href=\"https:\/\/howtospa.com\/produit\/infusion-energie-bio-elixir-de-chez-chic-des-plantes-2\/\" \/>\n<meta property=\"og:locale\" content=\"en_US\" \/>\n<meta property=\"og:type\" content=\"article\" \/>\n<meta property=\"og:title\" content=\"Infusion ENERGIE BIO ELIXIR de chez CHIC DES PLANTES\" \/>\n<meta property=\"og:description\" content=\"Infusion O JOIE de chez CHIC DES PLANTES. l\u2019Ananas et la Baie de Gen\u00e9vrier d\u00e9contractent le syst\u00e8me digestif\" \/>\n<meta property=\"og:url\" content=\"https:\/\/howtospa.com\/produit\/infusion-energie-bio-elixir-de-chez-chic-des-plantes-2\/\" \/>\n<meta property=\"og:site_name\" content=\"HowToSpa - How to create your relaxation\" \/>\n<meta property=\"article:modified_time\" content=\"2025-05-08T23:11:27+00:00\" \/>\n<meta property=\"og:image\" content=\"https:\/\/howtospa.com\/wp-content\/uploads\/2021\/05\/Energio-Bio-Elixir.png\" \/>\n\t<meta property=\"og:image:width\" content=\"569\" \/>\n\t<meta property=\"og:image:height\" content=\"759\" \/>\n\t<meta property=\"og:image:type\" content=\"image\/png\" \/>\n<meta name=\"twitter:card\" content=\"summary_large_image\" \/>\n<script type=\"application\/ld+json\" class=\"yoast-schema-graph\">{\"@context\":\"https:\/\/schema.org\",\"@graph\":[{\"@type\":\"WebPage\",\"@id\":\"https:\/\/howtospa.com\/produit\/infusion-energie-bio-elixir-de-chez-chic-des-plantes-2\/\",\"url\":\"https:\/\/howtospa.com\/produit\/infusion-energie-bio-elixir-de-chez-chic-des-plantes-2\/\",\"name\":\"Infusion ENERGIE BIO ELIXIR de chez CHIC DES PLANTES\",\"isPartOf\":{\"@id\":\"https:\/\/howtospa.com\/en\/#website\"},\"datePublished\":\"2020-12-07T14:04:56+00:00\",\"dateModified\":\"2025-05-08T23:11:27+00:00\",\"description\":\"Infusion O JOIE de chez CHIC DES PLANTES. l\u2019Ananas et la Baie de Gen\u00e9vrier d\u00e9contractent le syst\u00e8me digestif\",\"breadcrumb\":{\"@id\":\"https:\/\/howtospa.com\/produit\/infusion-energie-bio-elixir-de-chez-chic-des-plantes-2\/#breadcrumb\"},\"inLanguage\":\"en-US\",\"potentialAction\":[{\"@type\":\"ReadAction\",\"target\":[\"https:\/\/howtospa.com\/produit\/infusion-energie-bio-elixir-de-chez-chic-des-plantes-2\/\"]}]},{\"@type\":\"BreadcrumbList\",\"@id\":\"https:\/\/howtospa.com\/produit\/infusion-energie-bio-elixir-de-chez-chic-des-plantes-2\/#breadcrumb\",\"itemListElement\":[{\"@type\":\"ListItem\",\"position\":1,\"name\":\"Home\",\"item\":\"https:\/\/howtospa.com\/\"},{\"@type\":\"ListItem\",\"position\":2,\"name\":\"Products\",\"item\":\"https:\/\/howtospa.com\/en\/shop\/\"},{\"@type\":\"ListItem\",\"position\":3,\"name\":\"Infusion ENERGIE BIO ELIXIR de chez CHIC DES PLANTES\"}]},{\"@type\":\"WebSite\",\"@id\":\"https:\/\/howtospa.com\/en\/#website\",\"url\":\"https:\/\/howtospa.com\/en\/\",\"name\":\"HowToSpa -How to vreate your relaxation\",\"description\":\"Kits, programmes et tutoriels de relaxation, auto-massage et bien-\u00eatre chez soi, au bureau ou dans les transports.\",\"publisher\":{\"@id\":\"https:\/\/howtospa.com\/en\/#organization\"},\"potentialAction\":[{\"@type\":\"SearchAction\",\"target\":{\"@type\":\"EntryPoint\",\"urlTemplate\":\"https:\/\/howtospa.com\/en\/?s={search_term_string}\"},\"query-input\":\"required name=search_term_string\"}],\"inLanguage\":\"en-US\"},{\"@type\":\"Organization\",\"@id\":\"https:\/\/howtospa.com\/en\/#organization\",\"name\":\"HowToSpa -How to vreate your relaxation\",\"url\":\"https:\/\/howtospa.com\/en\/\",\"logo\":{\"@type\":\"ImageObject\",\"inLanguage\":\"en-US\",\"@id\":\"https:\/\/howtospa.com\/en\/#\/schema\/logo\/image\/\",\"url\":\"http:\/\/preprod.howtospa.com\/wp-content\/uploads\/2021\/05\/logo-new-site-2.png\",\"contentUrl\":\"http:\/\/preprod.howtospa.com\/wp-content\/uploads\/2021\/05\/logo-new-site-2.png\",\"width\":953,\"height\":332,\"caption\":\"HowToSpa -How to vreate your relaxation\"},\"image\":{\"@id\":\"https:\/\/howtospa.com\/en\/#\/schema\/logo\/image\/\"},\"sameAs\":[\"https:\/\/www.pinterest.fr\/howtospa\"]}]}<\/script>\n<!-- \/ Yoast SEO plugin. -->","yoast_head_json":{"title":"Infusion ENERGIE BIO ELIXIR de chez CHIC DES PLANTES","description":"Infusion O JOIE de chez CHIC DES PLANTES. l\u2019Ananas et la Baie de Gen\u00e9vrier d\u00e9contractent le syst\u00e8me digestif","robots":{"index":"index","follow":"follow","max-snippet":"max-snippet:-1","max-image-preview":"max-image-preview:large","max-video-preview":"max-video-preview:-1"},"canonical":"https:\/\/howtospa.com\/produit\/infusion-energie-bio-elixir-de-chez-chic-des-plantes-2\/","og_locale":"en_US","og_type":"article","og_title":"Infusion ENERGIE BIO ELIXIR de chez CHIC DES PLANTES","og_description":"Infusion O JOIE de chez CHIC DES PLANTES. l\u2019Ananas et la Baie de Gen\u00e9vrier d\u00e9contractent le syst\u00e8me digestif","og_url":"https:\/\/howtospa.com\/produit\/infusion-energie-bio-elixir-de-chez-chic-des-plantes-2\/","og_site_name":"HowToSpa - How to create your relaxation","article_modified_time":"2025-05-08T23:11:27+00:00","og_image":[{"width":569,"height":759,"url":"https:\/\/howtospa.com\/wp-content\/uploads\/2021\/05\/Energio-Bio-Elixir.png","type":"image\/png"}],"twitter_card":"summary_large_image","schema":{"@context":"https:\/\/schema.org","@graph":[{"@type":"WebPage","@id":"https:\/\/howtospa.com\/produit\/infusion-energie-bio-elixir-de-chez-chic-des-plantes-2\/","url":"https:\/\/howtospa.com\/produit\/infusion-energie-bio-elixir-de-chez-chic-des-plantes-2\/","name":"Infusion ENERGIE BIO ELIXIR de chez CHIC DES PLANTES","isPartOf":{"@id":"https:\/\/howtospa.com\/en\/#website"},"datePublished":"2020-12-07T14:04:56+00:00","dateModified":"2025-05-08T23:11:27+00:00","description":"Infusion O JOIE de chez CHIC DES PLANTES. l\u2019Ananas et la Baie de Gen\u00e9vrier d\u00e9contractent le syst\u00e8me digestif","breadcrumb":{"@id":"https:\/\/howtospa.com\/produit\/infusion-energie-bio-elixir-de-chez-chic-des-plantes-2\/#breadcrumb"},"inLanguage":"en-US","potentialAction":[{"@type":"ReadAction","target":["https:\/\/howtospa.com\/produit\/infusion-energie-bio-elixir-de-chez-chic-des-plantes-2\/"]}]},{"@type":"BreadcrumbList","@id":"https:\/\/howtospa.com\/produit\/infusion-energie-bio-elixir-de-chez-chic-des-plantes-2\/#breadcrumb","itemListElement":[{"@type":"ListItem","position":1,"name":"Home","item":"https:\/\/howtospa.com\/"},{"@type":"ListItem","position":2,"name":"Products","item":"https:\/\/howtospa.com\/en\/shop\/"},{"@type":"ListItem","position":3,"name":"Infusion ENERGIE BIO ELIXIR de chez CHIC DES PLANTES"}]},{"@type":"WebSite","@id":"https:\/\/howtospa.com\/en\/#website","url":"https:\/\/howtospa.com\/en\/","name":"HowToSpa -How to vreate your relaxation","description":"Kits, programmes et tutoriels de relaxation, auto-massage et bien-\u00eatre chez soi, au bureau ou dans les transports.","publisher":{"@id":"https:\/\/howtospa.com\/en\/#organization"},"potentialAction":[{"@type":"SearchAction","target":{"@type":"EntryPoint","urlTemplate":"https:\/\/howtospa.com\/en\/?s={search_term_string}"},"query-input":"required name=search_term_string"}],"inLanguage":"en-US"},{"@type":"Organization","@id":"https:\/\/howtospa.com\/en\/#organization","name":"HowToSpa -How to vreate your relaxation","url":"https:\/\/howtospa.com\/en\/","logo":{"@type":"ImageObject","inLanguage":"en-US","@id":"https:\/\/howtospa.com\/en\/#\/schema\/logo\/image\/","url":"http:\/\/preprod.howtospa.com\/wp-content\/uploads\/2021\/05\/logo-new-site-2.png","contentUrl":"http:\/\/preprod.howtospa.com\/wp-content\/uploads\/2021\/05\/logo-new-site-2.png","width":953,"height":332,"caption":"HowToSpa -How to vreate your relaxation"},"image":{"@id":"https:\/\/howtospa.com\/en\/#\/schema\/logo\/image\/"},"sameAs":["https:\/\/www.pinterest.fr\/howtospa"]}]}},"_links":{"self":[{"href":"https:\/\/howtospa.com\/en\/wp-json\/wp\/v2\/product\/27335","targetHints":{"allow":["GET"]}}],"collection":[{"href":"https:\/\/howtospa.com\/en\/wp-json\/wp\/v2\/product"}],"about":[{"href":"https:\/\/howtospa.com\/en\/wp-json\/wp\/v2\/types\/product"}],"wp:featuredmedia":[{"embeddable":true,"href":"https:\/\/howtospa.com\/en\/wp-json\/wp\/v2\/media\/30675"}],"wp:attachment":[{"href":"https:\/\/howtospa.com\/en\/wp-json\/wp\/v2\/media?parent=27335"}],"wp:term":[{"taxonomy":"product_cat","embeddable":true,"href":"https:\/\/howtospa.com\/en\/wp-json\/wp\/v2\/product_cat?post=27335"},{"taxonomy":"product_tag","embeddable":true,"href":"https:\/\/howtospa.com\/en\/wp-json\/wp\/v2\/product_tag?post=27335"}],"curies":[{"name":"wp","href":"https:\/\/api.w.org\/{rel}","templated":true}]}}