{"id":27336,"date":"2020-12-07T15:08:01","date_gmt":"2020-12-07T14:08:01","guid":{"rendered":"http:\/\/preprod.howtospa.com\/?post_type=product&#038;p=27336"},"modified":"2024-11-19T03:32:24","modified_gmt":"2024-11-19T02:32:24","slug":"infusion-belle-plante-de-chez-chic-des-plantes-2","status":"publish","type":"product","link":"https:\/\/howtospa.com\/en\/produit\/infusion-belle-plante-de-chez-chic-des-plantes-2\/","title":{"rendered":"Infusion BELLE PLANTE de chez CHIC DES PLANTES"},"content":{"rendered":"","protected":false},"excerpt":{"rendered":"<p>LE MOT DE L\u2019AROMAGICIENNE<\/p>\n<p>L\u2019attaque est a\u00e9rienne, \u00e9l\u00e9gante et florale, tr\u00e8s influenc\u00e9e par la Rose de Damas. Le fruit\u00e9-acidul\u00e9 de la framboise s\u2019immisce tendrement, relev\u00e9 et r\u00e9v\u00e9l\u00e9 sans fausse note par les baies roses \u00e9pic\u00e9es. On garde en bouche le velours d\u2019un p\u00e9tale et le parfum in\u00e9dit d\u2019une rose \u00e9pic\u00e9e. Cette infusion f\u00e9minine peut \u00eatre d\u00e9gust\u00e9e tout au long de la journ\u00e9e.<\/p>\n<p>LES BIENFAITS<\/p>\n<p>Le Fr\u00eane a un effet diur\u00e9tique qui nettoie l\u2019organisme et d\u00e9sengorge l\u2019eau. De la m\u00eame fa\u00e7on, l\u2019Ortie am\u00e9liore le drainage urinaire et \u00e9limine les toxines, tout en apportant vitamines et min\u00e9raux. Le Tilleul active le foie et les fonctions d\u2019\u00e9limination. Les Baies roses stimulent l\u2019organisme et facilitent la digestion.<\/p>\n<p>LA D\u00c9GUSTATION<br \/>\nL\u2019infusion peut \u00eatre d\u00e9gust\u00e9e en version chaude ou fra\u00eeche.<\/p>\n","protected":false},"featured_media":6208,"template":"","meta":{"_ppp_document_settings_meta":""},"product_cat":[453],"product_tag":[283],"class_list":{"0":"post-27336","1":"product","2":"type-product","3":"status-publish","4":"has-post-thumbnail","6":"product_cat-infusions","7":"product_tag-5638210606-2"},"composite_layout":"","composite_add_to_cart_form_location":"","composite_editable_in_cart":false,"composite_sold_individually_context":"","composite_shop_price_calc":"","composite_components":[],"composite_scenarios":[],"yoast_head":"<!-- This site is optimized with the Yoast SEO plugin v20.9 - https:\/\/yoast.com\/wordpress\/plugins\/seo\/ -->\n<title>Infusion O ZEN de chez CHIC DES PLANTES<\/title>\n<meta name=\"description\" content=\"Infusion O ZEN de chez CHIC DES PLANTES Le Fr\u00eane a un effet diur\u00e9tique qui nettoie l\u2019organisme et d\u00e9sengorge l\u2019eau\" \/>\n<meta name=\"robots\" content=\"index, follow, max-snippet:-1, max-image-preview:large, max-video-preview:-1\" \/>\n<link rel=\"canonical\" href=\"https:\/\/howtospa.com\/produit\/infusion-belle-plante-de-chez-chic-des-plantes-2\/\" \/>\n<meta property=\"og:locale\" content=\"en_US\" \/>\n<meta property=\"og:type\" content=\"article\" \/>\n<meta property=\"og:title\" content=\"Infusion O ZEN de chez CHIC DES PLANTES\" \/>\n<meta property=\"og:description\" content=\"Infusion O ZEN de chez CHIC DES PLANTES Le Fr\u00eane a un effet diur\u00e9tique qui nettoie l\u2019organisme et d\u00e9sengorge l\u2019eau\" \/>\n<meta property=\"og:url\" content=\"https:\/\/howtospa.com\/produit\/infusion-belle-plante-de-chez-chic-des-plantes-2\/\" \/>\n<meta property=\"og:site_name\" content=\"HowToSpa - How to create your relaxation\" \/>\n<meta property=\"article:modified_time\" content=\"2024-11-19T02:32:24+00:00\" \/>\n<meta property=\"og:image\" content=\"https:\/\/howtospa.com\/wp-content\/uploads\/2018\/09\/BELLE-PLANTE-Infusion-from-CHIC-DES-PLANTES.png\" \/>\n\t<meta property=\"og:image:width\" content=\"628\" \/>\n\t<meta property=\"og:image:height\" content=\"422\" \/>\n\t<meta property=\"og:image:type\" content=\"image\/png\" \/>\n<meta name=\"twitter:card\" content=\"summary_large_image\" \/>\n<script type=\"application\/ld+json\" class=\"yoast-schema-graph\">{\"@context\":\"https:\/\/schema.org\",\"@graph\":[{\"@type\":\"WebPage\",\"@id\":\"https:\/\/howtospa.com\/produit\/infusion-belle-plante-de-chez-chic-des-plantes-2\/\",\"url\":\"https:\/\/howtospa.com\/produit\/infusion-belle-plante-de-chez-chic-des-plantes-2\/\",\"name\":\"Infusion O ZEN de chez CHIC DES PLANTES\",\"isPartOf\":{\"@id\":\"https:\/\/howtospa.com\/en\/#website\"},\"datePublished\":\"2020-12-07T14:08:01+00:00\",\"dateModified\":\"2024-11-19T02:32:24+00:00\",\"description\":\"Infusion O ZEN de chez CHIC DES PLANTES Le Fr\u00eane a un effet diur\u00e9tique qui nettoie l\u2019organisme et d\u00e9sengorge l\u2019eau\",\"breadcrumb\":{\"@id\":\"https:\/\/howtospa.com\/produit\/infusion-belle-plante-de-chez-chic-des-plantes-2\/#breadcrumb\"},\"inLanguage\":\"en-US\",\"potentialAction\":[{\"@type\":\"ReadAction\",\"target\":[\"https:\/\/howtospa.com\/produit\/infusion-belle-plante-de-chez-chic-des-plantes-2\/\"]}]},{\"@type\":\"BreadcrumbList\",\"@id\":\"https:\/\/howtospa.com\/produit\/infusion-belle-plante-de-chez-chic-des-plantes-2\/#breadcrumb\",\"itemListElement\":[{\"@type\":\"ListItem\",\"position\":1,\"name\":\"Home\",\"item\":\"https:\/\/howtospa.com\/\"},{\"@type\":\"ListItem\",\"position\":2,\"name\":\"Products\",\"item\":\"https:\/\/howtospa.com\/en\/shop\/\"},{\"@type\":\"ListItem\",\"position\":3,\"name\":\"Infusion BELLE PLANTE de chez CHIC DES PLANTES\"}]},{\"@type\":\"WebSite\",\"@id\":\"https:\/\/howtospa.com\/en\/#website\",\"url\":\"https:\/\/howtospa.com\/en\/\",\"name\":\"HowToSpa -How to vreate your relaxation\",\"description\":\"Kits, programmes et tutoriels de relaxation, auto-massage et bien-\u00eatre chez soi, au bureau ou dans les transports.\",\"publisher\":{\"@id\":\"https:\/\/howtospa.com\/en\/#organization\"},\"potentialAction\":[{\"@type\":\"SearchAction\",\"target\":{\"@type\":\"EntryPoint\",\"urlTemplate\":\"https:\/\/howtospa.com\/en\/?s={search_term_string}\"},\"query-input\":\"required name=search_term_string\"}],\"inLanguage\":\"en-US\"},{\"@type\":\"Organization\",\"@id\":\"https:\/\/howtospa.com\/en\/#organization\",\"name\":\"HowToSpa -How to vreate your relaxation\",\"url\":\"https:\/\/howtospa.com\/en\/\",\"logo\":{\"@type\":\"ImageObject\",\"inLanguage\":\"en-US\",\"@id\":\"https:\/\/howtospa.com\/en\/#\/schema\/logo\/image\/\",\"url\":\"http:\/\/preprod.howtospa.com\/wp-content\/uploads\/2021\/05\/logo-new-site-2.png\",\"contentUrl\":\"http:\/\/preprod.howtospa.com\/wp-content\/uploads\/2021\/05\/logo-new-site-2.png\",\"width\":953,\"height\":332,\"caption\":\"HowToSpa -How to vreate your relaxation\"},\"image\":{\"@id\":\"https:\/\/howtospa.com\/en\/#\/schema\/logo\/image\/\"},\"sameAs\":[\"https:\/\/www.pinterest.fr\/howtospa\"]}]}<\/script>\n<!-- \/ Yoast SEO plugin. -->","yoast_head_json":{"title":"Infusion O ZEN de chez CHIC DES PLANTES","description":"Infusion O ZEN de chez CHIC DES PLANTES Le Fr\u00eane a un effet diur\u00e9tique qui nettoie l\u2019organisme et d\u00e9sengorge l\u2019eau","robots":{"index":"index","follow":"follow","max-snippet":"max-snippet:-1","max-image-preview":"max-image-preview:large","max-video-preview":"max-video-preview:-1"},"canonical":"https:\/\/howtospa.com\/produit\/infusion-belle-plante-de-chez-chic-des-plantes-2\/","og_locale":"en_US","og_type":"article","og_title":"Infusion O ZEN de chez CHIC DES PLANTES","og_description":"Infusion O ZEN de chez CHIC DES PLANTES Le Fr\u00eane a un effet diur\u00e9tique qui nettoie l\u2019organisme et d\u00e9sengorge l\u2019eau","og_url":"https:\/\/howtospa.com\/produit\/infusion-belle-plante-de-chez-chic-des-plantes-2\/","og_site_name":"HowToSpa - How to create your relaxation","article_modified_time":"2024-11-19T02:32:24+00:00","og_image":[{"width":628,"height":422,"url":"https:\/\/howtospa.com\/wp-content\/uploads\/2018\/09\/BELLE-PLANTE-Infusion-from-CHIC-DES-PLANTES.png","type":"image\/png"}],"twitter_card":"summary_large_image","schema":{"@context":"https:\/\/schema.org","@graph":[{"@type":"WebPage","@id":"https:\/\/howtospa.com\/produit\/infusion-belle-plante-de-chez-chic-des-plantes-2\/","url":"https:\/\/howtospa.com\/produit\/infusion-belle-plante-de-chez-chic-des-plantes-2\/","name":"Infusion O ZEN de chez CHIC DES PLANTES","isPartOf":{"@id":"https:\/\/howtospa.com\/en\/#website"},"datePublished":"2020-12-07T14:08:01+00:00","dateModified":"2024-11-19T02:32:24+00:00","description":"Infusion O ZEN de chez CHIC DES PLANTES Le Fr\u00eane a un effet diur\u00e9tique qui nettoie l\u2019organisme et d\u00e9sengorge l\u2019eau","breadcrumb":{"@id":"https:\/\/howtospa.com\/produit\/infusion-belle-plante-de-chez-chic-des-plantes-2\/#breadcrumb"},"inLanguage":"en-US","potentialAction":[{"@type":"ReadAction","target":["https:\/\/howtospa.com\/produit\/infusion-belle-plante-de-chez-chic-des-plantes-2\/"]}]},{"@type":"BreadcrumbList","@id":"https:\/\/howtospa.com\/produit\/infusion-belle-plante-de-chez-chic-des-plantes-2\/#breadcrumb","itemListElement":[{"@type":"ListItem","position":1,"name":"Home","item":"https:\/\/howtospa.com\/"},{"@type":"ListItem","position":2,"name":"Products","item":"https:\/\/howtospa.com\/en\/shop\/"},{"@type":"ListItem","position":3,"name":"Infusion BELLE PLANTE de chez CHIC DES PLANTES"}]},{"@type":"WebSite","@id":"https:\/\/howtospa.com\/en\/#website","url":"https:\/\/howtospa.com\/en\/","name":"HowToSpa -How to vreate your relaxation","description":"Kits, programmes et tutoriels de relaxation, auto-massage et bien-\u00eatre chez soi, au bureau ou dans les transports.","publisher":{"@id":"https:\/\/howtospa.com\/en\/#organization"},"potentialAction":[{"@type":"SearchAction","target":{"@type":"EntryPoint","urlTemplate":"https:\/\/howtospa.com\/en\/?s={search_term_string}"},"query-input":"required name=search_term_string"}],"inLanguage":"en-US"},{"@type":"Organization","@id":"https:\/\/howtospa.com\/en\/#organization","name":"HowToSpa -How to vreate your relaxation","url":"https:\/\/howtospa.com\/en\/","logo":{"@type":"ImageObject","inLanguage":"en-US","@id":"https:\/\/howtospa.com\/en\/#\/schema\/logo\/image\/","url":"http:\/\/preprod.howtospa.com\/wp-content\/uploads\/2021\/05\/logo-new-site-2.png","contentUrl":"http:\/\/preprod.howtospa.com\/wp-content\/uploads\/2021\/05\/logo-new-site-2.png","width":953,"height":332,"caption":"HowToSpa -How to vreate your relaxation"},"image":{"@id":"https:\/\/howtospa.com\/en\/#\/schema\/logo\/image\/"},"sameAs":["https:\/\/www.pinterest.fr\/howtospa"]}]}},"_links":{"self":[{"href":"https:\/\/howtospa.com\/en\/wp-json\/wp\/v2\/product\/27336","targetHints":{"allow":["GET"]}}],"collection":[{"href":"https:\/\/howtospa.com\/en\/wp-json\/wp\/v2\/product"}],"about":[{"href":"https:\/\/howtospa.com\/en\/wp-json\/wp\/v2\/types\/product"}],"wp:featuredmedia":[{"embeddable":true,"href":"https:\/\/howtospa.com\/en\/wp-json\/wp\/v2\/media\/6208"}],"wp:attachment":[{"href":"https:\/\/howtospa.com\/en\/wp-json\/wp\/v2\/media?parent=27336"}],"wp:term":[{"taxonomy":"product_cat","embeddable":true,"href":"https:\/\/howtospa.com\/en\/wp-json\/wp\/v2\/product_cat?post=27336"},{"taxonomy":"product_tag","embeddable":true,"href":"https:\/\/howtospa.com\/en\/wp-json\/wp\/v2\/product_tag?post=27336"}],"curies":[{"name":"wp","href":"https:\/\/api.w.org\/{rel}","templated":true}]}}