{"id":28276,"date":"2021-06-08T14:18:59","date_gmt":"2021-06-08T12:18:59","guid":{"rendered":"http:\/\/preprod.howtospa.com\/?post_type=product&#038;p=28276"},"modified":"2025-03-16T20:36:36","modified_gmt":"2025-03-16T19:36:36","slug":"huile-vegetale-de-dattier-du-desert-de-maison-dassam-diy","status":"publish","type":"product","link":"https:\/\/howtospa.com\/en\/produit\/huile-vegetale-de-dattier-du-desert-de-maison-dassam-diy\/","title":{"rendered":"Huile v\u00e9g\u00e9tale de Dattier du D\u00e9sert de Maison Dassam"},"content":{"rendered":"","protected":false},"excerpt":{"rendered":"<p>L\u2019huile du dattier du d\u00e9sert est une huile s\u00e8che, obtenue par pression \u00e0 froid des graines de l\u2019arbre issues du m\u00eame nom. Appr\u00e9ci\u00e9e par tous, elle nourrit les peaux s\u00e8ches et les peaux mixtes sans les graisser.<\/p>\n<p>ADOUCISSANTE &amp; APAISANTE<br \/>\nVisage &#8211; Corps &#8211; Cheveux<br \/>\nHuile v\u00e9g\u00e9tale 100% pure, vierge et naturelle<\/p>\n<p>100ml<\/p>\n<p>Notre huile de dattier du d\u00e9sert est produite par une petite entreprise familiale burkinab\u00e9e, situ\u00e9e \u00e0 Ouagadougou. Entour\u00e9es d\u2019une association de femmes, Marie et sa fille produisent et transforment des produits cosm\u00e9tiques et alimentaires. Avec un savoir-faire et une passion d\u00e9bordante, elles offrent en toute modestie des produits de qualit\u00e9, fait main avec amour.<\/p>\n","protected":false},"featured_media":27914,"template":"","meta":{"_ppp_document_settings_meta":""},"product_cat":[448,519],"product_tag":[],"class_list":{"0":"post-28276","1":"product","2":"type-product","3":"status-publish","4":"has-post-thumbnail","6":"product_cat-cosmetiques","7":"product_cat-diyfr"},"composite_layout":"","composite_add_to_cart_form_location":"","composite_editable_in_cart":false,"composite_sold_individually_context":"","composite_shop_price_calc":"","composite_components":[],"composite_scenarios":[],"yoast_head":"<!-- This site is optimized with the Yoast SEO plugin v20.9 - https:\/\/yoast.com\/wordpress\/plugins\/seo\/ -->\n<title>Huile v\u00e9g\u00e9tale de Dattier du D\u00e9sert de Maison Dassam - HowToSpa - How to create your relaxation<\/title>\n<meta name=\"description\" content=\"L\u2019huile du dattier du d\u00e9sert est une huile s\u00e8che, obtenue par pression \u00e0 froid des graines de l\u2019arbre issues du m\u00eame \u2026\" \/>\n<meta name=\"robots\" content=\"index, follow, max-snippet:-1, max-image-preview:large, max-video-preview:-1\" \/>\n<link rel=\"canonical\" href=\"https:\/\/howtospa.com\/produit\/huile-vegetale-de-dattier-du-desert-de-maison-dassam-diy\/\" \/>\n<meta property=\"og:locale\" content=\"en_US\" \/>\n<meta property=\"og:type\" content=\"article\" \/>\n<meta property=\"og:title\" content=\"Huile v\u00e9g\u00e9tale de Dattier du D\u00e9sert de Maison Dassam - HowToSpa - How to create your relaxation\" \/>\n<meta property=\"og:description\" content=\"L\u2019huile du dattier du d\u00e9sert est une huile s\u00e8che, obtenue par pression \u00e0 froid des graines de l\u2019arbre issues du m\u00eame \u2026\" \/>\n<meta property=\"og:url\" content=\"https:\/\/howtospa.com\/produit\/huile-vegetale-de-dattier-du-desert-de-maison-dassam-diy\/\" \/>\n<meta property=\"og:site_name\" content=\"HowToSpa - How to create your relaxation\" \/>\n<meta property=\"article:modified_time\" content=\"2025-03-16T19:36:36+00:00\" \/>\n<meta property=\"og:image\" content=\"https:\/\/howtospa.com\/wp-content\/uploads\/2021\/05\/Maison-Dassam-Huile-vegetale-de-Dattier-du-Desert-5060546950189.jpg\" \/>\n\t<meta property=\"og:image:width\" content=\"589\" \/>\n\t<meta property=\"og:image:height\" content=\"589\" \/>\n\t<meta property=\"og:image:type\" content=\"image\/jpeg\" \/>\n<meta name=\"twitter:card\" content=\"summary_large_image\" \/>\n<script type=\"application\/ld+json\" class=\"yoast-schema-graph\">{\"@context\":\"https:\/\/schema.org\",\"@graph\":[{\"@type\":\"WebPage\",\"@id\":\"https:\/\/howtospa.com\/produit\/huile-vegetale-de-dattier-du-desert-de-maison-dassam-diy\/\",\"url\":\"https:\/\/howtospa.com\/produit\/huile-vegetale-de-dattier-du-desert-de-maison-dassam-diy\/\",\"name\":\"Huile v\u00e9g\u00e9tale de Dattier du D\u00e9sert de Maison Dassam - HowToSpa - How to create your relaxation\",\"isPartOf\":{\"@id\":\"https:\/\/howtospa.com\/en\/#website\"},\"datePublished\":\"2021-06-08T12:18:59+00:00\",\"dateModified\":\"2025-03-16T19:36:36+00:00\",\"description\":\"L\u2019huile du dattier du d\u00e9sert est une huile s\u00e8che, obtenue par pression \u00e0 froid des graines de l\u2019arbre issues du m\u00eame \u2026\",\"breadcrumb\":{\"@id\":\"https:\/\/howtospa.com\/produit\/huile-vegetale-de-dattier-du-desert-de-maison-dassam-diy\/#breadcrumb\"},\"inLanguage\":\"en-US\",\"potentialAction\":[{\"@type\":\"ReadAction\",\"target\":[\"https:\/\/howtospa.com\/produit\/huile-vegetale-de-dattier-du-desert-de-maison-dassam-diy\/\"]}]},{\"@type\":\"BreadcrumbList\",\"@id\":\"https:\/\/howtospa.com\/produit\/huile-vegetale-de-dattier-du-desert-de-maison-dassam-diy\/#breadcrumb\",\"itemListElement\":[{\"@type\":\"ListItem\",\"position\":1,\"name\":\"Home\",\"item\":\"https:\/\/howtospa.com\/\"},{\"@type\":\"ListItem\",\"position\":2,\"name\":\"Products\",\"item\":\"https:\/\/howtospa.com\/en\/shop\/\"},{\"@type\":\"ListItem\",\"position\":3,\"name\":\"Huile v\u00e9g\u00e9tale de Dattier du D\u00e9sert de Maison Dassam\"}]},{\"@type\":\"WebSite\",\"@id\":\"https:\/\/howtospa.com\/en\/#website\",\"url\":\"https:\/\/howtospa.com\/en\/\",\"name\":\"HowToSpa -How to vreate your relaxation\",\"description\":\"Kits, programmes et tutoriels de relaxation, auto-massage et bien-\u00eatre chez soi, au bureau ou dans les transports.\",\"publisher\":{\"@id\":\"https:\/\/howtospa.com\/en\/#organization\"},\"potentialAction\":[{\"@type\":\"SearchAction\",\"target\":{\"@type\":\"EntryPoint\",\"urlTemplate\":\"https:\/\/howtospa.com\/en\/?s={search_term_string}\"},\"query-input\":\"required name=search_term_string\"}],\"inLanguage\":\"en-US\"},{\"@type\":\"Organization\",\"@id\":\"https:\/\/howtospa.com\/en\/#organization\",\"name\":\"HowToSpa -How to vreate your relaxation\",\"url\":\"https:\/\/howtospa.com\/en\/\",\"logo\":{\"@type\":\"ImageObject\",\"inLanguage\":\"en-US\",\"@id\":\"https:\/\/howtospa.com\/en\/#\/schema\/logo\/image\/\",\"url\":\"http:\/\/preprod.howtospa.com\/wp-content\/uploads\/2021\/05\/logo-new-site-2.png\",\"contentUrl\":\"http:\/\/preprod.howtospa.com\/wp-content\/uploads\/2021\/05\/logo-new-site-2.png\",\"width\":953,\"height\":332,\"caption\":\"HowToSpa -How to vreate your relaxation\"},\"image\":{\"@id\":\"https:\/\/howtospa.com\/en\/#\/schema\/logo\/image\/\"},\"sameAs\":[\"https:\/\/www.pinterest.fr\/howtospa\"]}]}<\/script>\n<!-- \/ Yoast SEO plugin. -->","yoast_head_json":{"title":"Huile v\u00e9g\u00e9tale de Dattier du D\u00e9sert de Maison Dassam - HowToSpa - How to create your relaxation","description":"L\u2019huile du dattier du d\u00e9sert est une huile s\u00e8che, obtenue par pression \u00e0 froid des graines de l\u2019arbre issues du m\u00eame \u2026","robots":{"index":"index","follow":"follow","max-snippet":"max-snippet:-1","max-image-preview":"max-image-preview:large","max-video-preview":"max-video-preview:-1"},"canonical":"https:\/\/howtospa.com\/produit\/huile-vegetale-de-dattier-du-desert-de-maison-dassam-diy\/","og_locale":"en_US","og_type":"article","og_title":"Huile v\u00e9g\u00e9tale de Dattier du D\u00e9sert de Maison Dassam - HowToSpa - How to create your relaxation","og_description":"L\u2019huile du dattier du d\u00e9sert est une huile s\u00e8che, obtenue par pression \u00e0 froid des graines de l\u2019arbre issues du m\u00eame \u2026","og_url":"https:\/\/howtospa.com\/produit\/huile-vegetale-de-dattier-du-desert-de-maison-dassam-diy\/","og_site_name":"HowToSpa - How to create your relaxation","article_modified_time":"2025-03-16T19:36:36+00:00","og_image":[{"width":589,"height":589,"url":"https:\/\/howtospa.com\/wp-content\/uploads\/2021\/05\/Maison-Dassam-Huile-vegetale-de-Dattier-du-Desert-5060546950189.jpg","type":"image\/jpeg"}],"twitter_card":"summary_large_image","schema":{"@context":"https:\/\/schema.org","@graph":[{"@type":"WebPage","@id":"https:\/\/howtospa.com\/produit\/huile-vegetale-de-dattier-du-desert-de-maison-dassam-diy\/","url":"https:\/\/howtospa.com\/produit\/huile-vegetale-de-dattier-du-desert-de-maison-dassam-diy\/","name":"Huile v\u00e9g\u00e9tale de Dattier du D\u00e9sert de Maison Dassam - HowToSpa - How to create your relaxation","isPartOf":{"@id":"https:\/\/howtospa.com\/en\/#website"},"datePublished":"2021-06-08T12:18:59+00:00","dateModified":"2025-03-16T19:36:36+00:00","description":"L\u2019huile du dattier du d\u00e9sert est une huile s\u00e8che, obtenue par pression \u00e0 froid des graines de l\u2019arbre issues du m\u00eame \u2026","breadcrumb":{"@id":"https:\/\/howtospa.com\/produit\/huile-vegetale-de-dattier-du-desert-de-maison-dassam-diy\/#breadcrumb"},"inLanguage":"en-US","potentialAction":[{"@type":"ReadAction","target":["https:\/\/howtospa.com\/produit\/huile-vegetale-de-dattier-du-desert-de-maison-dassam-diy\/"]}]},{"@type":"BreadcrumbList","@id":"https:\/\/howtospa.com\/produit\/huile-vegetale-de-dattier-du-desert-de-maison-dassam-diy\/#breadcrumb","itemListElement":[{"@type":"ListItem","position":1,"name":"Home","item":"https:\/\/howtospa.com\/"},{"@type":"ListItem","position":2,"name":"Products","item":"https:\/\/howtospa.com\/en\/shop\/"},{"@type":"ListItem","position":3,"name":"Huile v\u00e9g\u00e9tale de Dattier du D\u00e9sert de Maison Dassam"}]},{"@type":"WebSite","@id":"https:\/\/howtospa.com\/en\/#website","url":"https:\/\/howtospa.com\/en\/","name":"HowToSpa -How to vreate your relaxation","description":"Kits, programmes et tutoriels de relaxation, auto-massage et bien-\u00eatre chez soi, au bureau ou dans les transports.","publisher":{"@id":"https:\/\/howtospa.com\/en\/#organization"},"potentialAction":[{"@type":"SearchAction","target":{"@type":"EntryPoint","urlTemplate":"https:\/\/howtospa.com\/en\/?s={search_term_string}"},"query-input":"required name=search_term_string"}],"inLanguage":"en-US"},{"@type":"Organization","@id":"https:\/\/howtospa.com\/en\/#organization","name":"HowToSpa -How to vreate your relaxation","url":"https:\/\/howtospa.com\/en\/","logo":{"@type":"ImageObject","inLanguage":"en-US","@id":"https:\/\/howtospa.com\/en\/#\/schema\/logo\/image\/","url":"http:\/\/preprod.howtospa.com\/wp-content\/uploads\/2021\/05\/logo-new-site-2.png","contentUrl":"http:\/\/preprod.howtospa.com\/wp-content\/uploads\/2021\/05\/logo-new-site-2.png","width":953,"height":332,"caption":"HowToSpa -How to vreate your relaxation"},"image":{"@id":"https:\/\/howtospa.com\/en\/#\/schema\/logo\/image\/"},"sameAs":["https:\/\/www.pinterest.fr\/howtospa"]}]}},"_links":{"self":[{"href":"https:\/\/howtospa.com\/en\/wp-json\/wp\/v2\/product\/28276","targetHints":{"allow":["GET"]}}],"collection":[{"href":"https:\/\/howtospa.com\/en\/wp-json\/wp\/v2\/product"}],"about":[{"href":"https:\/\/howtospa.com\/en\/wp-json\/wp\/v2\/types\/product"}],"wp:featuredmedia":[{"embeddable":true,"href":"https:\/\/howtospa.com\/en\/wp-json\/wp\/v2\/media\/27914"}],"wp:attachment":[{"href":"https:\/\/howtospa.com\/en\/wp-json\/wp\/v2\/media?parent=28276"}],"wp:term":[{"taxonomy":"product_cat","embeddable":true,"href":"https:\/\/howtospa.com\/en\/wp-json\/wp\/v2\/product_cat?post=28276"},{"taxonomy":"product_tag","embeddable":true,"href":"https:\/\/howtospa.com\/en\/wp-json\/wp\/v2\/product_tag?post=28276"}],"curies":[{"name":"wp","href":"https:\/\/api.w.org\/{rel}","templated":true}]}}