{"id":28285,"date":"2021-06-08T15:21:09","date_gmt":"2021-06-08T13:21:09","guid":{"rendered":"http:\/\/preprod.howtospa.com\/?post_type=product&#038;p=28285"},"modified":"2025-03-16T20:36:35","modified_gmt":"2025-03-16T19:36:35","slug":"huile-vegetale-de-papaye-de-maison-dassam-diy","status":"publish","type":"product","link":"https:\/\/howtospa.com\/en\/produit\/huile-vegetale-de-papaye-de-maison-dassam-diy\/","title":{"rendered":"Huile v\u00e9g\u00e9tale de Papaye de Maison Dassam"},"content":{"rendered":"","protected":false},"excerpt":{"rendered":"<p>Notre Huile d\u2019Apr\u00e8s Belem vous entraine sur les rives de l\u2019Amazone, un parfum de bois pr\u00e9cieux, \u00e9pic\u00e9 et enivrant. En huile s\u00e8che ou \u00e0 appliquer sur peau humide, au sortir de la douche, nourrissez votre peau en deux temps trois mouvements !<br \/>\n100ml<\/p>\n","protected":false},"featured_media":27919,"template":"","meta":{"_ppp_document_settings_meta":""},"product_cat":[448,519],"product_tag":[524],"class_list":{"0":"post-28285","1":"product","2":"type-product","3":"status-publish","4":"has-post-thumbnail","6":"product_cat-cosmetiques","7":"product_cat-diyfr","8":"product_tag-papaya-vegetal-oil-from-maison-dassam"},"composite_layout":"","composite_add_to_cart_form_location":"","composite_editable_in_cart":false,"composite_sold_individually_context":"","composite_shop_price_calc":"","composite_components":[],"composite_scenarios":[],"yoast_head":"<!-- This site is optimized with the Yoast SEO plugin v20.9 - https:\/\/yoast.com\/wordpress\/plugins\/seo\/ -->\n<title>Huile v\u00e9g\u00e9tale de Papaye de Maison Dassam - HowToSpa - How to create your relaxation<\/title>\n<meta name=\"description\" content=\"R\u00e9gulatrice de s\u00e9bum, l\u2019huile de papaye est l\u2019alli\u00e9 des peaux grasses ! Elle apaise les peaux irrit\u00e9es, soulage les d\u00e9mangeaisons\u2026\" \/>\n<meta name=\"robots\" content=\"index, follow, max-snippet:-1, max-image-preview:large, max-video-preview:-1\" \/>\n<link rel=\"canonical\" href=\"https:\/\/howtospa.com\/produit\/huile-vegetale-de-papaye-de-maison-dassam-diy\/\" \/>\n<meta property=\"og:locale\" content=\"en_US\" \/>\n<meta property=\"og:type\" content=\"article\" \/>\n<meta property=\"og:title\" content=\"Huile v\u00e9g\u00e9tale de Papaye de Maison Dassam - HowToSpa - How to create your relaxation\" \/>\n<meta property=\"og:description\" content=\"R\u00e9gulatrice de s\u00e9bum, l\u2019huile de papaye est l\u2019alli\u00e9 des peaux grasses ! Elle apaise les peaux irrit\u00e9es, soulage les d\u00e9mangeaisons\u2026\" \/>\n<meta property=\"og:url\" content=\"https:\/\/howtospa.com\/produit\/huile-vegetale-de-papaye-de-maison-dassam-diy\/\" \/>\n<meta property=\"og:site_name\" content=\"HowToSpa - How to create your relaxation\" \/>\n<meta property=\"article:modified_time\" content=\"2025-03-16T19:36:35+00:00\" \/>\n<meta property=\"og:image\" content=\"https:\/\/howtospa.com\/wp-content\/uploads\/2021\/05\/Maison-Dassam-Huile-vegetale-de-Papaye-5060546950455.jpg\" \/>\n\t<meta property=\"og:image:width\" content=\"589\" \/>\n\t<meta property=\"og:image:height\" content=\"589\" \/>\n\t<meta property=\"og:image:type\" content=\"image\/jpeg\" \/>\n<meta name=\"twitter:card\" content=\"summary_large_image\" \/>\n<script type=\"application\/ld+json\" class=\"yoast-schema-graph\">{\"@context\":\"https:\/\/schema.org\",\"@graph\":[{\"@type\":\"WebPage\",\"@id\":\"https:\/\/howtospa.com\/produit\/huile-vegetale-de-papaye-de-maison-dassam-diy\/\",\"url\":\"https:\/\/howtospa.com\/produit\/huile-vegetale-de-papaye-de-maison-dassam-diy\/\",\"name\":\"Huile v\u00e9g\u00e9tale de Papaye de Maison Dassam - HowToSpa - How to create your relaxation\",\"isPartOf\":{\"@id\":\"https:\/\/howtospa.com\/en\/#website\"},\"datePublished\":\"2021-06-08T13:21:09+00:00\",\"dateModified\":\"2025-03-16T19:36:35+00:00\",\"description\":\"R\u00e9gulatrice de s\u00e9bum, l\u2019huile de papaye est l\u2019alli\u00e9 des peaux grasses ! Elle apaise les peaux irrit\u00e9es, soulage les d\u00e9mangeaisons\u2026\",\"breadcrumb\":{\"@id\":\"https:\/\/howtospa.com\/produit\/huile-vegetale-de-papaye-de-maison-dassam-diy\/#breadcrumb\"},\"inLanguage\":\"en-US\",\"potentialAction\":[{\"@type\":\"ReadAction\",\"target\":[\"https:\/\/howtospa.com\/produit\/huile-vegetale-de-papaye-de-maison-dassam-diy\/\"]}]},{\"@type\":\"BreadcrumbList\",\"@id\":\"https:\/\/howtospa.com\/produit\/huile-vegetale-de-papaye-de-maison-dassam-diy\/#breadcrumb\",\"itemListElement\":[{\"@type\":\"ListItem\",\"position\":1,\"name\":\"Home\",\"item\":\"https:\/\/howtospa.com\/\"},{\"@type\":\"ListItem\",\"position\":2,\"name\":\"Products\",\"item\":\"https:\/\/howtospa.com\/en\/shop\/\"},{\"@type\":\"ListItem\",\"position\":3,\"name\":\"Huile v\u00e9g\u00e9tale de Papaye de Maison Dassam\"}]},{\"@type\":\"WebSite\",\"@id\":\"https:\/\/howtospa.com\/en\/#website\",\"url\":\"https:\/\/howtospa.com\/en\/\",\"name\":\"HowToSpa -How to vreate your relaxation\",\"description\":\"Kits, programmes et tutoriels de relaxation, auto-massage et bien-\u00eatre chez soi, au bureau ou dans les transports.\",\"publisher\":{\"@id\":\"https:\/\/howtospa.com\/en\/#organization\"},\"potentialAction\":[{\"@type\":\"SearchAction\",\"target\":{\"@type\":\"EntryPoint\",\"urlTemplate\":\"https:\/\/howtospa.com\/en\/?s={search_term_string}\"},\"query-input\":\"required name=search_term_string\"}],\"inLanguage\":\"en-US\"},{\"@type\":\"Organization\",\"@id\":\"https:\/\/howtospa.com\/en\/#organization\",\"name\":\"HowToSpa -How to vreate your relaxation\",\"url\":\"https:\/\/howtospa.com\/en\/\",\"logo\":{\"@type\":\"ImageObject\",\"inLanguage\":\"en-US\",\"@id\":\"https:\/\/howtospa.com\/en\/#\/schema\/logo\/image\/\",\"url\":\"http:\/\/preprod.howtospa.com\/wp-content\/uploads\/2021\/05\/logo-new-site-2.png\",\"contentUrl\":\"http:\/\/preprod.howtospa.com\/wp-content\/uploads\/2021\/05\/logo-new-site-2.png\",\"width\":953,\"height\":332,\"caption\":\"HowToSpa -How to vreate your relaxation\"},\"image\":{\"@id\":\"https:\/\/howtospa.com\/en\/#\/schema\/logo\/image\/\"},\"sameAs\":[\"https:\/\/www.pinterest.fr\/howtospa\"]}]}<\/script>\n<!-- \/ Yoast SEO plugin. -->","yoast_head_json":{"title":"Huile v\u00e9g\u00e9tale de Papaye de Maison Dassam - HowToSpa - How to create your relaxation","description":"R\u00e9gulatrice de s\u00e9bum, l\u2019huile de papaye est l\u2019alli\u00e9 des peaux grasses ! Elle apaise les peaux irrit\u00e9es, soulage les d\u00e9mangeaisons\u2026","robots":{"index":"index","follow":"follow","max-snippet":"max-snippet:-1","max-image-preview":"max-image-preview:large","max-video-preview":"max-video-preview:-1"},"canonical":"https:\/\/howtospa.com\/produit\/huile-vegetale-de-papaye-de-maison-dassam-diy\/","og_locale":"en_US","og_type":"article","og_title":"Huile v\u00e9g\u00e9tale de Papaye de Maison Dassam - HowToSpa - How to create your relaxation","og_description":"R\u00e9gulatrice de s\u00e9bum, l\u2019huile de papaye est l\u2019alli\u00e9 des peaux grasses ! Elle apaise les peaux irrit\u00e9es, soulage les d\u00e9mangeaisons\u2026","og_url":"https:\/\/howtospa.com\/produit\/huile-vegetale-de-papaye-de-maison-dassam-diy\/","og_site_name":"HowToSpa - How to create your relaxation","article_modified_time":"2025-03-16T19:36:35+00:00","og_image":[{"width":589,"height":589,"url":"https:\/\/howtospa.com\/wp-content\/uploads\/2021\/05\/Maison-Dassam-Huile-vegetale-de-Papaye-5060546950455.jpg","type":"image\/jpeg"}],"twitter_card":"summary_large_image","schema":{"@context":"https:\/\/schema.org","@graph":[{"@type":"WebPage","@id":"https:\/\/howtospa.com\/produit\/huile-vegetale-de-papaye-de-maison-dassam-diy\/","url":"https:\/\/howtospa.com\/produit\/huile-vegetale-de-papaye-de-maison-dassam-diy\/","name":"Huile v\u00e9g\u00e9tale de Papaye de Maison Dassam - HowToSpa - How to create your relaxation","isPartOf":{"@id":"https:\/\/howtospa.com\/en\/#website"},"datePublished":"2021-06-08T13:21:09+00:00","dateModified":"2025-03-16T19:36:35+00:00","description":"R\u00e9gulatrice de s\u00e9bum, l\u2019huile de papaye est l\u2019alli\u00e9 des peaux grasses ! Elle apaise les peaux irrit\u00e9es, soulage les d\u00e9mangeaisons\u2026","breadcrumb":{"@id":"https:\/\/howtospa.com\/produit\/huile-vegetale-de-papaye-de-maison-dassam-diy\/#breadcrumb"},"inLanguage":"en-US","potentialAction":[{"@type":"ReadAction","target":["https:\/\/howtospa.com\/produit\/huile-vegetale-de-papaye-de-maison-dassam-diy\/"]}]},{"@type":"BreadcrumbList","@id":"https:\/\/howtospa.com\/produit\/huile-vegetale-de-papaye-de-maison-dassam-diy\/#breadcrumb","itemListElement":[{"@type":"ListItem","position":1,"name":"Home","item":"https:\/\/howtospa.com\/"},{"@type":"ListItem","position":2,"name":"Products","item":"https:\/\/howtospa.com\/en\/shop\/"},{"@type":"ListItem","position":3,"name":"Huile v\u00e9g\u00e9tale de Papaye de Maison Dassam"}]},{"@type":"WebSite","@id":"https:\/\/howtospa.com\/en\/#website","url":"https:\/\/howtospa.com\/en\/","name":"HowToSpa -How to vreate your relaxation","description":"Kits, programmes et tutoriels de relaxation, auto-massage et bien-\u00eatre chez soi, au bureau ou dans les transports.","publisher":{"@id":"https:\/\/howtospa.com\/en\/#organization"},"potentialAction":[{"@type":"SearchAction","target":{"@type":"EntryPoint","urlTemplate":"https:\/\/howtospa.com\/en\/?s={search_term_string}"},"query-input":"required name=search_term_string"}],"inLanguage":"en-US"},{"@type":"Organization","@id":"https:\/\/howtospa.com\/en\/#organization","name":"HowToSpa -How to vreate your relaxation","url":"https:\/\/howtospa.com\/en\/","logo":{"@type":"ImageObject","inLanguage":"en-US","@id":"https:\/\/howtospa.com\/en\/#\/schema\/logo\/image\/","url":"http:\/\/preprod.howtospa.com\/wp-content\/uploads\/2021\/05\/logo-new-site-2.png","contentUrl":"http:\/\/preprod.howtospa.com\/wp-content\/uploads\/2021\/05\/logo-new-site-2.png","width":953,"height":332,"caption":"HowToSpa -How to vreate your relaxation"},"image":{"@id":"https:\/\/howtospa.com\/en\/#\/schema\/logo\/image\/"},"sameAs":["https:\/\/www.pinterest.fr\/howtospa"]}]}},"_links":{"self":[{"href":"https:\/\/howtospa.com\/en\/wp-json\/wp\/v2\/product\/28285","targetHints":{"allow":["GET"]}}],"collection":[{"href":"https:\/\/howtospa.com\/en\/wp-json\/wp\/v2\/product"}],"about":[{"href":"https:\/\/howtospa.com\/en\/wp-json\/wp\/v2\/types\/product"}],"wp:featuredmedia":[{"embeddable":true,"href":"https:\/\/howtospa.com\/en\/wp-json\/wp\/v2\/media\/27919"}],"wp:attachment":[{"href":"https:\/\/howtospa.com\/en\/wp-json\/wp\/v2\/media?parent=28285"}],"wp:term":[{"taxonomy":"product_cat","embeddable":true,"href":"https:\/\/howtospa.com\/en\/wp-json\/wp\/v2\/product_cat?post=28285"},{"taxonomy":"product_tag","embeddable":true,"href":"https:\/\/howtospa.com\/en\/wp-json\/wp\/v2\/product_tag?post=28285"}],"curies":[{"name":"wp","href":"https:\/\/api.w.org\/{rel}","templated":true}]}}