{"id":28309,"date":"2021-06-28T21:36:33","date_gmt":"2021-06-28T19:36:33","guid":{"rendered":"https:\/\/howtospa.com\/?post_type=product&#038;p=28309"},"modified":"2025-06-09T22:07:05","modified_gmt":"2025-06-09T20:07:05","slug":"kit-summer-2023","status":"publish","type":"product","link":"https:\/\/howtospa.com\/en\/produit\/kit-summer-2023\/","title":{"rendered":"Kit Summer 2023"},"content":{"rendered":"","protected":false},"excerpt":{"rendered":"<div class=\"wpb_wrapper\">\n<p><span style=\"font-size: 10pt;\"><em>(valeur r\u00e9elle 112,4 \u20ac) <\/em><\/span><strong><br \/>\n<\/strong><\/p>\n<\/div>\n<p>&nbsp;<\/p>\n<p>Retrouvez au sein du Kit:<\/p>\n<ul>\n<li>Un <strong>tutoriel de relaxation<\/strong>, cr\u00e9\u00e9 en collaboration avec des experts du spa<\/li>\n<li>Un <strong>Tote Bag<\/strong> How To Spa, cr\u00e9e en collaboration avec la marque d&#8217;upcycling\u00a0 <strong>Kufu<\/strong><\/li>\n<li>Un\u00a0 <strong>Serum Huile d&#8217;Argan et Figue de Barbarie<\/strong> <strong>Mon Elixir<\/strong> de <strong>Nyssa\u00e9<\/strong><\/li>\n<li>Une<strong> Huile Cheveux Prune &amp; Noisette<\/strong> de <strong>Oden<\/strong><\/li>\n<li>Une<strong> Fouta Mandala <\/strong>de <strong>By Foutas<br \/>\n<\/strong><\/li>\n<li>Une <strong>Boisson fra\u00eeche &#8220;L&#8217;Embellie&#8221; Abricot, Romarin &amp; Citron<\/strong> de <strong>Chic des Plantes\u00a0 x NightHawks<\/strong><\/li>\n<\/ul>\n<p>&nbsp;<\/p>\n","protected":false},"featured_media":30517,"template":"","meta":{"_ppp_document_settings_meta":""},"product_cat":[210],"product_tag":[],"composite_layout":"","composite_add_to_cart_form_location":"","composite_editable_in_cart":false,"composite_sold_individually_context":"","composite_shop_price_calc":"","composite_components":[],"composite_scenarios":[],"yoast_head":"<!-- This site is optimized with the Yoast SEO plugin v20.9 - https:\/\/yoast.com\/wordpress\/plugins\/seo\/ -->\n<title>Kit Summer 2023 - HowToSpa - How to create your relaxation<\/title>\n<meta name=\"robots\" content=\"index, follow, max-snippet:-1, max-image-preview:large, max-video-preview:-1\" \/>\n<link rel=\"canonical\" href=\"https:\/\/howtospa.com\/produit\/kit-summer-2023\/\" \/>\n<meta property=\"og:locale\" content=\"en_US\" \/>\n<meta property=\"og:type\" content=\"article\" \/>\n<meta property=\"og:title\" content=\"Kit Summer 2023 - HowToSpa - How to create your relaxation\" \/>\n<meta property=\"og:description\" content=\"(valeur r\u00e9elle 112,4 \u20ac)     &nbsp;  Retrouvez au sein du Kit:   Un tutoriel de relaxation, cr\u00e9\u00e9 en collaboration avec des experts du spa  Un Tote Bag How To Spa, cr\u00e9e en collaboration avec la marque d&#039;upcycling\u00a0 Kufu  Un\u00a0 Serum Huile d&#039;Argan et Figue de Barbarie Mon Elixir de Nyssa\u00e9  Une Huile Cheveux Prune &amp; Noisette de Oden  Une Fouta Mandala de By Foutas   Une Boisson fra\u00eeche &quot;L&#039;Embellie&quot; Abricot, Romarin &amp; Citron de Chic des Plantes\u00a0 x NightHawks  &nbsp;\" \/>\n<meta property=\"og:url\" content=\"https:\/\/howtospa.com\/produit\/kit-summer-2023\/\" \/>\n<meta property=\"og:site_name\" content=\"HowToSpa - How to create your relaxation\" \/>\n<meta property=\"article:modified_time\" content=\"2025-06-09T20:07:05+00:00\" \/>\n<meta property=\"og:image\" content=\"https:\/\/howtospa.com\/wp-content\/uploads\/2021\/06\/KS2023.jpg\" \/>\n\t<meta property=\"og:image:width\" content=\"844\" \/>\n\t<meta property=\"og:image:height\" content=\"828\" \/>\n\t<meta property=\"og:image:type\" content=\"image\/jpeg\" \/>\n<meta name=\"twitter:card\" content=\"summary_large_image\" \/>\n<script type=\"application\/ld+json\" class=\"yoast-schema-graph\">{\"@context\":\"https:\/\/schema.org\",\"@graph\":[{\"@type\":\"WebPage\",\"@id\":\"https:\/\/howtospa.com\/produit\/kit-summer-2023\/\",\"url\":\"https:\/\/howtospa.com\/produit\/kit-summer-2023\/\",\"name\":\"Kit Summer 2023 - HowToSpa - How to create your relaxation\",\"isPartOf\":{\"@id\":\"https:\/\/howtospa.com\/#website\"},\"datePublished\":\"2021-06-28T19:36:33+00:00\",\"dateModified\":\"2025-06-09T20:07:05+00:00\",\"breadcrumb\":{\"@id\":\"https:\/\/howtospa.com\/produit\/kit-summer-2023\/#breadcrumb\"},\"inLanguage\":\"en-US\",\"potentialAction\":[{\"@type\":\"ReadAction\",\"target\":[\"https:\/\/howtospa.com\/produit\/kit-summer-2023\/\"]}]},{\"@type\":\"BreadcrumbList\",\"@id\":\"https:\/\/howtospa.com\/produit\/kit-summer-2023\/#breadcrumb\",\"itemListElement\":[{\"@type\":\"ListItem\",\"position\":1,\"name\":\"Home\",\"item\":\"https:\/\/howtospa.com\/en\/\"},{\"@type\":\"ListItem\",\"position\":2,\"name\":\"Produits\",\"item\":\"https:\/\/howtospa.com\/shop\/\"},{\"@type\":\"ListItem\",\"position\":3,\"name\":\"Kit Summer 2023\"}]},{\"@type\":\"WebSite\",\"@id\":\"https:\/\/howtospa.com\/#website\",\"url\":\"https:\/\/howtospa.com\/\",\"name\":\"HowToSpa -How to vreate your relaxation\",\"description\":\"Kits, programmes et tutoriels de relaxation, auto-massage et bien-\u00eatre chez soi, au bureau ou dans les transports.\",\"publisher\":{\"@id\":\"https:\/\/howtospa.com\/#organization\"},\"potentialAction\":[{\"@type\":\"SearchAction\",\"target\":{\"@type\":\"EntryPoint\",\"urlTemplate\":\"https:\/\/howtospa.com\/?s={search_term_string}\"},\"query-input\":\"required name=search_term_string\"}],\"inLanguage\":\"en-US\"},{\"@type\":\"Organization\",\"@id\":\"https:\/\/howtospa.com\/#organization\",\"name\":\"HowToSpa -How to vreate your relaxation\",\"url\":\"https:\/\/howtospa.com\/\",\"logo\":{\"@type\":\"ImageObject\",\"inLanguage\":\"en-US\",\"@id\":\"https:\/\/howtospa.com\/#\/schema\/logo\/image\/\",\"url\":\"https:\/\/howtospa.com\/wp-content\/uploads\/2021\/05\/logo-new-site-2.png\",\"contentUrl\":\"https:\/\/howtospa.com\/wp-content\/uploads\/2021\/05\/logo-new-site-2.png\",\"width\":953,\"height\":332,\"caption\":\"HowToSpa -How to vreate your relaxation\"},\"image\":{\"@id\":\"https:\/\/howtospa.com\/#\/schema\/logo\/image\/\"},\"sameAs\":[\"https:\/\/www.pinterest.fr\/howtospa\"]}]}<\/script>\n<!-- \/ Yoast SEO plugin. -->","yoast_head_json":{"title":"Kit Summer 2023 - HowToSpa - How to create your relaxation","robots":{"index":"index","follow":"follow","max-snippet":"max-snippet:-1","max-image-preview":"max-image-preview:large","max-video-preview":"max-video-preview:-1"},"canonical":"https:\/\/howtospa.com\/produit\/kit-summer-2023\/","og_locale":"en_US","og_type":"article","og_title":"Kit Summer 2023 - HowToSpa - How to create your relaxation","og_description":"(valeur r\u00e9elle 112,4 \u20ac)     &nbsp;  Retrouvez au sein du Kit:   Un tutoriel de relaxation, cr\u00e9\u00e9 en collaboration avec des experts du spa  Un Tote Bag How To Spa, cr\u00e9e en collaboration avec la marque d'upcycling\u00a0 Kufu  Un\u00a0 Serum Huile d'Argan et Figue de Barbarie Mon Elixir de Nyssa\u00e9  Une Huile Cheveux Prune &amp; Noisette de Oden  Une Fouta Mandala de By Foutas   Une Boisson fra\u00eeche \"L'Embellie\" Abricot, Romarin &amp; Citron de Chic des Plantes\u00a0 x NightHawks  &nbsp;","og_url":"https:\/\/howtospa.com\/produit\/kit-summer-2023\/","og_site_name":"HowToSpa - How to create your relaxation","article_modified_time":"2025-06-09T20:07:05+00:00","og_image":[{"width":844,"height":828,"url":"https:\/\/howtospa.com\/wp-content\/uploads\/2021\/06\/KS2023.jpg","type":"image\/jpeg"}],"twitter_card":"summary_large_image","schema":{"@context":"https:\/\/schema.org","@graph":[{"@type":"WebPage","@id":"https:\/\/howtospa.com\/produit\/kit-summer-2023\/","url":"https:\/\/howtospa.com\/produit\/kit-summer-2023\/","name":"Kit Summer 2023 - HowToSpa - How to create your relaxation","isPartOf":{"@id":"https:\/\/howtospa.com\/#website"},"datePublished":"2021-06-28T19:36:33+00:00","dateModified":"2025-06-09T20:07:05+00:00","breadcrumb":{"@id":"https:\/\/howtospa.com\/produit\/kit-summer-2023\/#breadcrumb"},"inLanguage":"en-US","potentialAction":[{"@type":"ReadAction","target":["https:\/\/howtospa.com\/produit\/kit-summer-2023\/"]}]},{"@type":"BreadcrumbList","@id":"https:\/\/howtospa.com\/produit\/kit-summer-2023\/#breadcrumb","itemListElement":[{"@type":"ListItem","position":1,"name":"Home","item":"https:\/\/howtospa.com\/en\/"},{"@type":"ListItem","position":2,"name":"Produits","item":"https:\/\/howtospa.com\/shop\/"},{"@type":"ListItem","position":3,"name":"Kit Summer 2023"}]},{"@type":"WebSite","@id":"https:\/\/howtospa.com\/#website","url":"https:\/\/howtospa.com\/","name":"HowToSpa -How to vreate your relaxation","description":"Kits, programmes et tutoriels de relaxation, auto-massage et bien-\u00eatre chez soi, au bureau ou dans les transports.","publisher":{"@id":"https:\/\/howtospa.com\/#organization"},"potentialAction":[{"@type":"SearchAction","target":{"@type":"EntryPoint","urlTemplate":"https:\/\/howtospa.com\/?s={search_term_string}"},"query-input":"required name=search_term_string"}],"inLanguage":"en-US"},{"@type":"Organization","@id":"https:\/\/howtospa.com\/#organization","name":"HowToSpa -How to vreate your relaxation","url":"https:\/\/howtospa.com\/","logo":{"@type":"ImageObject","inLanguage":"en-US","@id":"https:\/\/howtospa.com\/#\/schema\/logo\/image\/","url":"https:\/\/howtospa.com\/wp-content\/uploads\/2021\/05\/logo-new-site-2.png","contentUrl":"https:\/\/howtospa.com\/wp-content\/uploads\/2021\/05\/logo-new-site-2.png","width":953,"height":332,"caption":"HowToSpa -How to vreate your relaxation"},"image":{"@id":"https:\/\/howtospa.com\/#\/schema\/logo\/image\/"},"sameAs":["https:\/\/www.pinterest.fr\/howtospa"]}]}},"_links":{"self":[{"href":"https:\/\/howtospa.com\/en\/wp-json\/wp\/v2\/product\/28309"}],"collection":[{"href":"https:\/\/howtospa.com\/en\/wp-json\/wp\/v2\/product"}],"about":[{"href":"https:\/\/howtospa.com\/en\/wp-json\/wp\/v2\/types\/product"}],"wp:featuredmedia":[{"embeddable":true,"href":"https:\/\/howtospa.com\/en\/wp-json\/wp\/v2\/media\/30517"}],"wp:attachment":[{"href":"https:\/\/howtospa.com\/en\/wp-json\/wp\/v2\/media?parent=28309"}],"wp:term":[{"taxonomy":"product_cat","embeddable":true,"href":"https:\/\/howtospa.com\/en\/wp-json\/wp\/v2\/product_cat?post=28309"},{"taxonomy":"product_tag","embeddable":true,"href":"https:\/\/howtospa.com\/en\/wp-json\/wp\/v2\/product_tag?post=28309"}],"curies":[{"name":"wp","href":"https:\/\/api.w.org\/{rel}","templated":true}]}}