{"id":28768,"date":"2021-09-20T13:54:41","date_gmt":"2021-09-20T11:54:41","guid":{"rendered":"https:\/\/howtospa.com\/?post_type=product&#038;p=28768"},"modified":"2024-11-18T21:51:37","modified_gmt":"2024-11-18T20:51:37","slug":"chouchou-rose-valerie-valentine-x-how-to-spa-copie","status":"publish","type":"product","link":"https:\/\/howtospa.com\/en\/produit\/chouchou-rose-valerie-valentine-x-how-to-spa-copie\/","title":{"rendered":"Chouchou Rose Val\u00e9rie Valentine x How To Spa"},"content":{"rendered":"","protected":false},"excerpt":{"rendered":"<p style=\"text-align: center;\"><span style=\"font-family: symbol; color: #cfbc8e;\">Chouchou en satin et cristaux Swarovski<\/span><\/p>\n<p style=\"text-align: center;\"><span style=\"font-family: symbol; color: #cfbc8e;\">Made In France et fait main<\/span><\/p>\n<p>&nbsp;<\/p>\n<p><span style=\"font-family: symbol;\">D\u00e9couvrez nos chouchous 100% en soie, tout doux, color\u00e9s et rehauss\u00e9s de quelques cristaux &#8220;hts&#8221; , chic en toute circonstance.<\/span><\/p>\n<p><span style=\"font-family: symbol;\">&#8211; Satin de soie<\/span><br \/>\n<span style=\"font-family: symbol;\">&#8211; Cristaux &#8220;Chatons&#8221; de chez Swarovski\u00ae<\/span><br \/>\n<span style=\"font-family: symbol;\">&#8211; Dimensions : 12 cm de diam\u00e8tre<\/span><\/p>\n<p><span style=\"font-family: symbol;\">Simple et efficace, ces chouchous apporteront juste assez d\u2019\u00e9clat et de couleurs \u00e0 vos chignons et queues de cheval.<\/span><\/p>\n","protected":false},"featured_media":28798,"template":"","meta":{"_ppp_document_settings_meta":""},"product_cat":[454],"product_tag":[],"composite_layout":"","composite_add_to_cart_form_location":"","composite_editable_in_cart":false,"composite_sold_individually_context":"","composite_shop_price_calc":"","composite_components":[],"composite_scenarios":[],"yoast_head":"<!-- This site is optimized with the Yoast SEO plugin v20.9 - https:\/\/yoast.com\/wordpress\/plugins\/seo\/ -->\n<title>Chouchou Rose Val\u00e9rie Valentine x How To Spa - HowToSpa - How to create your relaxation<\/title>\n<meta name=\"description\" content=\"Chouchou en satin et cristaux SwarovskiMade In France et fait mainD\u00e9couvrez nos chouchous 100% en soie, tout doux, color\u00e9s et r\u00e9hauss\u00e9s de quelques cristaux &quot;hts , chic en toute circonstance.- Satin de soie- Cristaux &quot;Chatons&quot; de chez Swarovski\u00ae- Dimensions : 12 cm de diam\u00e8treSimple et efficace, cess chouchous apporteront juste assez d\u00e9clat et de couleurs \u00e0 vos chignons et queues de cheval.\" \/>\n<meta name=\"robots\" content=\"index, follow, max-snippet:-1, max-image-preview:large, max-video-preview:-1\" \/>\n<link rel=\"canonical\" href=\"https:\/\/howtospa.com\/produit\/chouchou-rose-valerie-valentine-x-how-to-spa-copie\/\" \/>\n<meta property=\"og:locale\" content=\"en_US\" \/>\n<meta property=\"og:type\" content=\"article\" \/>\n<meta property=\"og:title\" content=\"Chouchou Rose Val\u00e9rie Valentine x How To Spa - HowToSpa - How to create your relaxation\" \/>\n<meta property=\"og:description\" content=\"Chouchou en satin et cristaux SwarovskiMade In France et fait mainD\u00e9couvrez nos chouchous 100% en soie, tout doux, color\u00e9s et r\u00e9hauss\u00e9s de quelques cristaux &quot;hts , chic en toute circonstance.- Satin de soie- Cristaux &quot;Chatons&quot; de chez Swarovski\u00ae- Dimensions : 12 cm de diam\u00e8treSimple et efficace, cess chouchous apporteront juste assez d\u00e9clat et de couleurs \u00e0 vos chignons et queues de cheval.\" \/>\n<meta property=\"og:url\" content=\"https:\/\/howtospa.com\/produit\/chouchou-rose-valerie-valentine-x-how-to-spa-copie\/\" \/>\n<meta property=\"og:site_name\" content=\"HowToSpa - How to create your relaxation\" \/>\n<meta property=\"article:modified_time\" content=\"2024-11-18T20:51:37+00:00\" \/>\n<meta property=\"og:image\" content=\"https:\/\/howtospa.com\/wp-content\/uploads\/2021\/09\/CHOUCHOU-ROSE-5.png\" \/>\n\t<meta property=\"og:image:width\" content=\"1203\" \/>\n\t<meta property=\"og:image:height\" content=\"1019\" \/>\n\t<meta property=\"og:image:type\" content=\"image\/png\" \/>\n<meta name=\"twitter:card\" content=\"summary_large_image\" \/>\n<script type=\"application\/ld+json\" class=\"yoast-schema-graph\">{\"@context\":\"https:\/\/schema.org\",\"@graph\":[{\"@type\":\"WebPage\",\"@id\":\"https:\/\/howtospa.com\/produit\/chouchou-rose-valerie-valentine-x-how-to-spa-copie\/\",\"url\":\"https:\/\/howtospa.com\/produit\/chouchou-rose-valerie-valentine-x-how-to-spa-copie\/\",\"name\":\"Chouchou Rose Val\u00e9rie Valentine x How To Spa - HowToSpa - How to create your relaxation\",\"isPartOf\":{\"@id\":\"https:\/\/howtospa.com\/#website\"},\"datePublished\":\"2021-09-20T11:54:41+00:00\",\"dateModified\":\"2024-11-18T20:51:37+00:00\",\"description\":\"Chouchou en satin et cristaux SwarovskiMade In France et fait mainD\u00e9couvrez nos chouchous 100% en soie, tout doux, color\u00e9s et r\u00e9hauss\u00e9s de quelques cristaux \\\"hts , chic en toute circonstance.- Satin de soie- Cristaux \\\"Chatons\\\" de chez Swarovski\u00ae- Dimensions : 12 cm de diam\u00e8treSimple et efficace, cess chouchous apporteront juste assez d\u00e9clat et de couleurs \u00e0 vos chignons et queues de cheval.\",\"breadcrumb\":{\"@id\":\"https:\/\/howtospa.com\/produit\/chouchou-rose-valerie-valentine-x-how-to-spa-copie\/#breadcrumb\"},\"inLanguage\":\"en-US\",\"potentialAction\":[{\"@type\":\"ReadAction\",\"target\":[\"https:\/\/howtospa.com\/produit\/chouchou-rose-valerie-valentine-x-how-to-spa-copie\/\"]}]},{\"@type\":\"BreadcrumbList\",\"@id\":\"https:\/\/howtospa.com\/produit\/chouchou-rose-valerie-valentine-x-how-to-spa-copie\/#breadcrumb\",\"itemListElement\":[{\"@type\":\"ListItem\",\"position\":1,\"name\":\"Home\",\"item\":\"https:\/\/howtospa.com\/en\/\"},{\"@type\":\"ListItem\",\"position\":2,\"name\":\"Produits\",\"item\":\"https:\/\/howtospa.com\/shop\/\"},{\"@type\":\"ListItem\",\"position\":3,\"name\":\"Chouchou Rose Val\u00e9rie Valentine x How To Spa\"}]},{\"@type\":\"WebSite\",\"@id\":\"https:\/\/howtospa.com\/#website\",\"url\":\"https:\/\/howtospa.com\/\",\"name\":\"HowToSpa -How to vreate your relaxation\",\"description\":\"Kits, programmes et tutoriels de relaxation, auto-massage et bien-\u00eatre chez soi, au bureau ou dans les transports.\",\"publisher\":{\"@id\":\"https:\/\/howtospa.com\/#organization\"},\"potentialAction\":[{\"@type\":\"SearchAction\",\"target\":{\"@type\":\"EntryPoint\",\"urlTemplate\":\"https:\/\/howtospa.com\/?s={search_term_string}\"},\"query-input\":\"required name=search_term_string\"}],\"inLanguage\":\"en-US\"},{\"@type\":\"Organization\",\"@id\":\"https:\/\/howtospa.com\/#organization\",\"name\":\"HowToSpa -How to vreate your relaxation\",\"url\":\"https:\/\/howtospa.com\/\",\"logo\":{\"@type\":\"ImageObject\",\"inLanguage\":\"en-US\",\"@id\":\"https:\/\/howtospa.com\/#\/schema\/logo\/image\/\",\"url\":\"https:\/\/howtospa.com\/wp-content\/uploads\/2021\/05\/logo-new-site-2.png\",\"contentUrl\":\"https:\/\/howtospa.com\/wp-content\/uploads\/2021\/05\/logo-new-site-2.png\",\"width\":953,\"height\":332,\"caption\":\"HowToSpa -How to vreate your relaxation\"},\"image\":{\"@id\":\"https:\/\/howtospa.com\/#\/schema\/logo\/image\/\"},\"sameAs\":[\"https:\/\/www.pinterest.fr\/howtospa\"]}]}<\/script>\n<!-- \/ Yoast SEO plugin. -->","yoast_head_json":{"title":"Chouchou Rose Val\u00e9rie Valentine x How To Spa - HowToSpa - How to create your relaxation","description":"Chouchou en satin et cristaux SwarovskiMade In France et fait mainD\u00e9couvrez nos chouchous 100% en soie, tout doux, color\u00e9s et r\u00e9hauss\u00e9s de quelques cristaux \"hts , chic en toute circonstance.- Satin de soie- Cristaux \"Chatons\" de chez Swarovski\u00ae- Dimensions : 12 cm de diam\u00e8treSimple et efficace, cess chouchous apporteront juste assez d\u00e9clat et de couleurs \u00e0 vos chignons et queues de cheval.","robots":{"index":"index","follow":"follow","max-snippet":"max-snippet:-1","max-image-preview":"max-image-preview:large","max-video-preview":"max-video-preview:-1"},"canonical":"https:\/\/howtospa.com\/produit\/chouchou-rose-valerie-valentine-x-how-to-spa-copie\/","og_locale":"en_US","og_type":"article","og_title":"Chouchou Rose Val\u00e9rie Valentine x How To Spa - HowToSpa - How to create your relaxation","og_description":"Chouchou en satin et cristaux SwarovskiMade In France et fait mainD\u00e9couvrez nos chouchous 100% en soie, tout doux, color\u00e9s et r\u00e9hauss\u00e9s de quelques cristaux \"hts , chic en toute circonstance.- Satin de soie- Cristaux \"Chatons\" de chez Swarovski\u00ae- Dimensions : 12 cm de diam\u00e8treSimple et efficace, cess chouchous apporteront juste assez d\u00e9clat et de couleurs \u00e0 vos chignons et queues de cheval.","og_url":"https:\/\/howtospa.com\/produit\/chouchou-rose-valerie-valentine-x-how-to-spa-copie\/","og_site_name":"HowToSpa - How to create your relaxation","article_modified_time":"2024-11-18T20:51:37+00:00","og_image":[{"width":1203,"height":1019,"url":"https:\/\/howtospa.com\/wp-content\/uploads\/2021\/09\/CHOUCHOU-ROSE-5.png","type":"image\/png"}],"twitter_card":"summary_large_image","schema":{"@context":"https:\/\/schema.org","@graph":[{"@type":"WebPage","@id":"https:\/\/howtospa.com\/produit\/chouchou-rose-valerie-valentine-x-how-to-spa-copie\/","url":"https:\/\/howtospa.com\/produit\/chouchou-rose-valerie-valentine-x-how-to-spa-copie\/","name":"Chouchou Rose Val\u00e9rie Valentine x How To Spa - HowToSpa - How to create your relaxation","isPartOf":{"@id":"https:\/\/howtospa.com\/#website"},"datePublished":"2021-09-20T11:54:41+00:00","dateModified":"2024-11-18T20:51:37+00:00","description":"Chouchou en satin et cristaux SwarovskiMade In France et fait mainD\u00e9couvrez nos chouchous 100% en soie, tout doux, color\u00e9s et r\u00e9hauss\u00e9s de quelques cristaux \"hts , chic en toute circonstance.- Satin de soie- Cristaux \"Chatons\" de chez Swarovski\u00ae- Dimensions : 12 cm de diam\u00e8treSimple et efficace, cess chouchous apporteront juste assez d\u00e9clat et de couleurs \u00e0 vos chignons et queues de cheval.","breadcrumb":{"@id":"https:\/\/howtospa.com\/produit\/chouchou-rose-valerie-valentine-x-how-to-spa-copie\/#breadcrumb"},"inLanguage":"en-US","potentialAction":[{"@type":"ReadAction","target":["https:\/\/howtospa.com\/produit\/chouchou-rose-valerie-valentine-x-how-to-spa-copie\/"]}]},{"@type":"BreadcrumbList","@id":"https:\/\/howtospa.com\/produit\/chouchou-rose-valerie-valentine-x-how-to-spa-copie\/#breadcrumb","itemListElement":[{"@type":"ListItem","position":1,"name":"Home","item":"https:\/\/howtospa.com\/en\/"},{"@type":"ListItem","position":2,"name":"Produits","item":"https:\/\/howtospa.com\/shop\/"},{"@type":"ListItem","position":3,"name":"Chouchou Rose Val\u00e9rie Valentine x How To Spa"}]},{"@type":"WebSite","@id":"https:\/\/howtospa.com\/#website","url":"https:\/\/howtospa.com\/","name":"HowToSpa -How to vreate your relaxation","description":"Kits, programmes et tutoriels de relaxation, auto-massage et bien-\u00eatre chez soi, au bureau ou dans les transports.","publisher":{"@id":"https:\/\/howtospa.com\/#organization"},"potentialAction":[{"@type":"SearchAction","target":{"@type":"EntryPoint","urlTemplate":"https:\/\/howtospa.com\/?s={search_term_string}"},"query-input":"required name=search_term_string"}],"inLanguage":"en-US"},{"@type":"Organization","@id":"https:\/\/howtospa.com\/#organization","name":"HowToSpa -How to vreate your relaxation","url":"https:\/\/howtospa.com\/","logo":{"@type":"ImageObject","inLanguage":"en-US","@id":"https:\/\/howtospa.com\/#\/schema\/logo\/image\/","url":"https:\/\/howtospa.com\/wp-content\/uploads\/2021\/05\/logo-new-site-2.png","contentUrl":"https:\/\/howtospa.com\/wp-content\/uploads\/2021\/05\/logo-new-site-2.png","width":953,"height":332,"caption":"HowToSpa -How to vreate your relaxation"},"image":{"@id":"https:\/\/howtospa.com\/#\/schema\/logo\/image\/"},"sameAs":["https:\/\/www.pinterest.fr\/howtospa"]}]}},"_links":{"self":[{"href":"https:\/\/howtospa.com\/en\/wp-json\/wp\/v2\/product\/28768"}],"collection":[{"href":"https:\/\/howtospa.com\/en\/wp-json\/wp\/v2\/product"}],"about":[{"href":"https:\/\/howtospa.com\/en\/wp-json\/wp\/v2\/types\/product"}],"wp:featuredmedia":[{"embeddable":true,"href":"https:\/\/howtospa.com\/en\/wp-json\/wp\/v2\/media\/28798"}],"wp:attachment":[{"href":"https:\/\/howtospa.com\/en\/wp-json\/wp\/v2\/media?parent=28768"}],"wp:term":[{"taxonomy":"product_cat","embeddable":true,"href":"https:\/\/howtospa.com\/en\/wp-json\/wp\/v2\/product_cat?post=28768"},{"taxonomy":"product_tag","embeddable":true,"href":"https:\/\/howtospa.com\/en\/wp-json\/wp\/v2\/product_tag?post=28768"}],"curies":[{"name":"wp","href":"https:\/\/api.w.org\/{rel}","templated":true}]}}