{"id":29207,"date":"2021-11-04T12:30:20","date_gmt":"2021-11-04T11:30:20","guid":{"rendered":"https:\/\/howtospa.com\/?post_type=product&#038;p=29207"},"modified":"2024-11-19T02:38:57","modified_gmt":"2024-11-19T01:38:57","slug":"real-by-how-to-spa","status":"publish","type":"product","link":"https:\/\/howtospa.com\/en\/produit\/real-by-how-to-spa\/","title":{"rendered":"REAL by How To Spa"},"content":{"rendered":"<p>REALBYHTS<\/p>\n","protected":false},"excerpt":{"rendered":"<p>\u00ab On ne sert pas d\u2019un vaisseau vide \u00bb, comme le dit si bien Eleanor Brownn.<\/p>\n<p>En effet, c\u2019est en prenant soin de soi, avec amour et bienveillance, qu\u2019on prend mieux soin des autres. C\u2019est en se ressour\u00e7ant qu\u2019on retrouve une \u00e9nergie nouvelle pour cr\u00e9er et accomplir.<\/p>\n<p>Par ce que le milieu du Spa m\u2019a apport\u00e9 une v\u00e9ritable gu\u00e9rison et une s\u00e9r\u00e9nit\u00e9 quotidienne, j\u2019ai voulu vous proposer le magazine REAL by How To Spa, alliant relaxation et \u00e9veil spirituel. A travers cette lecture, nous souhaitons vous apporter des outils de relaxation issus du milieu du Spa, ainsi que des conseils pour un mieux-vivre et une spiritualit\u00e9 qui vous transforme de l\u2019int\u00e9rieur.<br \/>\nApprenez \u00e0 faire une pause, \u00e0 respirer quelques secondes et \u00e0 vous reconnectez \u00e0 vous-m\u00eame. Ouvrez-vous \u00e0 l\u2019amour de soi et \u00e0 la pleine conscience, et redonner du sens \u00e0 votre vie.<\/p>\n<p>Merci de votre confiance, et belle lecture !<\/p>\n<p>&nbsp;<\/p>\n<p style=\"text-align: center;\"><em>PS: d\u00e9couvrez sa version digitale ici: <a href=\"https:\/\/howtospa.com\/real-by-how-to-spa\/\">https:\/\/howtospa.com\/real-by-how-to-spa\/<\/a><\/em><\/p>\n","protected":false},"featured_media":29248,"template":"","meta":{"_ppp_document_settings_meta":""},"product_cat":[455],"product_tag":[],"composite_layout":"","composite_add_to_cart_form_location":"","composite_editable_in_cart":false,"composite_sold_individually_context":"","composite_shop_price_calc":"","composite_components":[],"composite_scenarios":[],"yoast_head":"<!-- This site is optimized with the Yoast SEO plugin v20.9 - https:\/\/yoast.com\/wordpress\/plugins\/seo\/ -->\n<title>REAL by How To Spa - HowToSpa - How to create your relaxation<\/title>\n<meta name=\"description\" content=\"\u00ab On ne sert pas d\u2019un vaisseau vide \u00bb, comme le dit si bien Eleanor Brownn.En effet, c\u2019est en prenant soin de soi, avec amour et bienveillance, qu\u2019on prend mieux soin des autres. C\u2019est en se ressour\u00e7ant qu\u2019on retrouve une \u00e9nergie nouvelle pour cr\u00e9er et accomplir.Par ce que le milieu du Spa m\u2019a apport\u00e9 une v\u00e9ritable gu\u00e9rison et une s\u00e9r\u00e9nit\u00e9 quotidienne, j\u2019ai voulu vous proposer le magazine REAL by How To Spa, alliant relaxation et \u00e9veil spirituel. A travers cette lecture, nous souhaitons vous apporter des outils de relaxation issus du milieu du Spa, ainsi que des conseils pour un mieux-vivre et une spiritualit\u00e9 qui vous transforme de l\u2019int\u00e9rieur.Apprenez \u00e0 faire une pause, \u00e0 respirer quelques secondes et \u00e0 vous reconnectez \u00e0 vous-m\u00eame. Ouvrez-vous \u00e0 l\u2019amour de soi et \u00e0 la pleine conscience, et redonner du sens \u00e0 votre vie.Merci de votre confiance, et belle lecture !\" \/>\n<meta name=\"robots\" content=\"index, follow, max-snippet:-1, max-image-preview:large, max-video-preview:-1\" \/>\n<link rel=\"canonical\" href=\"https:\/\/howtospa.com\/produit\/real-by-how-to-spa\/\" \/>\n<meta property=\"og:locale\" content=\"en_US\" \/>\n<meta property=\"og:type\" content=\"article\" \/>\n<meta property=\"og:title\" content=\"REAL by How To Spa - HowToSpa - How to create your relaxation\" \/>\n<meta property=\"og:description\" content=\"\u00ab On ne sert pas d\u2019un vaisseau vide \u00bb, comme le dit si bien Eleanor Brownn.En effet, c\u2019est en prenant soin de soi, avec amour et bienveillance, qu\u2019on prend mieux soin des autres. C\u2019est en se ressour\u00e7ant qu\u2019on retrouve une \u00e9nergie nouvelle pour cr\u00e9er et accomplir.Par ce que le milieu du Spa m\u2019a apport\u00e9 une v\u00e9ritable gu\u00e9rison et une s\u00e9r\u00e9nit\u00e9 quotidienne, j\u2019ai voulu vous proposer le magazine REAL by How To Spa, alliant relaxation et \u00e9veil spirituel. A travers cette lecture, nous souhaitons vous apporter des outils de relaxation issus du milieu du Spa, ainsi que des conseils pour un mieux-vivre et une spiritualit\u00e9 qui vous transforme de l\u2019int\u00e9rieur.Apprenez \u00e0 faire une pause, \u00e0 respirer quelques secondes et \u00e0 vous reconnectez \u00e0 vous-m\u00eame. Ouvrez-vous \u00e0 l\u2019amour de soi et \u00e0 la pleine conscience, et redonner du sens \u00e0 votre vie.Merci de votre confiance, et belle lecture !\" \/>\n<meta property=\"og:url\" content=\"https:\/\/howtospa.com\/produit\/real-by-how-to-spa\/\" \/>\n<meta property=\"og:site_name\" content=\"HowToSpa - How to create your relaxation\" \/>\n<meta property=\"article:modified_time\" content=\"2024-11-19T01:38:57+00:00\" \/>\n<meta property=\"og:image\" content=\"https:\/\/howtospa.com\/wp-content\/uploads\/2021\/11\/REAL-Mag.jpg\" \/>\n\t<meta property=\"og:image:width\" content=\"1688\" \/>\n\t<meta property=\"og:image:height\" content=\"1125\" \/>\n\t<meta property=\"og:image:type\" content=\"image\/jpeg\" \/>\n<meta name=\"twitter:card\" content=\"summary_large_image\" \/>\n<meta name=\"twitter:label1\" content=\"Est. reading time\" \/>\n\t<meta name=\"twitter:data1\" content=\"1 minute\" \/>\n<script type=\"application\/ld+json\" class=\"yoast-schema-graph\">{\"@context\":\"https:\/\/schema.org\",\"@graph\":[{\"@type\":\"WebPage\",\"@id\":\"https:\/\/howtospa.com\/produit\/real-by-how-to-spa\/\",\"url\":\"https:\/\/howtospa.com\/produit\/real-by-how-to-spa\/\",\"name\":\"REAL by How To Spa - HowToSpa - How to create your relaxation\",\"isPartOf\":{\"@id\":\"https:\/\/howtospa.com\/#website\"},\"datePublished\":\"2021-11-04T11:30:20+00:00\",\"dateModified\":\"2024-11-19T01:38:57+00:00\",\"description\":\"\u00ab On ne sert pas d\u2019un vaisseau vide \u00bb, comme le dit si bien Eleanor Brownn.En effet, c\u2019est en prenant soin de soi, avec amour et bienveillance, qu\u2019on prend mieux soin des autres. C\u2019est en se ressour\u00e7ant qu\u2019on retrouve une \u00e9nergie nouvelle pour cr\u00e9er et accomplir.Par ce que le milieu du Spa m\u2019a apport\u00e9 une v\u00e9ritable gu\u00e9rison et une s\u00e9r\u00e9nit\u00e9 quotidienne, j\u2019ai voulu vous proposer le magazine REAL by How To Spa, alliant relaxation et \u00e9veil spirituel. A travers cette lecture, nous souhaitons vous apporter des outils de relaxation issus du milieu du Spa, ainsi que des conseils pour un mieux-vivre et une spiritualit\u00e9 qui vous transforme de l\u2019int\u00e9rieur.Apprenez \u00e0 faire une pause, \u00e0 respirer quelques secondes et \u00e0 vous reconnectez \u00e0 vous-m\u00eame. Ouvrez-vous \u00e0 l\u2019amour de soi et \u00e0 la pleine conscience, et redonner du sens \u00e0 votre vie.Merci de votre confiance, et belle lecture !\",\"breadcrumb\":{\"@id\":\"https:\/\/howtospa.com\/produit\/real-by-how-to-spa\/#breadcrumb\"},\"inLanguage\":\"en-US\",\"potentialAction\":[{\"@type\":\"ReadAction\",\"target\":[\"https:\/\/howtospa.com\/produit\/real-by-how-to-spa\/\"]}]},{\"@type\":\"BreadcrumbList\",\"@id\":\"https:\/\/howtospa.com\/produit\/real-by-how-to-spa\/#breadcrumb\",\"itemListElement\":[{\"@type\":\"ListItem\",\"position\":1,\"name\":\"Home\",\"item\":\"https:\/\/howtospa.com\/en\/\"},{\"@type\":\"ListItem\",\"position\":2,\"name\":\"Produits\",\"item\":\"https:\/\/howtospa.com\/shop\/\"},{\"@type\":\"ListItem\",\"position\":3,\"name\":\"REAL by How To Spa\"}]},{\"@type\":\"WebSite\",\"@id\":\"https:\/\/howtospa.com\/#website\",\"url\":\"https:\/\/howtospa.com\/\",\"name\":\"HowToSpa -How to vreate your relaxation\",\"description\":\"Kits, programmes et tutoriels de relaxation, auto-massage et bien-\u00eatre chez soi, au bureau ou dans les transports.\",\"publisher\":{\"@id\":\"https:\/\/howtospa.com\/#organization\"},\"potentialAction\":[{\"@type\":\"SearchAction\",\"target\":{\"@type\":\"EntryPoint\",\"urlTemplate\":\"https:\/\/howtospa.com\/?s={search_term_string}\"},\"query-input\":\"required name=search_term_string\"}],\"inLanguage\":\"en-US\"},{\"@type\":\"Organization\",\"@id\":\"https:\/\/howtospa.com\/#organization\",\"name\":\"HowToSpa -How to vreate your relaxation\",\"url\":\"https:\/\/howtospa.com\/\",\"logo\":{\"@type\":\"ImageObject\",\"inLanguage\":\"en-US\",\"@id\":\"https:\/\/howtospa.com\/#\/schema\/logo\/image\/\",\"url\":\"https:\/\/howtospa.com\/wp-content\/uploads\/2021\/05\/logo-new-site-2.png\",\"contentUrl\":\"https:\/\/howtospa.com\/wp-content\/uploads\/2021\/05\/logo-new-site-2.png\",\"width\":953,\"height\":332,\"caption\":\"HowToSpa -How to vreate your relaxation\"},\"image\":{\"@id\":\"https:\/\/howtospa.com\/#\/schema\/logo\/image\/\"},\"sameAs\":[\"https:\/\/www.pinterest.fr\/howtospa\"]}]}<\/script>\n<!-- \/ Yoast SEO plugin. -->","yoast_head_json":{"title":"REAL by How To Spa - HowToSpa - How to create your relaxation","description":"\u00ab On ne sert pas d\u2019un vaisseau vide \u00bb, comme le dit si bien Eleanor Brownn.En effet, c\u2019est en prenant soin de soi, avec amour et bienveillance, qu\u2019on prend mieux soin des autres. C\u2019est en se ressour\u00e7ant qu\u2019on retrouve une \u00e9nergie nouvelle pour cr\u00e9er et accomplir.Par ce que le milieu du Spa m\u2019a apport\u00e9 une v\u00e9ritable gu\u00e9rison et une s\u00e9r\u00e9nit\u00e9 quotidienne, j\u2019ai voulu vous proposer le magazine REAL by How To Spa, alliant relaxation et \u00e9veil spirituel. A travers cette lecture, nous souhaitons vous apporter des outils de relaxation issus du milieu du Spa, ainsi que des conseils pour un mieux-vivre et une spiritualit\u00e9 qui vous transforme de l\u2019int\u00e9rieur.Apprenez \u00e0 faire une pause, \u00e0 respirer quelques secondes et \u00e0 vous reconnectez \u00e0 vous-m\u00eame. Ouvrez-vous \u00e0 l\u2019amour de soi et \u00e0 la pleine conscience, et redonner du sens \u00e0 votre vie.Merci de votre confiance, et belle lecture !","robots":{"index":"index","follow":"follow","max-snippet":"max-snippet:-1","max-image-preview":"max-image-preview:large","max-video-preview":"max-video-preview:-1"},"canonical":"https:\/\/howtospa.com\/produit\/real-by-how-to-spa\/","og_locale":"en_US","og_type":"article","og_title":"REAL by How To Spa - HowToSpa - How to create your relaxation","og_description":"\u00ab On ne sert pas d\u2019un vaisseau vide \u00bb, comme le dit si bien Eleanor Brownn.En effet, c\u2019est en prenant soin de soi, avec amour et bienveillance, qu\u2019on prend mieux soin des autres. C\u2019est en se ressour\u00e7ant qu\u2019on retrouve une \u00e9nergie nouvelle pour cr\u00e9er et accomplir.Par ce que le milieu du Spa m\u2019a apport\u00e9 une v\u00e9ritable gu\u00e9rison et une s\u00e9r\u00e9nit\u00e9 quotidienne, j\u2019ai voulu vous proposer le magazine REAL by How To Spa, alliant relaxation et \u00e9veil spirituel. A travers cette lecture, nous souhaitons vous apporter des outils de relaxation issus du milieu du Spa, ainsi que des conseils pour un mieux-vivre et une spiritualit\u00e9 qui vous transforme de l\u2019int\u00e9rieur.Apprenez \u00e0 faire une pause, \u00e0 respirer quelques secondes et \u00e0 vous reconnectez \u00e0 vous-m\u00eame. Ouvrez-vous \u00e0 l\u2019amour de soi et \u00e0 la pleine conscience, et redonner du sens \u00e0 votre vie.Merci de votre confiance, et belle lecture !","og_url":"https:\/\/howtospa.com\/produit\/real-by-how-to-spa\/","og_site_name":"HowToSpa - How to create your relaxation","article_modified_time":"2024-11-19T01:38:57+00:00","og_image":[{"width":1688,"height":1125,"url":"https:\/\/howtospa.com\/wp-content\/uploads\/2021\/11\/REAL-Mag.jpg","type":"image\/jpeg"}],"twitter_card":"summary_large_image","twitter_misc":{"Est. reading time":"1 minute"},"schema":{"@context":"https:\/\/schema.org","@graph":[{"@type":"WebPage","@id":"https:\/\/howtospa.com\/produit\/real-by-how-to-spa\/","url":"https:\/\/howtospa.com\/produit\/real-by-how-to-spa\/","name":"REAL by How To Spa - HowToSpa - How to create your relaxation","isPartOf":{"@id":"https:\/\/howtospa.com\/#website"},"datePublished":"2021-11-04T11:30:20+00:00","dateModified":"2024-11-19T01:38:57+00:00","description":"\u00ab On ne sert pas d\u2019un vaisseau vide \u00bb, comme le dit si bien Eleanor Brownn.En effet, c\u2019est en prenant soin de soi, avec amour et bienveillance, qu\u2019on prend mieux soin des autres. C\u2019est en se ressour\u00e7ant qu\u2019on retrouve une \u00e9nergie nouvelle pour cr\u00e9er et accomplir.Par ce que le milieu du Spa m\u2019a apport\u00e9 une v\u00e9ritable gu\u00e9rison et une s\u00e9r\u00e9nit\u00e9 quotidienne, j\u2019ai voulu vous proposer le magazine REAL by How To Spa, alliant relaxation et \u00e9veil spirituel. A travers cette lecture, nous souhaitons vous apporter des outils de relaxation issus du milieu du Spa, ainsi que des conseils pour un mieux-vivre et une spiritualit\u00e9 qui vous transforme de l\u2019int\u00e9rieur.Apprenez \u00e0 faire une pause, \u00e0 respirer quelques secondes et \u00e0 vous reconnectez \u00e0 vous-m\u00eame. Ouvrez-vous \u00e0 l\u2019amour de soi et \u00e0 la pleine conscience, et redonner du sens \u00e0 votre vie.Merci de votre confiance, et belle lecture !","breadcrumb":{"@id":"https:\/\/howtospa.com\/produit\/real-by-how-to-spa\/#breadcrumb"},"inLanguage":"en-US","potentialAction":[{"@type":"ReadAction","target":["https:\/\/howtospa.com\/produit\/real-by-how-to-spa\/"]}]},{"@type":"BreadcrumbList","@id":"https:\/\/howtospa.com\/produit\/real-by-how-to-spa\/#breadcrumb","itemListElement":[{"@type":"ListItem","position":1,"name":"Home","item":"https:\/\/howtospa.com\/en\/"},{"@type":"ListItem","position":2,"name":"Produits","item":"https:\/\/howtospa.com\/shop\/"},{"@type":"ListItem","position":3,"name":"REAL by How To Spa"}]},{"@type":"WebSite","@id":"https:\/\/howtospa.com\/#website","url":"https:\/\/howtospa.com\/","name":"HowToSpa -How to vreate your relaxation","description":"Kits, programmes et tutoriels de relaxation, auto-massage et bien-\u00eatre chez soi, au bureau ou dans les transports.","publisher":{"@id":"https:\/\/howtospa.com\/#organization"},"potentialAction":[{"@type":"SearchAction","target":{"@type":"EntryPoint","urlTemplate":"https:\/\/howtospa.com\/?s={search_term_string}"},"query-input":"required name=search_term_string"}],"inLanguage":"en-US"},{"@type":"Organization","@id":"https:\/\/howtospa.com\/#organization","name":"HowToSpa -How to vreate your relaxation","url":"https:\/\/howtospa.com\/","logo":{"@type":"ImageObject","inLanguage":"en-US","@id":"https:\/\/howtospa.com\/#\/schema\/logo\/image\/","url":"https:\/\/howtospa.com\/wp-content\/uploads\/2021\/05\/logo-new-site-2.png","contentUrl":"https:\/\/howtospa.com\/wp-content\/uploads\/2021\/05\/logo-new-site-2.png","width":953,"height":332,"caption":"HowToSpa -How to vreate your relaxation"},"image":{"@id":"https:\/\/howtospa.com\/#\/schema\/logo\/image\/"},"sameAs":["https:\/\/www.pinterest.fr\/howtospa"]}]}},"_links":{"self":[{"href":"https:\/\/howtospa.com\/en\/wp-json\/wp\/v2\/product\/29207"}],"collection":[{"href":"https:\/\/howtospa.com\/en\/wp-json\/wp\/v2\/product"}],"about":[{"href":"https:\/\/howtospa.com\/en\/wp-json\/wp\/v2\/types\/product"}],"wp:featuredmedia":[{"embeddable":true,"href":"https:\/\/howtospa.com\/en\/wp-json\/wp\/v2\/media\/29248"}],"wp:attachment":[{"href":"https:\/\/howtospa.com\/en\/wp-json\/wp\/v2\/media?parent=29207"}],"wp:term":[{"taxonomy":"product_cat","embeddable":true,"href":"https:\/\/howtospa.com\/en\/wp-json\/wp\/v2\/product_cat?post=29207"},{"taxonomy":"product_tag","embeddable":true,"href":"https:\/\/howtospa.com\/en\/wp-json\/wp\/v2\/product_tag?post=29207"}],"curies":[{"name":"wp","href":"https:\/\/api.w.org\/{rel}","templated":true}]}}