{"id":29443,"date":"2022-03-29T15:17:32","date_gmt":"2022-03-29T13:17:32","guid":{"rendered":"http:\/\/preprod.howtospa.com\/?post_type=product&#038;p=29443"},"modified":"2025-09-09T20:22:21","modified_gmt":"2025-09-09T18:22:21","slug":"friction-aromatiques-bio-stess-burn-out-detente-par-vie-arome","status":"publish","type":"product","link":"https:\/\/howtospa.com\/en\/produit\/friction-aromatiques-bio-stess-burn-out-detente-par-vie-arome\/","title":{"rendered":"Friction Aromatiques Bio Stress Burn Out D\u00e9tente par Vie Ar\u00f4me"},"content":{"rendered":"","protected":false},"excerpt":{"rendered":"<p>R\u00e9gule le stress, r\u00e9\u00e9quilibre en cas de burn out. Facilite le sommeil r\u00e9parateur, relaxant.<\/p>\n<p>Flacon 30ml<\/p>\n<p>Composition\u00a0:<br \/>\nINCI\u00a0: Lavandula Hybrida Oil*, Thymus Mastichina Flower Oil*, Lavandula Angustifolia (Lavender) Oil*, Citrus Reticulata (Tangerine) Leaf Oil*, Cymbopogon Schoenanthus Oil*, Ocimum Basilicum (Basil) Oil*, Citrus Aurantium Amara (Bitter Orange) Flower Oil*, Litsea Cubeba Fruit Oil*, Rosa Damascena Flower Oil*<br \/>\nCitral, Citronellol, Coumarin, Eugenol, Farnesol, Geraniol, Limonene, Linalool<br \/>\n*100% du total des ingr\u00e9dients sont issus de l\u2019agriculture biologique \/ *100% of the total ingredients are issued from Organic Agriculture.<\/p>\n<p>&nbsp;<\/p>\n<p>Mode d&#8217;emploi :<\/p>\n<p>En cure(s) de 3 semaines.<\/p>\n<p>&#8211; Frictionner 20 gouttes sur le plexus solaire, la nuque, la colonne vert\u00e9brale et la plante des pieds, en dilution dans une CS d&#8217;huile vierge bio (Base neutre de massage)<\/p>\n<p>&#8211; 1 \u00e0 2 gouttes sur une Biopastille (Camomille\/Pamplemousse, Centella Lavande, Fleurs de Bach, Verveine) \u00e0 17 heures et au coucher, ou dans une CC de miel bio (Tilleul\/Acacia)<\/p>\n","protected":false},"featured_media":29447,"template":"","meta":{"_ppp_document_settings_meta":""},"product_cat":[448,519],"product_tag":[],"class_list":{"0":"post-29443","1":"product","2":"type-product","3":"status-publish","4":"has-post-thumbnail","6":"product_cat-cosmetiques","7":"product_cat-diyfr"},"composite_layout":"","composite_add_to_cart_form_location":"","composite_editable_in_cart":false,"composite_sold_individually_context":"","composite_shop_price_calc":"","composite_components":[],"composite_scenarios":[],"yoast_head":"<!-- This site is optimized with the Yoast SEO plugin v20.9 - https:\/\/yoast.com\/wordpress\/plugins\/seo\/ -->\n<title>Friction Aromatiques Bio Stress Burn Out D\u00e9tente par Vie Ar\u00f4me - HowToSpa - How to create your relaxation<\/title>\n<meta name=\"robots\" content=\"index, follow, max-snippet:-1, max-image-preview:large, max-video-preview:-1\" \/>\n<link rel=\"canonical\" href=\"https:\/\/howtospa.com\/produit\/friction-aromatiques-bio-stess-burn-out-detente-par-vie-arome\/\" \/>\n<meta property=\"og:locale\" content=\"en_US\" \/>\n<meta property=\"og:type\" content=\"article\" \/>\n<meta property=\"og:title\" content=\"Friction Aromatiques Bio Stress Burn Out D\u00e9tente par Vie Ar\u00f4me - HowToSpa - How to create your relaxation\" \/>\n<meta property=\"og:description\" content=\"R\u00e9gule le stress, r\u00e9\u00e9quilibre en cas de burn out. Facilite le sommeil r\u00e9parateur, relaxant.  Flacon 30ml  Composition\u00a0: INCI\u00a0: Lavandula Hybrida Oil*, Thymus Mastichina Flower Oil*, Lavandula Angustifolia (Lavender) Oil*, Citrus Reticulata (Tangerine) Leaf Oil*, Cymbopogon Schoenanthus Oil*, Ocimum Basilicum (Basil) Oil*, Citrus Aurantium Amara (Bitter Orange) Flower Oil*, Litsea Cubeba Fruit Oil*, Rosa Damascena Flower Oil* Citral, Citronellol, Coumarin, Eugenol, Farnesol, Geraniol, Limonene, Linalool *100% du total des ingr\u00e9dients sont issus de l\u2019agriculture biologique \/ *100% of the total ingredients are issued from Organic Agriculture.  &nbsp;  Mode d&#039;emploi :  En cure(s) de 3 semaines.  - Frictionner 20 gouttes sur le plexus solaire, la nuque, la colonne vert\u00e9brale et la plante des pieds, en dilution dans une CS d&#039;huile vierge bio (Base neutre de massage)  - 1 \u00e0 2 gouttes sur une Biopastille (Camomille\/Pamplemousse, Centella Lavande, Fleurs de Bach, Verveine) \u00e0 17 heures et au coucher, ou dans une CC de miel bio (Tilleul\/Acacia)\" \/>\n<meta property=\"og:url\" content=\"https:\/\/howtospa.com\/produit\/friction-aromatiques-bio-stess-burn-out-detente-par-vie-arome\/\" \/>\n<meta property=\"og:site_name\" content=\"HowToSpa - How to create your relaxation\" \/>\n<meta property=\"article:modified_time\" content=\"2025-09-09T18:22:21+00:00\" \/>\n<meta property=\"og:image\" content=\"https:\/\/howtospa.com\/wp-content\/uploads\/2022\/03\/Friction-Burn-Out-detente-1.png\" \/>\n\t<meta property=\"og:image:width\" content=\"1200\" \/>\n\t<meta property=\"og:image:height\" content=\"800\" \/>\n\t<meta property=\"og:image:type\" content=\"image\/png\" \/>\n<meta name=\"twitter:card\" content=\"summary_large_image\" \/>\n<script type=\"application\/ld+json\" class=\"yoast-schema-graph\">{\"@context\":\"https:\/\/schema.org\",\"@graph\":[{\"@type\":\"WebPage\",\"@id\":\"https:\/\/howtospa.com\/produit\/friction-aromatiques-bio-stess-burn-out-detente-par-vie-arome\/\",\"url\":\"https:\/\/howtospa.com\/produit\/friction-aromatiques-bio-stess-burn-out-detente-par-vie-arome\/\",\"name\":\"Friction Aromatiques Bio Stress Burn Out D\u00e9tente par Vie Ar\u00f4me - HowToSpa - How to create your relaxation\",\"isPartOf\":{\"@id\":\"https:\/\/howtospa.com\/en\/#website\"},\"datePublished\":\"2022-03-29T13:17:32+00:00\",\"dateModified\":\"2025-09-09T18:22:21+00:00\",\"breadcrumb\":{\"@id\":\"https:\/\/howtospa.com\/produit\/friction-aromatiques-bio-stess-burn-out-detente-par-vie-arome\/#breadcrumb\"},\"inLanguage\":\"en-US\",\"potentialAction\":[{\"@type\":\"ReadAction\",\"target\":[\"https:\/\/howtospa.com\/produit\/friction-aromatiques-bio-stess-burn-out-detente-par-vie-arome\/\"]}]},{\"@type\":\"BreadcrumbList\",\"@id\":\"https:\/\/howtospa.com\/produit\/friction-aromatiques-bio-stess-burn-out-detente-par-vie-arome\/#breadcrumb\",\"itemListElement\":[{\"@type\":\"ListItem\",\"position\":1,\"name\":\"Home\",\"item\":\"https:\/\/howtospa.com\/\"},{\"@type\":\"ListItem\",\"position\":2,\"name\":\"Products\",\"item\":\"https:\/\/howtospa.com\/en\/shop\/\"},{\"@type\":\"ListItem\",\"position\":3,\"name\":\"Friction Aromatiques Bio Stress Burn Out D\u00e9tente par Vie Ar\u00f4me\"}]},{\"@type\":\"WebSite\",\"@id\":\"https:\/\/howtospa.com\/en\/#website\",\"url\":\"https:\/\/howtospa.com\/en\/\",\"name\":\"HowToSpa -How to vreate your relaxation\",\"description\":\"Kits, programmes et tutoriels de relaxation, auto-massage et bien-\u00eatre chez soi, au bureau ou dans les transports.\",\"publisher\":{\"@id\":\"https:\/\/howtospa.com\/en\/#organization\"},\"potentialAction\":[{\"@type\":\"SearchAction\",\"target\":{\"@type\":\"EntryPoint\",\"urlTemplate\":\"https:\/\/howtospa.com\/en\/?s={search_term_string}\"},\"query-input\":\"required name=search_term_string\"}],\"inLanguage\":\"en-US\"},{\"@type\":\"Organization\",\"@id\":\"https:\/\/howtospa.com\/en\/#organization\",\"name\":\"HowToSpa -How to vreate your relaxation\",\"url\":\"https:\/\/howtospa.com\/en\/\",\"logo\":{\"@type\":\"ImageObject\",\"inLanguage\":\"en-US\",\"@id\":\"https:\/\/howtospa.com\/en\/#\/schema\/logo\/image\/\",\"url\":\"http:\/\/preprod.howtospa.com\/wp-content\/uploads\/2021\/05\/logo-new-site-2.png\",\"contentUrl\":\"http:\/\/preprod.howtospa.com\/wp-content\/uploads\/2021\/05\/logo-new-site-2.png\",\"width\":953,\"height\":332,\"caption\":\"HowToSpa -How to vreate your relaxation\"},\"image\":{\"@id\":\"https:\/\/howtospa.com\/en\/#\/schema\/logo\/image\/\"},\"sameAs\":[\"https:\/\/www.pinterest.fr\/howtospa\"]}]}<\/script>\n<!-- \/ Yoast SEO plugin. -->","yoast_head_json":{"title":"Friction Aromatiques Bio Stress Burn Out D\u00e9tente par Vie Ar\u00f4me - HowToSpa - How to create your relaxation","robots":{"index":"index","follow":"follow","max-snippet":"max-snippet:-1","max-image-preview":"max-image-preview:large","max-video-preview":"max-video-preview:-1"},"canonical":"https:\/\/howtospa.com\/produit\/friction-aromatiques-bio-stess-burn-out-detente-par-vie-arome\/","og_locale":"en_US","og_type":"article","og_title":"Friction Aromatiques Bio Stress Burn Out D\u00e9tente par Vie Ar\u00f4me - HowToSpa - How to create your relaxation","og_description":"R\u00e9gule le stress, r\u00e9\u00e9quilibre en cas de burn out. Facilite le sommeil r\u00e9parateur, relaxant.  Flacon 30ml  Composition\u00a0: INCI\u00a0: Lavandula Hybrida Oil*, Thymus Mastichina Flower Oil*, Lavandula Angustifolia (Lavender) Oil*, Citrus Reticulata (Tangerine) Leaf Oil*, Cymbopogon Schoenanthus Oil*, Ocimum Basilicum (Basil) Oil*, Citrus Aurantium Amara (Bitter Orange) Flower Oil*, Litsea Cubeba Fruit Oil*, Rosa Damascena Flower Oil* Citral, Citronellol, Coumarin, Eugenol, Farnesol, Geraniol, Limonene, Linalool *100% du total des ingr\u00e9dients sont issus de l\u2019agriculture biologique \/ *100% of the total ingredients are issued from Organic Agriculture.  &nbsp;  Mode d'emploi :  En cure(s) de 3 semaines.  - Frictionner 20 gouttes sur le plexus solaire, la nuque, la colonne vert\u00e9brale et la plante des pieds, en dilution dans une CS d'huile vierge bio (Base neutre de massage)  - 1 \u00e0 2 gouttes sur une Biopastille (Camomille\/Pamplemousse, Centella Lavande, Fleurs de Bach, Verveine) \u00e0 17 heures et au coucher, ou dans une CC de miel bio (Tilleul\/Acacia)","og_url":"https:\/\/howtospa.com\/produit\/friction-aromatiques-bio-stess-burn-out-detente-par-vie-arome\/","og_site_name":"HowToSpa - How to create your relaxation","article_modified_time":"2025-09-09T18:22:21+00:00","og_image":[{"width":1200,"height":800,"url":"https:\/\/howtospa.com\/wp-content\/uploads\/2022\/03\/Friction-Burn-Out-detente-1.png","type":"image\/png"}],"twitter_card":"summary_large_image","schema":{"@context":"https:\/\/schema.org","@graph":[{"@type":"WebPage","@id":"https:\/\/howtospa.com\/produit\/friction-aromatiques-bio-stess-burn-out-detente-par-vie-arome\/","url":"https:\/\/howtospa.com\/produit\/friction-aromatiques-bio-stess-burn-out-detente-par-vie-arome\/","name":"Friction Aromatiques Bio Stress Burn Out D\u00e9tente par Vie Ar\u00f4me - HowToSpa - How to create your relaxation","isPartOf":{"@id":"https:\/\/howtospa.com\/en\/#website"},"datePublished":"2022-03-29T13:17:32+00:00","dateModified":"2025-09-09T18:22:21+00:00","breadcrumb":{"@id":"https:\/\/howtospa.com\/produit\/friction-aromatiques-bio-stess-burn-out-detente-par-vie-arome\/#breadcrumb"},"inLanguage":"en-US","potentialAction":[{"@type":"ReadAction","target":["https:\/\/howtospa.com\/produit\/friction-aromatiques-bio-stess-burn-out-detente-par-vie-arome\/"]}]},{"@type":"BreadcrumbList","@id":"https:\/\/howtospa.com\/produit\/friction-aromatiques-bio-stess-burn-out-detente-par-vie-arome\/#breadcrumb","itemListElement":[{"@type":"ListItem","position":1,"name":"Home","item":"https:\/\/howtospa.com\/"},{"@type":"ListItem","position":2,"name":"Products","item":"https:\/\/howtospa.com\/en\/shop\/"},{"@type":"ListItem","position":3,"name":"Friction Aromatiques Bio Stress Burn Out D\u00e9tente par Vie Ar\u00f4me"}]},{"@type":"WebSite","@id":"https:\/\/howtospa.com\/en\/#website","url":"https:\/\/howtospa.com\/en\/","name":"HowToSpa -How to vreate your relaxation","description":"Kits, programmes et tutoriels de relaxation, auto-massage et bien-\u00eatre chez soi, au bureau ou dans les transports.","publisher":{"@id":"https:\/\/howtospa.com\/en\/#organization"},"potentialAction":[{"@type":"SearchAction","target":{"@type":"EntryPoint","urlTemplate":"https:\/\/howtospa.com\/en\/?s={search_term_string}"},"query-input":"required name=search_term_string"}],"inLanguage":"en-US"},{"@type":"Organization","@id":"https:\/\/howtospa.com\/en\/#organization","name":"HowToSpa -How to vreate your relaxation","url":"https:\/\/howtospa.com\/en\/","logo":{"@type":"ImageObject","inLanguage":"en-US","@id":"https:\/\/howtospa.com\/en\/#\/schema\/logo\/image\/","url":"http:\/\/preprod.howtospa.com\/wp-content\/uploads\/2021\/05\/logo-new-site-2.png","contentUrl":"http:\/\/preprod.howtospa.com\/wp-content\/uploads\/2021\/05\/logo-new-site-2.png","width":953,"height":332,"caption":"HowToSpa -How to vreate your relaxation"},"image":{"@id":"https:\/\/howtospa.com\/en\/#\/schema\/logo\/image\/"},"sameAs":["https:\/\/www.pinterest.fr\/howtospa"]}]}},"_links":{"self":[{"href":"https:\/\/howtospa.com\/en\/wp-json\/wp\/v2\/product\/29443","targetHints":{"allow":["GET"]}}],"collection":[{"href":"https:\/\/howtospa.com\/en\/wp-json\/wp\/v2\/product"}],"about":[{"href":"https:\/\/howtospa.com\/en\/wp-json\/wp\/v2\/types\/product"}],"wp:featuredmedia":[{"embeddable":true,"href":"https:\/\/howtospa.com\/en\/wp-json\/wp\/v2\/media\/29447"}],"wp:attachment":[{"href":"https:\/\/howtospa.com\/en\/wp-json\/wp\/v2\/media?parent=29443"}],"wp:term":[{"taxonomy":"product_cat","embeddable":true,"href":"https:\/\/howtospa.com\/en\/wp-json\/wp\/v2\/product_cat?post=29443"},{"taxonomy":"product_tag","embeddable":true,"href":"https:\/\/howtospa.com\/en\/wp-json\/wp\/v2\/product_tag?post=29443"}],"curies":[{"name":"wp","href":"https:\/\/api.w.org\/{rel}","templated":true}]}}