{"id":29446,"date":"2022-03-29T15:25:46","date_gmt":"2022-03-29T13:25:46","guid":{"rendered":"http:\/\/preprod.howtospa.com\/?post_type=product&#038;p=29446"},"modified":"2024-11-18T22:06:56","modified_gmt":"2024-11-18T21:06:56","slug":"friction-aromatiques-bio-respiration-immunite-par-vie-arome","status":"publish","type":"product","link":"https:\/\/howtospa.com\/en\/produit\/friction-aromatiques-bio-respiration-immunite-par-vie-arome\/","title":{"rendered":"Friction Aromatiques Bio Respiration \/ Immunit\u00e9 par Vie Ar\u00f4me"},"content":{"rendered":"","protected":false},"excerpt":{"rendered":"<p>Renforce les immunit\u00e9s naturelles, aide \u00e0 stopper le d\u00e9veloppement des virus, pr\u00e9vention des probl\u00e8mes de l&#8217;hiver.<\/p>\n<p>Flacon 30ml<\/p>\n<p>Composition\u00a0:<br \/>\nINCI\u00a0: Eucalyptus Globulus Leaf Oil*, Lavandula Hybrida Oil*, Eucalyptus Radiata Leaf Oil*, Melaleuca Quinquenervia Oil*, Rosmarinus Officinalis (Rosemary) Leaf Oil*, Aniba Rosaeodora (Rosewood) Wood Oil*, Cymbopogon Martinii Oil*, Pinus Sylvestris Leaf Oil*, Pinus Nigra Oil*, Cupressus Sempervirens Oil*, Thymus Zygis Flower Oil*, Thymus Vulgaris (Thyme) Oil*, Laurus Nobilis Oil*, Myrtus Communis Oil*, Santalum Album (Sandalwood) Oil*<br \/>\nBenzyl Benzoate, Citral, Citronellol, Coumarin, Eugenol, Farnesol, Geraniol, Limonene, Linalool<br \/>\n*100% du total des ingr\u00e9dients sont issus de l\u2019agriculture biologique \/ *100% of the total ingredients are issued from Organic Agriculture.<\/p>\n<p>&nbsp;<\/p>\n<p>Mode d&#8217;emploi :<\/p>\n<p>En cure(s) de 3 semaines.<\/p>\n<p>&#8211; Frictionner sur le thorax, le plexus solaire et la plante des pieds, en dilution \u00e0 10 % dans une huile vierge bio (Amande douce, Nigelle, Noisette)<\/p>\n<p>&#8211; 1 \u00e0 2 gouttes sur une Biopastille (Gel\u00e9e royale, Gingembre\/Cannelle, Propolis\/Eucalyptus, Sapin\/Romarin) 3 fois \/ jour,<\/p>\n<p>ou dans du miel bio (Eucalyptus, Lavande, Sapin, Thym) ou dans de la Propolis bio<\/p>\n<p>&#8211; Peut s&#8217;utiliser en inhalation s\u00e8che ou humide.<\/p>\n","protected":false},"featured_media":29449,"template":"","meta":{"_ppp_document_settings_meta":""},"product_cat":[448,519,210],"product_tag":[],"class_list":{"0":"post-29446","1":"product","2":"type-product","3":"status-publish","4":"has-post-thumbnail","6":"product_cat-cosmetiques","7":"product_cat-diyfr","8":"product_cat-uncategorized"},"composite_layout":"","composite_add_to_cart_form_location":"","composite_editable_in_cart":false,"composite_sold_individually_context":"","composite_shop_price_calc":"","composite_components":[],"composite_scenarios":[],"yoast_head":"<!-- This site is optimized with the Yoast SEO plugin v20.9 - https:\/\/yoast.com\/wordpress\/plugins\/seo\/ -->\n<title>Friction Aromatiques Bio Respiration \/ Immunit\u00e9 par Vie Ar\u00f4me - HowToSpa - How to create your relaxation<\/title>\n<meta name=\"robots\" content=\"index, follow, max-snippet:-1, max-image-preview:large, max-video-preview:-1\" \/>\n<link rel=\"canonical\" href=\"https:\/\/howtospa.com\/produit\/friction-aromatiques-bio-respiration-immunite-par-vie-arome\/\" \/>\n<meta property=\"og:locale\" content=\"en_US\" \/>\n<meta property=\"og:type\" content=\"article\" \/>\n<meta property=\"og:title\" content=\"Friction Aromatiques Bio Respiration \/ Immunit\u00e9 par Vie Ar\u00f4me - HowToSpa - How to create your relaxation\" \/>\n<meta property=\"og:description\" content=\"Renforce les immunit\u00e9s naturelles, aide \u00e0 stopper le d\u00e9veloppement des virus, pr\u00e9vention des probl\u00e8mes de l&#039;hiver.  Flacon 30ml  Composition\u00a0: INCI\u00a0: Eucalyptus Globulus Leaf Oil*, Lavandula Hybrida Oil*, Eucalyptus Radiata Leaf Oil*, Melaleuca Quinquenervia Oil*, Rosmarinus Officinalis (Rosemary) Leaf Oil*, Aniba Rosaeodora (Rosewood) Wood Oil*, Cymbopogon Martinii Oil*, Pinus Sylvestris Leaf Oil*, Pinus Nigra Oil*, Cupressus Sempervirens Oil*, Thymus Zygis Flower Oil*, Thymus Vulgaris (Thyme) Oil*, Laurus Nobilis Oil*, Myrtus Communis Oil*, Santalum Album (Sandalwood) Oil* Benzyl Benzoate, Citral, Citronellol, Coumarin, Eugenol, Farnesol, Geraniol, Limonene, Linalool *100% du total des ingr\u00e9dients sont issus de l\u2019agriculture biologique \/ *100% of the total ingredients are issued from Organic Agriculture.  &nbsp;  Mode d&#039;emploi :  En cure(s) de 3 semaines.  - Frictionner sur le thorax, le plexus solaire et la plante des pieds, en dilution \u00e0 10 % dans une huile vierge bio (Amande douce, Nigelle, Noisette)  - 1 \u00e0 2 gouttes sur une Biopastille (Gel\u00e9e royale, Gingembre\/Cannelle, Propolis\/Eucalyptus, Sapin\/Romarin) 3 fois \/ jour,  ou dans du miel bio (Eucalyptus, Lavande, Sapin, Thym) ou dans de la Propolis bio  - Peut s&#039;utiliser en inhalation s\u00e8che ou humide.\" \/>\n<meta property=\"og:url\" content=\"https:\/\/howtospa.com\/produit\/friction-aromatiques-bio-respiration-immunite-par-vie-arome\/\" \/>\n<meta property=\"og:site_name\" content=\"HowToSpa - How to create your relaxation\" \/>\n<meta property=\"article:modified_time\" content=\"2024-11-18T21:06:56+00:00\" \/>\n<meta property=\"og:image\" content=\"https:\/\/howtospa.com\/wp-content\/uploads\/2022\/03\/Friction-Respiration-Immunite.png\" \/>\n\t<meta property=\"og:image:width\" content=\"1200\" \/>\n\t<meta property=\"og:image:height\" content=\"800\" \/>\n\t<meta property=\"og:image:type\" content=\"image\/png\" \/>\n<meta name=\"twitter:card\" content=\"summary_large_image\" \/>\n<script type=\"application\/ld+json\" class=\"yoast-schema-graph\">{\"@context\":\"https:\/\/schema.org\",\"@graph\":[{\"@type\":\"WebPage\",\"@id\":\"https:\/\/howtospa.com\/produit\/friction-aromatiques-bio-respiration-immunite-par-vie-arome\/\",\"url\":\"https:\/\/howtospa.com\/produit\/friction-aromatiques-bio-respiration-immunite-par-vie-arome\/\",\"name\":\"Friction Aromatiques Bio Respiration \/ Immunit\u00e9 par Vie Ar\u00f4me - HowToSpa - How to create your relaxation\",\"isPartOf\":{\"@id\":\"https:\/\/howtospa.com\/en\/#website\"},\"datePublished\":\"2022-03-29T13:25:46+00:00\",\"dateModified\":\"2024-11-18T21:06:56+00:00\",\"breadcrumb\":{\"@id\":\"https:\/\/howtospa.com\/produit\/friction-aromatiques-bio-respiration-immunite-par-vie-arome\/#breadcrumb\"},\"inLanguage\":\"en-US\",\"potentialAction\":[{\"@type\":\"ReadAction\",\"target\":[\"https:\/\/howtospa.com\/produit\/friction-aromatiques-bio-respiration-immunite-par-vie-arome\/\"]}]},{\"@type\":\"BreadcrumbList\",\"@id\":\"https:\/\/howtospa.com\/produit\/friction-aromatiques-bio-respiration-immunite-par-vie-arome\/#breadcrumb\",\"itemListElement\":[{\"@type\":\"ListItem\",\"position\":1,\"name\":\"Home\",\"item\":\"https:\/\/howtospa.com\/\"},{\"@type\":\"ListItem\",\"position\":2,\"name\":\"Products\",\"item\":\"https:\/\/howtospa.com\/en\/shop\/\"},{\"@type\":\"ListItem\",\"position\":3,\"name\":\"Friction Aromatiques Bio Respiration \/ Immunit\u00e9 par Vie Ar\u00f4me\"}]},{\"@type\":\"WebSite\",\"@id\":\"https:\/\/howtospa.com\/en\/#website\",\"url\":\"https:\/\/howtospa.com\/en\/\",\"name\":\"HowToSpa -How to vreate your relaxation\",\"description\":\"Kits, programmes et tutoriels de relaxation, auto-massage et bien-\u00eatre chez soi, au bureau ou dans les transports.\",\"publisher\":{\"@id\":\"https:\/\/howtospa.com\/en\/#organization\"},\"potentialAction\":[{\"@type\":\"SearchAction\",\"target\":{\"@type\":\"EntryPoint\",\"urlTemplate\":\"https:\/\/howtospa.com\/en\/?s={search_term_string}\"},\"query-input\":\"required name=search_term_string\"}],\"inLanguage\":\"en-US\"},{\"@type\":\"Organization\",\"@id\":\"https:\/\/howtospa.com\/en\/#organization\",\"name\":\"HowToSpa -How to vreate your relaxation\",\"url\":\"https:\/\/howtospa.com\/en\/\",\"logo\":{\"@type\":\"ImageObject\",\"inLanguage\":\"en-US\",\"@id\":\"https:\/\/howtospa.com\/en\/#\/schema\/logo\/image\/\",\"url\":\"http:\/\/preprod.howtospa.com\/wp-content\/uploads\/2021\/05\/logo-new-site-2.png\",\"contentUrl\":\"http:\/\/preprod.howtospa.com\/wp-content\/uploads\/2021\/05\/logo-new-site-2.png\",\"width\":953,\"height\":332,\"caption\":\"HowToSpa -How to vreate your relaxation\"},\"image\":{\"@id\":\"https:\/\/howtospa.com\/en\/#\/schema\/logo\/image\/\"},\"sameAs\":[\"https:\/\/www.pinterest.fr\/howtospa\"]}]}<\/script>\n<!-- \/ Yoast SEO plugin. -->","yoast_head_json":{"title":"Friction Aromatiques Bio Respiration \/ Immunit\u00e9 par Vie Ar\u00f4me - HowToSpa - How to create your relaxation","robots":{"index":"index","follow":"follow","max-snippet":"max-snippet:-1","max-image-preview":"max-image-preview:large","max-video-preview":"max-video-preview:-1"},"canonical":"https:\/\/howtospa.com\/produit\/friction-aromatiques-bio-respiration-immunite-par-vie-arome\/","og_locale":"en_US","og_type":"article","og_title":"Friction Aromatiques Bio Respiration \/ Immunit\u00e9 par Vie Ar\u00f4me - HowToSpa - How to create your relaxation","og_description":"Renforce les immunit\u00e9s naturelles, aide \u00e0 stopper le d\u00e9veloppement des virus, pr\u00e9vention des probl\u00e8mes de l'hiver.  Flacon 30ml  Composition\u00a0: INCI\u00a0: Eucalyptus Globulus Leaf Oil*, Lavandula Hybrida Oil*, Eucalyptus Radiata Leaf Oil*, Melaleuca Quinquenervia Oil*, Rosmarinus Officinalis (Rosemary) Leaf Oil*, Aniba Rosaeodora (Rosewood) Wood Oil*, Cymbopogon Martinii Oil*, Pinus Sylvestris Leaf Oil*, Pinus Nigra Oil*, Cupressus Sempervirens Oil*, Thymus Zygis Flower Oil*, Thymus Vulgaris (Thyme) Oil*, Laurus Nobilis Oil*, Myrtus Communis Oil*, Santalum Album (Sandalwood) Oil* Benzyl Benzoate, Citral, Citronellol, Coumarin, Eugenol, Farnesol, Geraniol, Limonene, Linalool *100% du total des ingr\u00e9dients sont issus de l\u2019agriculture biologique \/ *100% of the total ingredients are issued from Organic Agriculture.  &nbsp;  Mode d'emploi :  En cure(s) de 3 semaines.  - Frictionner sur le thorax, le plexus solaire et la plante des pieds, en dilution \u00e0 10 % dans une huile vierge bio (Amande douce, Nigelle, Noisette)  - 1 \u00e0 2 gouttes sur une Biopastille (Gel\u00e9e royale, Gingembre\/Cannelle, Propolis\/Eucalyptus, Sapin\/Romarin) 3 fois \/ jour,  ou dans du miel bio (Eucalyptus, Lavande, Sapin, Thym) ou dans de la Propolis bio  - Peut s'utiliser en inhalation s\u00e8che ou humide.","og_url":"https:\/\/howtospa.com\/produit\/friction-aromatiques-bio-respiration-immunite-par-vie-arome\/","og_site_name":"HowToSpa - How to create your relaxation","article_modified_time":"2024-11-18T21:06:56+00:00","og_image":[{"width":1200,"height":800,"url":"https:\/\/howtospa.com\/wp-content\/uploads\/2022\/03\/Friction-Respiration-Immunite.png","type":"image\/png"}],"twitter_card":"summary_large_image","schema":{"@context":"https:\/\/schema.org","@graph":[{"@type":"WebPage","@id":"https:\/\/howtospa.com\/produit\/friction-aromatiques-bio-respiration-immunite-par-vie-arome\/","url":"https:\/\/howtospa.com\/produit\/friction-aromatiques-bio-respiration-immunite-par-vie-arome\/","name":"Friction Aromatiques Bio Respiration \/ Immunit\u00e9 par Vie Ar\u00f4me - HowToSpa - How to create your relaxation","isPartOf":{"@id":"https:\/\/howtospa.com\/en\/#website"},"datePublished":"2022-03-29T13:25:46+00:00","dateModified":"2024-11-18T21:06:56+00:00","breadcrumb":{"@id":"https:\/\/howtospa.com\/produit\/friction-aromatiques-bio-respiration-immunite-par-vie-arome\/#breadcrumb"},"inLanguage":"en-US","potentialAction":[{"@type":"ReadAction","target":["https:\/\/howtospa.com\/produit\/friction-aromatiques-bio-respiration-immunite-par-vie-arome\/"]}]},{"@type":"BreadcrumbList","@id":"https:\/\/howtospa.com\/produit\/friction-aromatiques-bio-respiration-immunite-par-vie-arome\/#breadcrumb","itemListElement":[{"@type":"ListItem","position":1,"name":"Home","item":"https:\/\/howtospa.com\/"},{"@type":"ListItem","position":2,"name":"Products","item":"https:\/\/howtospa.com\/en\/shop\/"},{"@type":"ListItem","position":3,"name":"Friction Aromatiques Bio Respiration \/ Immunit\u00e9 par Vie Ar\u00f4me"}]},{"@type":"WebSite","@id":"https:\/\/howtospa.com\/en\/#website","url":"https:\/\/howtospa.com\/en\/","name":"HowToSpa -How to vreate your relaxation","description":"Kits, programmes et tutoriels de relaxation, auto-massage et bien-\u00eatre chez soi, au bureau ou dans les transports.","publisher":{"@id":"https:\/\/howtospa.com\/en\/#organization"},"potentialAction":[{"@type":"SearchAction","target":{"@type":"EntryPoint","urlTemplate":"https:\/\/howtospa.com\/en\/?s={search_term_string}"},"query-input":"required name=search_term_string"}],"inLanguage":"en-US"},{"@type":"Organization","@id":"https:\/\/howtospa.com\/en\/#organization","name":"HowToSpa -How to vreate your relaxation","url":"https:\/\/howtospa.com\/en\/","logo":{"@type":"ImageObject","inLanguage":"en-US","@id":"https:\/\/howtospa.com\/en\/#\/schema\/logo\/image\/","url":"http:\/\/preprod.howtospa.com\/wp-content\/uploads\/2021\/05\/logo-new-site-2.png","contentUrl":"http:\/\/preprod.howtospa.com\/wp-content\/uploads\/2021\/05\/logo-new-site-2.png","width":953,"height":332,"caption":"HowToSpa -How to vreate your relaxation"},"image":{"@id":"https:\/\/howtospa.com\/en\/#\/schema\/logo\/image\/"},"sameAs":["https:\/\/www.pinterest.fr\/howtospa"]}]}},"_links":{"self":[{"href":"https:\/\/howtospa.com\/en\/wp-json\/wp\/v2\/product\/29446","targetHints":{"allow":["GET"]}}],"collection":[{"href":"https:\/\/howtospa.com\/en\/wp-json\/wp\/v2\/product"}],"about":[{"href":"https:\/\/howtospa.com\/en\/wp-json\/wp\/v2\/types\/product"}],"wp:featuredmedia":[{"embeddable":true,"href":"https:\/\/howtospa.com\/en\/wp-json\/wp\/v2\/media\/29449"}],"wp:attachment":[{"href":"https:\/\/howtospa.com\/en\/wp-json\/wp\/v2\/media?parent=29446"}],"wp:term":[{"taxonomy":"product_cat","embeddable":true,"href":"https:\/\/howtospa.com\/en\/wp-json\/wp\/v2\/product_cat?post=29446"},{"taxonomy":"product_tag","embeddable":true,"href":"https:\/\/howtospa.com\/en\/wp-json\/wp\/v2\/product_tag?post=29446"}],"curies":[{"name":"wp","href":"https:\/\/api.w.org\/{rel}","templated":true}]}}