{"id":29451,"date":"2022-03-29T15:30:25","date_gmt":"2022-03-29T13:30:25","guid":{"rendered":"http:\/\/preprod.howtospa.com\/?post_type=product&#038;p=29451"},"modified":"2025-09-09T20:22:31","modified_gmt":"2025-09-09T18:22:31","slug":"friction-aromatiques-bio-energizing-par-vie-arome","status":"publish","type":"product","link":"https:\/\/howtospa.com\/en\/produit\/friction-aromatiques-bio-energizing-par-vie-arome\/","title":{"rendered":"Friction Aromatiques Bio Energizing par Vie Ar\u00f4me"},"content":{"rendered":"","protected":false},"excerpt":{"rendered":"<p>Redynamisant, r\u00e9\u00e9quilibre en cas de fatigue physique et intellectuelle.<\/p>\n<p>Flacon 30 ml<\/p>\n<p>Composition :<\/p>\n<p>INCI\u00a0: Rosmarinus Officinalis (Rosemary) Leaf Oil*, Pinus Sylvestris Leaf Oil*, Lavandula Hybrida Oil*, Satureia Montana Oil*, Cananga Odorata Flower Oil*, Mentha Piperita (Peppermint) Oil*, Origanum Vulgare Oil*, Coriandrum Sativum (Coriander) Fruit Oil*, Cinnamomum Zeylanicum Leaf Oil*, Litsea Cubeba Fruit Oil*, Rosa Damascena Flower Oil*<br \/>\nBenzyl Alcohol, Benzyl Benzoate, Benzyl Salicylate, Cinnamal, Cinnamyl Alcohol, Citral, Citronellol, Coumarin, Eugenol, Farnesol, Geraniol, Isoeugenol, Limonene, Linalool<br \/>\n*100% du total des ingr\u00e9dients sont issus de l\u2019agriculture biologique \/ *100% of the total ingredients are issued from Organic Agriculture.<\/p>\n<p>&nbsp;<\/p>\n<p>Mode d&#8217;emploi :<\/p>\n<p>En cure(s) de 3 semaines.<\/p>\n<p>&#8211; Frictionner le matin (ou le soir pour le c\u00f4t\u00e9 aphrodisiaque) 20 gouttes sur le plexus solaire, la nuque, les surr\u00e9nales et la plante des pieds, en dilution dans une CS d&#8217;huile vierge bio de Noisette<\/p>\n<p>&#8211; 1 \u00e0 2 gouttes sur une Biopastille (Acerola, Argousier\/Bergamote, Citron, Gingembre\/Cannelle, Guarana\/Citron, Guarana\/Vanille, Orange) 3 fois par jour,<\/p>\n<p>ou dans une CC de miel bio (Ch\u00e2taignier, For\u00eat, Thym)<\/p>\n","protected":false},"featured_media":29452,"template":"","meta":{"_ppp_document_settings_meta":""},"product_cat":[448,519],"product_tag":[],"class_list":{"0":"post-29451","1":"product","2":"type-product","3":"status-publish","4":"has-post-thumbnail","6":"product_cat-cosmetiques","7":"product_cat-diyfr"},"composite_layout":"","composite_add_to_cart_form_location":"","composite_editable_in_cart":false,"composite_sold_individually_context":"","composite_shop_price_calc":"","composite_components":[],"composite_scenarios":[],"yoast_head":"<!-- This site is optimized with the Yoast SEO plugin v20.9 - https:\/\/yoast.com\/wordpress\/plugins\/seo\/ -->\n<title>Friction Aromatiques Bio Energizing par Vie Ar\u00f4me - HowToSpa - How to create your relaxation<\/title>\n<meta name=\"robots\" content=\"index, follow, max-snippet:-1, max-image-preview:large, max-video-preview:-1\" \/>\n<link rel=\"canonical\" href=\"https:\/\/howtospa.com\/produit\/friction-aromatiques-bio-energizing-par-vie-arome\/\" \/>\n<meta property=\"og:locale\" content=\"en_US\" \/>\n<meta property=\"og:type\" content=\"article\" \/>\n<meta property=\"og:title\" content=\"Friction Aromatiques Bio Energizing par Vie Ar\u00f4me - HowToSpa - How to create your relaxation\" \/>\n<meta property=\"og:description\" content=\"Redynamisant, r\u00e9\u00e9quilibre en cas de fatigue physique et intellectuelle.  Flacon 30 ml  Composition :  INCI\u00a0: Rosmarinus Officinalis (Rosemary) Leaf Oil*, Pinus Sylvestris Leaf Oil*, Lavandula Hybrida Oil*, Satureia Montana Oil*, Cananga Odorata Flower Oil*, Mentha Piperita (Peppermint) Oil*, Origanum Vulgare Oil*, Coriandrum Sativum (Coriander) Fruit Oil*, Cinnamomum Zeylanicum Leaf Oil*, Litsea Cubeba Fruit Oil*, Rosa Damascena Flower Oil* Benzyl Alcohol, Benzyl Benzoate, Benzyl Salicylate, Cinnamal, Cinnamyl Alcohol, Citral, Citronellol, Coumarin, Eugenol, Farnesol, Geraniol, Isoeugenol, Limonene, Linalool *100% du total des ingr\u00e9dients sont issus de l\u2019agriculture biologique \/ *100% of the total ingredients are issued from Organic Agriculture.  &nbsp;  Mode d&#039;emploi :  En cure(s) de 3 semaines.  - Frictionner le matin (ou le soir pour le c\u00f4t\u00e9 aphrodisiaque) 20 gouttes sur le plexus solaire, la nuque, les surr\u00e9nales et la plante des pieds, en dilution dans une CS d&#039;huile vierge bio de Noisette  - 1 \u00e0 2 gouttes sur une Biopastille (Acerola, Argousier\/Bergamote, Citron, Gingembre\/Cannelle, Guarana\/Citron, Guarana\/Vanille, Orange) 3 fois par jour,  ou dans une CC de miel bio (Ch\u00e2taignier, For\u00eat, Thym)\" \/>\n<meta property=\"og:url\" content=\"https:\/\/howtospa.com\/produit\/friction-aromatiques-bio-energizing-par-vie-arome\/\" \/>\n<meta property=\"og:site_name\" content=\"HowToSpa - How to create your relaxation\" \/>\n<meta property=\"article:modified_time\" content=\"2025-09-09T18:22:31+00:00\" \/>\n<meta property=\"og:image\" content=\"https:\/\/howtospa.com\/wp-content\/uploads\/2022\/03\/Friction-Energizing.png\" \/>\n\t<meta property=\"og:image:width\" content=\"1200\" \/>\n\t<meta property=\"og:image:height\" content=\"800\" \/>\n\t<meta property=\"og:image:type\" content=\"image\/png\" \/>\n<meta name=\"twitter:card\" content=\"summary_large_image\" \/>\n<script type=\"application\/ld+json\" class=\"yoast-schema-graph\">{\"@context\":\"https:\/\/schema.org\",\"@graph\":[{\"@type\":\"WebPage\",\"@id\":\"https:\/\/howtospa.com\/produit\/friction-aromatiques-bio-energizing-par-vie-arome\/\",\"url\":\"https:\/\/howtospa.com\/produit\/friction-aromatiques-bio-energizing-par-vie-arome\/\",\"name\":\"Friction Aromatiques Bio Energizing par Vie Ar\u00f4me - HowToSpa - How to create your relaxation\",\"isPartOf\":{\"@id\":\"https:\/\/howtospa.com\/en\/#website\"},\"datePublished\":\"2022-03-29T13:30:25+00:00\",\"dateModified\":\"2025-09-09T18:22:31+00:00\",\"breadcrumb\":{\"@id\":\"https:\/\/howtospa.com\/produit\/friction-aromatiques-bio-energizing-par-vie-arome\/#breadcrumb\"},\"inLanguage\":\"en-US\",\"potentialAction\":[{\"@type\":\"ReadAction\",\"target\":[\"https:\/\/howtospa.com\/produit\/friction-aromatiques-bio-energizing-par-vie-arome\/\"]}]},{\"@type\":\"BreadcrumbList\",\"@id\":\"https:\/\/howtospa.com\/produit\/friction-aromatiques-bio-energizing-par-vie-arome\/#breadcrumb\",\"itemListElement\":[{\"@type\":\"ListItem\",\"position\":1,\"name\":\"Home\",\"item\":\"https:\/\/howtospa.com\/\"},{\"@type\":\"ListItem\",\"position\":2,\"name\":\"Products\",\"item\":\"https:\/\/howtospa.com\/en\/shop\/\"},{\"@type\":\"ListItem\",\"position\":3,\"name\":\"Friction Aromatiques Bio Energizing par Vie Ar\u00f4me\"}]},{\"@type\":\"WebSite\",\"@id\":\"https:\/\/howtospa.com\/en\/#website\",\"url\":\"https:\/\/howtospa.com\/en\/\",\"name\":\"HowToSpa -How to vreate your relaxation\",\"description\":\"Kits, programmes et tutoriels de relaxation, auto-massage et bien-\u00eatre chez soi, au bureau ou dans les transports.\",\"publisher\":{\"@id\":\"https:\/\/howtospa.com\/en\/#organization\"},\"potentialAction\":[{\"@type\":\"SearchAction\",\"target\":{\"@type\":\"EntryPoint\",\"urlTemplate\":\"https:\/\/howtospa.com\/en\/?s={search_term_string}\"},\"query-input\":\"required name=search_term_string\"}],\"inLanguage\":\"en-US\"},{\"@type\":\"Organization\",\"@id\":\"https:\/\/howtospa.com\/en\/#organization\",\"name\":\"HowToSpa -How to vreate your relaxation\",\"url\":\"https:\/\/howtospa.com\/en\/\",\"logo\":{\"@type\":\"ImageObject\",\"inLanguage\":\"en-US\",\"@id\":\"https:\/\/howtospa.com\/en\/#\/schema\/logo\/image\/\",\"url\":\"http:\/\/preprod.howtospa.com\/wp-content\/uploads\/2021\/05\/logo-new-site-2.png\",\"contentUrl\":\"http:\/\/preprod.howtospa.com\/wp-content\/uploads\/2021\/05\/logo-new-site-2.png\",\"width\":953,\"height\":332,\"caption\":\"HowToSpa -How to vreate your relaxation\"},\"image\":{\"@id\":\"https:\/\/howtospa.com\/en\/#\/schema\/logo\/image\/\"},\"sameAs\":[\"https:\/\/www.pinterest.fr\/howtospa\"]}]}<\/script>\n<!-- \/ Yoast SEO plugin. -->","yoast_head_json":{"title":"Friction Aromatiques Bio Energizing par Vie Ar\u00f4me - HowToSpa - How to create your relaxation","robots":{"index":"index","follow":"follow","max-snippet":"max-snippet:-1","max-image-preview":"max-image-preview:large","max-video-preview":"max-video-preview:-1"},"canonical":"https:\/\/howtospa.com\/produit\/friction-aromatiques-bio-energizing-par-vie-arome\/","og_locale":"en_US","og_type":"article","og_title":"Friction Aromatiques Bio Energizing par Vie Ar\u00f4me - HowToSpa - How to create your relaxation","og_description":"Redynamisant, r\u00e9\u00e9quilibre en cas de fatigue physique et intellectuelle.  Flacon 30 ml  Composition :  INCI\u00a0: Rosmarinus Officinalis (Rosemary) Leaf Oil*, Pinus Sylvestris Leaf Oil*, Lavandula Hybrida Oil*, Satureia Montana Oil*, Cananga Odorata Flower Oil*, Mentha Piperita (Peppermint) Oil*, Origanum Vulgare Oil*, Coriandrum Sativum (Coriander) Fruit Oil*, Cinnamomum Zeylanicum Leaf Oil*, Litsea Cubeba Fruit Oil*, Rosa Damascena Flower Oil* Benzyl Alcohol, Benzyl Benzoate, Benzyl Salicylate, Cinnamal, Cinnamyl Alcohol, Citral, Citronellol, Coumarin, Eugenol, Farnesol, Geraniol, Isoeugenol, Limonene, Linalool *100% du total des ingr\u00e9dients sont issus de l\u2019agriculture biologique \/ *100% of the total ingredients are issued from Organic Agriculture.  &nbsp;  Mode d'emploi :  En cure(s) de 3 semaines.  - Frictionner le matin (ou le soir pour le c\u00f4t\u00e9 aphrodisiaque) 20 gouttes sur le plexus solaire, la nuque, les surr\u00e9nales et la plante des pieds, en dilution dans une CS d'huile vierge bio de Noisette  - 1 \u00e0 2 gouttes sur une Biopastille (Acerola, Argousier\/Bergamote, Citron, Gingembre\/Cannelle, Guarana\/Citron, Guarana\/Vanille, Orange) 3 fois par jour,  ou dans une CC de miel bio (Ch\u00e2taignier, For\u00eat, Thym)","og_url":"https:\/\/howtospa.com\/produit\/friction-aromatiques-bio-energizing-par-vie-arome\/","og_site_name":"HowToSpa - How to create your relaxation","article_modified_time":"2025-09-09T18:22:31+00:00","og_image":[{"width":1200,"height":800,"url":"https:\/\/howtospa.com\/wp-content\/uploads\/2022\/03\/Friction-Energizing.png","type":"image\/png"}],"twitter_card":"summary_large_image","schema":{"@context":"https:\/\/schema.org","@graph":[{"@type":"WebPage","@id":"https:\/\/howtospa.com\/produit\/friction-aromatiques-bio-energizing-par-vie-arome\/","url":"https:\/\/howtospa.com\/produit\/friction-aromatiques-bio-energizing-par-vie-arome\/","name":"Friction Aromatiques Bio Energizing par Vie Ar\u00f4me - HowToSpa - How to create your relaxation","isPartOf":{"@id":"https:\/\/howtospa.com\/en\/#website"},"datePublished":"2022-03-29T13:30:25+00:00","dateModified":"2025-09-09T18:22:31+00:00","breadcrumb":{"@id":"https:\/\/howtospa.com\/produit\/friction-aromatiques-bio-energizing-par-vie-arome\/#breadcrumb"},"inLanguage":"en-US","potentialAction":[{"@type":"ReadAction","target":["https:\/\/howtospa.com\/produit\/friction-aromatiques-bio-energizing-par-vie-arome\/"]}]},{"@type":"BreadcrumbList","@id":"https:\/\/howtospa.com\/produit\/friction-aromatiques-bio-energizing-par-vie-arome\/#breadcrumb","itemListElement":[{"@type":"ListItem","position":1,"name":"Home","item":"https:\/\/howtospa.com\/"},{"@type":"ListItem","position":2,"name":"Products","item":"https:\/\/howtospa.com\/en\/shop\/"},{"@type":"ListItem","position":3,"name":"Friction Aromatiques Bio Energizing par Vie Ar\u00f4me"}]},{"@type":"WebSite","@id":"https:\/\/howtospa.com\/en\/#website","url":"https:\/\/howtospa.com\/en\/","name":"HowToSpa -How to vreate your relaxation","description":"Kits, programmes et tutoriels de relaxation, auto-massage et bien-\u00eatre chez soi, au bureau ou dans les transports.","publisher":{"@id":"https:\/\/howtospa.com\/en\/#organization"},"potentialAction":[{"@type":"SearchAction","target":{"@type":"EntryPoint","urlTemplate":"https:\/\/howtospa.com\/en\/?s={search_term_string}"},"query-input":"required name=search_term_string"}],"inLanguage":"en-US"},{"@type":"Organization","@id":"https:\/\/howtospa.com\/en\/#organization","name":"HowToSpa -How to vreate your relaxation","url":"https:\/\/howtospa.com\/en\/","logo":{"@type":"ImageObject","inLanguage":"en-US","@id":"https:\/\/howtospa.com\/en\/#\/schema\/logo\/image\/","url":"http:\/\/preprod.howtospa.com\/wp-content\/uploads\/2021\/05\/logo-new-site-2.png","contentUrl":"http:\/\/preprod.howtospa.com\/wp-content\/uploads\/2021\/05\/logo-new-site-2.png","width":953,"height":332,"caption":"HowToSpa -How to vreate your relaxation"},"image":{"@id":"https:\/\/howtospa.com\/en\/#\/schema\/logo\/image\/"},"sameAs":["https:\/\/www.pinterest.fr\/howtospa"]}]}},"_links":{"self":[{"href":"https:\/\/howtospa.com\/en\/wp-json\/wp\/v2\/product\/29451","targetHints":{"allow":["GET"]}}],"collection":[{"href":"https:\/\/howtospa.com\/en\/wp-json\/wp\/v2\/product"}],"about":[{"href":"https:\/\/howtospa.com\/en\/wp-json\/wp\/v2\/types\/product"}],"wp:featuredmedia":[{"embeddable":true,"href":"https:\/\/howtospa.com\/en\/wp-json\/wp\/v2\/media\/29452"}],"wp:attachment":[{"href":"https:\/\/howtospa.com\/en\/wp-json\/wp\/v2\/media?parent=29451"}],"wp:term":[{"taxonomy":"product_cat","embeddable":true,"href":"https:\/\/howtospa.com\/en\/wp-json\/wp\/v2\/product_cat?post=29451"},{"taxonomy":"product_tag","embeddable":true,"href":"https:\/\/howtospa.com\/en\/wp-json\/wp\/v2\/product_tag?post=29451"}],"curies":[{"name":"wp","href":"https:\/\/api.w.org\/{rel}","templated":true}]}}