{"id":29454,"date":"2022-08-01T17:58:03","date_gmt":"2022-08-01T15:58:03","guid":{"rendered":"https:\/\/howtospa.com\/?post_type=product&#038;p=29454"},"modified":"2024-11-18T22:05:34","modified_gmt":"2024-11-18T21:05:34","slug":"friction-aromatiques-bio-harmonie-par-vie-arome","status":"publish","type":"product","link":"https:\/\/howtospa.com\/en\/produit\/friction-aromatiques-bio-harmonie-par-vie-arome\/","title":{"rendered":"Friction Aromatiques Bio Harmonie par Vie Ar\u00f4me"},"content":{"rendered":"","protected":false},"excerpt":{"rendered":"<p>Favorise le calme int\u00e9rieur, m\u00e9ditation, yoga, favorise d\u00e9tente et relaxation.<\/p>\n<p>Composition\u00a0:<br \/>\nINCI\u00a0: Cedrus Atlantica Bark Oil*, Aniba Rosaeodora (Rosewood) Wood Oil*, Ormenis Multicaulis Oil*, Anthemis Nobilis Flower Oil*, Lavandula Hybrida Oil*, Santalum Album (Sandalwood) Oil*, Litsea Cubeba Fruit Oil*, Rosa Damascena Flower Oil*<br \/>\nBenzyl Benzoate, Citral, Citronellol, Coumarin, Geraniol, Limonene, Linalool<br \/>\n*100% du total des ingr\u00e9dients sont issus de l\u2019agriculture biologique \/ *100% of the total ingredients are issued from Organic Agriculture.<\/p>\n<p>&nbsp;<\/p>\n<p>Mode d&#8217;emploi :<\/p>\n<p>En cure(s) de 3 semaines.<\/p>\n<p>&#8211; Frictionner 20 gouttes sur le plexus solaire, la nuque, la colonne vert\u00e9brale et la plante des pieds, en dilution dans une CS d&#8217;huile vierge bio (Base neutre, S\u00e9same)<\/p>\n<p>&#8211; 1 \u00e0 2 gouttes 3 fois par jour, \u00e0 laper ou sur une Biopastille (Camomille\/Pamplemousse, Verveine), ou dans une CC de miel bio (Tilleul\/Acacia)<\/p>\n<p>&nbsp;<\/p>\n<p>Conseils compl\u00e9mentaires : Pour optimiser le r\u00e9sultat :<\/p>\n<p>&#8211; Diffusion d&#8217;ar\u00f4mes avec la Diffuselle &#8220;Harmonie&#8221; ou Parfum d&#8217;ambiance &#8220;S\u00e9r\u00e9nitude&#8221;<\/p>\n<p>&#8211; Associer une cure d&#8217;hydrosols bio de Camomille romaine, Lavande ou N\u00e9roli en boisson aromatique journali\u00e8re (drainage)<\/p>\n<p>&#8211; Faire en parall\u00e8le une cure d&#8217;huile vierge bio de Cameline, Germe de bl\u00e9 et\/ou Noisette (1 cuill\u00e9r\u00e9e \u00e0 caf\u00e9 matin et soir)<\/p>\n<p>&#8211; Boire une Tisane Maison bio d&#8217;Eschcholtzia (Fleurs) ou de Tilleul des Baronnies (Bract\u00e9es) dans la journ\u00e9e.<\/p>\n<p>&#8211; Baln\u00e9oth\u00e9rapie avec les hydrosols de M\u00e9lisse, Lavande officinale ou Camomille romaine<\/p>\n","protected":false},"featured_media":29455,"template":"","meta":{"_ppp_document_settings_meta":""},"product_cat":[448,519],"product_tag":[],"composite_layout":"","composite_add_to_cart_form_location":"","composite_editable_in_cart":false,"composite_sold_individually_context":"","composite_shop_price_calc":"","composite_components":[],"composite_scenarios":[],"yoast_head":"<!-- This site is optimized with the Yoast SEO plugin v20.9 - https:\/\/yoast.com\/wordpress\/plugins\/seo\/ -->\n<title>Friction Aromatiques Bio Harmonie par Vie Ar\u00f4me - HowToSpa - How to create your relaxation<\/title>\n<meta name=\"robots\" content=\"index, follow, max-snippet:-1, max-image-preview:large, max-video-preview:-1\" \/>\n<link rel=\"canonical\" href=\"https:\/\/howtospa.com\/produit\/friction-aromatiques-bio-harmonie-par-vie-arome\/\" \/>\n<meta property=\"og:locale\" content=\"en_US\" \/>\n<meta property=\"og:type\" content=\"article\" \/>\n<meta property=\"og:title\" content=\"Friction Aromatiques Bio Harmonie par Vie Ar\u00f4me - HowToSpa - How to create your relaxation\" \/>\n<meta property=\"og:description\" content=\"Favorise le calme int\u00e9rieur, m\u00e9ditation, yoga, favorise d\u00e9tente et relaxation.  Composition\u00a0: INCI\u00a0: Cedrus Atlantica Bark Oil*, Aniba Rosaeodora (Rosewood) Wood Oil*, Ormenis Multicaulis Oil*, Anthemis Nobilis Flower Oil*, Lavandula Hybrida Oil*, Santalum Album (Sandalwood) Oil*, Litsea Cubeba Fruit Oil*, Rosa Damascena Flower Oil* Benzyl Benzoate, Citral, Citronellol, Coumarin, Geraniol, Limonene, Linalool *100% du total des ingr\u00e9dients sont issus de l\u2019agriculture biologique \/ *100% of the total ingredients are issued from Organic Agriculture.  &nbsp;  Mode d&#039;emploi :  En cure(s) de 3 semaines.  - Frictionner 20 gouttes sur le plexus solaire, la nuque, la colonne vert\u00e9brale et la plante des pieds, en dilution dans une CS d&#039;huile vierge bio (Base neutre, S\u00e9same)  - 1 \u00e0 2 gouttes 3 fois par jour, \u00e0 laper ou sur une Biopastille (Camomille\/Pamplemousse, Verveine), ou dans une CC de miel bio (Tilleul\/Acacia)  &nbsp;  Conseils compl\u00e9mentaires : Pour optimiser le r\u00e9sultat :  - Diffusion d&#039;ar\u00f4mes avec la Diffuselle &quot;Harmonie&quot; ou Parfum d&#039;ambiance &quot;S\u00e9r\u00e9nitude&quot;  - Associer une cure d&#039;hydrosols bio de Camomille romaine, Lavande ou N\u00e9roli en boisson aromatique journali\u00e8re (drainage)  - Faire en parall\u00e8le une cure d&#039;huile vierge bio de Cameline, Germe de bl\u00e9 et\/ou Noisette (1 cuill\u00e9r\u00e9e \u00e0 caf\u00e9 matin et soir)  - Boire une Tisane Maison bio d&#039;Eschcholtzia (Fleurs) ou de Tilleul des Baronnies (Bract\u00e9es) dans la journ\u00e9e.  - Baln\u00e9oth\u00e9rapie avec les hydrosols de M\u00e9lisse, Lavande officinale ou Camomille romaine\" \/>\n<meta property=\"og:url\" content=\"https:\/\/howtospa.com\/produit\/friction-aromatiques-bio-harmonie-par-vie-arome\/\" \/>\n<meta property=\"og:site_name\" content=\"HowToSpa - How to create your relaxation\" \/>\n<meta property=\"article:modified_time\" content=\"2024-11-18T21:05:34+00:00\" \/>\n<meta property=\"og:image\" content=\"https:\/\/howtospa.com\/wp-content\/uploads\/2022\/03\/Friction-Harmonie.png\" \/>\n\t<meta property=\"og:image:width\" content=\"1200\" \/>\n\t<meta property=\"og:image:height\" content=\"800\" \/>\n\t<meta property=\"og:image:type\" content=\"image\/png\" \/>\n<meta name=\"twitter:card\" content=\"summary_large_image\" \/>\n<script type=\"application\/ld+json\" class=\"yoast-schema-graph\">{\"@context\":\"https:\/\/schema.org\",\"@graph\":[{\"@type\":\"WebPage\",\"@id\":\"https:\/\/howtospa.com\/produit\/friction-aromatiques-bio-harmonie-par-vie-arome\/\",\"url\":\"https:\/\/howtospa.com\/produit\/friction-aromatiques-bio-harmonie-par-vie-arome\/\",\"name\":\"Friction Aromatiques Bio Harmonie par Vie Ar\u00f4me - HowToSpa - How to create your relaxation\",\"isPartOf\":{\"@id\":\"https:\/\/howtospa.com\/#website\"},\"datePublished\":\"2022-08-01T15:58:03+00:00\",\"dateModified\":\"2024-11-18T21:05:34+00:00\",\"breadcrumb\":{\"@id\":\"https:\/\/howtospa.com\/produit\/friction-aromatiques-bio-harmonie-par-vie-arome\/#breadcrumb\"},\"inLanguage\":\"en-US\",\"potentialAction\":[{\"@type\":\"ReadAction\",\"target\":[\"https:\/\/howtospa.com\/produit\/friction-aromatiques-bio-harmonie-par-vie-arome\/\"]}]},{\"@type\":\"BreadcrumbList\",\"@id\":\"https:\/\/howtospa.com\/produit\/friction-aromatiques-bio-harmonie-par-vie-arome\/#breadcrumb\",\"itemListElement\":[{\"@type\":\"ListItem\",\"position\":1,\"name\":\"Home\",\"item\":\"https:\/\/howtospa.com\/en\/\"},{\"@type\":\"ListItem\",\"position\":2,\"name\":\"Produits\",\"item\":\"https:\/\/howtospa.com\/shop\/\"},{\"@type\":\"ListItem\",\"position\":3,\"name\":\"Friction Aromatiques Bio Harmonie par Vie Ar\u00f4me\"}]},{\"@type\":\"WebSite\",\"@id\":\"https:\/\/howtospa.com\/#website\",\"url\":\"https:\/\/howtospa.com\/\",\"name\":\"HowToSpa -How to vreate your relaxation\",\"description\":\"Kits, programmes et tutoriels de relaxation, auto-massage et bien-\u00eatre chez soi, au bureau ou dans les transports.\",\"publisher\":{\"@id\":\"https:\/\/howtospa.com\/#organization\"},\"potentialAction\":[{\"@type\":\"SearchAction\",\"target\":{\"@type\":\"EntryPoint\",\"urlTemplate\":\"https:\/\/howtospa.com\/?s={search_term_string}\"},\"query-input\":\"required name=search_term_string\"}],\"inLanguage\":\"en-US\"},{\"@type\":\"Organization\",\"@id\":\"https:\/\/howtospa.com\/#organization\",\"name\":\"HowToSpa -How to vreate your relaxation\",\"url\":\"https:\/\/howtospa.com\/\",\"logo\":{\"@type\":\"ImageObject\",\"inLanguage\":\"en-US\",\"@id\":\"https:\/\/howtospa.com\/#\/schema\/logo\/image\/\",\"url\":\"https:\/\/howtospa.com\/wp-content\/uploads\/2021\/05\/logo-new-site-2.png\",\"contentUrl\":\"https:\/\/howtospa.com\/wp-content\/uploads\/2021\/05\/logo-new-site-2.png\",\"width\":953,\"height\":332,\"caption\":\"HowToSpa -How to vreate your relaxation\"},\"image\":{\"@id\":\"https:\/\/howtospa.com\/#\/schema\/logo\/image\/\"},\"sameAs\":[\"https:\/\/www.pinterest.fr\/howtospa\"]}]}<\/script>\n<!-- \/ Yoast SEO plugin. -->","yoast_head_json":{"title":"Friction Aromatiques Bio Harmonie par Vie Ar\u00f4me - HowToSpa - How to create your relaxation","robots":{"index":"index","follow":"follow","max-snippet":"max-snippet:-1","max-image-preview":"max-image-preview:large","max-video-preview":"max-video-preview:-1"},"canonical":"https:\/\/howtospa.com\/produit\/friction-aromatiques-bio-harmonie-par-vie-arome\/","og_locale":"en_US","og_type":"article","og_title":"Friction Aromatiques Bio Harmonie par Vie Ar\u00f4me - HowToSpa - How to create your relaxation","og_description":"Favorise le calme int\u00e9rieur, m\u00e9ditation, yoga, favorise d\u00e9tente et relaxation.  Composition\u00a0: INCI\u00a0: Cedrus Atlantica Bark Oil*, Aniba Rosaeodora (Rosewood) Wood Oil*, Ormenis Multicaulis Oil*, Anthemis Nobilis Flower Oil*, Lavandula Hybrida Oil*, Santalum Album (Sandalwood) Oil*, Litsea Cubeba Fruit Oil*, Rosa Damascena Flower Oil* Benzyl Benzoate, Citral, Citronellol, Coumarin, Geraniol, Limonene, Linalool *100% du total des ingr\u00e9dients sont issus de l\u2019agriculture biologique \/ *100% of the total ingredients are issued from Organic Agriculture.  &nbsp;  Mode d'emploi :  En cure(s) de 3 semaines.  - Frictionner 20 gouttes sur le plexus solaire, la nuque, la colonne vert\u00e9brale et la plante des pieds, en dilution dans une CS d'huile vierge bio (Base neutre, S\u00e9same)  - 1 \u00e0 2 gouttes 3 fois par jour, \u00e0 laper ou sur une Biopastille (Camomille\/Pamplemousse, Verveine), ou dans une CC de miel bio (Tilleul\/Acacia)  &nbsp;  Conseils compl\u00e9mentaires : Pour optimiser le r\u00e9sultat :  - Diffusion d'ar\u00f4mes avec la Diffuselle \"Harmonie\" ou Parfum d'ambiance \"S\u00e9r\u00e9nitude\"  - Associer une cure d'hydrosols bio de Camomille romaine, Lavande ou N\u00e9roli en boisson aromatique journali\u00e8re (drainage)  - Faire en parall\u00e8le une cure d'huile vierge bio de Cameline, Germe de bl\u00e9 et\/ou Noisette (1 cuill\u00e9r\u00e9e \u00e0 caf\u00e9 matin et soir)  - Boire une Tisane Maison bio d'Eschcholtzia (Fleurs) ou de Tilleul des Baronnies (Bract\u00e9es) dans la journ\u00e9e.  - Baln\u00e9oth\u00e9rapie avec les hydrosols de M\u00e9lisse, Lavande officinale ou Camomille romaine","og_url":"https:\/\/howtospa.com\/produit\/friction-aromatiques-bio-harmonie-par-vie-arome\/","og_site_name":"HowToSpa - How to create your relaxation","article_modified_time":"2024-11-18T21:05:34+00:00","og_image":[{"width":1200,"height":800,"url":"https:\/\/howtospa.com\/wp-content\/uploads\/2022\/03\/Friction-Harmonie.png","type":"image\/png"}],"twitter_card":"summary_large_image","schema":{"@context":"https:\/\/schema.org","@graph":[{"@type":"WebPage","@id":"https:\/\/howtospa.com\/produit\/friction-aromatiques-bio-harmonie-par-vie-arome\/","url":"https:\/\/howtospa.com\/produit\/friction-aromatiques-bio-harmonie-par-vie-arome\/","name":"Friction Aromatiques Bio Harmonie par Vie Ar\u00f4me - HowToSpa - How to create your relaxation","isPartOf":{"@id":"https:\/\/howtospa.com\/#website"},"datePublished":"2022-08-01T15:58:03+00:00","dateModified":"2024-11-18T21:05:34+00:00","breadcrumb":{"@id":"https:\/\/howtospa.com\/produit\/friction-aromatiques-bio-harmonie-par-vie-arome\/#breadcrumb"},"inLanguage":"en-US","potentialAction":[{"@type":"ReadAction","target":["https:\/\/howtospa.com\/produit\/friction-aromatiques-bio-harmonie-par-vie-arome\/"]}]},{"@type":"BreadcrumbList","@id":"https:\/\/howtospa.com\/produit\/friction-aromatiques-bio-harmonie-par-vie-arome\/#breadcrumb","itemListElement":[{"@type":"ListItem","position":1,"name":"Home","item":"https:\/\/howtospa.com\/en\/"},{"@type":"ListItem","position":2,"name":"Produits","item":"https:\/\/howtospa.com\/shop\/"},{"@type":"ListItem","position":3,"name":"Friction Aromatiques Bio Harmonie par Vie Ar\u00f4me"}]},{"@type":"WebSite","@id":"https:\/\/howtospa.com\/#website","url":"https:\/\/howtospa.com\/","name":"HowToSpa -How to vreate your relaxation","description":"Kits, programmes et tutoriels de relaxation, auto-massage et bien-\u00eatre chez soi, au bureau ou dans les transports.","publisher":{"@id":"https:\/\/howtospa.com\/#organization"},"potentialAction":[{"@type":"SearchAction","target":{"@type":"EntryPoint","urlTemplate":"https:\/\/howtospa.com\/?s={search_term_string}"},"query-input":"required name=search_term_string"}],"inLanguage":"en-US"},{"@type":"Organization","@id":"https:\/\/howtospa.com\/#organization","name":"HowToSpa -How to vreate your relaxation","url":"https:\/\/howtospa.com\/","logo":{"@type":"ImageObject","inLanguage":"en-US","@id":"https:\/\/howtospa.com\/#\/schema\/logo\/image\/","url":"https:\/\/howtospa.com\/wp-content\/uploads\/2021\/05\/logo-new-site-2.png","contentUrl":"https:\/\/howtospa.com\/wp-content\/uploads\/2021\/05\/logo-new-site-2.png","width":953,"height":332,"caption":"HowToSpa -How to vreate your relaxation"},"image":{"@id":"https:\/\/howtospa.com\/#\/schema\/logo\/image\/"},"sameAs":["https:\/\/www.pinterest.fr\/howtospa"]}]}},"_links":{"self":[{"href":"https:\/\/howtospa.com\/en\/wp-json\/wp\/v2\/product\/29454"}],"collection":[{"href":"https:\/\/howtospa.com\/en\/wp-json\/wp\/v2\/product"}],"about":[{"href":"https:\/\/howtospa.com\/en\/wp-json\/wp\/v2\/types\/product"}],"wp:featuredmedia":[{"embeddable":true,"href":"https:\/\/howtospa.com\/en\/wp-json\/wp\/v2\/media\/29455"}],"wp:attachment":[{"href":"https:\/\/howtospa.com\/en\/wp-json\/wp\/v2\/media?parent=29454"}],"wp:term":[{"taxonomy":"product_cat","embeddable":true,"href":"https:\/\/howtospa.com\/en\/wp-json\/wp\/v2\/product_cat?post=29454"},{"taxonomy":"product_tag","embeddable":true,"href":"https:\/\/howtospa.com\/en\/wp-json\/wp\/v2\/product_tag?post=29454"}],"curies":[{"name":"wp","href":"https:\/\/api.w.org\/{rel}","templated":true}]}}