{"id":29457,"date":"2022-03-29T15:36:39","date_gmt":"2022-03-29T13:36:39","guid":{"rendered":"https:\/\/howtospa.com\/?post_type=product&#038;p=29457"},"modified":"2024-11-18T21:58:38","modified_gmt":"2024-11-18T20:58:38","slug":"diffuseur-bio-silencio-ocre-jaune-par-vie-arome","status":"publish","type":"product","link":"https:\/\/howtospa.com\/en\/produit\/diffuseur-bio-silencio-ocre-jaune-par-vie-arome\/","title":{"rendered":"Diffuseur Bio: SILENCIO OCRE JAUNE par Vie Ar\u00f4me"},"content":{"rendered":"","protected":false},"excerpt":{"rendered":"<p>Diffuseur d&#8217;ar\u00f4mes en c\u00e9ramique de couleur Ocre Jaune. Fabrication artisanale fran\u00e7aise. Garantie 1 an.<\/p>\n<p>Diffusion silencieuse \u00e0 froid par ventilation \u00e9lectrique (8.7 W) pour une pi\u00e8ce d&#8217;environ 40 m2.<\/p>\n<p>Tr\u00e8s simple d&#8217;utilisation ; pas d&#8217;eau, pas d&#8217;alcool, pas de bases v\u00e9g\u00e9tales, seulement des huiles essentielles pures et naturelles.<\/p>\n<p>Conseils d&#8217;utilisation :<\/p>\n<p>&#8211; Verser sur le m\u00e8che en terre cuite dans l&#8217;orifice central de votre diffuseur, un filet d&#8217;huile essentielle ou de diffuselle bio.<\/p>\n<p>&#8211; Laisser diffuser environ une heure pour une demi-journ\u00e9e d&#8217;ambiance parfum\u00e9e. Ne pas utiliser pendant le coucher.<\/p>\n<p>&#8211; Nettoyage : Tremper la m\u00e8che dans un peu d&#8217;alcool bio tous les mois pour une utilisation fr\u00e9quente,\u00a0la laisser s\u00e9cher avant de la remettre en place<\/p>\n","protected":false},"featured_media":29458,"template":"","meta":{"_ppp_document_settings_meta":""},"product_cat":[454],"product_tag":[],"composite_layout":"","composite_add_to_cart_form_location":"","composite_editable_in_cart":false,"composite_sold_individually_context":"","composite_shop_price_calc":"","composite_components":[],"composite_scenarios":[],"yoast_head":"<!-- This site is optimized with the Yoast SEO plugin v20.9 - https:\/\/yoast.com\/wordpress\/plugins\/seo\/ -->\n<title>Diffuseur Bio: SILENCIO OCRE JAUNE par Vie Ar\u00f4me - HowToSpa - How to create your relaxation<\/title>\n<meta name=\"robots\" content=\"index, follow, max-snippet:-1, max-image-preview:large, max-video-preview:-1\" \/>\n<link rel=\"canonical\" href=\"https:\/\/howtospa.com\/produit\/diffuseur-bio-silencio-ocre-jaune-par-vie-arome\/\" \/>\n<meta property=\"og:locale\" content=\"en_US\" \/>\n<meta property=\"og:type\" content=\"article\" \/>\n<meta property=\"og:title\" content=\"Diffuseur Bio: SILENCIO OCRE JAUNE par Vie Ar\u00f4me - HowToSpa - How to create your relaxation\" \/>\n<meta property=\"og:description\" content=\"Diffuseur d&#039;ar\u00f4mes en c\u00e9ramique de couleur Ocre Jaune. Fabrication artisanale fran\u00e7aise. Garantie 1 an.  Diffusion silencieuse \u00e0 froid par ventilation \u00e9lectrique (8.7 W) pour une pi\u00e8ce d&#039;environ 40 m2.  Tr\u00e8s simple d&#039;utilisation ; pas d&#039;eau, pas d&#039;alcool, pas de bases v\u00e9g\u00e9tales, seulement des huiles essentielles pures et naturelles.  Conseils d&#039;utilisation :  - Verser sur le m\u00e8che en terre cuite dans l&#039;orifice central de votre diffuseur, un filet d&#039;huile essentielle ou de diffuselle bio.  - Laisser diffuser environ une heure pour une demi-journ\u00e9e d&#039;ambiance parfum\u00e9e. Ne pas utiliser pendant le coucher.  - Nettoyage : Tremper la m\u00e8che dans un peu d&#039;alcool bio tous les mois pour une utilisation fr\u00e9quente,\u00a0la laisser s\u00e9cher avant de la remettre en place\" \/>\n<meta property=\"og:url\" content=\"https:\/\/howtospa.com\/produit\/diffuseur-bio-silencio-ocre-jaune-par-vie-arome\/\" \/>\n<meta property=\"og:site_name\" content=\"HowToSpa - How to create your relaxation\" \/>\n<meta property=\"article:modified_time\" content=\"2024-11-18T20:58:38+00:00\" \/>\n<meta property=\"og:image\" content=\"https:\/\/howtospa.com\/wp-content\/uploads\/2022\/03\/diffuseur-bio.jpg\" \/>\n\t<meta property=\"og:image:width\" content=\"1200\" \/>\n\t<meta property=\"og:image:height\" content=\"800\" \/>\n\t<meta property=\"og:image:type\" content=\"image\/jpeg\" \/>\n<meta name=\"twitter:card\" content=\"summary_large_image\" \/>\n<script type=\"application\/ld+json\" class=\"yoast-schema-graph\">{\"@context\":\"https:\/\/schema.org\",\"@graph\":[{\"@type\":\"WebPage\",\"@id\":\"https:\/\/howtospa.com\/produit\/diffuseur-bio-silencio-ocre-jaune-par-vie-arome\/\",\"url\":\"https:\/\/howtospa.com\/produit\/diffuseur-bio-silencio-ocre-jaune-par-vie-arome\/\",\"name\":\"Diffuseur Bio: SILENCIO OCRE JAUNE par Vie Ar\u00f4me - HowToSpa - How to create your relaxation\",\"isPartOf\":{\"@id\":\"https:\/\/howtospa.com\/#website\"},\"datePublished\":\"2022-03-29T13:36:39+00:00\",\"dateModified\":\"2024-11-18T20:58:38+00:00\",\"breadcrumb\":{\"@id\":\"https:\/\/howtospa.com\/produit\/diffuseur-bio-silencio-ocre-jaune-par-vie-arome\/#breadcrumb\"},\"inLanguage\":\"en-US\",\"potentialAction\":[{\"@type\":\"ReadAction\",\"target\":[\"https:\/\/howtospa.com\/produit\/diffuseur-bio-silencio-ocre-jaune-par-vie-arome\/\"]}]},{\"@type\":\"BreadcrumbList\",\"@id\":\"https:\/\/howtospa.com\/produit\/diffuseur-bio-silencio-ocre-jaune-par-vie-arome\/#breadcrumb\",\"itemListElement\":[{\"@type\":\"ListItem\",\"position\":1,\"name\":\"Home\",\"item\":\"https:\/\/howtospa.com\/en\/\"},{\"@type\":\"ListItem\",\"position\":2,\"name\":\"Produits\",\"item\":\"https:\/\/howtospa.com\/shop\/\"},{\"@type\":\"ListItem\",\"position\":3,\"name\":\"Diffuseur Bio: SILENCIO OCRE JAUNE par Vie Ar\u00f4me\"}]},{\"@type\":\"WebSite\",\"@id\":\"https:\/\/howtospa.com\/#website\",\"url\":\"https:\/\/howtospa.com\/\",\"name\":\"HowToSpa -How to vreate your relaxation\",\"description\":\"Kits, programmes et tutoriels de relaxation, auto-massage et bien-\u00eatre chez soi, au bureau ou dans les transports.\",\"publisher\":{\"@id\":\"https:\/\/howtospa.com\/#organization\"},\"potentialAction\":[{\"@type\":\"SearchAction\",\"target\":{\"@type\":\"EntryPoint\",\"urlTemplate\":\"https:\/\/howtospa.com\/?s={search_term_string}\"},\"query-input\":\"required name=search_term_string\"}],\"inLanguage\":\"en-US\"},{\"@type\":\"Organization\",\"@id\":\"https:\/\/howtospa.com\/#organization\",\"name\":\"HowToSpa -How to vreate your relaxation\",\"url\":\"https:\/\/howtospa.com\/\",\"logo\":{\"@type\":\"ImageObject\",\"inLanguage\":\"en-US\",\"@id\":\"https:\/\/howtospa.com\/#\/schema\/logo\/image\/\",\"url\":\"https:\/\/howtospa.com\/wp-content\/uploads\/2021\/05\/logo-new-site-2.png\",\"contentUrl\":\"https:\/\/howtospa.com\/wp-content\/uploads\/2021\/05\/logo-new-site-2.png\",\"width\":953,\"height\":332,\"caption\":\"HowToSpa -How to vreate your relaxation\"},\"image\":{\"@id\":\"https:\/\/howtospa.com\/#\/schema\/logo\/image\/\"},\"sameAs\":[\"https:\/\/www.pinterest.fr\/howtospa\"]}]}<\/script>\n<!-- \/ Yoast SEO plugin. -->","yoast_head_json":{"title":"Diffuseur Bio: SILENCIO OCRE JAUNE par Vie Ar\u00f4me - HowToSpa - How to create your relaxation","robots":{"index":"index","follow":"follow","max-snippet":"max-snippet:-1","max-image-preview":"max-image-preview:large","max-video-preview":"max-video-preview:-1"},"canonical":"https:\/\/howtospa.com\/produit\/diffuseur-bio-silencio-ocre-jaune-par-vie-arome\/","og_locale":"en_US","og_type":"article","og_title":"Diffuseur Bio: SILENCIO OCRE JAUNE par Vie Ar\u00f4me - HowToSpa - How to create your relaxation","og_description":"Diffuseur d'ar\u00f4mes en c\u00e9ramique de couleur Ocre Jaune. Fabrication artisanale fran\u00e7aise. Garantie 1 an.  Diffusion silencieuse \u00e0 froid par ventilation \u00e9lectrique (8.7 W) pour une pi\u00e8ce d'environ 40 m2.  Tr\u00e8s simple d'utilisation ; pas d'eau, pas d'alcool, pas de bases v\u00e9g\u00e9tales, seulement des huiles essentielles pures et naturelles.  Conseils d'utilisation :  - Verser sur le m\u00e8che en terre cuite dans l'orifice central de votre diffuseur, un filet d'huile essentielle ou de diffuselle bio.  - Laisser diffuser environ une heure pour une demi-journ\u00e9e d'ambiance parfum\u00e9e. Ne pas utiliser pendant le coucher.  - Nettoyage : Tremper la m\u00e8che dans un peu d'alcool bio tous les mois pour une utilisation fr\u00e9quente,\u00a0la laisser s\u00e9cher avant de la remettre en place","og_url":"https:\/\/howtospa.com\/produit\/diffuseur-bio-silencio-ocre-jaune-par-vie-arome\/","og_site_name":"HowToSpa - How to create your relaxation","article_modified_time":"2024-11-18T20:58:38+00:00","og_image":[{"width":1200,"height":800,"url":"https:\/\/howtospa.com\/wp-content\/uploads\/2022\/03\/diffuseur-bio.jpg","type":"image\/jpeg"}],"twitter_card":"summary_large_image","schema":{"@context":"https:\/\/schema.org","@graph":[{"@type":"WebPage","@id":"https:\/\/howtospa.com\/produit\/diffuseur-bio-silencio-ocre-jaune-par-vie-arome\/","url":"https:\/\/howtospa.com\/produit\/diffuseur-bio-silencio-ocre-jaune-par-vie-arome\/","name":"Diffuseur Bio: SILENCIO OCRE JAUNE par Vie Ar\u00f4me - HowToSpa - How to create your relaxation","isPartOf":{"@id":"https:\/\/howtospa.com\/#website"},"datePublished":"2022-03-29T13:36:39+00:00","dateModified":"2024-11-18T20:58:38+00:00","breadcrumb":{"@id":"https:\/\/howtospa.com\/produit\/diffuseur-bio-silencio-ocre-jaune-par-vie-arome\/#breadcrumb"},"inLanguage":"en-US","potentialAction":[{"@type":"ReadAction","target":["https:\/\/howtospa.com\/produit\/diffuseur-bio-silencio-ocre-jaune-par-vie-arome\/"]}]},{"@type":"BreadcrumbList","@id":"https:\/\/howtospa.com\/produit\/diffuseur-bio-silencio-ocre-jaune-par-vie-arome\/#breadcrumb","itemListElement":[{"@type":"ListItem","position":1,"name":"Home","item":"https:\/\/howtospa.com\/en\/"},{"@type":"ListItem","position":2,"name":"Produits","item":"https:\/\/howtospa.com\/shop\/"},{"@type":"ListItem","position":3,"name":"Diffuseur Bio: SILENCIO OCRE JAUNE par Vie Ar\u00f4me"}]},{"@type":"WebSite","@id":"https:\/\/howtospa.com\/#website","url":"https:\/\/howtospa.com\/","name":"HowToSpa -How to vreate your relaxation","description":"Kits, programmes et tutoriels de relaxation, auto-massage et bien-\u00eatre chez soi, au bureau ou dans les transports.","publisher":{"@id":"https:\/\/howtospa.com\/#organization"},"potentialAction":[{"@type":"SearchAction","target":{"@type":"EntryPoint","urlTemplate":"https:\/\/howtospa.com\/?s={search_term_string}"},"query-input":"required name=search_term_string"}],"inLanguage":"en-US"},{"@type":"Organization","@id":"https:\/\/howtospa.com\/#organization","name":"HowToSpa -How to vreate your relaxation","url":"https:\/\/howtospa.com\/","logo":{"@type":"ImageObject","inLanguage":"en-US","@id":"https:\/\/howtospa.com\/#\/schema\/logo\/image\/","url":"https:\/\/howtospa.com\/wp-content\/uploads\/2021\/05\/logo-new-site-2.png","contentUrl":"https:\/\/howtospa.com\/wp-content\/uploads\/2021\/05\/logo-new-site-2.png","width":953,"height":332,"caption":"HowToSpa -How to vreate your relaxation"},"image":{"@id":"https:\/\/howtospa.com\/#\/schema\/logo\/image\/"},"sameAs":["https:\/\/www.pinterest.fr\/howtospa"]}]}},"_links":{"self":[{"href":"https:\/\/howtospa.com\/en\/wp-json\/wp\/v2\/product\/29457"}],"collection":[{"href":"https:\/\/howtospa.com\/en\/wp-json\/wp\/v2\/product"}],"about":[{"href":"https:\/\/howtospa.com\/en\/wp-json\/wp\/v2\/types\/product"}],"wp:featuredmedia":[{"embeddable":true,"href":"https:\/\/howtospa.com\/en\/wp-json\/wp\/v2\/media\/29458"}],"wp:attachment":[{"href":"https:\/\/howtospa.com\/en\/wp-json\/wp\/v2\/media?parent=29457"}],"wp:term":[{"taxonomy":"product_cat","embeddable":true,"href":"https:\/\/howtospa.com\/en\/wp-json\/wp\/v2\/product_cat?post=29457"},{"taxonomy":"product_tag","embeddable":true,"href":"https:\/\/howtospa.com\/en\/wp-json\/wp\/v2\/product_tag?post=29457"}],"curies":[{"name":"wp","href":"https:\/\/api.w.org\/{rel}","templated":true}]}}