{"id":29465,"date":"2022-03-31T11:07:27","date_gmt":"2022-03-31T09:07:27","guid":{"rendered":"http:\/\/preprod.howtospa.com\/?post_type=product&#038;p=29465"},"modified":"2024-03-28T14:18:54","modified_gmt":"2024-03-28T13:18:54","slug":"bonbons-vegan-cbd-skwishi-pomme-de-welcome-to-the-mood","status":"publish","type":"product","link":"https:\/\/howtospa.com\/en\/produit\/bonbons-vegan-cbd-skwishi-pomme-de-welcome-to-the-mood\/","title":{"rendered":"Bonbons Vegan CBD SKWISHI Pomme de Welcome To The Mood"},"content":{"rendered":"","protected":false},"excerpt":{"rendered":"<p>Bonbons CBD Vegan, aromatis\u00e9s Pomme, avec 10mg de CBD par unit\u00e9 sans THC<\/p>\n<p>Boite de 60 bonbons, pour un total de 600mg de CBD. Bonbons non Acidul\u00e9s Made in France 100% Vegan Bonbons \u00e0 la P\u00e2te de Fruit au CBD, parfaits pour vos journ\u00e9es, soir\u00e9es et moments de d\u00e9tentes entre amis pour ne jamais plus subir de stress ni autre pression n\u00e9gative.<\/p>\n<p><strong>Bienfaits :<\/strong><\/p>\n<ul>\n<li>Lutter contre l\u2019anxi\u00e9t\u00e9 et le stress<\/li>\n<li>Am\u00e9liorer les troubles de l\u2019attention et du sommeil<\/li>\n<li>\u00c9liminer ou r\u00e9duire les inflammations et les douleurs<\/li>\n<\/ul>\n<p>&nbsp;<\/p>\n<p><strong>Conseils d&#8217;utilisation:<\/strong><\/p>\n<p>Prendre 4 \u00e0 5 bonbons par jour Cependant, la quantit\u00e9 de Bonbons CBD \u00e0 ing\u00e9rer va d\u00e9pendre de la physiologie de chaque individu, de sa sensibilit\u00e9, de ses ant\u00e9c\u00e9dents m\u00e9dicaux, de son syst\u00e8me immunitaire. Par cons\u00e9quent, il est recommand\u00e9 d\u2019effectuer un dosage progressivement croissant afin de constater les effets sur l\u2019organisme. Pour les nouveaux consommateurs, il est admis qu\u2019un dosage de 10 mg de cannabidiol par bonbon est un bon dosage de d\u00e9part. Si vous sentez que vous avez besoin d\u2019une dose plus importante, vous pouvez accro\u00eetre progressivement votre consommation de Bonbons CBD. D\u00e9conseill\u00e9 aux moins de 18 ans Garder hors de la port\u00e9e des enfants Interdit aux femmes enceintes ou allaitantes <strong>Conservation :<\/strong> Conserver a\u0300 temp\u00e9rature ambiante et a\u0300 l\u2019abri de la lumi\u00e8re.<\/p>\n<p>&nbsp;<\/p>\n","protected":false},"featured_media":29466,"template":"","meta":{"_ppp_document_settings_meta":""},"product_cat":[528],"product_tag":[],"class_list":{"0":"post-29465","1":"product","2":"type-product","3":"status-publish","4":"has-post-thumbnail","6":"product_cat-epicerie"},"composite_layout":"","composite_add_to_cart_form_location":"","composite_editable_in_cart":false,"composite_sold_individually_context":"","composite_shop_price_calc":"","composite_components":[],"composite_scenarios":[],"yoast_head":"<!-- This site is optimized with the Yoast SEO plugin v20.9 - https:\/\/yoast.com\/wordpress\/plugins\/seo\/ -->\n<title>Bonbons Vegan CBD SKWISHI Pomme de Welcome To The Mood - HowToSpa - How to create your relaxation<\/title>\n<meta name=\"robots\" content=\"index, follow, max-snippet:-1, max-image-preview:large, max-video-preview:-1\" \/>\n<link rel=\"canonical\" href=\"https:\/\/howtospa.com\/produit\/bonbons-vegan-cbd-skwishi-pomme-de-welcome-to-the-mood\/\" \/>\n<meta property=\"og:locale\" content=\"en_US\" \/>\n<meta property=\"og:type\" content=\"article\" \/>\n<meta property=\"og:title\" content=\"Bonbons Vegan CBD SKWISHI Pomme de Welcome To The Mood - HowToSpa - How to create your relaxation\" \/>\n<meta property=\"og:description\" content=\"Bonbons CBD Vegan, aromatis\u00e9s Pomme, avec 10mg de CBD par unit\u00e9 sans THC  Boite de 60 bonbons, pour un total de 600mg de CBD. Bonbons non Acidul\u00e9s Made in France 100% Vegan Bonbons \u00e0 la P\u00e2te de Fruit au CBD, parfaits pour vos journ\u00e9es, soir\u00e9es et moments de d\u00e9tentes entre amis pour ne jamais plus subir de stress ni autre pression n\u00e9gative.  Bienfaits :   Lutter contre l\u2019anxi\u00e9t\u00e9 et le stress  Am\u00e9liorer les troubles de l\u2019attention et du sommeil  \u00c9liminer ou r\u00e9duire les inflammations et les douleurs  &nbsp;  Conseils d&#039;utilisation:  Prendre 4 \u00e0 5 bonbons par jour Cependant, la quantit\u00e9 de Bonbons CBD \u00e0 ing\u00e9rer va d\u00e9pendre de la physiologie de chaque individu, de sa sensibilit\u00e9, de ses ant\u00e9c\u00e9dents m\u00e9dicaux, de son syst\u00e8me immunitaire. Par cons\u00e9quent, il est recommand\u00e9 d\u2019effectuer un dosage progressivement croissant afin de constater les effets sur l\u2019organisme. Pour les nouveaux consommateurs, il est admis qu\u2019un dosage de 10 mg de cannabidiol par bonbon est un bon dosage de d\u00e9part. Si vous sentez que vous avez besoin d\u2019une dose plus importante, vous pouvez accro\u00eetre progressivement votre consommation de Bonbons CBD. D\u00e9conseill\u00e9 aux moins de 18 ans Garder hors de la port\u00e9e des enfants Interdit aux femmes enceintes ou allaitantes Conservation : Conserver a\u0300 temp\u00e9rature ambiante et a\u0300 l\u2019abri de la lumi\u00e8re.  &nbsp;\" \/>\n<meta property=\"og:url\" content=\"https:\/\/howtospa.com\/produit\/bonbons-vegan-cbd-skwishi-pomme-de-welcome-to-the-mood\/\" \/>\n<meta property=\"og:site_name\" content=\"HowToSpa - How to create your relaxation\" \/>\n<meta property=\"article:modified_time\" content=\"2024-03-28T13:18:54+00:00\" \/>\n<meta property=\"og:image\" content=\"https:\/\/howtospa.com\/wp-content\/uploads\/2022\/03\/Bonbons_WTTM_pomme-600x600-1.png\" \/>\n\t<meta property=\"og:image:width\" content=\"600\" \/>\n\t<meta property=\"og:image:height\" content=\"600\" \/>\n\t<meta property=\"og:image:type\" content=\"image\/png\" \/>\n<meta name=\"twitter:card\" content=\"summary_large_image\" \/>\n<script type=\"application\/ld+json\" class=\"yoast-schema-graph\">{\"@context\":\"https:\/\/schema.org\",\"@graph\":[{\"@type\":\"WebPage\",\"@id\":\"https:\/\/howtospa.com\/produit\/bonbons-vegan-cbd-skwishi-pomme-de-welcome-to-the-mood\/\",\"url\":\"https:\/\/howtospa.com\/produit\/bonbons-vegan-cbd-skwishi-pomme-de-welcome-to-the-mood\/\",\"name\":\"Bonbons Vegan CBD SKWISHI Pomme de Welcome To The Mood - HowToSpa - How to create your relaxation\",\"isPartOf\":{\"@id\":\"https:\/\/howtospa.com\/en\/#website\"},\"datePublished\":\"2022-03-31T09:07:27+00:00\",\"dateModified\":\"2024-03-28T13:18:54+00:00\",\"breadcrumb\":{\"@id\":\"https:\/\/howtospa.com\/produit\/bonbons-vegan-cbd-skwishi-pomme-de-welcome-to-the-mood\/#breadcrumb\"},\"inLanguage\":\"en-US\",\"potentialAction\":[{\"@type\":\"ReadAction\",\"target\":[\"https:\/\/howtospa.com\/produit\/bonbons-vegan-cbd-skwishi-pomme-de-welcome-to-the-mood\/\"]}]},{\"@type\":\"BreadcrumbList\",\"@id\":\"https:\/\/howtospa.com\/produit\/bonbons-vegan-cbd-skwishi-pomme-de-welcome-to-the-mood\/#breadcrumb\",\"itemListElement\":[{\"@type\":\"ListItem\",\"position\":1,\"name\":\"Home\",\"item\":\"https:\/\/howtospa.com\/\"},{\"@type\":\"ListItem\",\"position\":2,\"name\":\"Products\",\"item\":\"https:\/\/howtospa.com\/en\/shop\/\"},{\"@type\":\"ListItem\",\"position\":3,\"name\":\"Bonbons Vegan CBD SKWISHI Pomme de Welcome To The Mood\"}]},{\"@type\":\"WebSite\",\"@id\":\"https:\/\/howtospa.com\/en\/#website\",\"url\":\"https:\/\/howtospa.com\/en\/\",\"name\":\"HowToSpa -How to vreate your relaxation\",\"description\":\"Kits, programmes et tutoriels de relaxation, auto-massage et bien-\u00eatre chez soi, au bureau ou dans les transports.\",\"publisher\":{\"@id\":\"https:\/\/howtospa.com\/en\/#organization\"},\"potentialAction\":[{\"@type\":\"SearchAction\",\"target\":{\"@type\":\"EntryPoint\",\"urlTemplate\":\"https:\/\/howtospa.com\/en\/?s={search_term_string}\"},\"query-input\":\"required name=search_term_string\"}],\"inLanguage\":\"en-US\"},{\"@type\":\"Organization\",\"@id\":\"https:\/\/howtospa.com\/en\/#organization\",\"name\":\"HowToSpa -How to vreate your relaxation\",\"url\":\"https:\/\/howtospa.com\/en\/\",\"logo\":{\"@type\":\"ImageObject\",\"inLanguage\":\"en-US\",\"@id\":\"https:\/\/howtospa.com\/en\/#\/schema\/logo\/image\/\",\"url\":\"http:\/\/preprod.howtospa.com\/wp-content\/uploads\/2021\/05\/logo-new-site-2.png\",\"contentUrl\":\"http:\/\/preprod.howtospa.com\/wp-content\/uploads\/2021\/05\/logo-new-site-2.png\",\"width\":953,\"height\":332,\"caption\":\"HowToSpa -How to vreate your relaxation\"},\"image\":{\"@id\":\"https:\/\/howtospa.com\/en\/#\/schema\/logo\/image\/\"},\"sameAs\":[\"https:\/\/www.pinterest.fr\/howtospa\"]}]}<\/script>\n<!-- \/ Yoast SEO plugin. -->","yoast_head_json":{"title":"Bonbons Vegan CBD SKWISHI Pomme de Welcome To The Mood - HowToSpa - How to create your relaxation","robots":{"index":"index","follow":"follow","max-snippet":"max-snippet:-1","max-image-preview":"max-image-preview:large","max-video-preview":"max-video-preview:-1"},"canonical":"https:\/\/howtospa.com\/produit\/bonbons-vegan-cbd-skwishi-pomme-de-welcome-to-the-mood\/","og_locale":"en_US","og_type":"article","og_title":"Bonbons Vegan CBD SKWISHI Pomme de Welcome To The Mood - HowToSpa - How to create your relaxation","og_description":"Bonbons CBD Vegan, aromatis\u00e9s Pomme, avec 10mg de CBD par unit\u00e9 sans THC  Boite de 60 bonbons, pour un total de 600mg de CBD. Bonbons non Acidul\u00e9s Made in France 100% Vegan Bonbons \u00e0 la P\u00e2te de Fruit au CBD, parfaits pour vos journ\u00e9es, soir\u00e9es et moments de d\u00e9tentes entre amis pour ne jamais plus subir de stress ni autre pression n\u00e9gative.  Bienfaits :   Lutter contre l\u2019anxi\u00e9t\u00e9 et le stress  Am\u00e9liorer les troubles de l\u2019attention et du sommeil  \u00c9liminer ou r\u00e9duire les inflammations et les douleurs  &nbsp;  Conseils d'utilisation:  Prendre 4 \u00e0 5 bonbons par jour Cependant, la quantit\u00e9 de Bonbons CBD \u00e0 ing\u00e9rer va d\u00e9pendre de la physiologie de chaque individu, de sa sensibilit\u00e9, de ses ant\u00e9c\u00e9dents m\u00e9dicaux, de son syst\u00e8me immunitaire. Par cons\u00e9quent, il est recommand\u00e9 d\u2019effectuer un dosage progressivement croissant afin de constater les effets sur l\u2019organisme. Pour les nouveaux consommateurs, il est admis qu\u2019un dosage de 10 mg de cannabidiol par bonbon est un bon dosage de d\u00e9part. Si vous sentez que vous avez besoin d\u2019une dose plus importante, vous pouvez accro\u00eetre progressivement votre consommation de Bonbons CBD. D\u00e9conseill\u00e9 aux moins de 18 ans Garder hors de la port\u00e9e des enfants Interdit aux femmes enceintes ou allaitantes Conservation : Conserver a\u0300 temp\u00e9rature ambiante et a\u0300 l\u2019abri de la lumi\u00e8re.  &nbsp;","og_url":"https:\/\/howtospa.com\/produit\/bonbons-vegan-cbd-skwishi-pomme-de-welcome-to-the-mood\/","og_site_name":"HowToSpa - How to create your relaxation","article_modified_time":"2024-03-28T13:18:54+00:00","og_image":[{"width":600,"height":600,"url":"https:\/\/howtospa.com\/wp-content\/uploads\/2022\/03\/Bonbons_WTTM_pomme-600x600-1.png","type":"image\/png"}],"twitter_card":"summary_large_image","schema":{"@context":"https:\/\/schema.org","@graph":[{"@type":"WebPage","@id":"https:\/\/howtospa.com\/produit\/bonbons-vegan-cbd-skwishi-pomme-de-welcome-to-the-mood\/","url":"https:\/\/howtospa.com\/produit\/bonbons-vegan-cbd-skwishi-pomme-de-welcome-to-the-mood\/","name":"Bonbons Vegan CBD SKWISHI Pomme de Welcome To The Mood - HowToSpa - How to create your relaxation","isPartOf":{"@id":"https:\/\/howtospa.com\/en\/#website"},"datePublished":"2022-03-31T09:07:27+00:00","dateModified":"2024-03-28T13:18:54+00:00","breadcrumb":{"@id":"https:\/\/howtospa.com\/produit\/bonbons-vegan-cbd-skwishi-pomme-de-welcome-to-the-mood\/#breadcrumb"},"inLanguage":"en-US","potentialAction":[{"@type":"ReadAction","target":["https:\/\/howtospa.com\/produit\/bonbons-vegan-cbd-skwishi-pomme-de-welcome-to-the-mood\/"]}]},{"@type":"BreadcrumbList","@id":"https:\/\/howtospa.com\/produit\/bonbons-vegan-cbd-skwishi-pomme-de-welcome-to-the-mood\/#breadcrumb","itemListElement":[{"@type":"ListItem","position":1,"name":"Home","item":"https:\/\/howtospa.com\/"},{"@type":"ListItem","position":2,"name":"Products","item":"https:\/\/howtospa.com\/en\/shop\/"},{"@type":"ListItem","position":3,"name":"Bonbons Vegan CBD SKWISHI Pomme de Welcome To The Mood"}]},{"@type":"WebSite","@id":"https:\/\/howtospa.com\/en\/#website","url":"https:\/\/howtospa.com\/en\/","name":"HowToSpa -How to vreate your relaxation","description":"Kits, programmes et tutoriels de relaxation, auto-massage et bien-\u00eatre chez soi, au bureau ou dans les transports.","publisher":{"@id":"https:\/\/howtospa.com\/en\/#organization"},"potentialAction":[{"@type":"SearchAction","target":{"@type":"EntryPoint","urlTemplate":"https:\/\/howtospa.com\/en\/?s={search_term_string}"},"query-input":"required name=search_term_string"}],"inLanguage":"en-US"},{"@type":"Organization","@id":"https:\/\/howtospa.com\/en\/#organization","name":"HowToSpa -How to vreate your relaxation","url":"https:\/\/howtospa.com\/en\/","logo":{"@type":"ImageObject","inLanguage":"en-US","@id":"https:\/\/howtospa.com\/en\/#\/schema\/logo\/image\/","url":"http:\/\/preprod.howtospa.com\/wp-content\/uploads\/2021\/05\/logo-new-site-2.png","contentUrl":"http:\/\/preprod.howtospa.com\/wp-content\/uploads\/2021\/05\/logo-new-site-2.png","width":953,"height":332,"caption":"HowToSpa -How to vreate your relaxation"},"image":{"@id":"https:\/\/howtospa.com\/en\/#\/schema\/logo\/image\/"},"sameAs":["https:\/\/www.pinterest.fr\/howtospa"]}]}},"_links":{"self":[{"href":"https:\/\/howtospa.com\/en\/wp-json\/wp\/v2\/product\/29465","targetHints":{"allow":["GET"]}}],"collection":[{"href":"https:\/\/howtospa.com\/en\/wp-json\/wp\/v2\/product"}],"about":[{"href":"https:\/\/howtospa.com\/en\/wp-json\/wp\/v2\/types\/product"}],"wp:featuredmedia":[{"embeddable":true,"href":"https:\/\/howtospa.com\/en\/wp-json\/wp\/v2\/media\/29466"}],"wp:attachment":[{"href":"https:\/\/howtospa.com\/en\/wp-json\/wp\/v2\/media?parent=29465"}],"wp:term":[{"taxonomy":"product_cat","embeddable":true,"href":"https:\/\/howtospa.com\/en\/wp-json\/wp\/v2\/product_cat?post=29465"},{"taxonomy":"product_tag","embeddable":true,"href":"https:\/\/howtospa.com\/en\/wp-json\/wp\/v2\/product_tag?post=29465"}],"curies":[{"name":"wp","href":"https:\/\/api.w.org\/{rel}","templated":true}]}}