{"id":29480,"date":"2022-04-04T14:38:33","date_gmt":"2022-04-04T12:38:33","guid":{"rendered":"http:\/\/preprod.howtospa.com\/?post_type=product&#038;p=29480"},"modified":"2023-07-08T22:22:29","modified_gmt":"2023-07-08T20:22:29","slug":"fouta-mandala-couleur-sahara-de-by-foutas","status":"publish","type":"product","link":"https:\/\/howtospa.com\/en\/produit\/fouta-mandala-couleur-sahara-de-by-foutas\/","title":{"rendered":"Fouta Mandala couleur Sahara de By Foutas"},"content":{"rendered":"","protected":false},"excerpt":{"rendered":"<p>Dessin\u00e9e en France et produite en Tunisie, la fouta chevrons est int\u00e9gralement tiss\u00e9e en coton recycl\u00e9\u00a0\u267b et sans composant chimique. Son tissage en chevron la rend tr\u00e8s \u00e9l\u00e9gante et tr\u00e8s absorbante.<br \/>\nUtilisez-la en drap de bain ou par\u00e9o pour la douche, la plage, le spa ou le hammam. Offrez-la en cadeau d&#8217;anniversaire, de mariage ou de naissance.<\/p>\n<ul>\n<li>100% coton recycl\u00e9\u00a0\u267b |\u00a0Dimensions : 200 x 100 cm |\u00a0Poids :\u00a0400g<\/li>\n<li>Couleur Sahara, Symbole Mandala Blanc cousu main<\/li>\n<li>Tissage artisanal\u00a0et franges nou\u00e9es \u00e0 la main en Tunisie<\/li>\n<li>Livraison offerte en relais colis sous 3 jours ouvr\u00e9s<\/li>\n<li>Entretien : Lavage machine 30\u00b0 pour pr\u00e9server les nattes<\/li>\n<li>Recommandation\u00a0: plus vous lavez votre fouta et plus elle sera absorbante<\/li>\n<\/ul>\n","protected":false},"featured_media":29481,"template":"","meta":{"_ppp_document_settings_meta":""},"product_cat":[450],"product_tag":[],"class_list":{"0":"post-29480","1":"product","2":"type-product","3":"status-publish","4":"has-post-thumbnail","6":"product_cat-soins-et-linges-pour-la-maison"},"composite_layout":"","composite_add_to_cart_form_location":"","composite_editable_in_cart":false,"composite_sold_individually_context":"","composite_shop_price_calc":"","composite_components":[],"composite_scenarios":[],"yoast_head":"<!-- This site is optimized with the Yoast SEO plugin v20.9 - https:\/\/yoast.com\/wordpress\/plugins\/seo\/ -->\n<title>Fouta Mandala couleur Sahara de By Foutas - HowToSpa - How to create your relaxation<\/title>\n<meta name=\"robots\" content=\"index, follow, max-snippet:-1, max-image-preview:large, max-video-preview:-1\" \/>\n<link rel=\"canonical\" href=\"https:\/\/howtospa.com\/produit\/fouta-mandala-couleur-sahara-de-by-foutas\/\" \/>\n<meta property=\"og:locale\" content=\"en_US\" \/>\n<meta property=\"og:type\" content=\"article\" \/>\n<meta property=\"og:title\" content=\"Fouta Mandala couleur Sahara de By Foutas - HowToSpa - How to create your relaxation\" \/>\n<meta property=\"og:description\" content=\"Dessin\u00e9e en France et produite en Tunisie, la fouta chevrons est int\u00e9gralement tiss\u00e9e en coton recycl\u00e9\u00a0\u267b et sans composant chimique. Son tissage en chevron la rend tr\u00e8s \u00e9l\u00e9gante et tr\u00e8s absorbante. Utilisez-la en drap de bain ou par\u00e9o pour la douche, la plage, le spa ou le hammam. Offrez-la en cadeau d&#039;anniversaire, de mariage ou de naissance.   100% coton recycl\u00e9\u00a0\u267b |\u00a0Dimensions : 200 x 100 cm |\u00a0Poids :\u00a0400g  Couleur Sahara, Symbole Mandala Blanc cousu main  Tissage artisanal\u00a0et franges nou\u00e9es \u00e0 la main en Tunisie  Livraison offerte en relais colis sous 3 jours ouvr\u00e9s  Entretien : Lavage machine 30\u00b0 pour pr\u00e9server les nattes  Recommandation\u00a0: plus vous lavez votre fouta et plus elle sera absorbante\" \/>\n<meta property=\"og:url\" content=\"https:\/\/howtospa.com\/produit\/fouta-mandala-couleur-sahara-de-by-foutas\/\" \/>\n<meta property=\"og:site_name\" content=\"HowToSpa - How to create your relaxation\" \/>\n<meta property=\"article:modified_time\" content=\"2023-07-08T20:22:29+00:00\" \/>\n<meta property=\"og:image\" content=\"https:\/\/howtospa.com\/wp-content\/uploads\/2022\/04\/Fouta.png\" \/>\n\t<meta property=\"og:image:width\" content=\"907\" \/>\n\t<meta property=\"og:image:height\" content=\"998\" \/>\n\t<meta property=\"og:image:type\" content=\"image\/png\" \/>\n<meta name=\"twitter:card\" content=\"summary_large_image\" \/>\n<script type=\"application\/ld+json\" class=\"yoast-schema-graph\">{\"@context\":\"https:\/\/schema.org\",\"@graph\":[{\"@type\":\"WebPage\",\"@id\":\"https:\/\/howtospa.com\/produit\/fouta-mandala-couleur-sahara-de-by-foutas\/\",\"url\":\"https:\/\/howtospa.com\/produit\/fouta-mandala-couleur-sahara-de-by-foutas\/\",\"name\":\"Fouta Mandala couleur Sahara de By Foutas - HowToSpa - How to create your relaxation\",\"isPartOf\":{\"@id\":\"https:\/\/howtospa.com\/en\/#website\"},\"datePublished\":\"2022-04-04T12:38:33+00:00\",\"dateModified\":\"2023-07-08T20:22:29+00:00\",\"breadcrumb\":{\"@id\":\"https:\/\/howtospa.com\/produit\/fouta-mandala-couleur-sahara-de-by-foutas\/#breadcrumb\"},\"inLanguage\":\"en-US\",\"potentialAction\":[{\"@type\":\"ReadAction\",\"target\":[\"https:\/\/howtospa.com\/produit\/fouta-mandala-couleur-sahara-de-by-foutas\/\"]}]},{\"@type\":\"BreadcrumbList\",\"@id\":\"https:\/\/howtospa.com\/produit\/fouta-mandala-couleur-sahara-de-by-foutas\/#breadcrumb\",\"itemListElement\":[{\"@type\":\"ListItem\",\"position\":1,\"name\":\"Home\",\"item\":\"https:\/\/howtospa.com\/\"},{\"@type\":\"ListItem\",\"position\":2,\"name\":\"Products\",\"item\":\"https:\/\/howtospa.com\/en\/shop\/\"},{\"@type\":\"ListItem\",\"position\":3,\"name\":\"Fouta Mandala couleur Sahara de By Foutas\"}]},{\"@type\":\"WebSite\",\"@id\":\"https:\/\/howtospa.com\/en\/#website\",\"url\":\"https:\/\/howtospa.com\/en\/\",\"name\":\"HowToSpa -How to vreate your relaxation\",\"description\":\"Kits, programmes et tutoriels de relaxation, auto-massage et bien-\u00eatre chez soi, au bureau ou dans les transports.\",\"publisher\":{\"@id\":\"https:\/\/howtospa.com\/en\/#organization\"},\"potentialAction\":[{\"@type\":\"SearchAction\",\"target\":{\"@type\":\"EntryPoint\",\"urlTemplate\":\"https:\/\/howtospa.com\/en\/?s={search_term_string}\"},\"query-input\":\"required name=search_term_string\"}],\"inLanguage\":\"en-US\"},{\"@type\":\"Organization\",\"@id\":\"https:\/\/howtospa.com\/en\/#organization\",\"name\":\"HowToSpa -How to vreate your relaxation\",\"url\":\"https:\/\/howtospa.com\/en\/\",\"logo\":{\"@type\":\"ImageObject\",\"inLanguage\":\"en-US\",\"@id\":\"https:\/\/howtospa.com\/en\/#\/schema\/logo\/image\/\",\"url\":\"http:\/\/preprod.howtospa.com\/wp-content\/uploads\/2021\/05\/logo-new-site-2.png\",\"contentUrl\":\"http:\/\/preprod.howtospa.com\/wp-content\/uploads\/2021\/05\/logo-new-site-2.png\",\"width\":953,\"height\":332,\"caption\":\"HowToSpa -How to vreate your relaxation\"},\"image\":{\"@id\":\"https:\/\/howtospa.com\/en\/#\/schema\/logo\/image\/\"},\"sameAs\":[\"https:\/\/www.pinterest.fr\/howtospa\"]}]}<\/script>\n<!-- \/ Yoast SEO plugin. -->","yoast_head_json":{"title":"Fouta Mandala couleur Sahara de By Foutas - HowToSpa - How to create your relaxation","robots":{"index":"index","follow":"follow","max-snippet":"max-snippet:-1","max-image-preview":"max-image-preview:large","max-video-preview":"max-video-preview:-1"},"canonical":"https:\/\/howtospa.com\/produit\/fouta-mandala-couleur-sahara-de-by-foutas\/","og_locale":"en_US","og_type":"article","og_title":"Fouta Mandala couleur Sahara de By Foutas - HowToSpa - How to create your relaxation","og_description":"Dessin\u00e9e en France et produite en Tunisie, la fouta chevrons est int\u00e9gralement tiss\u00e9e en coton recycl\u00e9\u00a0\u267b et sans composant chimique. Son tissage en chevron la rend tr\u00e8s \u00e9l\u00e9gante et tr\u00e8s absorbante. Utilisez-la en drap de bain ou par\u00e9o pour la douche, la plage, le spa ou le hammam. Offrez-la en cadeau d'anniversaire, de mariage ou de naissance.   100% coton recycl\u00e9\u00a0\u267b |\u00a0Dimensions : 200 x 100 cm |\u00a0Poids :\u00a0400g  Couleur Sahara, Symbole Mandala Blanc cousu main  Tissage artisanal\u00a0et franges nou\u00e9es \u00e0 la main en Tunisie  Livraison offerte en relais colis sous 3 jours ouvr\u00e9s  Entretien : Lavage machine 30\u00b0 pour pr\u00e9server les nattes  Recommandation\u00a0: plus vous lavez votre fouta et plus elle sera absorbante","og_url":"https:\/\/howtospa.com\/produit\/fouta-mandala-couleur-sahara-de-by-foutas\/","og_site_name":"HowToSpa - How to create your relaxation","article_modified_time":"2023-07-08T20:22:29+00:00","og_image":[{"width":907,"height":998,"url":"https:\/\/howtospa.com\/wp-content\/uploads\/2022\/04\/Fouta.png","type":"image\/png"}],"twitter_card":"summary_large_image","schema":{"@context":"https:\/\/schema.org","@graph":[{"@type":"WebPage","@id":"https:\/\/howtospa.com\/produit\/fouta-mandala-couleur-sahara-de-by-foutas\/","url":"https:\/\/howtospa.com\/produit\/fouta-mandala-couleur-sahara-de-by-foutas\/","name":"Fouta Mandala couleur Sahara de By Foutas - HowToSpa - How to create your relaxation","isPartOf":{"@id":"https:\/\/howtospa.com\/en\/#website"},"datePublished":"2022-04-04T12:38:33+00:00","dateModified":"2023-07-08T20:22:29+00:00","breadcrumb":{"@id":"https:\/\/howtospa.com\/produit\/fouta-mandala-couleur-sahara-de-by-foutas\/#breadcrumb"},"inLanguage":"en-US","potentialAction":[{"@type":"ReadAction","target":["https:\/\/howtospa.com\/produit\/fouta-mandala-couleur-sahara-de-by-foutas\/"]}]},{"@type":"BreadcrumbList","@id":"https:\/\/howtospa.com\/produit\/fouta-mandala-couleur-sahara-de-by-foutas\/#breadcrumb","itemListElement":[{"@type":"ListItem","position":1,"name":"Home","item":"https:\/\/howtospa.com\/"},{"@type":"ListItem","position":2,"name":"Products","item":"https:\/\/howtospa.com\/en\/shop\/"},{"@type":"ListItem","position":3,"name":"Fouta Mandala couleur Sahara de By Foutas"}]},{"@type":"WebSite","@id":"https:\/\/howtospa.com\/en\/#website","url":"https:\/\/howtospa.com\/en\/","name":"HowToSpa -How to vreate your relaxation","description":"Kits, programmes et tutoriels de relaxation, auto-massage et bien-\u00eatre chez soi, au bureau ou dans les transports.","publisher":{"@id":"https:\/\/howtospa.com\/en\/#organization"},"potentialAction":[{"@type":"SearchAction","target":{"@type":"EntryPoint","urlTemplate":"https:\/\/howtospa.com\/en\/?s={search_term_string}"},"query-input":"required name=search_term_string"}],"inLanguage":"en-US"},{"@type":"Organization","@id":"https:\/\/howtospa.com\/en\/#organization","name":"HowToSpa -How to vreate your relaxation","url":"https:\/\/howtospa.com\/en\/","logo":{"@type":"ImageObject","inLanguage":"en-US","@id":"https:\/\/howtospa.com\/en\/#\/schema\/logo\/image\/","url":"http:\/\/preprod.howtospa.com\/wp-content\/uploads\/2021\/05\/logo-new-site-2.png","contentUrl":"http:\/\/preprod.howtospa.com\/wp-content\/uploads\/2021\/05\/logo-new-site-2.png","width":953,"height":332,"caption":"HowToSpa -How to vreate your relaxation"},"image":{"@id":"https:\/\/howtospa.com\/en\/#\/schema\/logo\/image\/"},"sameAs":["https:\/\/www.pinterest.fr\/howtospa"]}]}},"_links":{"self":[{"href":"https:\/\/howtospa.com\/en\/wp-json\/wp\/v2\/product\/29480","targetHints":{"allow":["GET"]}}],"collection":[{"href":"https:\/\/howtospa.com\/en\/wp-json\/wp\/v2\/product"}],"about":[{"href":"https:\/\/howtospa.com\/en\/wp-json\/wp\/v2\/types\/product"}],"wp:featuredmedia":[{"embeddable":true,"href":"https:\/\/howtospa.com\/en\/wp-json\/wp\/v2\/media\/29481"}],"wp:attachment":[{"href":"https:\/\/howtospa.com\/en\/wp-json\/wp\/v2\/media?parent=29480"}],"wp:term":[{"taxonomy":"product_cat","embeddable":true,"href":"https:\/\/howtospa.com\/en\/wp-json\/wp\/v2\/product_cat?post=29480"},{"taxonomy":"product_tag","embeddable":true,"href":"https:\/\/howtospa.com\/en\/wp-json\/wp\/v2\/product_tag?post=29480"}],"curies":[{"name":"wp","href":"https:\/\/api.w.org\/{rel}","templated":true}]}}