{"id":29614,"date":"2022-05-24T11:57:52","date_gmt":"2022-05-24T09:57:52","guid":{"rendered":"http:\/\/preprod.howtospa.com\/?post_type=product&#038;p=29614"},"modified":"2024-11-17T21:36:01","modified_gmt":"2024-11-17T20:36:01","slug":"huile-cbd-yoda-broad-spectrum-20-nature","status":"publish","type":"product","link":"https:\/\/howtospa.com\/en\/produit\/huile-cbd-yoda-broad-spectrum-20-nature\/","title":{"rendered":"Huile CBD YODA Broad Spectrum 20% Nature"},"content":{"rendered":"","protected":false},"excerpt":{"rendered":"<p>Une solution orale riche en cannabidiol \u00e0 prendre selon vos envies, directement en bouche en sublinguale, dans vos boissons ou m\u00eame dans vos plats. Aide \u00e0 l\u2019endormissement, effets relaxants et anxiolytiques Antidouleur naturel, propri\u00e9t\u00e9s analg\u00e9siques, soulage les articulations douloureuses et les inflammations chroniques. Aide \u00e0 supporter la douleur et \u00e0 am\u00e9liorer l\u2019humeur.<\/p>\n<ul>\n<li>Broad Spectrum<\/li>\n<li>Nature<\/li>\n<li>Fabriqu\u00e9es et test\u00e9es en laboratoire<\/li>\n<li>Sans THC<\/li>\n<li>Non test\u00e9es sur des animaux<\/li>\n<li>GMP certifi\u00e9es<\/li>\n<li>Sans traces de m\u00e9taux lourds<\/li>\n<li>Produit 100% Naturel<\/li>\n<li>100% Vegan<\/li>\n<li>100% L\u00e9gal<\/li>\n<\/ul>\n<p>&nbsp;<\/p>\n<p>Conseils d&#8217;utilisation:<\/p>\n<p>Mettre 2 gouttes sous la langue au moment souhait\u00e9 de la journ\u00e9e. Augmenter la dose par palier selon votre ressenti. \u00c0 tenir \u00e0 l\u2019\u00e9cart de la port\u00e9e des enfants. Interdit aux femmes enceintes ou allaitantes et aux personnes de moins de 18 ans. <strong>Conservation :<\/strong> Conserver \u00e0 temp\u00e9rature ambiante et \u00e0 l\u2019abri de la lumi\u00e8re<\/p>\n","protected":false},"featured_media":29713,"template":"","meta":{"_ppp_document_settings_meta":""},"product_cat":[528],"product_tag":[],"class_list":{"0":"post-29614","1":"product","2":"type-product","3":"status-publish","4":"has-post-thumbnail","6":"product_cat-epicerie"},"composite_layout":"","composite_add_to_cart_form_location":"","composite_editable_in_cart":false,"composite_sold_individually_context":"","composite_shop_price_calc":"","composite_components":[],"composite_scenarios":[],"yoast_head":"<!-- This site is optimized with the Yoast SEO plugin v20.9 - https:\/\/yoast.com\/wordpress\/plugins\/seo\/ -->\n<title>Huile CBD YODA Broad Spectrum 20% Nature - HowToSpa - How to create your relaxation<\/title>\n<meta name=\"robots\" content=\"index, follow, max-snippet:-1, max-image-preview:large, max-video-preview:-1\" \/>\n<link rel=\"canonical\" href=\"https:\/\/howtospa.com\/produit\/huile-cbd-yoda-broad-spectrum-20-nature\/\" \/>\n<meta property=\"og:locale\" content=\"en_US\" \/>\n<meta property=\"og:type\" content=\"article\" \/>\n<meta property=\"og:title\" content=\"Huile CBD YODA Broad Spectrum 20% Nature - HowToSpa - How to create your relaxation\" \/>\n<meta property=\"og:description\" content=\"Une solution orale riche en cannabidiol \u00e0 prendre selon vos envies, directement en bouche en sublinguale, dans vos boissons ou m\u00eame dans vos plats. Aide \u00e0 l\u2019endormissement, effets relaxants et anxiolytiques Antidouleur naturel, propri\u00e9t\u00e9s analg\u00e9siques, soulage les articulations douloureuses et les inflammations chroniques. Aide \u00e0 supporter la douleur et \u00e0 am\u00e9liorer l\u2019humeur.   Broad Spectrum  Nature  Fabriqu\u00e9es et test\u00e9es en laboratoire  Sans THC  Non test\u00e9es sur des animaux  GMP certifi\u00e9es  Sans traces de m\u00e9taux lourds  Produit 100% Naturel  100% Vegan  100% L\u00e9gal  &nbsp;  Conseils d&#039;utilisation:  Mettre 2 gouttes sous la langue au moment souhait\u00e9 de la journ\u00e9e. Augmenter la dose par palier selon votre ressenti. \u00c0 tenir \u00e0 l\u2019\u00e9cart de la port\u00e9e des enfants. Interdit aux femmes enceintes ou allaitantes et aux personnes de moins de 18 ans. Conservation : Conserver \u00e0 temp\u00e9rature ambiante et \u00e0 l\u2019abri de la lumi\u00e8re\" \/>\n<meta property=\"og:url\" content=\"https:\/\/howtospa.com\/produit\/huile-cbd-yoda-broad-spectrum-20-nature\/\" \/>\n<meta property=\"og:site_name\" content=\"HowToSpa - How to create your relaxation\" \/>\n<meta property=\"article:modified_time\" content=\"2024-11-17T20:36:01+00:00\" \/>\n<meta property=\"og:image\" content=\"https:\/\/howtospa.com\/wp-content\/uploads\/2022\/05\/FIOLE_YODA_NATURE_20_1.png\" \/>\n\t<meta property=\"og:image:width\" content=\"992\" \/>\n\t<meta property=\"og:image:height\" content=\"992\" \/>\n\t<meta property=\"og:image:type\" content=\"image\/png\" \/>\n<meta name=\"twitter:card\" content=\"summary_large_image\" \/>\n<script type=\"application\/ld+json\" class=\"yoast-schema-graph\">{\"@context\":\"https:\/\/schema.org\",\"@graph\":[{\"@type\":\"WebPage\",\"@id\":\"https:\/\/howtospa.com\/produit\/huile-cbd-yoda-broad-spectrum-20-nature\/\",\"url\":\"https:\/\/howtospa.com\/produit\/huile-cbd-yoda-broad-spectrum-20-nature\/\",\"name\":\"Huile CBD YODA Broad Spectrum 20% Nature - HowToSpa - How to create your relaxation\",\"isPartOf\":{\"@id\":\"https:\/\/howtospa.com\/en\/#website\"},\"datePublished\":\"2022-05-24T09:57:52+00:00\",\"dateModified\":\"2024-11-17T20:36:01+00:00\",\"breadcrumb\":{\"@id\":\"https:\/\/howtospa.com\/produit\/huile-cbd-yoda-broad-spectrum-20-nature\/#breadcrumb\"},\"inLanguage\":\"en-US\",\"potentialAction\":[{\"@type\":\"ReadAction\",\"target\":[\"https:\/\/howtospa.com\/produit\/huile-cbd-yoda-broad-spectrum-20-nature\/\"]}]},{\"@type\":\"BreadcrumbList\",\"@id\":\"https:\/\/howtospa.com\/produit\/huile-cbd-yoda-broad-spectrum-20-nature\/#breadcrumb\",\"itemListElement\":[{\"@type\":\"ListItem\",\"position\":1,\"name\":\"Home\",\"item\":\"https:\/\/howtospa.com\/\"},{\"@type\":\"ListItem\",\"position\":2,\"name\":\"Products\",\"item\":\"https:\/\/howtospa.com\/en\/shop\/\"},{\"@type\":\"ListItem\",\"position\":3,\"name\":\"Huile CBD YODA Broad Spectrum 20% Nature\"}]},{\"@type\":\"WebSite\",\"@id\":\"https:\/\/howtospa.com\/en\/#website\",\"url\":\"https:\/\/howtospa.com\/en\/\",\"name\":\"HowToSpa -How to vreate your relaxation\",\"description\":\"Kits, programmes et tutoriels de relaxation, auto-massage et bien-\u00eatre chez soi, au bureau ou dans les transports.\",\"publisher\":{\"@id\":\"https:\/\/howtospa.com\/en\/#organization\"},\"potentialAction\":[{\"@type\":\"SearchAction\",\"target\":{\"@type\":\"EntryPoint\",\"urlTemplate\":\"https:\/\/howtospa.com\/en\/?s={search_term_string}\"},\"query-input\":\"required name=search_term_string\"}],\"inLanguage\":\"en-US\"},{\"@type\":\"Organization\",\"@id\":\"https:\/\/howtospa.com\/en\/#organization\",\"name\":\"HowToSpa -How to vreate your relaxation\",\"url\":\"https:\/\/howtospa.com\/en\/\",\"logo\":{\"@type\":\"ImageObject\",\"inLanguage\":\"en-US\",\"@id\":\"https:\/\/howtospa.com\/en\/#\/schema\/logo\/image\/\",\"url\":\"http:\/\/preprod.howtospa.com\/wp-content\/uploads\/2021\/05\/logo-new-site-2.png\",\"contentUrl\":\"http:\/\/preprod.howtospa.com\/wp-content\/uploads\/2021\/05\/logo-new-site-2.png\",\"width\":953,\"height\":332,\"caption\":\"HowToSpa -How to vreate your relaxation\"},\"image\":{\"@id\":\"https:\/\/howtospa.com\/en\/#\/schema\/logo\/image\/\"},\"sameAs\":[\"https:\/\/www.pinterest.fr\/howtospa\"]}]}<\/script>\n<!-- \/ Yoast SEO plugin. -->","yoast_head_json":{"title":"Huile CBD YODA Broad Spectrum 20% Nature - HowToSpa - How to create your relaxation","robots":{"index":"index","follow":"follow","max-snippet":"max-snippet:-1","max-image-preview":"max-image-preview:large","max-video-preview":"max-video-preview:-1"},"canonical":"https:\/\/howtospa.com\/produit\/huile-cbd-yoda-broad-spectrum-20-nature\/","og_locale":"en_US","og_type":"article","og_title":"Huile CBD YODA Broad Spectrum 20% Nature - HowToSpa - How to create your relaxation","og_description":"Une solution orale riche en cannabidiol \u00e0 prendre selon vos envies, directement en bouche en sublinguale, dans vos boissons ou m\u00eame dans vos plats. Aide \u00e0 l\u2019endormissement, effets relaxants et anxiolytiques Antidouleur naturel, propri\u00e9t\u00e9s analg\u00e9siques, soulage les articulations douloureuses et les inflammations chroniques. Aide \u00e0 supporter la douleur et \u00e0 am\u00e9liorer l\u2019humeur.   Broad Spectrum  Nature  Fabriqu\u00e9es et test\u00e9es en laboratoire  Sans THC  Non test\u00e9es sur des animaux  GMP certifi\u00e9es  Sans traces de m\u00e9taux lourds  Produit 100% Naturel  100% Vegan  100% L\u00e9gal  &nbsp;  Conseils d'utilisation:  Mettre 2 gouttes sous la langue au moment souhait\u00e9 de la journ\u00e9e. Augmenter la dose par palier selon votre ressenti. \u00c0 tenir \u00e0 l\u2019\u00e9cart de la port\u00e9e des enfants. Interdit aux femmes enceintes ou allaitantes et aux personnes de moins de 18 ans. Conservation : Conserver \u00e0 temp\u00e9rature ambiante et \u00e0 l\u2019abri de la lumi\u00e8re","og_url":"https:\/\/howtospa.com\/produit\/huile-cbd-yoda-broad-spectrum-20-nature\/","og_site_name":"HowToSpa - How to create your relaxation","article_modified_time":"2024-11-17T20:36:01+00:00","og_image":[{"width":992,"height":992,"url":"https:\/\/howtospa.com\/wp-content\/uploads\/2022\/05\/FIOLE_YODA_NATURE_20_1.png","type":"image\/png"}],"twitter_card":"summary_large_image","schema":{"@context":"https:\/\/schema.org","@graph":[{"@type":"WebPage","@id":"https:\/\/howtospa.com\/produit\/huile-cbd-yoda-broad-spectrum-20-nature\/","url":"https:\/\/howtospa.com\/produit\/huile-cbd-yoda-broad-spectrum-20-nature\/","name":"Huile CBD YODA Broad Spectrum 20% Nature - HowToSpa - How to create your relaxation","isPartOf":{"@id":"https:\/\/howtospa.com\/en\/#website"},"datePublished":"2022-05-24T09:57:52+00:00","dateModified":"2024-11-17T20:36:01+00:00","breadcrumb":{"@id":"https:\/\/howtospa.com\/produit\/huile-cbd-yoda-broad-spectrum-20-nature\/#breadcrumb"},"inLanguage":"en-US","potentialAction":[{"@type":"ReadAction","target":["https:\/\/howtospa.com\/produit\/huile-cbd-yoda-broad-spectrum-20-nature\/"]}]},{"@type":"BreadcrumbList","@id":"https:\/\/howtospa.com\/produit\/huile-cbd-yoda-broad-spectrum-20-nature\/#breadcrumb","itemListElement":[{"@type":"ListItem","position":1,"name":"Home","item":"https:\/\/howtospa.com\/"},{"@type":"ListItem","position":2,"name":"Products","item":"https:\/\/howtospa.com\/en\/shop\/"},{"@type":"ListItem","position":3,"name":"Huile CBD YODA Broad Spectrum 20% Nature"}]},{"@type":"WebSite","@id":"https:\/\/howtospa.com\/en\/#website","url":"https:\/\/howtospa.com\/en\/","name":"HowToSpa -How to vreate your relaxation","description":"Kits, programmes et tutoriels de relaxation, auto-massage et bien-\u00eatre chez soi, au bureau ou dans les transports.","publisher":{"@id":"https:\/\/howtospa.com\/en\/#organization"},"potentialAction":[{"@type":"SearchAction","target":{"@type":"EntryPoint","urlTemplate":"https:\/\/howtospa.com\/en\/?s={search_term_string}"},"query-input":"required name=search_term_string"}],"inLanguage":"en-US"},{"@type":"Organization","@id":"https:\/\/howtospa.com\/en\/#organization","name":"HowToSpa -How to vreate your relaxation","url":"https:\/\/howtospa.com\/en\/","logo":{"@type":"ImageObject","inLanguage":"en-US","@id":"https:\/\/howtospa.com\/en\/#\/schema\/logo\/image\/","url":"http:\/\/preprod.howtospa.com\/wp-content\/uploads\/2021\/05\/logo-new-site-2.png","contentUrl":"http:\/\/preprod.howtospa.com\/wp-content\/uploads\/2021\/05\/logo-new-site-2.png","width":953,"height":332,"caption":"HowToSpa -How to vreate your relaxation"},"image":{"@id":"https:\/\/howtospa.com\/en\/#\/schema\/logo\/image\/"},"sameAs":["https:\/\/www.pinterest.fr\/howtospa"]}]}},"_links":{"self":[{"href":"https:\/\/howtospa.com\/en\/wp-json\/wp\/v2\/product\/29614","targetHints":{"allow":["GET"]}}],"collection":[{"href":"https:\/\/howtospa.com\/en\/wp-json\/wp\/v2\/product"}],"about":[{"href":"https:\/\/howtospa.com\/en\/wp-json\/wp\/v2\/types\/product"}],"wp:featuredmedia":[{"embeddable":true,"href":"https:\/\/howtospa.com\/en\/wp-json\/wp\/v2\/media\/29713"}],"wp:attachment":[{"href":"https:\/\/howtospa.com\/en\/wp-json\/wp\/v2\/media?parent=29614"}],"wp:term":[{"taxonomy":"product_cat","embeddable":true,"href":"https:\/\/howtospa.com\/en\/wp-json\/wp\/v2\/product_cat?post=29614"},{"taxonomy":"product_tag","embeddable":true,"href":"https:\/\/howtospa.com\/en\/wp-json\/wp\/v2\/product_tag?post=29614"}],"curies":[{"name":"wp","href":"https:\/\/api.w.org\/{rel}","templated":true}]}}