{"id":29643,"date":"2022-06-14T12:28:43","date_gmt":"2022-06-14T10:28:43","guid":{"rendered":"https:\/\/howtospa.com\/?post_type=product&#038;p=29643"},"modified":"2023-01-08T14:59:24","modified_gmt":"2023-01-08T13:59:24","slug":"sophro-masque-beaute-calme-seance-lacher-prise-de-ressource-corps-mental","status":"publish","type":"product","link":"https:\/\/howtospa.com\/en\/produit\/sophro-masque-beaute-calme-seance-lacher-prise-de-ressource-corps-mental\/","title":{"rendered":"SOPHRO MASQUE\u00ae Beaut\u00e9 Calme, S\u00e9ance L\u00e2cher Prise de Ressource Corps Mental"},"content":{"rendered":"","protected":false},"excerpt":{"rendered":"<p><span style=\"font-family: georgia, palatino, serif;\"><strong>Un masque visage <\/strong>repulpant et apaisant<\/span><\/p>\n<p><span style=\"font-family: georgia, palatino, serif;\">+ <b>Une s\u00e9ance audio L\u00e2cher Prise<\/b><\/span><\/p>\n<p class=\"p1\"><span style=\"font-family: georgia, palatino, serif;\">\u00c0 travers des\u00a0<b>exercices de d\u00e9tente corporelle et de visualisation, <\/b>cette s\u00e9ance va vous permettre de <strong>prendre du recul et de la distance face aux situations stressantes que vous ne pouvez pas faire \u00e9voluer<\/strong>, et \u00e0 ainsi mieux les vivre.<\/span><\/p>\n<p>&nbsp;<\/p>\n<div class=\"vc_row wpb_row vc_inner vc_row-fluid\">\n<div class=\"product_description_onglet wpb_column vc_column_container vc_col-sm-12\">\n<div class=\"vc_column-inner\">\n<div class=\"wpb_wrapper\">\n<div class=\"custom-information \" data-wow-duration=\"\" data-wow-delay=\"\" data-wow-iteration=\"\" data-wow-offset=\"\">\n<p>&nbsp;<\/p>\n<p><strong>LE MASQUE: <\/strong><\/p>\n<ul>\n<li>Masque visage \u00e0 usage unique en biocellulose, materiau 100% naturel, impr\u00e9gn\u00e9 de 10ml de s\u00e9rum \u00e0 l\u2019acide hyaluronique, \u00e0 l\u2019actif R\u00e9sistress et \u00e0 l\u2019hydrolat de rose.<\/li>\n<li>Formule sans conservateur; \u00e0 93% d\u2019ingr\u00e9dients naturels.<\/li>\n<li>Fabriqu\u00e9 en France<\/li>\n<\/ul>\n<p>&nbsp;<\/p>\n<\/div>\n<\/div>\n<\/div>\n<\/div>\n<\/div>\n<div class=\"vc_row wpb_row vc_inner vc_row-fluid\">\n<div class=\"product_description_onglet wpb_column vc_column_container vc_col-sm-12\">\n<div class=\"vc_column-inner\">\n<div class=\"wpb_wrapper\">\n<div class=\"custom-information \" data-wow-duration=\"\" data-wow-delay=\"\" data-wow-iteration=\"\" data-wow-offset=\"\">\n<p><strong>LA S\u00c9ANCE DE SOPHROLOGIE:<\/strong><\/p>\n<div class=\"wpb_text_column wpb_content_element contenu\">\n<div class=\"wpb_wrapper\">\n<p>Un fascicule vous expliquera comment y acc\u00e9der<\/p>\n<\/div>\n<\/div>\n<p>&nbsp;<\/p>\n<p>&nbsp;<\/p>\n<\/div>\n<\/div>\n<\/div>\n<\/div>\n<\/div>\n<div class=\"vc_tta-panel-body\">\n<div class=\"vc_row wpb_row vc_inner vc_row-fluid\">\n<div class=\"product_description_onglet wpb_column vc_column_container vc_col-sm-12\">\n<div class=\"vc_column-inner\">\n<div class=\"wpb_wrapper\">\n<div class=\"custom-information \" data-wow-duration=\"\" data-wow-delay=\"\" data-wow-iteration=\"\" data-wow-offset=\"\">\n<p>&nbsp;<\/p>\n<p>&nbsp;<\/p>\n<\/div>\n<\/div>\n<\/div>\n<\/div>\n<\/div>\n<\/div>\n","protected":false},"featured_media":29644,"template":"","meta":{"_ppp_document_settings_meta":""},"product_cat":[454,448],"product_tag":[],"composite_layout":"","composite_add_to_cart_form_location":"","composite_editable_in_cart":false,"composite_sold_individually_context":"","composite_shop_price_calc":"","composite_components":[],"composite_scenarios":[],"yoast_head":"<!-- This site is optimized with the Yoast SEO plugin v20.9 - https:\/\/yoast.com\/wordpress\/plugins\/seo\/ -->\n<title>SOPHRO MASQUE\u00ae Beaut\u00e9 Calme, S\u00e9ance L\u00e2cher Prise de Ressource Corps Mental - HowToSpa - How to create your relaxation<\/title>\n<meta name=\"robots\" content=\"index, follow, max-snippet:-1, max-image-preview:large, max-video-preview:-1\" \/>\n<link rel=\"canonical\" href=\"https:\/\/howtospa.com\/produit\/sophro-masque-beaute-calme-seance-lacher-prise-de-ressource-corps-mental\/\" \/>\n<meta property=\"og:locale\" content=\"en_US\" \/>\n<meta property=\"og:type\" content=\"article\" \/>\n<meta property=\"og:title\" content=\"SOPHRO MASQUE\u00ae Beaut\u00e9 Calme, S\u00e9ance L\u00e2cher Prise de Ressource Corps Mental - HowToSpa - How to create your relaxation\" \/>\n<meta property=\"og:description\" content=\"Un masque visage repulpant et apaisant  + Une s\u00e9ance audio L\u00e2cher Prise \u00c0 travers des\u00a0exercices de d\u00e9tente corporelle et de visualisation, cette s\u00e9ance va vous permettre de prendre du recul et de la distance face aux situations stressantes que vous ne pouvez pas faire \u00e9voluer, et \u00e0 ainsi mieux les vivre. &nbsp;       &nbsp;  LE MASQUE:    Masque visage \u00e0 usage unique en biocellulose, materiau 100% naturel, impr\u00e9gn\u00e9 de 10ml de s\u00e9rum \u00e0 l\u2019acide hyaluronique, \u00e0 l\u2019actif R\u00e9sistress et \u00e0 l\u2019hydrolat de rose.  Formule sans conservateur; \u00e0 93% d\u2019ingr\u00e9dients naturels.  Fabriqu\u00e9 en France  &nbsp;             LA S\u00c9ANCE DE SOPHROLOGIE:    Un fascicule vous expliquera comment y acc\u00e9der    &nbsp;  &nbsp;              &nbsp;  &nbsp;\" \/>\n<meta property=\"og:url\" content=\"https:\/\/howtospa.com\/produit\/sophro-masque-beaute-calme-seance-lacher-prise-de-ressource-corps-mental\/\" \/>\n<meta property=\"og:site_name\" content=\"HowToSpa - How to create your relaxation\" \/>\n<meta property=\"article:modified_time\" content=\"2023-01-08T13:59:24+00:00\" \/>\n<meta property=\"og:image\" content=\"https:\/\/howtospa.com\/wp-content\/uploads\/2022\/06\/SMBCSLP.png\" \/>\n\t<meta property=\"og:image:width\" content=\"651\" \/>\n\t<meta property=\"og:image:height\" content=\"594\" \/>\n\t<meta property=\"og:image:type\" content=\"image\/png\" \/>\n<meta name=\"twitter:card\" content=\"summary_large_image\" \/>\n<script type=\"application\/ld+json\" class=\"yoast-schema-graph\">{\"@context\":\"https:\/\/schema.org\",\"@graph\":[{\"@type\":\"WebPage\",\"@id\":\"https:\/\/howtospa.com\/produit\/sophro-masque-beaute-calme-seance-lacher-prise-de-ressource-corps-mental\/\",\"url\":\"https:\/\/howtospa.com\/produit\/sophro-masque-beaute-calme-seance-lacher-prise-de-ressource-corps-mental\/\",\"name\":\"SOPHRO MASQUE\u00ae Beaut\u00e9 Calme, S\u00e9ance L\u00e2cher Prise de Ressource Corps Mental - HowToSpa - How to create your relaxation\",\"isPartOf\":{\"@id\":\"https:\/\/howtospa.com\/#website\"},\"datePublished\":\"2022-06-14T10:28:43+00:00\",\"dateModified\":\"2023-01-08T13:59:24+00:00\",\"breadcrumb\":{\"@id\":\"https:\/\/howtospa.com\/produit\/sophro-masque-beaute-calme-seance-lacher-prise-de-ressource-corps-mental\/#breadcrumb\"},\"inLanguage\":\"en-US\",\"potentialAction\":[{\"@type\":\"ReadAction\",\"target\":[\"https:\/\/howtospa.com\/produit\/sophro-masque-beaute-calme-seance-lacher-prise-de-ressource-corps-mental\/\"]}]},{\"@type\":\"BreadcrumbList\",\"@id\":\"https:\/\/howtospa.com\/produit\/sophro-masque-beaute-calme-seance-lacher-prise-de-ressource-corps-mental\/#breadcrumb\",\"itemListElement\":[{\"@type\":\"ListItem\",\"position\":1,\"name\":\"Home\",\"item\":\"https:\/\/howtospa.com\/en\/\"},{\"@type\":\"ListItem\",\"position\":2,\"name\":\"Produits\",\"item\":\"https:\/\/howtospa.com\/shop\/\"},{\"@type\":\"ListItem\",\"position\":3,\"name\":\"SOPHRO MASQUE\u00ae Beaut\u00e9 Calme, S\u00e9ance L\u00e2cher Prise de Ressource Corps Mental\"}]},{\"@type\":\"WebSite\",\"@id\":\"https:\/\/howtospa.com\/#website\",\"url\":\"https:\/\/howtospa.com\/\",\"name\":\"HowToSpa -How to vreate your relaxation\",\"description\":\"Kits, programmes et tutoriels de relaxation, auto-massage et bien-\u00eatre chez soi, au bureau ou dans les transports.\",\"publisher\":{\"@id\":\"https:\/\/howtospa.com\/#organization\"},\"potentialAction\":[{\"@type\":\"SearchAction\",\"target\":{\"@type\":\"EntryPoint\",\"urlTemplate\":\"https:\/\/howtospa.com\/?s={search_term_string}\"},\"query-input\":\"required name=search_term_string\"}],\"inLanguage\":\"en-US\"},{\"@type\":\"Organization\",\"@id\":\"https:\/\/howtospa.com\/#organization\",\"name\":\"HowToSpa -How to vreate your relaxation\",\"url\":\"https:\/\/howtospa.com\/\",\"logo\":{\"@type\":\"ImageObject\",\"inLanguage\":\"en-US\",\"@id\":\"https:\/\/howtospa.com\/#\/schema\/logo\/image\/\",\"url\":\"https:\/\/howtospa.com\/wp-content\/uploads\/2021\/05\/logo-new-site-2.png\",\"contentUrl\":\"https:\/\/howtospa.com\/wp-content\/uploads\/2021\/05\/logo-new-site-2.png\",\"width\":953,\"height\":332,\"caption\":\"HowToSpa -How to vreate your relaxation\"},\"image\":{\"@id\":\"https:\/\/howtospa.com\/#\/schema\/logo\/image\/\"},\"sameAs\":[\"https:\/\/www.pinterest.fr\/howtospa\"]}]}<\/script>\n<!-- \/ Yoast SEO plugin. -->","yoast_head_json":{"title":"SOPHRO MASQUE\u00ae Beaut\u00e9 Calme, S\u00e9ance L\u00e2cher Prise de Ressource Corps Mental - HowToSpa - How to create your relaxation","robots":{"index":"index","follow":"follow","max-snippet":"max-snippet:-1","max-image-preview":"max-image-preview:large","max-video-preview":"max-video-preview:-1"},"canonical":"https:\/\/howtospa.com\/produit\/sophro-masque-beaute-calme-seance-lacher-prise-de-ressource-corps-mental\/","og_locale":"en_US","og_type":"article","og_title":"SOPHRO MASQUE\u00ae Beaut\u00e9 Calme, S\u00e9ance L\u00e2cher Prise de Ressource Corps Mental - HowToSpa - How to create your relaxation","og_description":"Un masque visage repulpant et apaisant  + Une s\u00e9ance audio L\u00e2cher Prise \u00c0 travers des\u00a0exercices de d\u00e9tente corporelle et de visualisation, cette s\u00e9ance va vous permettre de prendre du recul et de la distance face aux situations stressantes que vous ne pouvez pas faire \u00e9voluer, et \u00e0 ainsi mieux les vivre. &nbsp;       &nbsp;  LE MASQUE:    Masque visage \u00e0 usage unique en biocellulose, materiau 100% naturel, impr\u00e9gn\u00e9 de 10ml de s\u00e9rum \u00e0 l\u2019acide hyaluronique, \u00e0 l\u2019actif R\u00e9sistress et \u00e0 l\u2019hydrolat de rose.  Formule sans conservateur; \u00e0 93% d\u2019ingr\u00e9dients naturels.  Fabriqu\u00e9 en France  &nbsp;             LA S\u00c9ANCE DE SOPHROLOGIE:    Un fascicule vous expliquera comment y acc\u00e9der    &nbsp;  &nbsp;              &nbsp;  &nbsp;","og_url":"https:\/\/howtospa.com\/produit\/sophro-masque-beaute-calme-seance-lacher-prise-de-ressource-corps-mental\/","og_site_name":"HowToSpa - How to create your relaxation","article_modified_time":"2023-01-08T13:59:24+00:00","og_image":[{"width":651,"height":594,"url":"https:\/\/howtospa.com\/wp-content\/uploads\/2022\/06\/SMBCSLP.png","type":"image\/png"}],"twitter_card":"summary_large_image","schema":{"@context":"https:\/\/schema.org","@graph":[{"@type":"WebPage","@id":"https:\/\/howtospa.com\/produit\/sophro-masque-beaute-calme-seance-lacher-prise-de-ressource-corps-mental\/","url":"https:\/\/howtospa.com\/produit\/sophro-masque-beaute-calme-seance-lacher-prise-de-ressource-corps-mental\/","name":"SOPHRO MASQUE\u00ae Beaut\u00e9 Calme, S\u00e9ance L\u00e2cher Prise de Ressource Corps Mental - HowToSpa - How to create your relaxation","isPartOf":{"@id":"https:\/\/howtospa.com\/#website"},"datePublished":"2022-06-14T10:28:43+00:00","dateModified":"2023-01-08T13:59:24+00:00","breadcrumb":{"@id":"https:\/\/howtospa.com\/produit\/sophro-masque-beaute-calme-seance-lacher-prise-de-ressource-corps-mental\/#breadcrumb"},"inLanguage":"en-US","potentialAction":[{"@type":"ReadAction","target":["https:\/\/howtospa.com\/produit\/sophro-masque-beaute-calme-seance-lacher-prise-de-ressource-corps-mental\/"]}]},{"@type":"BreadcrumbList","@id":"https:\/\/howtospa.com\/produit\/sophro-masque-beaute-calme-seance-lacher-prise-de-ressource-corps-mental\/#breadcrumb","itemListElement":[{"@type":"ListItem","position":1,"name":"Home","item":"https:\/\/howtospa.com\/en\/"},{"@type":"ListItem","position":2,"name":"Produits","item":"https:\/\/howtospa.com\/shop\/"},{"@type":"ListItem","position":3,"name":"SOPHRO MASQUE\u00ae Beaut\u00e9 Calme, S\u00e9ance L\u00e2cher Prise de Ressource Corps Mental"}]},{"@type":"WebSite","@id":"https:\/\/howtospa.com\/#website","url":"https:\/\/howtospa.com\/","name":"HowToSpa -How to vreate your relaxation","description":"Kits, programmes et tutoriels de relaxation, auto-massage et bien-\u00eatre chez soi, au bureau ou dans les transports.","publisher":{"@id":"https:\/\/howtospa.com\/#organization"},"potentialAction":[{"@type":"SearchAction","target":{"@type":"EntryPoint","urlTemplate":"https:\/\/howtospa.com\/?s={search_term_string}"},"query-input":"required name=search_term_string"}],"inLanguage":"en-US"},{"@type":"Organization","@id":"https:\/\/howtospa.com\/#organization","name":"HowToSpa -How to vreate your relaxation","url":"https:\/\/howtospa.com\/","logo":{"@type":"ImageObject","inLanguage":"en-US","@id":"https:\/\/howtospa.com\/#\/schema\/logo\/image\/","url":"https:\/\/howtospa.com\/wp-content\/uploads\/2021\/05\/logo-new-site-2.png","contentUrl":"https:\/\/howtospa.com\/wp-content\/uploads\/2021\/05\/logo-new-site-2.png","width":953,"height":332,"caption":"HowToSpa -How to vreate your relaxation"},"image":{"@id":"https:\/\/howtospa.com\/#\/schema\/logo\/image\/"},"sameAs":["https:\/\/www.pinterest.fr\/howtospa"]}]}},"_links":{"self":[{"href":"https:\/\/howtospa.com\/en\/wp-json\/wp\/v2\/product\/29643"}],"collection":[{"href":"https:\/\/howtospa.com\/en\/wp-json\/wp\/v2\/product"}],"about":[{"href":"https:\/\/howtospa.com\/en\/wp-json\/wp\/v2\/types\/product"}],"wp:featuredmedia":[{"embeddable":true,"href":"https:\/\/howtospa.com\/en\/wp-json\/wp\/v2\/media\/29644"}],"wp:attachment":[{"href":"https:\/\/howtospa.com\/en\/wp-json\/wp\/v2\/media?parent=29643"}],"wp:term":[{"taxonomy":"product_cat","embeddable":true,"href":"https:\/\/howtospa.com\/en\/wp-json\/wp\/v2\/product_cat?post=29643"},{"taxonomy":"product_tag","embeddable":true,"href":"https:\/\/howtospa.com\/en\/wp-json\/wp\/v2\/product_tag?post=29643"}],"curies":[{"name":"wp","href":"https:\/\/api.w.org\/{rel}","templated":true}]}}