{"id":29646,"date":"2022-06-14T12:40:55","date_gmt":"2022-06-14T10:40:55","guid":{"rendered":"https:\/\/howtospa.com\/?post_type=product&#038;p=29646"},"modified":"2022-06-14T12:43:25","modified_gmt":"2022-06-14T10:43:25","slug":"sophro-cure-sommeil-de-ressource-corps-mental","status":"publish","type":"product","link":"https:\/\/howtospa.com\/en\/produit\/sophro-cure-sommeil-de-ressource-corps-mental\/","title":{"rendered":"SOPHRO CURE\u00ae Sommeil de Ressource Corps Mental"},"content":{"rendered":"","protected":false},"excerpt":{"rendered":"<div class=\"wpb_text_column wpb_content_element vc_custom_1615915781841 contenu\">\n<div class=\"wpb_wrapper\">\n<p><span style=\"font-family: georgia, palatino, serif;\"><strong>3 masques visage<\/strong> repulpants et apaisants, chacun accompagn\u00e9<\/span><br \/>\n<span style=\"font-family: georgia, palatino, serif;\">de sa <strong>s\u00e9ance audio de sophrologie d\u00e9di\u00e9e et progressive<\/strong>.<\/span><\/p>\n<p><span style=\"font-family: georgia, palatino, serif;\">En 1 mois : <strong>remobilisez vos capacit\u00e9s de sommeil pour <\/strong><strong>r\u00e9cup\u00e9rer \u00e9nergie et teint \u00e9clatant. <\/strong><\/span><\/p>\n<\/div>\n<div class=\"vc_row wpb_row vc_inner vc_row-fluid\">\n<div class=\"product_description_onglet wpb_column vc_column_container vc_col-sm-12\">\n<div class=\"vc_column-inner\">\n<div class=\"wpb_wrapper\">\n<div class=\"custom-information \" data-wow-duration=\"\" data-wow-delay=\"\" data-wow-iteration=\"\" data-wow-offset=\"\">\n<p><span style=\"font-family: georgia, palatino, serif;\"><strong>\u00a0<\/strong><\/span><\/p>\n<p><img decoding=\"async\" class=\"size-medium wp-image-29655 aligncenter\" src=\"https:\/\/howtospa.com\/wp-content\/uploads\/2022\/06\/P3T-3-300x168.png\" alt=\"\" width=\"300\" height=\"168\" \/><\/p>\n<p><span style=\"font-family: georgia, palatino, serif;\"><strong>LE MASQUE: <\/strong><\/span><\/p>\n<ul>\n<li><span style=\"font-family: georgia, palatino, serif;\">Masque visage \u00e0 usage unique en biocellulose, materiau 100% naturel, impr\u00e9gn\u00e9 de 10ml de s\u00e9rum \u00e0 l\u2019acide hyaluronique, \u00e0 l\u2019actif R\u00e9sistress et \u00e0 l\u2019hydrolat de rose.<\/span><\/li>\n<li><span style=\"font-family: georgia, palatino, serif;\">Formule sans conservateur; \u00e0 93% d\u2019ingr\u00e9dients naturels.<\/span><\/li>\n<li><span style=\"font-family: georgia, palatino, serif;\">Fabriqu\u00e9 en France<\/span><\/li>\n<\/ul>\n<p>&nbsp;<\/p>\n<\/div>\n<\/div>\n<\/div>\n<\/div>\n<\/div>\n<div class=\"vc_row wpb_row vc_inner vc_row-fluid\">\n<div class=\"product_description_onglet wpb_column vc_column_container vc_col-sm-12\">\n<div class=\"vc_column-inner\">\n<div class=\"wpb_wrapper\">\n<div class=\"custom-information \" data-wow-duration=\"\" data-wow-delay=\"\" data-wow-iteration=\"\" data-wow-offset=\"\">\n<p><span style=\"font-family: georgia, palatino, serif;\"><strong>LA S\u00c9ANCE DE SOPHROLOGIE:<\/strong><\/span><\/p>\n<div class=\"wpb_text_column wpb_content_element contenu\">\n<div class=\"wpb_wrapper\">\n<p><span style=\"font-family: georgia, palatino, serif;\">Un fascicule vous expliquera comment y acc\u00e9der<\/span><\/p>\n<\/div>\n<\/div>\n<p>&nbsp;<\/p>\n<p>&nbsp;<\/p>\n<\/div>\n<\/div>\n<\/div>\n<\/div>\n<\/div>\n<div class=\"vc_tta-panel-body\">\n<div class=\"vc_row wpb_row vc_inner vc_row-fluid\">\n<div class=\"product_description_onglet wpb_column vc_column_container vc_col-sm-12\">\n<div class=\"vc_column-inner\">\n<div class=\"wpb_wrapper\">\n<div class=\"custom-information \" data-wow-duration=\"\" data-wow-delay=\"\" data-wow-iteration=\"\" data-wow-offset=\"\">\n<p>&nbsp;<\/p>\n<p>&nbsp;<\/p>\n<\/div>\n<\/div>\n<\/div>\n<\/div>\n<\/div>\n<\/div>\n<\/div>\n","protected":false},"featured_media":29653,"template":"","meta":{"_ppp_document_settings_meta":""},"product_cat":[454,448],"product_tag":[],"composite_layout":"","composite_add_to_cart_form_location":"","composite_editable_in_cart":false,"composite_sold_individually_context":"","composite_shop_price_calc":"","composite_components":[],"composite_scenarios":[],"yoast_head":"<!-- This site is optimized with the Yoast SEO plugin v20.9 - https:\/\/yoast.com\/wordpress\/plugins\/seo\/ -->\n<title>SOPHRO CURE\u00ae Sommeil de Ressource Corps Mental - HowToSpa - How to create your relaxation<\/title>\n<meta name=\"robots\" content=\"index, follow, max-snippet:-1, max-image-preview:large, max-video-preview:-1\" \/>\n<link rel=\"canonical\" href=\"https:\/\/howtospa.com\/produit\/sophro-cure-sommeil-de-ressource-corps-mental\/\" \/>\n<meta property=\"og:locale\" content=\"en_US\" \/>\n<meta property=\"og:type\" content=\"article\" \/>\n<meta property=\"og:title\" content=\"SOPHRO CURE\u00ae Sommeil de Ressource Corps Mental - HowToSpa - How to create your relaxation\" \/>\n<meta property=\"og:description\" content=\"3 masques visage repulpants et apaisants, chacun accompagn\u00e9 de sa s\u00e9ance audio de sophrologie d\u00e9di\u00e9e et progressive.  En 1 mois : remobilisez vos capacit\u00e9s de sommeil pour r\u00e9cup\u00e9rer \u00e9nergie et teint \u00e9clatant.          \u00a0    LE MASQUE:    Masque visage \u00e0 usage unique en biocellulose, materiau 100% naturel, impr\u00e9gn\u00e9 de 10ml de s\u00e9rum \u00e0 l\u2019acide hyaluronique, \u00e0 l\u2019actif R\u00e9sistress et \u00e0 l\u2019hydrolat de rose.  Formule sans conservateur; \u00e0 93% d\u2019ingr\u00e9dients naturels.  Fabriqu\u00e9 en France  &nbsp;             LA S\u00c9ANCE DE SOPHROLOGIE:    Un fascicule vous expliquera comment y acc\u00e9der    &nbsp;  &nbsp;              &nbsp;  &nbsp;\" \/>\n<meta property=\"og:url\" content=\"https:\/\/howtospa.com\/produit\/sophro-cure-sommeil-de-ressource-corps-mental\/\" \/>\n<meta property=\"og:site_name\" content=\"HowToSpa - How to create your relaxation\" \/>\n<meta property=\"article:modified_time\" content=\"2022-06-14T10:43:25+00:00\" \/>\n<meta property=\"og:image\" content=\"https:\/\/howtospa.com\/wp-content\/uploads\/2022\/06\/SMCS.png\" \/>\n\t<meta property=\"og:image:width\" content=\"1214\" \/>\n\t<meta property=\"og:image:height\" content=\"619\" \/>\n\t<meta property=\"og:image:type\" content=\"image\/png\" \/>\n<meta name=\"twitter:card\" content=\"summary_large_image\" \/>\n<script type=\"application\/ld+json\" class=\"yoast-schema-graph\">{\"@context\":\"https:\/\/schema.org\",\"@graph\":[{\"@type\":\"WebPage\",\"@id\":\"https:\/\/howtospa.com\/produit\/sophro-cure-sommeil-de-ressource-corps-mental\/\",\"url\":\"https:\/\/howtospa.com\/produit\/sophro-cure-sommeil-de-ressource-corps-mental\/\",\"name\":\"SOPHRO CURE\u00ae Sommeil de Ressource Corps Mental - HowToSpa - How to create your relaxation\",\"isPartOf\":{\"@id\":\"https:\/\/howtospa.com\/#website\"},\"datePublished\":\"2022-06-14T10:40:55+00:00\",\"dateModified\":\"2022-06-14T10:43:25+00:00\",\"breadcrumb\":{\"@id\":\"https:\/\/howtospa.com\/produit\/sophro-cure-sommeil-de-ressource-corps-mental\/#breadcrumb\"},\"inLanguage\":\"en-US\",\"potentialAction\":[{\"@type\":\"ReadAction\",\"target\":[\"https:\/\/howtospa.com\/produit\/sophro-cure-sommeil-de-ressource-corps-mental\/\"]}]},{\"@type\":\"BreadcrumbList\",\"@id\":\"https:\/\/howtospa.com\/produit\/sophro-cure-sommeil-de-ressource-corps-mental\/#breadcrumb\",\"itemListElement\":[{\"@type\":\"ListItem\",\"position\":1,\"name\":\"Home\",\"item\":\"https:\/\/howtospa.com\/en\/\"},{\"@type\":\"ListItem\",\"position\":2,\"name\":\"Produits\",\"item\":\"https:\/\/howtospa.com\/shop\/\"},{\"@type\":\"ListItem\",\"position\":3,\"name\":\"SOPHRO CURE\u00ae Sommeil de Ressource Corps Mental\"}]},{\"@type\":\"WebSite\",\"@id\":\"https:\/\/howtospa.com\/#website\",\"url\":\"https:\/\/howtospa.com\/\",\"name\":\"HowToSpa -How to vreate your relaxation\",\"description\":\"Kits, programmes et tutoriels de relaxation, auto-massage et bien-\u00eatre chez soi, au bureau ou dans les transports.\",\"publisher\":{\"@id\":\"https:\/\/howtospa.com\/#organization\"},\"potentialAction\":[{\"@type\":\"SearchAction\",\"target\":{\"@type\":\"EntryPoint\",\"urlTemplate\":\"https:\/\/howtospa.com\/?s={search_term_string}\"},\"query-input\":\"required name=search_term_string\"}],\"inLanguage\":\"en-US\"},{\"@type\":\"Organization\",\"@id\":\"https:\/\/howtospa.com\/#organization\",\"name\":\"HowToSpa -How to vreate your relaxation\",\"url\":\"https:\/\/howtospa.com\/\",\"logo\":{\"@type\":\"ImageObject\",\"inLanguage\":\"en-US\",\"@id\":\"https:\/\/howtospa.com\/#\/schema\/logo\/image\/\",\"url\":\"https:\/\/howtospa.com\/wp-content\/uploads\/2021\/05\/logo-new-site-2.png\",\"contentUrl\":\"https:\/\/howtospa.com\/wp-content\/uploads\/2021\/05\/logo-new-site-2.png\",\"width\":953,\"height\":332,\"caption\":\"HowToSpa -How to vreate your relaxation\"},\"image\":{\"@id\":\"https:\/\/howtospa.com\/#\/schema\/logo\/image\/\"},\"sameAs\":[\"https:\/\/www.pinterest.fr\/howtospa\"]}]}<\/script>\n<!-- \/ Yoast SEO plugin. -->","yoast_head_json":{"title":"SOPHRO CURE\u00ae Sommeil de Ressource Corps Mental - HowToSpa - How to create your relaxation","robots":{"index":"index","follow":"follow","max-snippet":"max-snippet:-1","max-image-preview":"max-image-preview:large","max-video-preview":"max-video-preview:-1"},"canonical":"https:\/\/howtospa.com\/produit\/sophro-cure-sommeil-de-ressource-corps-mental\/","og_locale":"en_US","og_type":"article","og_title":"SOPHRO CURE\u00ae Sommeil de Ressource Corps Mental - HowToSpa - How to create your relaxation","og_description":"3 masques visage repulpants et apaisants, chacun accompagn\u00e9 de sa s\u00e9ance audio de sophrologie d\u00e9di\u00e9e et progressive.  En 1 mois : remobilisez vos capacit\u00e9s de sommeil pour r\u00e9cup\u00e9rer \u00e9nergie et teint \u00e9clatant.          \u00a0    LE MASQUE:    Masque visage \u00e0 usage unique en biocellulose, materiau 100% naturel, impr\u00e9gn\u00e9 de 10ml de s\u00e9rum \u00e0 l\u2019acide hyaluronique, \u00e0 l\u2019actif R\u00e9sistress et \u00e0 l\u2019hydrolat de rose.  Formule sans conservateur; \u00e0 93% d\u2019ingr\u00e9dients naturels.  Fabriqu\u00e9 en France  &nbsp;             LA S\u00c9ANCE DE SOPHROLOGIE:    Un fascicule vous expliquera comment y acc\u00e9der    &nbsp;  &nbsp;              &nbsp;  &nbsp;","og_url":"https:\/\/howtospa.com\/produit\/sophro-cure-sommeil-de-ressource-corps-mental\/","og_site_name":"HowToSpa - How to create your relaxation","article_modified_time":"2022-06-14T10:43:25+00:00","og_image":[{"width":1214,"height":619,"url":"https:\/\/howtospa.com\/wp-content\/uploads\/2022\/06\/SMCS.png","type":"image\/png"}],"twitter_card":"summary_large_image","schema":{"@context":"https:\/\/schema.org","@graph":[{"@type":"WebPage","@id":"https:\/\/howtospa.com\/produit\/sophro-cure-sommeil-de-ressource-corps-mental\/","url":"https:\/\/howtospa.com\/produit\/sophro-cure-sommeil-de-ressource-corps-mental\/","name":"SOPHRO CURE\u00ae Sommeil de Ressource Corps Mental - HowToSpa - How to create your relaxation","isPartOf":{"@id":"https:\/\/howtospa.com\/#website"},"datePublished":"2022-06-14T10:40:55+00:00","dateModified":"2022-06-14T10:43:25+00:00","breadcrumb":{"@id":"https:\/\/howtospa.com\/produit\/sophro-cure-sommeil-de-ressource-corps-mental\/#breadcrumb"},"inLanguage":"en-US","potentialAction":[{"@type":"ReadAction","target":["https:\/\/howtospa.com\/produit\/sophro-cure-sommeil-de-ressource-corps-mental\/"]}]},{"@type":"BreadcrumbList","@id":"https:\/\/howtospa.com\/produit\/sophro-cure-sommeil-de-ressource-corps-mental\/#breadcrumb","itemListElement":[{"@type":"ListItem","position":1,"name":"Home","item":"https:\/\/howtospa.com\/en\/"},{"@type":"ListItem","position":2,"name":"Produits","item":"https:\/\/howtospa.com\/shop\/"},{"@type":"ListItem","position":3,"name":"SOPHRO CURE\u00ae Sommeil de Ressource Corps Mental"}]},{"@type":"WebSite","@id":"https:\/\/howtospa.com\/#website","url":"https:\/\/howtospa.com\/","name":"HowToSpa -How to vreate your relaxation","description":"Kits, programmes et tutoriels de relaxation, auto-massage et bien-\u00eatre chez soi, au bureau ou dans les transports.","publisher":{"@id":"https:\/\/howtospa.com\/#organization"},"potentialAction":[{"@type":"SearchAction","target":{"@type":"EntryPoint","urlTemplate":"https:\/\/howtospa.com\/?s={search_term_string}"},"query-input":"required name=search_term_string"}],"inLanguage":"en-US"},{"@type":"Organization","@id":"https:\/\/howtospa.com\/#organization","name":"HowToSpa -How to vreate your relaxation","url":"https:\/\/howtospa.com\/","logo":{"@type":"ImageObject","inLanguage":"en-US","@id":"https:\/\/howtospa.com\/#\/schema\/logo\/image\/","url":"https:\/\/howtospa.com\/wp-content\/uploads\/2021\/05\/logo-new-site-2.png","contentUrl":"https:\/\/howtospa.com\/wp-content\/uploads\/2021\/05\/logo-new-site-2.png","width":953,"height":332,"caption":"HowToSpa -How to vreate your relaxation"},"image":{"@id":"https:\/\/howtospa.com\/#\/schema\/logo\/image\/"},"sameAs":["https:\/\/www.pinterest.fr\/howtospa"]}]}},"_links":{"self":[{"href":"https:\/\/howtospa.com\/en\/wp-json\/wp\/v2\/product\/29646"}],"collection":[{"href":"https:\/\/howtospa.com\/en\/wp-json\/wp\/v2\/product"}],"about":[{"href":"https:\/\/howtospa.com\/en\/wp-json\/wp\/v2\/types\/product"}],"wp:featuredmedia":[{"embeddable":true,"href":"https:\/\/howtospa.com\/en\/wp-json\/wp\/v2\/media\/29653"}],"wp:attachment":[{"href":"https:\/\/howtospa.com\/en\/wp-json\/wp\/v2\/media?parent=29646"}],"wp:term":[{"taxonomy":"product_cat","embeddable":true,"href":"https:\/\/howtospa.com\/en\/wp-json\/wp\/v2\/product_cat?post=29646"},{"taxonomy":"product_tag","embeddable":true,"href":"https:\/\/howtospa.com\/en\/wp-json\/wp\/v2\/product_tag?post=29646"}],"curies":[{"name":"wp","href":"https:\/\/api.w.org\/{rel}","templated":true}]}}