{"id":29814,"date":"2022-11-04T12:11:22","date_gmt":"2022-11-04T11:11:22","guid":{"rendered":"https:\/\/howtospa.com\/?post_type=product&#038;p=29814"},"modified":"2025-11-04T21:04:54","modified_gmt":"2025-11-04T20:04:54","slug":"kit-winter-2022","status":"publish","type":"product","link":"https:\/\/howtospa.com\/en\/produit\/kit-winter-2022\/","title":{"rendered":"Kit Winter 2022"},"content":{"rendered":"","protected":false},"excerpt":{"rendered":"<p style=\"text-align: left;\"><span style=\"font-family: symbol; font-size: 12px;\"><em>\u00a0<\/em><\/span><span style=\"font-family: symbol; font-size: 12px;\"><em><span style=\"font-family: georgia, palatino, serif;\">(valeur r\u00e9elle 107<\/span> \u20ac) <\/em><\/span><\/p>\n<p>Ce Kit contient<\/p>\n<ul>\n<li>Un <strong>Tote Bag<\/strong> <strong>Mandala<\/strong> How To Spa<\/li>\n<li>Un <strong>Tutoriel de Relaxation<\/strong><\/li>\n<li>La s\u00e9lection de notre \u00e9quipe en \u00c9dition Limit\u00e9e:<\/li>\n<\/ul>\n<p>\u00b0 <a href=\"https:\/\/howtospa.com\/shop\/soins-et-linges-pour-la-maison\/bougie-mon-evasion-de-nyssae\/\" target=\"_blank\" rel=\"noopener\">Une <strong>Bougie aux senteurs de muguet, d\u2019orchid\u00e9e, d\u2019ylang-ylang<\/strong> et bergamote de Nyssa\u00e9<\/a><\/p>\n<p>\u00b0 <a href=\"https:\/\/howtospa.com\/shop\/uncategorized\/huile-hiver-de-oden\/\" target=\"_blank\" rel=\"noopener\">Une<strong> Huile de Soin Visage Hiver, aux <span class=\"OYPEnA text-decoration-none text-strikethrough-none\">huiles pr\u00e9cieuses de sapin des Vosges et de chanvre breton<\/span><\/strong>,\u00a0 de Oden<\/a><\/p>\n<p>\u00b0 <a href=\"https:\/\/howtospa.com\/shop\/cosmetiques\/baume-mon-huilette-rescue-des-huilettes\/\" target=\"_blank\" rel=\"noopener\">Un <strong>Baume SOS RESCUE<\/strong> les Huilettes<\/a><\/p>\n<p>\u00b0 <a href=\"https:\/\/howtospa.com\/shop\/infusions\/the-vallee-du-nil-de-nunshen\/\" target=\"_blank\" rel=\"noopener\">Un <strong>Th\u00e9 Vall\u00e9e du Nil, th\u00e9 vert aux notes de jasmin et de bergamote,<\/strong> de Nunshen<\/a><\/p>\n<p>\u00b0 <a href=\"https:\/\/howtospa.com\/shop\/accessoires\/barrette-valerie-valentine-x-how-to-spa-copie-2\/\" target=\"_blank\" rel=\"noopener\">Un<strong> accessoire offert: Barrette velours de soie x cristaux de Swarovski<\/strong><\/a><\/p>\n","protected":false},"featured_media":29849,"template":"","meta":{"_ppp_document_settings_meta":""},"product_cat":[210],"product_tag":[527],"composite_layout":"","composite_add_to_cart_form_location":"","composite_editable_in_cart":false,"composite_sold_individually_context":"","composite_shop_price_calc":"","composite_components":[],"composite_scenarios":[],"yoast_head":"<!-- This site is optimized with the Yoast SEO plugin v20.9 - https:\/\/yoast.com\/wordpress\/plugins\/seo\/ -->\n<title>Kit Winter 2022 - HowToSpa - How to create your relaxation<\/title>\n<meta name=\"robots\" content=\"index, follow, max-snippet:-1, max-image-preview:large, max-video-preview:-1\" \/>\n<link rel=\"canonical\" href=\"https:\/\/howtospa.com\/produit\/kit-winter-2022\/\" \/>\n<meta property=\"og:locale\" content=\"en_US\" \/>\n<meta property=\"og:type\" content=\"article\" \/>\n<meta property=\"og:title\" content=\"Kit Winter 2022 - HowToSpa - How to create your relaxation\" \/>\n<meta property=\"og:description\" content=\"\u00a0(valeur r\u00e9elle 107 \u20ac)  Ce Kit contient   Un Tote Bag Mandala How To Spa  Un Tutoriel de Relaxation  La s\u00e9lection de notre \u00e9quipe en \u00c9dition Limit\u00e9e:  \u00b0 Une Bougie aux senteurs de muguet, d\u2019orchid\u00e9e, d\u2019ylang-ylang et bergamote de Nyssa\u00e9  \u00b0 Une Huile de Soin Visage Hiver, aux huiles pr\u00e9cieuses de sapin des Vosges et de chanvre breton,\u00a0 de Oden  \u00b0 Un Baume SOS RESCUE les Huilettes  \u00b0 Un Th\u00e9 Vall\u00e9e du Nil, th\u00e9 vert aux notes de jasmin et de bergamote, de Nunshen  \u00b0 Un accessoire offert: Barrette velours de soie x cristaux de Swarovski\" \/>\n<meta property=\"og:url\" content=\"https:\/\/howtospa.com\/produit\/kit-winter-2022\/\" \/>\n<meta property=\"og:site_name\" content=\"HowToSpa - How to create your relaxation\" \/>\n<meta property=\"article:modified_time\" content=\"2025-11-04T20:04:54+00:00\" \/>\n<meta property=\"og:image\" content=\"https:\/\/howtospa.com\/wp-content\/uploads\/2022\/11\/HTS1-scaled.jpg\" \/>\n\t<meta property=\"og:image:width\" content=\"2560\" \/>\n\t<meta property=\"og:image:height\" content=\"1707\" \/>\n\t<meta property=\"og:image:type\" content=\"image\/jpeg\" \/>\n<meta name=\"twitter:card\" content=\"summary_large_image\" \/>\n<script type=\"application\/ld+json\" class=\"yoast-schema-graph\">{\"@context\":\"https:\/\/schema.org\",\"@graph\":[{\"@type\":\"WebPage\",\"@id\":\"https:\/\/howtospa.com\/produit\/kit-winter-2022\/\",\"url\":\"https:\/\/howtospa.com\/produit\/kit-winter-2022\/\",\"name\":\"Kit Winter 2022 - HowToSpa - How to create your relaxation\",\"isPartOf\":{\"@id\":\"https:\/\/howtospa.com\/#website\"},\"datePublished\":\"2022-11-04T11:11:22+00:00\",\"dateModified\":\"2025-11-04T20:04:54+00:00\",\"breadcrumb\":{\"@id\":\"https:\/\/howtospa.com\/produit\/kit-winter-2022\/#breadcrumb\"},\"inLanguage\":\"en-US\",\"potentialAction\":[{\"@type\":\"ReadAction\",\"target\":[\"https:\/\/howtospa.com\/produit\/kit-winter-2022\/\"]}]},{\"@type\":\"BreadcrumbList\",\"@id\":\"https:\/\/howtospa.com\/produit\/kit-winter-2022\/#breadcrumb\",\"itemListElement\":[{\"@type\":\"ListItem\",\"position\":1,\"name\":\"Home\",\"item\":\"https:\/\/howtospa.com\/en\/\"},{\"@type\":\"ListItem\",\"position\":2,\"name\":\"Produits\",\"item\":\"https:\/\/howtospa.com\/shop\/\"},{\"@type\":\"ListItem\",\"position\":3,\"name\":\"Kit Winter 2022\"}]},{\"@type\":\"WebSite\",\"@id\":\"https:\/\/howtospa.com\/#website\",\"url\":\"https:\/\/howtospa.com\/\",\"name\":\"HowToSpa -How to vreate your relaxation\",\"description\":\"Kits, programmes et tutoriels de relaxation, auto-massage et bien-\u00eatre chez soi, au bureau ou dans les transports.\",\"publisher\":{\"@id\":\"https:\/\/howtospa.com\/#organization\"},\"potentialAction\":[{\"@type\":\"SearchAction\",\"target\":{\"@type\":\"EntryPoint\",\"urlTemplate\":\"https:\/\/howtospa.com\/?s={search_term_string}\"},\"query-input\":\"required name=search_term_string\"}],\"inLanguage\":\"en-US\"},{\"@type\":\"Organization\",\"@id\":\"https:\/\/howtospa.com\/#organization\",\"name\":\"HowToSpa -How to vreate your relaxation\",\"url\":\"https:\/\/howtospa.com\/\",\"logo\":{\"@type\":\"ImageObject\",\"inLanguage\":\"en-US\",\"@id\":\"https:\/\/howtospa.com\/#\/schema\/logo\/image\/\",\"url\":\"https:\/\/howtospa.com\/wp-content\/uploads\/2021\/05\/logo-new-site-2.png\",\"contentUrl\":\"https:\/\/howtospa.com\/wp-content\/uploads\/2021\/05\/logo-new-site-2.png\",\"width\":953,\"height\":332,\"caption\":\"HowToSpa -How to vreate your relaxation\"},\"image\":{\"@id\":\"https:\/\/howtospa.com\/#\/schema\/logo\/image\/\"},\"sameAs\":[\"https:\/\/www.pinterest.fr\/howtospa\"]}]}<\/script>\n<!-- \/ Yoast SEO plugin. -->","yoast_head_json":{"title":"Kit Winter 2022 - HowToSpa - How to create your relaxation","robots":{"index":"index","follow":"follow","max-snippet":"max-snippet:-1","max-image-preview":"max-image-preview:large","max-video-preview":"max-video-preview:-1"},"canonical":"https:\/\/howtospa.com\/produit\/kit-winter-2022\/","og_locale":"en_US","og_type":"article","og_title":"Kit Winter 2022 - HowToSpa - How to create your relaxation","og_description":"\u00a0(valeur r\u00e9elle 107 \u20ac)  Ce Kit contient   Un Tote Bag Mandala How To Spa  Un Tutoriel de Relaxation  La s\u00e9lection de notre \u00e9quipe en \u00c9dition Limit\u00e9e:  \u00b0 Une Bougie aux senteurs de muguet, d\u2019orchid\u00e9e, d\u2019ylang-ylang et bergamote de Nyssa\u00e9  \u00b0 Une Huile de Soin Visage Hiver, aux huiles pr\u00e9cieuses de sapin des Vosges et de chanvre breton,\u00a0 de Oden  \u00b0 Un Baume SOS RESCUE les Huilettes  \u00b0 Un Th\u00e9 Vall\u00e9e du Nil, th\u00e9 vert aux notes de jasmin et de bergamote, de Nunshen  \u00b0 Un accessoire offert: Barrette velours de soie x cristaux de Swarovski","og_url":"https:\/\/howtospa.com\/produit\/kit-winter-2022\/","og_site_name":"HowToSpa - How to create your relaxation","article_modified_time":"2025-11-04T20:04:54+00:00","og_image":[{"width":2560,"height":1707,"url":"https:\/\/howtospa.com\/wp-content\/uploads\/2022\/11\/HTS1-scaled.jpg","type":"image\/jpeg"}],"twitter_card":"summary_large_image","schema":{"@context":"https:\/\/schema.org","@graph":[{"@type":"WebPage","@id":"https:\/\/howtospa.com\/produit\/kit-winter-2022\/","url":"https:\/\/howtospa.com\/produit\/kit-winter-2022\/","name":"Kit Winter 2022 - HowToSpa - How to create your relaxation","isPartOf":{"@id":"https:\/\/howtospa.com\/#website"},"datePublished":"2022-11-04T11:11:22+00:00","dateModified":"2025-11-04T20:04:54+00:00","breadcrumb":{"@id":"https:\/\/howtospa.com\/produit\/kit-winter-2022\/#breadcrumb"},"inLanguage":"en-US","potentialAction":[{"@type":"ReadAction","target":["https:\/\/howtospa.com\/produit\/kit-winter-2022\/"]}]},{"@type":"BreadcrumbList","@id":"https:\/\/howtospa.com\/produit\/kit-winter-2022\/#breadcrumb","itemListElement":[{"@type":"ListItem","position":1,"name":"Home","item":"https:\/\/howtospa.com\/en\/"},{"@type":"ListItem","position":2,"name":"Produits","item":"https:\/\/howtospa.com\/shop\/"},{"@type":"ListItem","position":3,"name":"Kit Winter 2022"}]},{"@type":"WebSite","@id":"https:\/\/howtospa.com\/#website","url":"https:\/\/howtospa.com\/","name":"HowToSpa -How to vreate your relaxation","description":"Kits, programmes et tutoriels de relaxation, auto-massage et bien-\u00eatre chez soi, au bureau ou dans les transports.","publisher":{"@id":"https:\/\/howtospa.com\/#organization"},"potentialAction":[{"@type":"SearchAction","target":{"@type":"EntryPoint","urlTemplate":"https:\/\/howtospa.com\/?s={search_term_string}"},"query-input":"required name=search_term_string"}],"inLanguage":"en-US"},{"@type":"Organization","@id":"https:\/\/howtospa.com\/#organization","name":"HowToSpa -How to vreate your relaxation","url":"https:\/\/howtospa.com\/","logo":{"@type":"ImageObject","inLanguage":"en-US","@id":"https:\/\/howtospa.com\/#\/schema\/logo\/image\/","url":"https:\/\/howtospa.com\/wp-content\/uploads\/2021\/05\/logo-new-site-2.png","contentUrl":"https:\/\/howtospa.com\/wp-content\/uploads\/2021\/05\/logo-new-site-2.png","width":953,"height":332,"caption":"HowToSpa -How to vreate your relaxation"},"image":{"@id":"https:\/\/howtospa.com\/#\/schema\/logo\/image\/"},"sameAs":["https:\/\/www.pinterest.fr\/howtospa"]}]}},"_links":{"self":[{"href":"https:\/\/howtospa.com\/en\/wp-json\/wp\/v2\/product\/29814"}],"collection":[{"href":"https:\/\/howtospa.com\/en\/wp-json\/wp\/v2\/product"}],"about":[{"href":"https:\/\/howtospa.com\/en\/wp-json\/wp\/v2\/types\/product"}],"wp:featuredmedia":[{"embeddable":true,"href":"https:\/\/howtospa.com\/en\/wp-json\/wp\/v2\/media\/29849"}],"wp:attachment":[{"href":"https:\/\/howtospa.com\/en\/wp-json\/wp\/v2\/media?parent=29814"}],"wp:term":[{"taxonomy":"product_cat","embeddable":true,"href":"https:\/\/howtospa.com\/en\/wp-json\/wp\/v2\/product_cat?post=29814"},{"taxonomy":"product_tag","embeddable":true,"href":"https:\/\/howtospa.com\/en\/wp-json\/wp\/v2\/product_tag?post=29814"}],"curies":[{"name":"wp","href":"https:\/\/api.w.org\/{rel}","templated":true}]}}