{"id":30018,"date":"2023-01-19T15:17:26","date_gmt":"2023-01-19T14:17:26","guid":{"rendered":"https:\/\/howtospa.com\/?post_type=product&#038;p=30018"},"modified":"2024-11-16T23:43:09","modified_gmt":"2024-11-16T22:43:09","slug":"kit-transports-en-commun-energisant-mars-2022","status":"publish","type":"product","link":"https:\/\/howtospa.com\/en\/produit\/kit-transports-en-commun-energisant-mars-2022\/","title":{"rendered":"Kit Transports en Commun Energisant"},"content":{"rendered":"","protected":false},"excerpt":{"rendered":"<p>Pour un v\u00e9ritable moment de plaisir bien m\u00e9rit\u00e9,<\/p>\n<p>How To Spa vous propose dans ce kit:<\/p>\n<p>* Notre Tote Bag Offert<\/p>\n<p>* Notre Tutoriel de Relaxation &#8220;Relaxez vous dans les transports &#8211; r\u00e9sultat Energisant&#8221;<\/p>\n<p>* L <a href=\"https:\/\/howtospa.com\/shop\/infusions\/infusion-energie-bio-elixir-de-chez-chic-des-plantes-2\/\" target=\"_blank\" rel=\"noopener\">Infusion Energie Bio Elixir de Chic des Plantes <\/a>(remplace notre ancienne r\u00e9f\u00e9rence O Joie)<\/p>\n<p>* La <a href=\"https:\/\/howtospa.com\/shop\/cosmetiques\/creme-mains-au-gel-de-lin-et-huile-de-chanvre-de-cozie\/\" target=\"_blank\" rel=\"noopener\">Cr\u00e8me L\u00e9g\u00e8re Mains au Gel de Lin et Prune de Cozie<\/a><\/p>\n<p>* Le <a href=\"https:\/\/howtospa.com\/shop\/cosmetiques\/roll-on-aromachologique-confiance-en-soi-de-100bon\/\" target=\"_blank\" rel=\"noopener\">Roll On Aromochalogie Confiance En Soi de 100Bon<\/a><\/p>\n<p>* La <a href=\"https:\/\/howtospa.com\/shop\/accessoires\/tasse-reutilisable-rose-poudree-de-chillys\/\" target=\"_blank\" rel=\"noopener\">Tasse R\u00e9utilisable Mandala<\/a><\/p>\n","protected":false},"featured_media":30019,"template":"","meta":{"_ppp_document_settings_meta":""},"product_cat":[545,530],"product_tag":[],"composite_layout":"","composite_add_to_cart_form_location":"","composite_editable_in_cart":false,"composite_sold_individually_context":"","composite_shop_price_calc":"","composite_components":[],"composite_scenarios":[],"yoast_head":"<!-- This site is optimized with the Yoast SEO plugin v20.9 - https:\/\/yoast.com\/wordpress\/plugins\/seo\/ -->\n<title>Kit Transports en Commun Energisant - HowToSpa - How to create your relaxation<\/title>\n<meta name=\"robots\" content=\"index, follow, max-snippet:-1, max-image-preview:large, max-video-preview:-1\" \/>\n<link rel=\"canonical\" href=\"https:\/\/howtospa.com\/produit\/kit-transports-en-commun-energisant-mars-2022\/\" \/>\n<meta property=\"og:locale\" content=\"en_US\" \/>\n<meta property=\"og:type\" content=\"article\" \/>\n<meta property=\"og:title\" content=\"Kit Transports en Commun Energisant - HowToSpa - How to create your relaxation\" \/>\n<meta property=\"og:description\" content=\"Pour un v\u00e9ritable moment de plaisir bien m\u00e9rit\u00e9,  How To Spa vous propose dans ce kit:  * Notre Tote Bag Offert  * Notre Tutoriel de Relaxation &quot;Relaxez vous dans les transports - r\u00e9sultat Energisant&quot;  * L Infusion Energie Bio Elixir de Chic des Plantes (remplace notre ancienne r\u00e9f\u00e9rence O Joie)  * La Cr\u00e8me L\u00e9g\u00e8re Mains au Gel de Lin et Prune de Cozie  * Le Roll On Aromochalogie Confiance En Soi de 100Bon  * La Tasse R\u00e9utilisable Mandala\" \/>\n<meta property=\"og:url\" content=\"https:\/\/howtospa.com\/produit\/kit-transports-en-commun-energisant-mars-2022\/\" \/>\n<meta property=\"og:site_name\" content=\"HowToSpa - How to create your relaxation\" \/>\n<meta property=\"article:modified_time\" content=\"2024-11-16T22:43:09+00:00\" \/>\n<meta property=\"og:image\" content=\"https:\/\/howtospa.com\/wp-content\/uploads\/2023\/01\/Kit-Transports-en-Commun-Energisant-Mars-2022.jpg\" \/>\n\t<meta property=\"og:image:width\" content=\"610\" \/>\n\t<meta property=\"og:image:height\" content=\"610\" \/>\n\t<meta property=\"og:image:type\" content=\"image\/jpeg\" \/>\n<meta name=\"twitter:card\" content=\"summary_large_image\" \/>\n<script type=\"application\/ld+json\" class=\"yoast-schema-graph\">{\"@context\":\"https:\/\/schema.org\",\"@graph\":[{\"@type\":\"WebPage\",\"@id\":\"https:\/\/howtospa.com\/produit\/kit-transports-en-commun-energisant-mars-2022\/\",\"url\":\"https:\/\/howtospa.com\/produit\/kit-transports-en-commun-energisant-mars-2022\/\",\"name\":\"Kit Transports en Commun Energisant - HowToSpa - How to create your relaxation\",\"isPartOf\":{\"@id\":\"https:\/\/howtospa.com\/#website\"},\"datePublished\":\"2023-01-19T14:17:26+00:00\",\"dateModified\":\"2024-11-16T22:43:09+00:00\",\"breadcrumb\":{\"@id\":\"https:\/\/howtospa.com\/produit\/kit-transports-en-commun-energisant-mars-2022\/#breadcrumb\"},\"inLanguage\":\"en-US\",\"potentialAction\":[{\"@type\":\"ReadAction\",\"target\":[\"https:\/\/howtospa.com\/produit\/kit-transports-en-commun-energisant-mars-2022\/\"]}]},{\"@type\":\"BreadcrumbList\",\"@id\":\"https:\/\/howtospa.com\/produit\/kit-transports-en-commun-energisant-mars-2022\/#breadcrumb\",\"itemListElement\":[{\"@type\":\"ListItem\",\"position\":1,\"name\":\"Home\",\"item\":\"https:\/\/howtospa.com\/en\/\"},{\"@type\":\"ListItem\",\"position\":2,\"name\":\"Produits\",\"item\":\"https:\/\/howtospa.com\/shop\/\"},{\"@type\":\"ListItem\",\"position\":3,\"name\":\"Kit Transports en Commun Energisant\"}]},{\"@type\":\"WebSite\",\"@id\":\"https:\/\/howtospa.com\/#website\",\"url\":\"https:\/\/howtospa.com\/\",\"name\":\"HowToSpa -How to vreate your relaxation\",\"description\":\"Kits, programmes et tutoriels de relaxation, auto-massage et bien-\u00eatre chez soi, au bureau ou dans les transports.\",\"publisher\":{\"@id\":\"https:\/\/howtospa.com\/#organization\"},\"potentialAction\":[{\"@type\":\"SearchAction\",\"target\":{\"@type\":\"EntryPoint\",\"urlTemplate\":\"https:\/\/howtospa.com\/?s={search_term_string}\"},\"query-input\":\"required name=search_term_string\"}],\"inLanguage\":\"en-US\"},{\"@type\":\"Organization\",\"@id\":\"https:\/\/howtospa.com\/#organization\",\"name\":\"HowToSpa -How to vreate your relaxation\",\"url\":\"https:\/\/howtospa.com\/\",\"logo\":{\"@type\":\"ImageObject\",\"inLanguage\":\"en-US\",\"@id\":\"https:\/\/howtospa.com\/#\/schema\/logo\/image\/\",\"url\":\"https:\/\/howtospa.com\/wp-content\/uploads\/2021\/05\/logo-new-site-2.png\",\"contentUrl\":\"https:\/\/howtospa.com\/wp-content\/uploads\/2021\/05\/logo-new-site-2.png\",\"width\":953,\"height\":332,\"caption\":\"HowToSpa -How to vreate your relaxation\"},\"image\":{\"@id\":\"https:\/\/howtospa.com\/#\/schema\/logo\/image\/\"},\"sameAs\":[\"https:\/\/www.pinterest.fr\/howtospa\"]}]}<\/script>\n<!-- \/ Yoast SEO plugin. -->","yoast_head_json":{"title":"Kit Transports en Commun Energisant - HowToSpa - How to create your relaxation","robots":{"index":"index","follow":"follow","max-snippet":"max-snippet:-1","max-image-preview":"max-image-preview:large","max-video-preview":"max-video-preview:-1"},"canonical":"https:\/\/howtospa.com\/produit\/kit-transports-en-commun-energisant-mars-2022\/","og_locale":"en_US","og_type":"article","og_title":"Kit Transports en Commun Energisant - HowToSpa - How to create your relaxation","og_description":"Pour un v\u00e9ritable moment de plaisir bien m\u00e9rit\u00e9,  How To Spa vous propose dans ce kit:  * Notre Tote Bag Offert  * Notre Tutoriel de Relaxation \"Relaxez vous dans les transports - r\u00e9sultat Energisant\"  * L Infusion Energie Bio Elixir de Chic des Plantes (remplace notre ancienne r\u00e9f\u00e9rence O Joie)  * La Cr\u00e8me L\u00e9g\u00e8re Mains au Gel de Lin et Prune de Cozie  * Le Roll On Aromochalogie Confiance En Soi de 100Bon  * La Tasse R\u00e9utilisable Mandala","og_url":"https:\/\/howtospa.com\/produit\/kit-transports-en-commun-energisant-mars-2022\/","og_site_name":"HowToSpa - How to create your relaxation","article_modified_time":"2024-11-16T22:43:09+00:00","og_image":[{"width":610,"height":610,"url":"https:\/\/howtospa.com\/wp-content\/uploads\/2023\/01\/Kit-Transports-en-Commun-Energisant-Mars-2022.jpg","type":"image\/jpeg"}],"twitter_card":"summary_large_image","schema":{"@context":"https:\/\/schema.org","@graph":[{"@type":"WebPage","@id":"https:\/\/howtospa.com\/produit\/kit-transports-en-commun-energisant-mars-2022\/","url":"https:\/\/howtospa.com\/produit\/kit-transports-en-commun-energisant-mars-2022\/","name":"Kit Transports en Commun Energisant - HowToSpa - How to create your relaxation","isPartOf":{"@id":"https:\/\/howtospa.com\/#website"},"datePublished":"2023-01-19T14:17:26+00:00","dateModified":"2024-11-16T22:43:09+00:00","breadcrumb":{"@id":"https:\/\/howtospa.com\/produit\/kit-transports-en-commun-energisant-mars-2022\/#breadcrumb"},"inLanguage":"en-US","potentialAction":[{"@type":"ReadAction","target":["https:\/\/howtospa.com\/produit\/kit-transports-en-commun-energisant-mars-2022\/"]}]},{"@type":"BreadcrumbList","@id":"https:\/\/howtospa.com\/produit\/kit-transports-en-commun-energisant-mars-2022\/#breadcrumb","itemListElement":[{"@type":"ListItem","position":1,"name":"Home","item":"https:\/\/howtospa.com\/en\/"},{"@type":"ListItem","position":2,"name":"Produits","item":"https:\/\/howtospa.com\/shop\/"},{"@type":"ListItem","position":3,"name":"Kit Transports en Commun Energisant"}]},{"@type":"WebSite","@id":"https:\/\/howtospa.com\/#website","url":"https:\/\/howtospa.com\/","name":"HowToSpa -How to vreate your relaxation","description":"Kits, programmes et tutoriels de relaxation, auto-massage et bien-\u00eatre chez soi, au bureau ou dans les transports.","publisher":{"@id":"https:\/\/howtospa.com\/#organization"},"potentialAction":[{"@type":"SearchAction","target":{"@type":"EntryPoint","urlTemplate":"https:\/\/howtospa.com\/?s={search_term_string}"},"query-input":"required name=search_term_string"}],"inLanguage":"en-US"},{"@type":"Organization","@id":"https:\/\/howtospa.com\/#organization","name":"HowToSpa -How to vreate your relaxation","url":"https:\/\/howtospa.com\/","logo":{"@type":"ImageObject","inLanguage":"en-US","@id":"https:\/\/howtospa.com\/#\/schema\/logo\/image\/","url":"https:\/\/howtospa.com\/wp-content\/uploads\/2021\/05\/logo-new-site-2.png","contentUrl":"https:\/\/howtospa.com\/wp-content\/uploads\/2021\/05\/logo-new-site-2.png","width":953,"height":332,"caption":"HowToSpa -How to vreate your relaxation"},"image":{"@id":"https:\/\/howtospa.com\/#\/schema\/logo\/image\/"},"sameAs":["https:\/\/www.pinterest.fr\/howtospa"]}]}},"_links":{"self":[{"href":"https:\/\/howtospa.com\/en\/wp-json\/wp\/v2\/product\/30018"}],"collection":[{"href":"https:\/\/howtospa.com\/en\/wp-json\/wp\/v2\/product"}],"about":[{"href":"https:\/\/howtospa.com\/en\/wp-json\/wp\/v2\/types\/product"}],"wp:featuredmedia":[{"embeddable":true,"href":"https:\/\/howtospa.com\/en\/wp-json\/wp\/v2\/media\/30019"}],"wp:attachment":[{"href":"https:\/\/howtospa.com\/en\/wp-json\/wp\/v2\/media?parent=30018"}],"wp:term":[{"taxonomy":"product_cat","embeddable":true,"href":"https:\/\/howtospa.com\/en\/wp-json\/wp\/v2\/product_cat?post=30018"},{"taxonomy":"product_tag","embeddable":true,"href":"https:\/\/howtospa.com\/en\/wp-json\/wp\/v2\/product_tag?post=30018"}],"curies":[{"name":"wp","href":"https:\/\/api.w.org\/{rel}","templated":true}]}}