{"id":30215,"date":"2023-04-03T15:19:22","date_gmt":"2023-04-03T13:19:22","guid":{"rendered":"https:\/\/howtospa.com\/?post_type=product&#038;p=30215"},"modified":"2025-02-28T01:12:58","modified_gmt":"2025-02-28T00:12:58","slug":"kit-decouverte-du-mois","status":"publish","type":"product","link":"https:\/\/howtospa.com\/en\/produit\/kit-decouverte-du-mois\/","title":{"rendered":"Kit D\u00e9couverte du Mois"},"content":{"rendered":"","protected":false},"excerpt":{"rendered":"<p>Ce Kit contient<\/p>\n<ul>\n<li>Un <strong>Tote Bag<\/strong> <strong>Mandala<\/strong> How To Spa<\/li>\n<li>Un <strong>Tutoriel de Relaxation &#8220;Ressourcez-vous au travail &#8211; R\u00e9sultat Cocooning&#8221;<br \/>\n<\/strong><\/li>\n<li>La s\u00e9lection de notre \u00e9quipe:<\/li>\n<\/ul>\n<p>\u00b0 Un <a href=\"https:\/\/howtospa.com\/shop\/soins-et-linges-pour-la-maison\/plaid-alpaga-chevron-gris-de-sweet-alpaga\/\" target=\"_blank\" rel=\"noopener\">Plaid Gris Alpaga de Sweet Alpaga <\/a>(Le Plaid Brun \u00e9tant en rupture, il est remplac\u00e9 par le plaid Gris)<\/p>\n<p>\u00b0 Un <a href=\"https:\/\/howtospa.com\/shop\/cosmetiques\/roll-on-aromachologique-lacher-prise-de-100bon-2\/\" target=\"_blank\" rel=\"noopener\">Roll On Aromatherapie, a base de Magnolia et Jasmin, L\u00e2cher Prise de 100Bon<\/a><\/p>\n<p>\u00b0 Une <a href=\"https:\/\/howtospa.com\/shop\/accessoires\/tasse-reutilisable-rose-poudree-de-chillys\/\" target=\"_blank\" rel=\"noopener\">Tasse r\u00e9utilisable Mandala<\/a><\/p>\n<p>\u00b0 Le <a href=\"https:\/\/howtospa.com\/shop\/infusions\/the-vallee-du-nil-de-nunshen\/\" target=\"_blank\" rel=\"noopener\">The Vallee du Nil, a base de Jasmin, Rose et Bergamote, de Nunshen<\/a><\/p>\n","protected":false},"featured_media":32146,"template":"","meta":{"_ppp_document_settings_meta":""},"product_cat":[210],"product_tag":[],"composite_layout":"","composite_add_to_cart_form_location":"","composite_editable_in_cart":false,"composite_sold_individually_context":"","composite_shop_price_calc":"","composite_components":[],"composite_scenarios":[],"yoast_head":"<!-- This site is optimized with the Yoast SEO plugin v20.9 - https:\/\/yoast.com\/wordpress\/plugins\/seo\/ -->\n<title>Kit D\u00e9couverte du Mois - HowToSpa - How to create your relaxation<\/title>\n<meta name=\"robots\" content=\"index, follow, max-snippet:-1, max-image-preview:large, max-video-preview:-1\" \/>\n<link rel=\"canonical\" href=\"https:\/\/howtospa.com\/produit\/kit-decouverte-du-mois\/\" \/>\n<meta property=\"og:locale\" content=\"en_US\" \/>\n<meta property=\"og:type\" content=\"article\" \/>\n<meta property=\"og:title\" content=\"Kit D\u00e9couverte du Mois - HowToSpa - How to create your relaxation\" \/>\n<meta property=\"og:description\" content=\"Ce Kit contient   Un Tote Bag Mandala How To Spa  Un Tutoriel de Relaxation &quot;Ressourcez-vous au travail - R\u00e9sultat Cocooning&quot;   La s\u00e9lection de notre \u00e9quipe:  \u00b0 Un Plaid Gris Alpaga de Sweet Alpaga (Le Plaid Brun \u00e9tant en rupture, il est remplac\u00e9 par le plaid Gris)  \u00b0 Un Roll On Aromatherapie, a base de Magnolia et Jasmin, L\u00e2cher Prise de 100Bon  \u00b0 Une Tasse r\u00e9utilisable Mandala  \u00b0 Le The Vallee du Nil, a base de Jasmin, Rose et Bergamote, de Nunshen\" \/>\n<meta property=\"og:url\" content=\"https:\/\/howtospa.com\/produit\/kit-decouverte-du-mois\/\" \/>\n<meta property=\"og:site_name\" content=\"HowToSpa - How to create your relaxation\" \/>\n<meta property=\"article:modified_time\" content=\"2025-02-28T00:12:58+00:00\" \/>\n<meta property=\"og:image\" content=\"https:\/\/howtospa.com\/wp-content\/uploads\/2024\/11\/Image1.png\" \/>\n\t<meta property=\"og:image:width\" content=\"847\" \/>\n\t<meta property=\"og:image:height\" content=\"848\" \/>\n\t<meta property=\"og:image:type\" content=\"image\/png\" \/>\n<meta name=\"twitter:card\" content=\"summary_large_image\" \/>\n<script type=\"application\/ld+json\" class=\"yoast-schema-graph\">{\"@context\":\"https:\/\/schema.org\",\"@graph\":[{\"@type\":\"WebPage\",\"@id\":\"https:\/\/howtospa.com\/produit\/kit-decouverte-du-mois\/\",\"url\":\"https:\/\/howtospa.com\/produit\/kit-decouverte-du-mois\/\",\"name\":\"Kit D\u00e9couverte du Mois - HowToSpa - How to create your relaxation\",\"isPartOf\":{\"@id\":\"https:\/\/howtospa.com\/#website\"},\"datePublished\":\"2023-04-03T13:19:22+00:00\",\"dateModified\":\"2025-02-28T00:12:58+00:00\",\"breadcrumb\":{\"@id\":\"https:\/\/howtospa.com\/produit\/kit-decouverte-du-mois\/#breadcrumb\"},\"inLanguage\":\"en-US\",\"potentialAction\":[{\"@type\":\"ReadAction\",\"target\":[\"https:\/\/howtospa.com\/produit\/kit-decouverte-du-mois\/\"]}]},{\"@type\":\"BreadcrumbList\",\"@id\":\"https:\/\/howtospa.com\/produit\/kit-decouverte-du-mois\/#breadcrumb\",\"itemListElement\":[{\"@type\":\"ListItem\",\"position\":1,\"name\":\"Home\",\"item\":\"https:\/\/howtospa.com\/en\/\"},{\"@type\":\"ListItem\",\"position\":2,\"name\":\"Produits\",\"item\":\"https:\/\/howtospa.com\/shop\/\"},{\"@type\":\"ListItem\",\"position\":3,\"name\":\"Kit D\u00e9couverte du Mois\"}]},{\"@type\":\"WebSite\",\"@id\":\"https:\/\/howtospa.com\/#website\",\"url\":\"https:\/\/howtospa.com\/\",\"name\":\"HowToSpa -How to vreate your relaxation\",\"description\":\"Kits, programmes et tutoriels de relaxation, auto-massage et bien-\u00eatre chez soi, au bureau ou dans les transports.\",\"publisher\":{\"@id\":\"https:\/\/howtospa.com\/#organization\"},\"potentialAction\":[{\"@type\":\"SearchAction\",\"target\":{\"@type\":\"EntryPoint\",\"urlTemplate\":\"https:\/\/howtospa.com\/?s={search_term_string}\"},\"query-input\":\"required name=search_term_string\"}],\"inLanguage\":\"en-US\"},{\"@type\":\"Organization\",\"@id\":\"https:\/\/howtospa.com\/#organization\",\"name\":\"HowToSpa -How to vreate your relaxation\",\"url\":\"https:\/\/howtospa.com\/\",\"logo\":{\"@type\":\"ImageObject\",\"inLanguage\":\"en-US\",\"@id\":\"https:\/\/howtospa.com\/#\/schema\/logo\/image\/\",\"url\":\"https:\/\/howtospa.com\/wp-content\/uploads\/2021\/05\/logo-new-site-2.png\",\"contentUrl\":\"https:\/\/howtospa.com\/wp-content\/uploads\/2021\/05\/logo-new-site-2.png\",\"width\":953,\"height\":332,\"caption\":\"HowToSpa -How to vreate your relaxation\"},\"image\":{\"@id\":\"https:\/\/howtospa.com\/#\/schema\/logo\/image\/\"},\"sameAs\":[\"https:\/\/www.pinterest.fr\/howtospa\"]}]}<\/script>\n<!-- \/ Yoast SEO plugin. -->","yoast_head_json":{"title":"Kit D\u00e9couverte du Mois - HowToSpa - How to create your relaxation","robots":{"index":"index","follow":"follow","max-snippet":"max-snippet:-1","max-image-preview":"max-image-preview:large","max-video-preview":"max-video-preview:-1"},"canonical":"https:\/\/howtospa.com\/produit\/kit-decouverte-du-mois\/","og_locale":"en_US","og_type":"article","og_title":"Kit D\u00e9couverte du Mois - HowToSpa - How to create your relaxation","og_description":"Ce Kit contient   Un Tote Bag Mandala How To Spa  Un Tutoriel de Relaxation \"Ressourcez-vous au travail - R\u00e9sultat Cocooning\"   La s\u00e9lection de notre \u00e9quipe:  \u00b0 Un Plaid Gris Alpaga de Sweet Alpaga (Le Plaid Brun \u00e9tant en rupture, il est remplac\u00e9 par le plaid Gris)  \u00b0 Un Roll On Aromatherapie, a base de Magnolia et Jasmin, L\u00e2cher Prise de 100Bon  \u00b0 Une Tasse r\u00e9utilisable Mandala  \u00b0 Le The Vallee du Nil, a base de Jasmin, Rose et Bergamote, de Nunshen","og_url":"https:\/\/howtospa.com\/produit\/kit-decouverte-du-mois\/","og_site_name":"HowToSpa - How to create your relaxation","article_modified_time":"2025-02-28T00:12:58+00:00","og_image":[{"width":847,"height":848,"url":"https:\/\/howtospa.com\/wp-content\/uploads\/2024\/11\/Image1.png","type":"image\/png"}],"twitter_card":"summary_large_image","schema":{"@context":"https:\/\/schema.org","@graph":[{"@type":"WebPage","@id":"https:\/\/howtospa.com\/produit\/kit-decouverte-du-mois\/","url":"https:\/\/howtospa.com\/produit\/kit-decouverte-du-mois\/","name":"Kit D\u00e9couverte du Mois - HowToSpa - How to create your relaxation","isPartOf":{"@id":"https:\/\/howtospa.com\/#website"},"datePublished":"2023-04-03T13:19:22+00:00","dateModified":"2025-02-28T00:12:58+00:00","breadcrumb":{"@id":"https:\/\/howtospa.com\/produit\/kit-decouverte-du-mois\/#breadcrumb"},"inLanguage":"en-US","potentialAction":[{"@type":"ReadAction","target":["https:\/\/howtospa.com\/produit\/kit-decouverte-du-mois\/"]}]},{"@type":"BreadcrumbList","@id":"https:\/\/howtospa.com\/produit\/kit-decouverte-du-mois\/#breadcrumb","itemListElement":[{"@type":"ListItem","position":1,"name":"Home","item":"https:\/\/howtospa.com\/en\/"},{"@type":"ListItem","position":2,"name":"Produits","item":"https:\/\/howtospa.com\/shop\/"},{"@type":"ListItem","position":3,"name":"Kit D\u00e9couverte du Mois"}]},{"@type":"WebSite","@id":"https:\/\/howtospa.com\/#website","url":"https:\/\/howtospa.com\/","name":"HowToSpa -How to vreate your relaxation","description":"Kits, programmes et tutoriels de relaxation, auto-massage et bien-\u00eatre chez soi, au bureau ou dans les transports.","publisher":{"@id":"https:\/\/howtospa.com\/#organization"},"potentialAction":[{"@type":"SearchAction","target":{"@type":"EntryPoint","urlTemplate":"https:\/\/howtospa.com\/?s={search_term_string}"},"query-input":"required name=search_term_string"}],"inLanguage":"en-US"},{"@type":"Organization","@id":"https:\/\/howtospa.com\/#organization","name":"HowToSpa -How to vreate your relaxation","url":"https:\/\/howtospa.com\/","logo":{"@type":"ImageObject","inLanguage":"en-US","@id":"https:\/\/howtospa.com\/#\/schema\/logo\/image\/","url":"https:\/\/howtospa.com\/wp-content\/uploads\/2021\/05\/logo-new-site-2.png","contentUrl":"https:\/\/howtospa.com\/wp-content\/uploads\/2021\/05\/logo-new-site-2.png","width":953,"height":332,"caption":"HowToSpa -How to vreate your relaxation"},"image":{"@id":"https:\/\/howtospa.com\/#\/schema\/logo\/image\/"},"sameAs":["https:\/\/www.pinterest.fr\/howtospa"]}]}},"_links":{"self":[{"href":"https:\/\/howtospa.com\/en\/wp-json\/wp\/v2\/product\/30215"}],"collection":[{"href":"https:\/\/howtospa.com\/en\/wp-json\/wp\/v2\/product"}],"about":[{"href":"https:\/\/howtospa.com\/en\/wp-json\/wp\/v2\/types\/product"}],"wp:featuredmedia":[{"embeddable":true,"href":"https:\/\/howtospa.com\/en\/wp-json\/wp\/v2\/media\/32146"}],"wp:attachment":[{"href":"https:\/\/howtospa.com\/en\/wp-json\/wp\/v2\/media?parent=30215"}],"wp:term":[{"taxonomy":"product_cat","embeddable":true,"href":"https:\/\/howtospa.com\/en\/wp-json\/wp\/v2\/product_cat?post=30215"},{"taxonomy":"product_tag","embeddable":true,"href":"https:\/\/howtospa.com\/en\/wp-json\/wp\/v2\/product_tag?post=30215"}],"curies":[{"name":"wp","href":"https:\/\/api.w.org\/{rel}","templated":true}]}}