{"id":30623,"date":"2023-06-29T13:31:25","date_gmt":"2023-06-29T11:31:25","guid":{"rendered":"https:\/\/howtospa.com\/?post_type=product&#038;p=30623"},"modified":"2024-10-16T21:48:43","modified_gmt":"2024-10-16T19:48:43","slug":"demaquillant-solide-la-nuit-lactee-de-umai","status":"publish","type":"product","link":"https:\/\/howtospa.com\/en\/produit\/demaquillant-solide-la-nuit-lactee-de-umai\/","title":{"rendered":"D\u00e9maquillant Solide La Nuit Lact\u00e9e de Uma\u00ef"},"content":{"rendered":"","protected":false},"excerpt":{"rendered":"<p>Premi\u00e8re \u00e9tape du double nettoyage, le d\u00e9maquillant se transforme en lait au contact de l\u2019eau pour \u00e9liminer efficacement le maquillage. Enrichi en huile de chardon-marie, riche en om\u00e9ga 6, il laisse la peau nettoy\u00e9e, souple, et velout\u00e9e pour une v\u00e9ritable sensation de confort.<\/p>\n<p>\u2714 Adapt\u00e9 aux peaux sensibles, r\u00e9actives et inflammatoires, 0% parfum : ne pique pas les yeux.<br \/>\n\u2714 Forme ergonomique, parfaitement adapt\u00e9e \u00e0 l\u2019application sur les yeux<br \/>\n\u2714 Efficace sur tous les maquillages, m\u00eame waterproof<\/p>\n<p>Poids : 40gr | Dur\u00e9e : 4 mois<\/p>\n","protected":false},"featured_media":30624,"template":"","meta":{"_ppp_document_settings_meta":""},"product_cat":[133,448,134,135],"product_tag":[],"composite_layout":"","composite_add_to_cart_form_location":"","composite_editable_in_cart":false,"composite_sold_individually_context":"","composite_shop_price_calc":"","composite_components":[],"composite_scenarios":[],"yoast_head":"<!-- This site is optimized with the Yoast SEO plugin v20.9 - https:\/\/yoast.com\/wordpress\/plugins\/seo\/ -->\n<title>D\u00e9maquillant Solide La Nuit Lact\u00e9e de Uma\u00ef - HowToSpa - How to create your relaxation<\/title>\n<meta name=\"description\" content=\"Premi\u00e8re \u00e9tape du double nettoyage, le d\u00e9maquillant se transforme en lait au contact de l\u2019eau pour \u00e9liminer efficacement le maquillage. Enrichi en huile de chardon-marie, riche en om\u00e9ga 6, il laisse la peau nettoy\u00e9e, souple, et velout\u00e9e pour une v\u00e9ritable sensation de confort.\u2714 Adapt\u00e9 aux peaux sensibles, r\u00e9actives et inflammatoires, 0% parfum : ne pique pas les yeux.\u2714 Forme ergonomique, parfaitement adapt\u00e9e \u00e0 l\u2019application sur les yeux\u2714 Efficace sur tous les maquillages, m\u00eame waterproofPoids : 40gr | Dur\u00e9e : 4 mois\" \/>\n<meta name=\"robots\" content=\"index, follow, max-snippet:-1, max-image-preview:large, max-video-preview:-1\" \/>\n<link rel=\"canonical\" href=\"https:\/\/howtospa.com\/produit\/demaquillant-solide-la-nuit-lactee-de-umai\/\" \/>\n<meta property=\"og:locale\" content=\"en_US\" \/>\n<meta property=\"og:type\" content=\"article\" \/>\n<meta property=\"og:title\" content=\"D\u00e9maquillant Solide La Nuit Lact\u00e9e de Uma\u00ef - HowToSpa - How to create your relaxation\" \/>\n<meta property=\"og:description\" content=\"Premi\u00e8re \u00e9tape du double nettoyage, le d\u00e9maquillant se transforme en lait au contact de l\u2019eau pour \u00e9liminer efficacement le maquillage. Enrichi en huile de chardon-marie, riche en om\u00e9ga 6, il laisse la peau nettoy\u00e9e, souple, et velout\u00e9e pour une v\u00e9ritable sensation de confort.\u2714 Adapt\u00e9 aux peaux sensibles, r\u00e9actives et inflammatoires, 0% parfum : ne pique pas les yeux.\u2714 Forme ergonomique, parfaitement adapt\u00e9e \u00e0 l\u2019application sur les yeux\u2714 Efficace sur tous les maquillages, m\u00eame waterproofPoids : 40gr | Dur\u00e9e : 4 mois\" \/>\n<meta property=\"og:url\" content=\"https:\/\/howtospa.com\/produit\/demaquillant-solide-la-nuit-lactee-de-umai\/\" \/>\n<meta property=\"og:site_name\" content=\"HowToSpa - How to create your relaxation\" \/>\n<meta property=\"article:modified_time\" content=\"2024-10-16T19:48:43+00:00\" \/>\n<meta property=\"og:image\" content=\"https:\/\/howtospa.com\/wp-content\/uploads\/2023\/06\/Demaquillant-solide-umai.png\" \/>\n\t<meta property=\"og:image:width\" content=\"544\" \/>\n\t<meta property=\"og:image:height\" content=\"532\" \/>\n\t<meta property=\"og:image:type\" content=\"image\/png\" \/>\n<meta name=\"twitter:card\" content=\"summary_large_image\" \/>\n<script type=\"application\/ld+json\" class=\"yoast-schema-graph\">{\"@context\":\"https:\/\/schema.org\",\"@graph\":[{\"@type\":\"WebPage\",\"@id\":\"https:\/\/howtospa.com\/produit\/demaquillant-solide-la-nuit-lactee-de-umai\/\",\"url\":\"https:\/\/howtospa.com\/produit\/demaquillant-solide-la-nuit-lactee-de-umai\/\",\"name\":\"D\u00e9maquillant Solide La Nuit Lact\u00e9e de Uma\u00ef - HowToSpa - How to create your relaxation\",\"isPartOf\":{\"@id\":\"https:\/\/howtospa.com\/#website\"},\"datePublished\":\"2023-06-29T11:31:25+00:00\",\"dateModified\":\"2024-10-16T19:48:43+00:00\",\"description\":\"Premi\u00e8re \u00e9tape du double nettoyage, le d\u00e9maquillant se transforme en lait au contact de l\u2019eau pour \u00e9liminer efficacement le maquillage. Enrichi en huile de chardon-marie, riche en om\u00e9ga 6, il laisse la peau nettoy\u00e9e, souple, et velout\u00e9e pour une v\u00e9ritable sensation de confort.\u2714 Adapt\u00e9 aux peaux sensibles, r\u00e9actives et inflammatoires, 0% parfum : ne pique pas les yeux.\u2714 Forme ergonomique, parfaitement adapt\u00e9e \u00e0 l\u2019application sur les yeux\u2714 Efficace sur tous les maquillages, m\u00eame waterproofPoids : 40gr | Dur\u00e9e : 4 mois\",\"breadcrumb\":{\"@id\":\"https:\/\/howtospa.com\/produit\/demaquillant-solide-la-nuit-lactee-de-umai\/#breadcrumb\"},\"inLanguage\":\"en-US\",\"potentialAction\":[{\"@type\":\"ReadAction\",\"target\":[\"https:\/\/howtospa.com\/produit\/demaquillant-solide-la-nuit-lactee-de-umai\/\"]}]},{\"@type\":\"BreadcrumbList\",\"@id\":\"https:\/\/howtospa.com\/produit\/demaquillant-solide-la-nuit-lactee-de-umai\/#breadcrumb\",\"itemListElement\":[{\"@type\":\"ListItem\",\"position\":1,\"name\":\"Home\",\"item\":\"https:\/\/howtospa.com\/en\/\"},{\"@type\":\"ListItem\",\"position\":2,\"name\":\"Produits\",\"item\":\"https:\/\/howtospa.com\/shop\/\"},{\"@type\":\"ListItem\",\"position\":3,\"name\":\"D\u00e9maquillant Solide La Nuit Lact\u00e9e de Uma\u00ef\"}]},{\"@type\":\"WebSite\",\"@id\":\"https:\/\/howtospa.com\/#website\",\"url\":\"https:\/\/howtospa.com\/\",\"name\":\"HowToSpa -How to vreate your relaxation\",\"description\":\"Kits, programmes et tutoriels de relaxation, auto-massage et bien-\u00eatre chez soi, au bureau ou dans les transports.\",\"publisher\":{\"@id\":\"https:\/\/howtospa.com\/#organization\"},\"potentialAction\":[{\"@type\":\"SearchAction\",\"target\":{\"@type\":\"EntryPoint\",\"urlTemplate\":\"https:\/\/howtospa.com\/?s={search_term_string}\"},\"query-input\":\"required name=search_term_string\"}],\"inLanguage\":\"en-US\"},{\"@type\":\"Organization\",\"@id\":\"https:\/\/howtospa.com\/#organization\",\"name\":\"HowToSpa -How to vreate your relaxation\",\"url\":\"https:\/\/howtospa.com\/\",\"logo\":{\"@type\":\"ImageObject\",\"inLanguage\":\"en-US\",\"@id\":\"https:\/\/howtospa.com\/#\/schema\/logo\/image\/\",\"url\":\"https:\/\/howtospa.com\/wp-content\/uploads\/2021\/05\/logo-new-site-2.png\",\"contentUrl\":\"https:\/\/howtospa.com\/wp-content\/uploads\/2021\/05\/logo-new-site-2.png\",\"width\":953,\"height\":332,\"caption\":\"HowToSpa -How to vreate your relaxation\"},\"image\":{\"@id\":\"https:\/\/howtospa.com\/#\/schema\/logo\/image\/\"},\"sameAs\":[\"https:\/\/www.pinterest.fr\/howtospa\"]}]}<\/script>\n<!-- \/ Yoast SEO plugin. -->","yoast_head_json":{"title":"D\u00e9maquillant Solide La Nuit Lact\u00e9e de Uma\u00ef - HowToSpa - How to create your relaxation","description":"Premi\u00e8re \u00e9tape du double nettoyage, le d\u00e9maquillant se transforme en lait au contact de l\u2019eau pour \u00e9liminer efficacement le maquillage. Enrichi en huile de chardon-marie, riche en om\u00e9ga 6, il laisse la peau nettoy\u00e9e, souple, et velout\u00e9e pour une v\u00e9ritable sensation de confort.\u2714 Adapt\u00e9 aux peaux sensibles, r\u00e9actives et inflammatoires, 0% parfum : ne pique pas les yeux.\u2714 Forme ergonomique, parfaitement adapt\u00e9e \u00e0 l\u2019application sur les yeux\u2714 Efficace sur tous les maquillages, m\u00eame waterproofPoids : 40gr | Dur\u00e9e : 4 mois","robots":{"index":"index","follow":"follow","max-snippet":"max-snippet:-1","max-image-preview":"max-image-preview:large","max-video-preview":"max-video-preview:-1"},"canonical":"https:\/\/howtospa.com\/produit\/demaquillant-solide-la-nuit-lactee-de-umai\/","og_locale":"en_US","og_type":"article","og_title":"D\u00e9maquillant Solide La Nuit Lact\u00e9e de Uma\u00ef - HowToSpa - How to create your relaxation","og_description":"Premi\u00e8re \u00e9tape du double nettoyage, le d\u00e9maquillant se transforme en lait au contact de l\u2019eau pour \u00e9liminer efficacement le maquillage. Enrichi en huile de chardon-marie, riche en om\u00e9ga 6, il laisse la peau nettoy\u00e9e, souple, et velout\u00e9e pour une v\u00e9ritable sensation de confort.\u2714 Adapt\u00e9 aux peaux sensibles, r\u00e9actives et inflammatoires, 0% parfum : ne pique pas les yeux.\u2714 Forme ergonomique, parfaitement adapt\u00e9e \u00e0 l\u2019application sur les yeux\u2714 Efficace sur tous les maquillages, m\u00eame waterproofPoids : 40gr | Dur\u00e9e : 4 mois","og_url":"https:\/\/howtospa.com\/produit\/demaquillant-solide-la-nuit-lactee-de-umai\/","og_site_name":"HowToSpa - How to create your relaxation","article_modified_time":"2024-10-16T19:48:43+00:00","og_image":[{"width":544,"height":532,"url":"https:\/\/howtospa.com\/wp-content\/uploads\/2023\/06\/Demaquillant-solide-umai.png","type":"image\/png"}],"twitter_card":"summary_large_image","schema":{"@context":"https:\/\/schema.org","@graph":[{"@type":"WebPage","@id":"https:\/\/howtospa.com\/produit\/demaquillant-solide-la-nuit-lactee-de-umai\/","url":"https:\/\/howtospa.com\/produit\/demaquillant-solide-la-nuit-lactee-de-umai\/","name":"D\u00e9maquillant Solide La Nuit Lact\u00e9e de Uma\u00ef - HowToSpa - How to create your relaxation","isPartOf":{"@id":"https:\/\/howtospa.com\/#website"},"datePublished":"2023-06-29T11:31:25+00:00","dateModified":"2024-10-16T19:48:43+00:00","description":"Premi\u00e8re \u00e9tape du double nettoyage, le d\u00e9maquillant se transforme en lait au contact de l\u2019eau pour \u00e9liminer efficacement le maquillage. Enrichi en huile de chardon-marie, riche en om\u00e9ga 6, il laisse la peau nettoy\u00e9e, souple, et velout\u00e9e pour une v\u00e9ritable sensation de confort.\u2714 Adapt\u00e9 aux peaux sensibles, r\u00e9actives et inflammatoires, 0% parfum : ne pique pas les yeux.\u2714 Forme ergonomique, parfaitement adapt\u00e9e \u00e0 l\u2019application sur les yeux\u2714 Efficace sur tous les maquillages, m\u00eame waterproofPoids : 40gr | Dur\u00e9e : 4 mois","breadcrumb":{"@id":"https:\/\/howtospa.com\/produit\/demaquillant-solide-la-nuit-lactee-de-umai\/#breadcrumb"},"inLanguage":"en-US","potentialAction":[{"@type":"ReadAction","target":["https:\/\/howtospa.com\/produit\/demaquillant-solide-la-nuit-lactee-de-umai\/"]}]},{"@type":"BreadcrumbList","@id":"https:\/\/howtospa.com\/produit\/demaquillant-solide-la-nuit-lactee-de-umai\/#breadcrumb","itemListElement":[{"@type":"ListItem","position":1,"name":"Home","item":"https:\/\/howtospa.com\/en\/"},{"@type":"ListItem","position":2,"name":"Produits","item":"https:\/\/howtospa.com\/shop\/"},{"@type":"ListItem","position":3,"name":"D\u00e9maquillant Solide La Nuit Lact\u00e9e de Uma\u00ef"}]},{"@type":"WebSite","@id":"https:\/\/howtospa.com\/#website","url":"https:\/\/howtospa.com\/","name":"HowToSpa -How to vreate your relaxation","description":"Kits, programmes et tutoriels de relaxation, auto-massage et bien-\u00eatre chez soi, au bureau ou dans les transports.","publisher":{"@id":"https:\/\/howtospa.com\/#organization"},"potentialAction":[{"@type":"SearchAction","target":{"@type":"EntryPoint","urlTemplate":"https:\/\/howtospa.com\/?s={search_term_string}"},"query-input":"required name=search_term_string"}],"inLanguage":"en-US"},{"@type":"Organization","@id":"https:\/\/howtospa.com\/#organization","name":"HowToSpa -How to vreate your relaxation","url":"https:\/\/howtospa.com\/","logo":{"@type":"ImageObject","inLanguage":"en-US","@id":"https:\/\/howtospa.com\/#\/schema\/logo\/image\/","url":"https:\/\/howtospa.com\/wp-content\/uploads\/2021\/05\/logo-new-site-2.png","contentUrl":"https:\/\/howtospa.com\/wp-content\/uploads\/2021\/05\/logo-new-site-2.png","width":953,"height":332,"caption":"HowToSpa -How to vreate your relaxation"},"image":{"@id":"https:\/\/howtospa.com\/#\/schema\/logo\/image\/"},"sameAs":["https:\/\/www.pinterest.fr\/howtospa"]}]}},"_links":{"self":[{"href":"https:\/\/howtospa.com\/en\/wp-json\/wp\/v2\/product\/30623"}],"collection":[{"href":"https:\/\/howtospa.com\/en\/wp-json\/wp\/v2\/product"}],"about":[{"href":"https:\/\/howtospa.com\/en\/wp-json\/wp\/v2\/types\/product"}],"wp:featuredmedia":[{"embeddable":true,"href":"https:\/\/howtospa.com\/en\/wp-json\/wp\/v2\/media\/30624"}],"wp:attachment":[{"href":"https:\/\/howtospa.com\/en\/wp-json\/wp\/v2\/media?parent=30623"}],"wp:term":[{"taxonomy":"product_cat","embeddable":true,"href":"https:\/\/howtospa.com\/en\/wp-json\/wp\/v2\/product_cat?post=30623"},{"taxonomy":"product_tag","embeddable":true,"href":"https:\/\/howtospa.com\/en\/wp-json\/wp\/v2\/product_tag?post=30623"}],"curies":[{"name":"wp","href":"https:\/\/api.w.org\/{rel}","templated":true}]}}