{"id":30627,"date":"2023-06-29T13:35:05","date_gmt":"2023-06-29T11:35:05","guid":{"rendered":"https:\/\/howtospa.com\/?post_type=product&#038;p=30627"},"modified":"2024-11-19T01:49:57","modified_gmt":"2024-11-19T00:49:57","slug":"nettoyant-visage-solide-de-umai","status":"publish","type":"product","link":"https:\/\/howtospa.com\/en\/produit\/nettoyant-visage-solide-de-umai\/","title":{"rendered":"Le Nettoyant Visage Solide de Uma\u00ef"},"content":{"rendered":"","protected":false},"excerpt":{"rendered":"<p>Enrichi en gluconate de zinc (1%) et deuxi\u00e8me \u00e9tape du double nettoyage du visage, le nettoyant visage ultra doux r\u00e9duit les rougeurs des peaux sensibles et laisse la peau propre, douce, apais\u00e9e et plus uniforme. Il r\u00e9pond parfaitement aux besoins des peaux sujettes \u00e0 l&#8217;ecz\u00e9ma, la rosac\u00e9e ou encore l&#8217;acn\u00e9.<\/p>\n<p>\u2714 Enrichi en gluconate de zinc (1%) qui aide \u00e0 resserrer les pores<\/p>\n<p>\u2714 Test\u00e9 sous contr\u00f4le dermatologique, pH physiologique<br \/>\n\u2714 Un parfum tr\u00e8s doux aux notes florales, ros\u00e9es et poudr\u00e9es<\/p>\n<p>Poids : 75gr | Dur\u00e9e d&#8217;utilisation : 4 mois<\/p>\n","protected":false},"featured_media":30628,"template":"","meta":{"_ppp_document_settings_meta":""},"product_cat":[133,448,134,135],"product_tag":[],"composite_layout":"","composite_add_to_cart_form_location":"","composite_editable_in_cart":false,"composite_sold_individually_context":"","composite_shop_price_calc":"","composite_components":[],"composite_scenarios":[],"yoast_head":"<!-- This site is optimized with the Yoast SEO plugin v20.9 - https:\/\/yoast.com\/wordpress\/plugins\/seo\/ -->\n<title>Le Nettoyant Visage Solide de Uma\u00ef - HowToSpa - How to create your relaxation<\/title>\n<meta name=\"description\" content=\"Enrichi en gluconate de zinc (1%) et deuxi\u00e8me \u00e9tape du double nettoyage du visage, le nettoyant visage ultra doux r\u00e9duit les rougeurs des peaux sensibles et laisse la peau propre, douce, apais\u00e9e et plus uniforme. Il r\u00e9pond parfaitement aux besoins des peaux sujettes \u00e0 l&#039;ecz\u00e9ma, la rosac\u00e9e ou encore l&#039;acn\u00e9.\u2714 Enrichi en gluconate de zinc (1%) qui aide \u00e0 resserrer les pores\u2714 Test\u00e9 sous contr\u00f4le dermatologique, pH physiologique\u2714 Un parfum tr\u00e8s doux aux notes florales, ros\u00e9es et poudr\u00e9esPoids : 75gr | Dur\u00e9e d&#039;utilisation : 4 mois\" \/>\n<meta name=\"robots\" content=\"index, follow, max-snippet:-1, max-image-preview:large, max-video-preview:-1\" \/>\n<link rel=\"canonical\" href=\"https:\/\/howtospa.com\/produit\/nettoyant-visage-solide-de-umai\/\" \/>\n<meta property=\"og:locale\" content=\"en_US\" \/>\n<meta property=\"og:type\" content=\"article\" \/>\n<meta property=\"og:title\" content=\"Le Nettoyant Visage Solide de Uma\u00ef - HowToSpa - How to create your relaxation\" \/>\n<meta property=\"og:description\" content=\"Enrichi en gluconate de zinc (1%) et deuxi\u00e8me \u00e9tape du double nettoyage du visage, le nettoyant visage ultra doux r\u00e9duit les rougeurs des peaux sensibles et laisse la peau propre, douce, apais\u00e9e et plus uniforme. Il r\u00e9pond parfaitement aux besoins des peaux sujettes \u00e0 l&#039;ecz\u00e9ma, la rosac\u00e9e ou encore l&#039;acn\u00e9.\u2714 Enrichi en gluconate de zinc (1%) qui aide \u00e0 resserrer les pores\u2714 Test\u00e9 sous contr\u00f4le dermatologique, pH physiologique\u2714 Un parfum tr\u00e8s doux aux notes florales, ros\u00e9es et poudr\u00e9esPoids : 75gr | Dur\u00e9e d&#039;utilisation : 4 mois\" \/>\n<meta property=\"og:url\" content=\"https:\/\/howtospa.com\/produit\/nettoyant-visage-solide-de-umai\/\" \/>\n<meta property=\"og:site_name\" content=\"HowToSpa - How to create your relaxation\" \/>\n<meta property=\"article:modified_time\" content=\"2024-11-19T00:49:57+00:00\" \/>\n<meta property=\"og:image\" content=\"https:\/\/howtospa.com\/wp-content\/uploads\/2023\/06\/Nettoyant-visage-solide-umai.png\" \/>\n\t<meta property=\"og:image:width\" content=\"573\" \/>\n\t<meta property=\"og:image:height\" content=\"617\" \/>\n\t<meta property=\"og:image:type\" content=\"image\/png\" \/>\n<meta name=\"twitter:card\" content=\"summary_large_image\" \/>\n<script type=\"application\/ld+json\" class=\"yoast-schema-graph\">{\"@context\":\"https:\/\/schema.org\",\"@graph\":[{\"@type\":\"WebPage\",\"@id\":\"https:\/\/howtospa.com\/produit\/nettoyant-visage-solide-de-umai\/\",\"url\":\"https:\/\/howtospa.com\/produit\/nettoyant-visage-solide-de-umai\/\",\"name\":\"Le Nettoyant Visage Solide de Uma\u00ef - HowToSpa - How to create your relaxation\",\"isPartOf\":{\"@id\":\"https:\/\/howtospa.com\/#website\"},\"datePublished\":\"2023-06-29T11:35:05+00:00\",\"dateModified\":\"2024-11-19T00:49:57+00:00\",\"description\":\"Enrichi en gluconate de zinc (1%) et deuxi\u00e8me \u00e9tape du double nettoyage du visage, le nettoyant visage ultra doux r\u00e9duit les rougeurs des peaux sensibles et laisse la peau propre, douce, apais\u00e9e et plus uniforme. Il r\u00e9pond parfaitement aux besoins des peaux sujettes \u00e0 l'ecz\u00e9ma, la rosac\u00e9e ou encore l'acn\u00e9.\u2714 Enrichi en gluconate de zinc (1%) qui aide \u00e0 resserrer les pores\u2714 Test\u00e9 sous contr\u00f4le dermatologique, pH physiologique\u2714 Un parfum tr\u00e8s doux aux notes florales, ros\u00e9es et poudr\u00e9esPoids : 75gr | Dur\u00e9e d'utilisation : 4 mois\",\"breadcrumb\":{\"@id\":\"https:\/\/howtospa.com\/produit\/nettoyant-visage-solide-de-umai\/#breadcrumb\"},\"inLanguage\":\"en-US\",\"potentialAction\":[{\"@type\":\"ReadAction\",\"target\":[\"https:\/\/howtospa.com\/produit\/nettoyant-visage-solide-de-umai\/\"]}]},{\"@type\":\"BreadcrumbList\",\"@id\":\"https:\/\/howtospa.com\/produit\/nettoyant-visage-solide-de-umai\/#breadcrumb\",\"itemListElement\":[{\"@type\":\"ListItem\",\"position\":1,\"name\":\"Home\",\"item\":\"https:\/\/howtospa.com\/en\/\"},{\"@type\":\"ListItem\",\"position\":2,\"name\":\"Produits\",\"item\":\"https:\/\/howtospa.com\/shop\/\"},{\"@type\":\"ListItem\",\"position\":3,\"name\":\"Le Nettoyant Visage Solide de Uma\u00ef\"}]},{\"@type\":\"WebSite\",\"@id\":\"https:\/\/howtospa.com\/#website\",\"url\":\"https:\/\/howtospa.com\/\",\"name\":\"HowToSpa -How to vreate your relaxation\",\"description\":\"Kits, programmes et tutoriels de relaxation, auto-massage et bien-\u00eatre chez soi, au bureau ou dans les transports.\",\"publisher\":{\"@id\":\"https:\/\/howtospa.com\/#organization\"},\"potentialAction\":[{\"@type\":\"SearchAction\",\"target\":{\"@type\":\"EntryPoint\",\"urlTemplate\":\"https:\/\/howtospa.com\/?s={search_term_string}\"},\"query-input\":\"required name=search_term_string\"}],\"inLanguage\":\"en-US\"},{\"@type\":\"Organization\",\"@id\":\"https:\/\/howtospa.com\/#organization\",\"name\":\"HowToSpa -How to vreate your relaxation\",\"url\":\"https:\/\/howtospa.com\/\",\"logo\":{\"@type\":\"ImageObject\",\"inLanguage\":\"en-US\",\"@id\":\"https:\/\/howtospa.com\/#\/schema\/logo\/image\/\",\"url\":\"https:\/\/howtospa.com\/wp-content\/uploads\/2021\/05\/logo-new-site-2.png\",\"contentUrl\":\"https:\/\/howtospa.com\/wp-content\/uploads\/2021\/05\/logo-new-site-2.png\",\"width\":953,\"height\":332,\"caption\":\"HowToSpa -How to vreate your relaxation\"},\"image\":{\"@id\":\"https:\/\/howtospa.com\/#\/schema\/logo\/image\/\"},\"sameAs\":[\"https:\/\/www.pinterest.fr\/howtospa\"]}]}<\/script>\n<!-- \/ Yoast SEO plugin. -->","yoast_head_json":{"title":"Le Nettoyant Visage Solide de Uma\u00ef - HowToSpa - How to create your relaxation","description":"Enrichi en gluconate de zinc (1%) et deuxi\u00e8me \u00e9tape du double nettoyage du visage, le nettoyant visage ultra doux r\u00e9duit les rougeurs des peaux sensibles et laisse la peau propre, douce, apais\u00e9e et plus uniforme. Il r\u00e9pond parfaitement aux besoins des peaux sujettes \u00e0 l'ecz\u00e9ma, la rosac\u00e9e ou encore l'acn\u00e9.\u2714 Enrichi en gluconate de zinc (1%) qui aide \u00e0 resserrer les pores\u2714 Test\u00e9 sous contr\u00f4le dermatologique, pH physiologique\u2714 Un parfum tr\u00e8s doux aux notes florales, ros\u00e9es et poudr\u00e9esPoids : 75gr | Dur\u00e9e d'utilisation : 4 mois","robots":{"index":"index","follow":"follow","max-snippet":"max-snippet:-1","max-image-preview":"max-image-preview:large","max-video-preview":"max-video-preview:-1"},"canonical":"https:\/\/howtospa.com\/produit\/nettoyant-visage-solide-de-umai\/","og_locale":"en_US","og_type":"article","og_title":"Le Nettoyant Visage Solide de Uma\u00ef - HowToSpa - How to create your relaxation","og_description":"Enrichi en gluconate de zinc (1%) et deuxi\u00e8me \u00e9tape du double nettoyage du visage, le nettoyant visage ultra doux r\u00e9duit les rougeurs des peaux sensibles et laisse la peau propre, douce, apais\u00e9e et plus uniforme. Il r\u00e9pond parfaitement aux besoins des peaux sujettes \u00e0 l'ecz\u00e9ma, la rosac\u00e9e ou encore l'acn\u00e9.\u2714 Enrichi en gluconate de zinc (1%) qui aide \u00e0 resserrer les pores\u2714 Test\u00e9 sous contr\u00f4le dermatologique, pH physiologique\u2714 Un parfum tr\u00e8s doux aux notes florales, ros\u00e9es et poudr\u00e9esPoids : 75gr | Dur\u00e9e d'utilisation : 4 mois","og_url":"https:\/\/howtospa.com\/produit\/nettoyant-visage-solide-de-umai\/","og_site_name":"HowToSpa - How to create your relaxation","article_modified_time":"2024-11-19T00:49:57+00:00","og_image":[{"width":573,"height":617,"url":"https:\/\/howtospa.com\/wp-content\/uploads\/2023\/06\/Nettoyant-visage-solide-umai.png","type":"image\/png"}],"twitter_card":"summary_large_image","schema":{"@context":"https:\/\/schema.org","@graph":[{"@type":"WebPage","@id":"https:\/\/howtospa.com\/produit\/nettoyant-visage-solide-de-umai\/","url":"https:\/\/howtospa.com\/produit\/nettoyant-visage-solide-de-umai\/","name":"Le Nettoyant Visage Solide de Uma\u00ef - HowToSpa - How to create your relaxation","isPartOf":{"@id":"https:\/\/howtospa.com\/#website"},"datePublished":"2023-06-29T11:35:05+00:00","dateModified":"2024-11-19T00:49:57+00:00","description":"Enrichi en gluconate de zinc (1%) et deuxi\u00e8me \u00e9tape du double nettoyage du visage, le nettoyant visage ultra doux r\u00e9duit les rougeurs des peaux sensibles et laisse la peau propre, douce, apais\u00e9e et plus uniforme. Il r\u00e9pond parfaitement aux besoins des peaux sujettes \u00e0 l'ecz\u00e9ma, la rosac\u00e9e ou encore l'acn\u00e9.\u2714 Enrichi en gluconate de zinc (1%) qui aide \u00e0 resserrer les pores\u2714 Test\u00e9 sous contr\u00f4le dermatologique, pH physiologique\u2714 Un parfum tr\u00e8s doux aux notes florales, ros\u00e9es et poudr\u00e9esPoids : 75gr | Dur\u00e9e d'utilisation : 4 mois","breadcrumb":{"@id":"https:\/\/howtospa.com\/produit\/nettoyant-visage-solide-de-umai\/#breadcrumb"},"inLanguage":"en-US","potentialAction":[{"@type":"ReadAction","target":["https:\/\/howtospa.com\/produit\/nettoyant-visage-solide-de-umai\/"]}]},{"@type":"BreadcrumbList","@id":"https:\/\/howtospa.com\/produit\/nettoyant-visage-solide-de-umai\/#breadcrumb","itemListElement":[{"@type":"ListItem","position":1,"name":"Home","item":"https:\/\/howtospa.com\/en\/"},{"@type":"ListItem","position":2,"name":"Produits","item":"https:\/\/howtospa.com\/shop\/"},{"@type":"ListItem","position":3,"name":"Le Nettoyant Visage Solide de Uma\u00ef"}]},{"@type":"WebSite","@id":"https:\/\/howtospa.com\/#website","url":"https:\/\/howtospa.com\/","name":"HowToSpa -How to vreate your relaxation","description":"Kits, programmes et tutoriels de relaxation, auto-massage et bien-\u00eatre chez soi, au bureau ou dans les transports.","publisher":{"@id":"https:\/\/howtospa.com\/#organization"},"potentialAction":[{"@type":"SearchAction","target":{"@type":"EntryPoint","urlTemplate":"https:\/\/howtospa.com\/?s={search_term_string}"},"query-input":"required name=search_term_string"}],"inLanguage":"en-US"},{"@type":"Organization","@id":"https:\/\/howtospa.com\/#organization","name":"HowToSpa -How to vreate your relaxation","url":"https:\/\/howtospa.com\/","logo":{"@type":"ImageObject","inLanguage":"en-US","@id":"https:\/\/howtospa.com\/#\/schema\/logo\/image\/","url":"https:\/\/howtospa.com\/wp-content\/uploads\/2021\/05\/logo-new-site-2.png","contentUrl":"https:\/\/howtospa.com\/wp-content\/uploads\/2021\/05\/logo-new-site-2.png","width":953,"height":332,"caption":"HowToSpa -How to vreate your relaxation"},"image":{"@id":"https:\/\/howtospa.com\/#\/schema\/logo\/image\/"},"sameAs":["https:\/\/www.pinterest.fr\/howtospa"]}]}},"_links":{"self":[{"href":"https:\/\/howtospa.com\/en\/wp-json\/wp\/v2\/product\/30627"}],"collection":[{"href":"https:\/\/howtospa.com\/en\/wp-json\/wp\/v2\/product"}],"about":[{"href":"https:\/\/howtospa.com\/en\/wp-json\/wp\/v2\/types\/product"}],"wp:featuredmedia":[{"embeddable":true,"href":"https:\/\/howtospa.com\/en\/wp-json\/wp\/v2\/media\/30628"}],"wp:attachment":[{"href":"https:\/\/howtospa.com\/en\/wp-json\/wp\/v2\/media?parent=30627"}],"wp:term":[{"taxonomy":"product_cat","embeddable":true,"href":"https:\/\/howtospa.com\/en\/wp-json\/wp\/v2\/product_cat?post=30627"},{"taxonomy":"product_tag","embeddable":true,"href":"https:\/\/howtospa.com\/en\/wp-json\/wp\/v2\/product_tag?post=30627"}],"curies":[{"name":"wp","href":"https:\/\/api.w.org\/{rel}","templated":true}]}}