{"id":30637,"date":"2023-06-29T14:18:04","date_gmt":"2023-06-29T12:18:04","guid":{"rendered":"http:\/\/preprod.howtospa.com\/?post_type=product&#038;p=30637"},"modified":"2024-12-12T22:05:01","modified_gmt":"2024-12-12T21:05:01","slug":"mala-tibetain-en-perles-de-graines-de-lotus-de-peter-clo-copie","status":"publish","type":"product","link":"https:\/\/howtospa.com\/en\/produit\/mala-tibetain-en-perles-de-graines-de-lotus-de-peter-clo-copie\/","title":{"rendered":"Mala Tib\u00e9tain en Perles de Graines de Lotus de Peter &#038; Clo"},"content":{"rendered":"","protected":false},"excerpt":{"rendered":"<p>MALA TIBETAIN graines de lotus 8 MM<\/p>\n<p>Beaut\u00e9 et Long\u00e9vit\u00e9<\/p>\n<p>COLLIER CHAPELET ROSAIRE &#8211; Peut \u00eatre port\u00e9 en Bracelet<\/p>\n<p>Les malas sont des chapelets utilis\u00e9s lors des pri\u00e8res dans la pratique du bouddhisme tib\u00e9tain<\/p>\n<p>PERLES EN GRAINES DE LOTUS V\u00c9RITABLE DE \u00d8 8 mm +\/-<\/p>\n<p>Tour de cou 80 cm environ<\/p>\n<p>100 % Artisanat Fait Main<\/p>\n","protected":false},"featured_media":30638,"template":"","meta":{"_ppp_document_settings_meta":""},"product_cat":[454,98,133,105,104,451,108,109,134,99,102,101,100,135],"product_tag":[500],"class_list":{"0":"post-30637","1":"product","2":"type-product","3":"status-publish","4":"has-post-thumbnail","6":"product_cat-accessoires","7":"product_cat-cocooning-2","8":"product_cat-cocooning-6","9":"product_cat-cocooning-4","10":"product_cat-cocooning-3","11":"product_cat-decoration","12":"product_cat-detox-4","13":"product_cat-detox-5","14":"product_cat-detox-6","15":"product_cat-detox-2","16":"product_cat-energy-boosting-4","17":"product_cat-energy-boosting-3","18":"product_cat-energy-boosting-2","19":"product_cat-energy-boosting-6","20":"product_tag-2021040013-2"},"composite_layout":"","composite_add_to_cart_form_location":"","composite_editable_in_cart":false,"composite_sold_individually_context":"","composite_shop_price_calc":"","composite_components":[],"composite_scenarios":[],"yoast_head":"<!-- This site is optimized with the Yoast SEO plugin v20.9 - https:\/\/yoast.com\/wordpress\/plugins\/seo\/ -->\n<title>Mala Tib\u00e9tain en Perles de Graines de Lotus de Peter &amp; Clo - HowToSpa - How to create your relaxation<\/title>\n<meta name=\"description\" content=\"MALA TIBETAIN graines de lotus 8 MMBeaut\u00e9 et Long\u00e9vit\u00e9COLLIER CHAPELET ROSAIRELes malas sont des chapelets utilis\u00e9s lors des pri\u00e8res dans la pratique du bouddhisme tib\u00e9tainPERLES EN GRAINES DE LOTUS V\u00c9RITABLE DE \u00d8 8 mm +\/-Tour de cou 80 cm environ100 % ARTISANAT FAIT MAIN\" \/>\n<meta name=\"robots\" content=\"index, follow, max-snippet:-1, max-image-preview:large, max-video-preview:-1\" \/>\n<link rel=\"canonical\" href=\"https:\/\/howtospa.com\/produit\/mala-tibetain-en-perles-de-graines-de-lotus-de-peter-clo-copie\/\" \/>\n<meta property=\"og:locale\" content=\"en_US\" \/>\n<meta property=\"og:type\" content=\"article\" \/>\n<meta property=\"og:title\" content=\"Mala Tib\u00e9tain en Perles de Graines de Lotus de Peter &amp; Clo - HowToSpa - How to create your relaxation\" \/>\n<meta property=\"og:description\" content=\"MALA TIBETAIN graines de lotus 8 MMBeaut\u00e9 et Long\u00e9vit\u00e9COLLIER CHAPELET ROSAIRELes malas sont des chapelets utilis\u00e9s lors des pri\u00e8res dans la pratique du bouddhisme tib\u00e9tainPERLES EN GRAINES DE LOTUS V\u00c9RITABLE DE \u00d8 8 mm +\/-Tour de cou 80 cm environ100 % ARTISANAT FAIT MAIN\" \/>\n<meta property=\"og:url\" content=\"https:\/\/howtospa.com\/produit\/mala-tibetain-en-perles-de-graines-de-lotus-de-peter-clo-copie\/\" \/>\n<meta property=\"og:site_name\" content=\"HowToSpa - How to create your relaxation\" \/>\n<meta property=\"article:modified_time\" content=\"2024-12-12T21:05:01+00:00\" \/>\n<meta property=\"og:image\" content=\"https:\/\/howtospa.com\/wp-content\/uploads\/2023\/06\/Mala-Peter-and-Clo.jpg\" \/>\n\t<meta property=\"og:image:width\" content=\"750\" \/>\n\t<meta property=\"og:image:height\" content=\"895\" \/>\n\t<meta property=\"og:image:type\" content=\"image\/jpeg\" \/>\n<meta name=\"twitter:card\" content=\"summary_large_image\" \/>\n<script type=\"application\/ld+json\" class=\"yoast-schema-graph\">{\"@context\":\"https:\/\/schema.org\",\"@graph\":[{\"@type\":\"WebPage\",\"@id\":\"https:\/\/howtospa.com\/produit\/mala-tibetain-en-perles-de-graines-de-lotus-de-peter-clo-copie\/\",\"url\":\"https:\/\/howtospa.com\/produit\/mala-tibetain-en-perles-de-graines-de-lotus-de-peter-clo-copie\/\",\"name\":\"Mala Tib\u00e9tain en Perles de Graines de Lotus de Peter & Clo - HowToSpa - How to create your relaxation\",\"isPartOf\":{\"@id\":\"https:\/\/howtospa.com\/en\/#website\"},\"datePublished\":\"2023-06-29T12:18:04+00:00\",\"dateModified\":\"2024-12-12T21:05:01+00:00\",\"description\":\"MALA TIBETAIN graines de lotus 8 MMBeaut\u00e9 et Long\u00e9vit\u00e9COLLIER CHAPELET ROSAIRELes malas sont des chapelets utilis\u00e9s lors des pri\u00e8res dans la pratique du bouddhisme tib\u00e9tainPERLES EN GRAINES DE LOTUS V\u00c9RITABLE DE \u00d8 8 mm +\/-Tour de cou 80 cm environ100 % ARTISANAT FAIT MAIN\",\"breadcrumb\":{\"@id\":\"https:\/\/howtospa.com\/produit\/mala-tibetain-en-perles-de-graines-de-lotus-de-peter-clo-copie\/#breadcrumb\"},\"inLanguage\":\"en-US\",\"potentialAction\":[{\"@type\":\"ReadAction\",\"target\":[\"https:\/\/howtospa.com\/produit\/mala-tibetain-en-perles-de-graines-de-lotus-de-peter-clo-copie\/\"]}]},{\"@type\":\"BreadcrumbList\",\"@id\":\"https:\/\/howtospa.com\/produit\/mala-tibetain-en-perles-de-graines-de-lotus-de-peter-clo-copie\/#breadcrumb\",\"itemListElement\":[{\"@type\":\"ListItem\",\"position\":1,\"name\":\"Home\",\"item\":\"https:\/\/howtospa.com\/\"},{\"@type\":\"ListItem\",\"position\":2,\"name\":\"Products\",\"item\":\"https:\/\/howtospa.com\/en\/shop\/\"},{\"@type\":\"ListItem\",\"position\":3,\"name\":\"Mala Tib\u00e9tain en Perles de Graines de Lotus de Peter &#038; Clo\"}]},{\"@type\":\"WebSite\",\"@id\":\"https:\/\/howtospa.com\/en\/#website\",\"url\":\"https:\/\/howtospa.com\/en\/\",\"name\":\"HowToSpa -How to vreate your relaxation\",\"description\":\"Kits, programmes et tutoriels de relaxation, auto-massage et bien-\u00eatre chez soi, au bureau ou dans les transports.\",\"publisher\":{\"@id\":\"https:\/\/howtospa.com\/en\/#organization\"},\"potentialAction\":[{\"@type\":\"SearchAction\",\"target\":{\"@type\":\"EntryPoint\",\"urlTemplate\":\"https:\/\/howtospa.com\/en\/?s={search_term_string}\"},\"query-input\":\"required name=search_term_string\"}],\"inLanguage\":\"en-US\"},{\"@type\":\"Organization\",\"@id\":\"https:\/\/howtospa.com\/en\/#organization\",\"name\":\"HowToSpa -How to vreate your relaxation\",\"url\":\"https:\/\/howtospa.com\/en\/\",\"logo\":{\"@type\":\"ImageObject\",\"inLanguage\":\"en-US\",\"@id\":\"https:\/\/howtospa.com\/en\/#\/schema\/logo\/image\/\",\"url\":\"http:\/\/preprod.howtospa.com\/wp-content\/uploads\/2021\/05\/logo-new-site-2.png\",\"contentUrl\":\"http:\/\/preprod.howtospa.com\/wp-content\/uploads\/2021\/05\/logo-new-site-2.png\",\"width\":953,\"height\":332,\"caption\":\"HowToSpa -How to vreate your relaxation\"},\"image\":{\"@id\":\"https:\/\/howtospa.com\/en\/#\/schema\/logo\/image\/\"},\"sameAs\":[\"https:\/\/www.pinterest.fr\/howtospa\"]}]}<\/script>\n<!-- \/ Yoast SEO plugin. -->","yoast_head_json":{"title":"Mala Tib\u00e9tain en Perles de Graines de Lotus de Peter & Clo - HowToSpa - How to create your relaxation","description":"MALA TIBETAIN graines de lotus 8 MMBeaut\u00e9 et Long\u00e9vit\u00e9COLLIER CHAPELET ROSAIRELes malas sont des chapelets utilis\u00e9s lors des pri\u00e8res dans la pratique du bouddhisme tib\u00e9tainPERLES EN GRAINES DE LOTUS V\u00c9RITABLE DE \u00d8 8 mm +\/-Tour de cou 80 cm environ100 % ARTISANAT FAIT MAIN","robots":{"index":"index","follow":"follow","max-snippet":"max-snippet:-1","max-image-preview":"max-image-preview:large","max-video-preview":"max-video-preview:-1"},"canonical":"https:\/\/howtospa.com\/produit\/mala-tibetain-en-perles-de-graines-de-lotus-de-peter-clo-copie\/","og_locale":"en_US","og_type":"article","og_title":"Mala Tib\u00e9tain en Perles de Graines de Lotus de Peter & Clo - HowToSpa - How to create your relaxation","og_description":"MALA TIBETAIN graines de lotus 8 MMBeaut\u00e9 et Long\u00e9vit\u00e9COLLIER CHAPELET ROSAIRELes malas sont des chapelets utilis\u00e9s lors des pri\u00e8res dans la pratique du bouddhisme tib\u00e9tainPERLES EN GRAINES DE LOTUS V\u00c9RITABLE DE \u00d8 8 mm +\/-Tour de cou 80 cm environ100 % ARTISANAT FAIT MAIN","og_url":"https:\/\/howtospa.com\/produit\/mala-tibetain-en-perles-de-graines-de-lotus-de-peter-clo-copie\/","og_site_name":"HowToSpa - How to create your relaxation","article_modified_time":"2024-12-12T21:05:01+00:00","og_image":[{"width":750,"height":895,"url":"https:\/\/howtospa.com\/wp-content\/uploads\/2023\/06\/Mala-Peter-and-Clo.jpg","type":"image\/jpeg"}],"twitter_card":"summary_large_image","schema":{"@context":"https:\/\/schema.org","@graph":[{"@type":"WebPage","@id":"https:\/\/howtospa.com\/produit\/mala-tibetain-en-perles-de-graines-de-lotus-de-peter-clo-copie\/","url":"https:\/\/howtospa.com\/produit\/mala-tibetain-en-perles-de-graines-de-lotus-de-peter-clo-copie\/","name":"Mala Tib\u00e9tain en Perles de Graines de Lotus de Peter & Clo - HowToSpa - How to create your relaxation","isPartOf":{"@id":"https:\/\/howtospa.com\/en\/#website"},"datePublished":"2023-06-29T12:18:04+00:00","dateModified":"2024-12-12T21:05:01+00:00","description":"MALA TIBETAIN graines de lotus 8 MMBeaut\u00e9 et Long\u00e9vit\u00e9COLLIER CHAPELET ROSAIRELes malas sont des chapelets utilis\u00e9s lors des pri\u00e8res dans la pratique du bouddhisme tib\u00e9tainPERLES EN GRAINES DE LOTUS V\u00c9RITABLE DE \u00d8 8 mm +\/-Tour de cou 80 cm environ100 % ARTISANAT FAIT MAIN","breadcrumb":{"@id":"https:\/\/howtospa.com\/produit\/mala-tibetain-en-perles-de-graines-de-lotus-de-peter-clo-copie\/#breadcrumb"},"inLanguage":"en-US","potentialAction":[{"@type":"ReadAction","target":["https:\/\/howtospa.com\/produit\/mala-tibetain-en-perles-de-graines-de-lotus-de-peter-clo-copie\/"]}]},{"@type":"BreadcrumbList","@id":"https:\/\/howtospa.com\/produit\/mala-tibetain-en-perles-de-graines-de-lotus-de-peter-clo-copie\/#breadcrumb","itemListElement":[{"@type":"ListItem","position":1,"name":"Home","item":"https:\/\/howtospa.com\/"},{"@type":"ListItem","position":2,"name":"Products","item":"https:\/\/howtospa.com\/en\/shop\/"},{"@type":"ListItem","position":3,"name":"Mala Tib\u00e9tain en Perles de Graines de Lotus de Peter &#038; Clo"}]},{"@type":"WebSite","@id":"https:\/\/howtospa.com\/en\/#website","url":"https:\/\/howtospa.com\/en\/","name":"HowToSpa -How to vreate your relaxation","description":"Kits, programmes et tutoriels de relaxation, auto-massage et bien-\u00eatre chez soi, au bureau ou dans les transports.","publisher":{"@id":"https:\/\/howtospa.com\/en\/#organization"},"potentialAction":[{"@type":"SearchAction","target":{"@type":"EntryPoint","urlTemplate":"https:\/\/howtospa.com\/en\/?s={search_term_string}"},"query-input":"required name=search_term_string"}],"inLanguage":"en-US"},{"@type":"Organization","@id":"https:\/\/howtospa.com\/en\/#organization","name":"HowToSpa -How to vreate your relaxation","url":"https:\/\/howtospa.com\/en\/","logo":{"@type":"ImageObject","inLanguage":"en-US","@id":"https:\/\/howtospa.com\/en\/#\/schema\/logo\/image\/","url":"http:\/\/preprod.howtospa.com\/wp-content\/uploads\/2021\/05\/logo-new-site-2.png","contentUrl":"http:\/\/preprod.howtospa.com\/wp-content\/uploads\/2021\/05\/logo-new-site-2.png","width":953,"height":332,"caption":"HowToSpa -How to vreate your relaxation"},"image":{"@id":"https:\/\/howtospa.com\/en\/#\/schema\/logo\/image\/"},"sameAs":["https:\/\/www.pinterest.fr\/howtospa"]}]}},"_links":{"self":[{"href":"https:\/\/howtospa.com\/en\/wp-json\/wp\/v2\/product\/30637","targetHints":{"allow":["GET"]}}],"collection":[{"href":"https:\/\/howtospa.com\/en\/wp-json\/wp\/v2\/product"}],"about":[{"href":"https:\/\/howtospa.com\/en\/wp-json\/wp\/v2\/types\/product"}],"wp:featuredmedia":[{"embeddable":true,"href":"https:\/\/howtospa.com\/en\/wp-json\/wp\/v2\/media\/30638"}],"wp:attachment":[{"href":"https:\/\/howtospa.com\/en\/wp-json\/wp\/v2\/media?parent=30637"}],"wp:term":[{"taxonomy":"product_cat","embeddable":true,"href":"https:\/\/howtospa.com\/en\/wp-json\/wp\/v2\/product_cat?post=30637"},{"taxonomy":"product_tag","embeddable":true,"href":"https:\/\/howtospa.com\/en\/wp-json\/wp\/v2\/product_tag?post=30637"}],"curies":[{"name":"wp","href":"https:\/\/api.w.org\/{rel}","templated":true}]}}