{"id":30691,"date":"2023-07-20T10:20:52","date_gmt":"2023-07-20T08:20:52","guid":{"rendered":"http:\/\/preprod.howtospa.com\/?post_type=product&#038;p=30691"},"modified":"2025-06-09T22:04:37","modified_gmt":"2025-06-09T20:04:37","slug":"masque-au-miel-de-oden","status":"publish","type":"product","link":"https:\/\/howtospa.com\/en\/produit\/masque-au-miel-de-oden\/","title":{"rendered":"Masque au Miel de Oden"},"content":{"rendered":"","protected":false},"excerpt":{"rendered":"<p>50ml | 3 \u00e0 4 mois d\u2019utilisation<\/p>\n<p>Ce Masque au Miel est compos\u00e9 \u00e0 plus de 60% de miel pur, fran\u00e7ais et biologique, d\u2019une qualit\u00e9 rare et aux propri\u00e9t\u00e9s exceptionnelles pour la peau.<\/p>\n<p>Riche en mol\u00e9cules hydrophiles, le miel est un excellent humectant et \u00e9mollient cutan\u00e9. Avec une forte concentration en vitamines et min\u00e9raux, il favorise le renouvellement cellulaire et redonne de l\u2019\u00e9clat \u00e0 la peau. Les huiles de chia, d\u2019h\u00e9lichryse et d\u2019argousier fran\u00e7aises compl\u00e8tent les bienfaits du miel avec leurs propri\u00e9t\u00e9s nourrissante, antioxydante et anti-radicalaire.<\/p>\n<p>Ce soin convient \u00e0 tous les types de peau et est id\u00e9al pour les peaux d\u00e9shydrat\u00e9es et ternes. \u00c0 l\u2019application, il enveloppe la peau de sa texture onctueuse et de sa d\u00e9licieuse odeur de miel. Apr\u00e8s le rin\u00e7age, il laissera un l\u00e9ger film protecteur sur la peau qui continuera \u00e0 d\u00e9livrer ses bienfaits. \u00c0 utiliser 1 fois par semaine sur peau s\u00e8che ou humide.<\/p>\n<p>Ce masque artisanal est fabriqu\u00e9 par Oden au sein de leur Maison Botanique, leur laboratoire parisien. Tous les ingr\u00e9dients sont d\u2019origine naturelle et fran\u00e7aise.<\/p>\n","protected":false},"featured_media":30692,"template":"","meta":{"_ppp_document_settings_meta":""},"product_cat":[448,210],"product_tag":[],"class_list":{"0":"post-30691","1":"product","2":"type-product","3":"status-publish","4":"has-post-thumbnail","6":"product_cat-cosmetiques","7":"product_cat-uncategorized"},"composite_layout":"","composite_add_to_cart_form_location":"","composite_editable_in_cart":false,"composite_sold_individually_context":"","composite_shop_price_calc":"","composite_components":[],"composite_scenarios":[],"yoast_head":"<!-- This site is optimized with the Yoast SEO plugin v20.9 - https:\/\/yoast.com\/wordpress\/plugins\/seo\/ -->\n<title>Masque au Miel de Oden - HowToSpa - How to create your relaxation<\/title>\n<meta name=\"robots\" content=\"index, follow, max-snippet:-1, max-image-preview:large, max-video-preview:-1\" \/>\n<link rel=\"canonical\" href=\"https:\/\/howtospa.com\/produit\/masque-au-miel-de-oden\/\" \/>\n<meta property=\"og:locale\" content=\"en_US\" \/>\n<meta property=\"og:type\" content=\"article\" \/>\n<meta property=\"og:title\" content=\"Masque au Miel de Oden - HowToSpa - How to create your relaxation\" \/>\n<meta property=\"og:description\" content=\"50ml | 3 \u00e0 4 mois d\u2019utilisation  Ce Masque au Miel est compos\u00e9 \u00e0 plus de 60% de miel pur, fran\u00e7ais et biologique, d\u2019une qualit\u00e9 rare et aux propri\u00e9t\u00e9s exceptionnelles pour la peau.  Riche en mol\u00e9cules hydrophiles, le miel est un excellent humectant et \u00e9mollient cutan\u00e9. Avec une forte concentration en vitamines et min\u00e9raux, il favorise le renouvellement cellulaire et redonne de l\u2019\u00e9clat \u00e0 la peau. Les huiles de chia, d\u2019h\u00e9lichryse et d\u2019argousier fran\u00e7aises compl\u00e8tent les bienfaits du miel avec leurs propri\u00e9t\u00e9s nourrissante, antioxydante et anti-radicalaire.  Ce soin convient \u00e0 tous les types de peau et est id\u00e9al pour les peaux d\u00e9shydrat\u00e9es et ternes. \u00c0 l\u2019application, il enveloppe la peau de sa texture onctueuse et de sa d\u00e9licieuse odeur de miel. Apr\u00e8s le rin\u00e7age, il laissera un l\u00e9ger film protecteur sur la peau qui continuera \u00e0 d\u00e9livrer ses bienfaits. \u00c0 utiliser 1 fois par semaine sur peau s\u00e8che ou humide.  Ce masque artisanal est fabriqu\u00e9 par Oden au sein de leur Maison Botanique, leur laboratoire parisien. Tous les ingr\u00e9dients sont d\u2019origine naturelle et fran\u00e7aise.\" \/>\n<meta property=\"og:url\" content=\"https:\/\/howtospa.com\/produit\/masque-au-miel-de-oden\/\" \/>\n<meta property=\"og:site_name\" content=\"HowToSpa - How to create your relaxation\" \/>\n<meta property=\"article:modified_time\" content=\"2025-06-09T20:04:37+00:00\" \/>\n<meta property=\"og:image\" content=\"https:\/\/howtospa.com\/wp-content\/uploads\/2023\/07\/Masque-Miel-Oden.jpg\" \/>\n\t<meta property=\"og:image:width\" content=\"750\" \/>\n\t<meta property=\"og:image:height\" content=\"661\" \/>\n\t<meta property=\"og:image:type\" content=\"image\/jpeg\" \/>\n<meta name=\"twitter:card\" content=\"summary_large_image\" \/>\n<script type=\"application\/ld+json\" class=\"yoast-schema-graph\">{\"@context\":\"https:\/\/schema.org\",\"@graph\":[{\"@type\":\"WebPage\",\"@id\":\"https:\/\/howtospa.com\/produit\/masque-au-miel-de-oden\/\",\"url\":\"https:\/\/howtospa.com\/produit\/masque-au-miel-de-oden\/\",\"name\":\"Masque au Miel de Oden - HowToSpa - How to create your relaxation\",\"isPartOf\":{\"@id\":\"https:\/\/howtospa.com\/en\/#website\"},\"datePublished\":\"2023-07-20T08:20:52+00:00\",\"dateModified\":\"2025-06-09T20:04:37+00:00\",\"breadcrumb\":{\"@id\":\"https:\/\/howtospa.com\/produit\/masque-au-miel-de-oden\/#breadcrumb\"},\"inLanguage\":\"en-US\",\"potentialAction\":[{\"@type\":\"ReadAction\",\"target\":[\"https:\/\/howtospa.com\/produit\/masque-au-miel-de-oden\/\"]}]},{\"@type\":\"BreadcrumbList\",\"@id\":\"https:\/\/howtospa.com\/produit\/masque-au-miel-de-oden\/#breadcrumb\",\"itemListElement\":[{\"@type\":\"ListItem\",\"position\":1,\"name\":\"Home\",\"item\":\"https:\/\/howtospa.com\/\"},{\"@type\":\"ListItem\",\"position\":2,\"name\":\"Products\",\"item\":\"https:\/\/howtospa.com\/en\/shop\/\"},{\"@type\":\"ListItem\",\"position\":3,\"name\":\"Masque au Miel de Oden\"}]},{\"@type\":\"WebSite\",\"@id\":\"https:\/\/howtospa.com\/en\/#website\",\"url\":\"https:\/\/howtospa.com\/en\/\",\"name\":\"HowToSpa -How to vreate your relaxation\",\"description\":\"Kits, programmes et tutoriels de relaxation, auto-massage et bien-\u00eatre chez soi, au bureau ou dans les transports.\",\"publisher\":{\"@id\":\"https:\/\/howtospa.com\/en\/#organization\"},\"potentialAction\":[{\"@type\":\"SearchAction\",\"target\":{\"@type\":\"EntryPoint\",\"urlTemplate\":\"https:\/\/howtospa.com\/en\/?s={search_term_string}\"},\"query-input\":\"required name=search_term_string\"}],\"inLanguage\":\"en-US\"},{\"@type\":\"Organization\",\"@id\":\"https:\/\/howtospa.com\/en\/#organization\",\"name\":\"HowToSpa -How to vreate your relaxation\",\"url\":\"https:\/\/howtospa.com\/en\/\",\"logo\":{\"@type\":\"ImageObject\",\"inLanguage\":\"en-US\",\"@id\":\"https:\/\/howtospa.com\/en\/#\/schema\/logo\/image\/\",\"url\":\"http:\/\/preprod.howtospa.com\/wp-content\/uploads\/2021\/05\/logo-new-site-2.png\",\"contentUrl\":\"http:\/\/preprod.howtospa.com\/wp-content\/uploads\/2021\/05\/logo-new-site-2.png\",\"width\":953,\"height\":332,\"caption\":\"HowToSpa -How to vreate your relaxation\"},\"image\":{\"@id\":\"https:\/\/howtospa.com\/en\/#\/schema\/logo\/image\/\"},\"sameAs\":[\"https:\/\/www.pinterest.fr\/howtospa\"]}]}<\/script>\n<!-- \/ Yoast SEO plugin. -->","yoast_head_json":{"title":"Masque au Miel de Oden - HowToSpa - How to create your relaxation","robots":{"index":"index","follow":"follow","max-snippet":"max-snippet:-1","max-image-preview":"max-image-preview:large","max-video-preview":"max-video-preview:-1"},"canonical":"https:\/\/howtospa.com\/produit\/masque-au-miel-de-oden\/","og_locale":"en_US","og_type":"article","og_title":"Masque au Miel de Oden - HowToSpa - How to create your relaxation","og_description":"50ml | 3 \u00e0 4 mois d\u2019utilisation  Ce Masque au Miel est compos\u00e9 \u00e0 plus de 60% de miel pur, fran\u00e7ais et biologique, d\u2019une qualit\u00e9 rare et aux propri\u00e9t\u00e9s exceptionnelles pour la peau.  Riche en mol\u00e9cules hydrophiles, le miel est un excellent humectant et \u00e9mollient cutan\u00e9. Avec une forte concentration en vitamines et min\u00e9raux, il favorise le renouvellement cellulaire et redonne de l\u2019\u00e9clat \u00e0 la peau. Les huiles de chia, d\u2019h\u00e9lichryse et d\u2019argousier fran\u00e7aises compl\u00e8tent les bienfaits du miel avec leurs propri\u00e9t\u00e9s nourrissante, antioxydante et anti-radicalaire.  Ce soin convient \u00e0 tous les types de peau et est id\u00e9al pour les peaux d\u00e9shydrat\u00e9es et ternes. \u00c0 l\u2019application, il enveloppe la peau de sa texture onctueuse et de sa d\u00e9licieuse odeur de miel. Apr\u00e8s le rin\u00e7age, il laissera un l\u00e9ger film protecteur sur la peau qui continuera \u00e0 d\u00e9livrer ses bienfaits. \u00c0 utiliser 1 fois par semaine sur peau s\u00e8che ou humide.  Ce masque artisanal est fabriqu\u00e9 par Oden au sein de leur Maison Botanique, leur laboratoire parisien. Tous les ingr\u00e9dients sont d\u2019origine naturelle et fran\u00e7aise.","og_url":"https:\/\/howtospa.com\/produit\/masque-au-miel-de-oden\/","og_site_name":"HowToSpa - How to create your relaxation","article_modified_time":"2025-06-09T20:04:37+00:00","og_image":[{"width":750,"height":661,"url":"https:\/\/howtospa.com\/wp-content\/uploads\/2023\/07\/Masque-Miel-Oden.jpg","type":"image\/jpeg"}],"twitter_card":"summary_large_image","schema":{"@context":"https:\/\/schema.org","@graph":[{"@type":"WebPage","@id":"https:\/\/howtospa.com\/produit\/masque-au-miel-de-oden\/","url":"https:\/\/howtospa.com\/produit\/masque-au-miel-de-oden\/","name":"Masque au Miel de Oden - HowToSpa - How to create your relaxation","isPartOf":{"@id":"https:\/\/howtospa.com\/en\/#website"},"datePublished":"2023-07-20T08:20:52+00:00","dateModified":"2025-06-09T20:04:37+00:00","breadcrumb":{"@id":"https:\/\/howtospa.com\/produit\/masque-au-miel-de-oden\/#breadcrumb"},"inLanguage":"en-US","potentialAction":[{"@type":"ReadAction","target":["https:\/\/howtospa.com\/produit\/masque-au-miel-de-oden\/"]}]},{"@type":"BreadcrumbList","@id":"https:\/\/howtospa.com\/produit\/masque-au-miel-de-oden\/#breadcrumb","itemListElement":[{"@type":"ListItem","position":1,"name":"Home","item":"https:\/\/howtospa.com\/"},{"@type":"ListItem","position":2,"name":"Products","item":"https:\/\/howtospa.com\/en\/shop\/"},{"@type":"ListItem","position":3,"name":"Masque au Miel de Oden"}]},{"@type":"WebSite","@id":"https:\/\/howtospa.com\/en\/#website","url":"https:\/\/howtospa.com\/en\/","name":"HowToSpa -How to vreate your relaxation","description":"Kits, programmes et tutoriels de relaxation, auto-massage et bien-\u00eatre chez soi, au bureau ou dans les transports.","publisher":{"@id":"https:\/\/howtospa.com\/en\/#organization"},"potentialAction":[{"@type":"SearchAction","target":{"@type":"EntryPoint","urlTemplate":"https:\/\/howtospa.com\/en\/?s={search_term_string}"},"query-input":"required name=search_term_string"}],"inLanguage":"en-US"},{"@type":"Organization","@id":"https:\/\/howtospa.com\/en\/#organization","name":"HowToSpa -How to vreate your relaxation","url":"https:\/\/howtospa.com\/en\/","logo":{"@type":"ImageObject","inLanguage":"en-US","@id":"https:\/\/howtospa.com\/en\/#\/schema\/logo\/image\/","url":"http:\/\/preprod.howtospa.com\/wp-content\/uploads\/2021\/05\/logo-new-site-2.png","contentUrl":"http:\/\/preprod.howtospa.com\/wp-content\/uploads\/2021\/05\/logo-new-site-2.png","width":953,"height":332,"caption":"HowToSpa -How to vreate your relaxation"},"image":{"@id":"https:\/\/howtospa.com\/en\/#\/schema\/logo\/image\/"},"sameAs":["https:\/\/www.pinterest.fr\/howtospa"]}]}},"_links":{"self":[{"href":"https:\/\/howtospa.com\/en\/wp-json\/wp\/v2\/product\/30691","targetHints":{"allow":["GET"]}}],"collection":[{"href":"https:\/\/howtospa.com\/en\/wp-json\/wp\/v2\/product"}],"about":[{"href":"https:\/\/howtospa.com\/en\/wp-json\/wp\/v2\/types\/product"}],"wp:featuredmedia":[{"embeddable":true,"href":"https:\/\/howtospa.com\/en\/wp-json\/wp\/v2\/media\/30692"}],"wp:attachment":[{"href":"https:\/\/howtospa.com\/en\/wp-json\/wp\/v2\/media?parent=30691"}],"wp:term":[{"taxonomy":"product_cat","embeddable":true,"href":"https:\/\/howtospa.com\/en\/wp-json\/wp\/v2\/product_cat?post=30691"},{"taxonomy":"product_tag","embeddable":true,"href":"https:\/\/howtospa.com\/en\/wp-json\/wp\/v2\/product_tag?post=30691"}],"curies":[{"name":"wp","href":"https:\/\/api.w.org\/{rel}","templated":true}]}}