{"id":30751,"date":"2023-09-14T05:29:03","date_gmt":"2023-09-14T03:29:03","guid":{"rendered":"https:\/\/howtospa.com\/?post_type=product&#038;p=30751"},"modified":"2024-10-24T14:15:59","modified_gmt":"2024-10-24T12:15:59","slug":"spa-automnal","status":"publish","type":"product","link":"https:\/\/howtospa.com\/en\/produit\/spa-automnal\/","title":{"rendered":"SPA AUTOMNAL"},"content":{"rendered":"","protected":false},"excerpt":{"rendered":"<p><em>(valeur r\u00e9elle 149,5 \u20ac) <\/em><\/p>\n<p>&nbsp;<\/p>\n<div class=\"wpb_wrapper\">\n<p>Ce Kit contient<\/p>\n<ul>\n<li>Un <strong>Tote Bag <\/strong>How To Spa x Ninisea<\/li>\n<li>Un <strong>Tutoriel de Relaxation<\/strong><\/li>\n<li>La s\u00e9lection de nos experts:<\/li>\n<\/ul>\n<p>\u00b0 Un <strong>Parfum d\u2019Int\u00e9rieur Automne <\/strong>de Vie Ar\u00f4me<\/p>\n<p>\u00b0 Une <strong>Friction (synergie d\u2019huiles essentielles) Respiration<\/strong> de Vie Ar\u00f4me<\/p>\n<p>\u00b0 Une <strong>Friction (synergie d\u2019huiles essentielles) Digestion <\/strong>de Vie Ar\u00f4me<\/p>\n<p>\u00b0 Une<strong> Huile Corps \u00c9l\u00e9ment M\u00e9tal <\/strong>de Vie Ar\u00f4me<\/p>\n<p>\u00b0 Un<strong> Peignoir Mandala <\/strong>How To Spa x Le Comptoir de Bambou<\/p>\n<\/div>\n<p>&nbsp;<\/p>\n","protected":false},"featured_media":30740,"template":"","meta":{"_ppp_document_settings_meta":""},"product_cat":[210],"product_tag":[],"composite_layout":"","composite_add_to_cart_form_location":"","composite_editable_in_cart":false,"composite_sold_individually_context":"","composite_shop_price_calc":"","composite_components":[],"composite_scenarios":[],"yoast_head":"<!-- This site is optimized with the Yoast SEO plugin v20.9 - https:\/\/yoast.com\/wordpress\/plugins\/seo\/ -->\n<title>SPA AUTOMNAL - HowToSpa - How to create your relaxation<\/title>\n<meta name=\"robots\" content=\"index, follow, max-snippet:-1, max-image-preview:large, max-video-preview:-1\" \/>\n<link rel=\"canonical\" href=\"https:\/\/howtospa.com\/produit\/spa-automnal\/\" \/>\n<meta property=\"og:locale\" content=\"en_US\" \/>\n<meta property=\"og:type\" content=\"article\" \/>\n<meta property=\"og:title\" content=\"SPA AUTOMNAL - HowToSpa - How to create your relaxation\" \/>\n<meta property=\"og:description\" content=\"(valeur r\u00e9elle 149,5 \u20ac)   &nbsp;   Ce Kit contient   Un Tote Bag How To Spa x Ninisea  Un Tutoriel de Relaxation  La s\u00e9lection de nos experts:  \u00b0 Un Parfum d\u2019Int\u00e9rieur Automne de Vie Ar\u00f4me  \u00b0 Une Friction (synergie d\u2019huiles essentielles) Respiration de Vie Ar\u00f4me  \u00b0 Une Friction (synergie d\u2019huiles essentielles) Digestion de Vie Ar\u00f4me  \u00b0 Une Huile Corps \u00c9l\u00e9ment M\u00e9tal de Vie Ar\u00f4me  \u00b0 Un Peignoir Mandala How To Spa x Le Comptoir de Bambou   &nbsp;\" \/>\n<meta property=\"og:url\" content=\"https:\/\/howtospa.com\/produit\/spa-automnal\/\" \/>\n<meta property=\"og:site_name\" content=\"HowToSpa - How to create your relaxation\" \/>\n<meta property=\"article:modified_time\" content=\"2024-10-24T12:15:59+00:00\" \/>\n<meta property=\"og:image\" content=\"https:\/\/howtospa.com\/wp-content\/uploads\/2023\/09\/Kit-Spa-Automnal-site.jpg\" \/>\n\t<meta property=\"og:image:width\" content=\"1688\" \/>\n\t<meta property=\"og:image:height\" content=\"1125\" \/>\n\t<meta property=\"og:image:type\" content=\"image\/jpeg\" \/>\n<meta name=\"twitter:card\" content=\"summary_large_image\" \/>\n<script type=\"application\/ld+json\" class=\"yoast-schema-graph\">{\"@context\":\"https:\/\/schema.org\",\"@graph\":[{\"@type\":\"WebPage\",\"@id\":\"https:\/\/howtospa.com\/produit\/spa-automnal\/\",\"url\":\"https:\/\/howtospa.com\/produit\/spa-automnal\/\",\"name\":\"SPA AUTOMNAL - HowToSpa - How to create your relaxation\",\"isPartOf\":{\"@id\":\"https:\/\/howtospa.com\/#website\"},\"datePublished\":\"2023-09-14T03:29:03+00:00\",\"dateModified\":\"2024-10-24T12:15:59+00:00\",\"breadcrumb\":{\"@id\":\"https:\/\/howtospa.com\/produit\/spa-automnal\/#breadcrumb\"},\"inLanguage\":\"en-US\",\"potentialAction\":[{\"@type\":\"ReadAction\",\"target\":[\"https:\/\/howtospa.com\/produit\/spa-automnal\/\"]}]},{\"@type\":\"BreadcrumbList\",\"@id\":\"https:\/\/howtospa.com\/produit\/spa-automnal\/#breadcrumb\",\"itemListElement\":[{\"@type\":\"ListItem\",\"position\":1,\"name\":\"Home\",\"item\":\"https:\/\/howtospa.com\/en\/\"},{\"@type\":\"ListItem\",\"position\":2,\"name\":\"Produits\",\"item\":\"https:\/\/howtospa.com\/shop\/\"},{\"@type\":\"ListItem\",\"position\":3,\"name\":\"SPA AUTOMNAL\"}]},{\"@type\":\"WebSite\",\"@id\":\"https:\/\/howtospa.com\/#website\",\"url\":\"https:\/\/howtospa.com\/\",\"name\":\"HowToSpa -How to vreate your relaxation\",\"description\":\"Kits, programmes et tutoriels de relaxation, auto-massage et bien-\u00eatre chez soi, au bureau ou dans les transports.\",\"publisher\":{\"@id\":\"https:\/\/howtospa.com\/#organization\"},\"potentialAction\":[{\"@type\":\"SearchAction\",\"target\":{\"@type\":\"EntryPoint\",\"urlTemplate\":\"https:\/\/howtospa.com\/?s={search_term_string}\"},\"query-input\":\"required name=search_term_string\"}],\"inLanguage\":\"en-US\"},{\"@type\":\"Organization\",\"@id\":\"https:\/\/howtospa.com\/#organization\",\"name\":\"HowToSpa -How to vreate your relaxation\",\"url\":\"https:\/\/howtospa.com\/\",\"logo\":{\"@type\":\"ImageObject\",\"inLanguage\":\"en-US\",\"@id\":\"https:\/\/howtospa.com\/#\/schema\/logo\/image\/\",\"url\":\"https:\/\/howtospa.com\/wp-content\/uploads\/2021\/05\/logo-new-site-2.png\",\"contentUrl\":\"https:\/\/howtospa.com\/wp-content\/uploads\/2021\/05\/logo-new-site-2.png\",\"width\":953,\"height\":332,\"caption\":\"HowToSpa -How to vreate your relaxation\"},\"image\":{\"@id\":\"https:\/\/howtospa.com\/#\/schema\/logo\/image\/\"},\"sameAs\":[\"https:\/\/www.pinterest.fr\/howtospa\"]}]}<\/script>\n<!-- \/ Yoast SEO plugin. -->","yoast_head_json":{"title":"SPA AUTOMNAL - HowToSpa - How to create your relaxation","robots":{"index":"index","follow":"follow","max-snippet":"max-snippet:-1","max-image-preview":"max-image-preview:large","max-video-preview":"max-video-preview:-1"},"canonical":"https:\/\/howtospa.com\/produit\/spa-automnal\/","og_locale":"en_US","og_type":"article","og_title":"SPA AUTOMNAL - HowToSpa - How to create your relaxation","og_description":"(valeur r\u00e9elle 149,5 \u20ac)   &nbsp;   Ce Kit contient   Un Tote Bag How To Spa x Ninisea  Un Tutoriel de Relaxation  La s\u00e9lection de nos experts:  \u00b0 Un Parfum d\u2019Int\u00e9rieur Automne de Vie Ar\u00f4me  \u00b0 Une Friction (synergie d\u2019huiles essentielles) Respiration de Vie Ar\u00f4me  \u00b0 Une Friction (synergie d\u2019huiles essentielles) Digestion de Vie Ar\u00f4me  \u00b0 Une Huile Corps \u00c9l\u00e9ment M\u00e9tal de Vie Ar\u00f4me  \u00b0 Un Peignoir Mandala How To Spa x Le Comptoir de Bambou   &nbsp;","og_url":"https:\/\/howtospa.com\/produit\/spa-automnal\/","og_site_name":"HowToSpa - How to create your relaxation","article_modified_time":"2024-10-24T12:15:59+00:00","og_image":[{"width":1688,"height":1125,"url":"https:\/\/howtospa.com\/wp-content\/uploads\/2023\/09\/Kit-Spa-Automnal-site.jpg","type":"image\/jpeg"}],"twitter_card":"summary_large_image","schema":{"@context":"https:\/\/schema.org","@graph":[{"@type":"WebPage","@id":"https:\/\/howtospa.com\/produit\/spa-automnal\/","url":"https:\/\/howtospa.com\/produit\/spa-automnal\/","name":"SPA AUTOMNAL - HowToSpa - How to create your relaxation","isPartOf":{"@id":"https:\/\/howtospa.com\/#website"},"datePublished":"2023-09-14T03:29:03+00:00","dateModified":"2024-10-24T12:15:59+00:00","breadcrumb":{"@id":"https:\/\/howtospa.com\/produit\/spa-automnal\/#breadcrumb"},"inLanguage":"en-US","potentialAction":[{"@type":"ReadAction","target":["https:\/\/howtospa.com\/produit\/spa-automnal\/"]}]},{"@type":"BreadcrumbList","@id":"https:\/\/howtospa.com\/produit\/spa-automnal\/#breadcrumb","itemListElement":[{"@type":"ListItem","position":1,"name":"Home","item":"https:\/\/howtospa.com\/en\/"},{"@type":"ListItem","position":2,"name":"Produits","item":"https:\/\/howtospa.com\/shop\/"},{"@type":"ListItem","position":3,"name":"SPA AUTOMNAL"}]},{"@type":"WebSite","@id":"https:\/\/howtospa.com\/#website","url":"https:\/\/howtospa.com\/","name":"HowToSpa -How to vreate your relaxation","description":"Kits, programmes et tutoriels de relaxation, auto-massage et bien-\u00eatre chez soi, au bureau ou dans les transports.","publisher":{"@id":"https:\/\/howtospa.com\/#organization"},"potentialAction":[{"@type":"SearchAction","target":{"@type":"EntryPoint","urlTemplate":"https:\/\/howtospa.com\/?s={search_term_string}"},"query-input":"required name=search_term_string"}],"inLanguage":"en-US"},{"@type":"Organization","@id":"https:\/\/howtospa.com\/#organization","name":"HowToSpa -How to vreate your relaxation","url":"https:\/\/howtospa.com\/","logo":{"@type":"ImageObject","inLanguage":"en-US","@id":"https:\/\/howtospa.com\/#\/schema\/logo\/image\/","url":"https:\/\/howtospa.com\/wp-content\/uploads\/2021\/05\/logo-new-site-2.png","contentUrl":"https:\/\/howtospa.com\/wp-content\/uploads\/2021\/05\/logo-new-site-2.png","width":953,"height":332,"caption":"HowToSpa -How to vreate your relaxation"},"image":{"@id":"https:\/\/howtospa.com\/#\/schema\/logo\/image\/"},"sameAs":["https:\/\/www.pinterest.fr\/howtospa"]}]}},"_links":{"self":[{"href":"https:\/\/howtospa.com\/en\/wp-json\/wp\/v2\/product\/30751"}],"collection":[{"href":"https:\/\/howtospa.com\/en\/wp-json\/wp\/v2\/product"}],"about":[{"href":"https:\/\/howtospa.com\/en\/wp-json\/wp\/v2\/types\/product"}],"wp:featuredmedia":[{"embeddable":true,"href":"https:\/\/howtospa.com\/en\/wp-json\/wp\/v2\/media\/30740"}],"wp:attachment":[{"href":"https:\/\/howtospa.com\/en\/wp-json\/wp\/v2\/media?parent=30751"}],"wp:term":[{"taxonomy":"product_cat","embeddable":true,"href":"https:\/\/howtospa.com\/en\/wp-json\/wp\/v2\/product_cat?post=30751"},{"taxonomy":"product_tag","embeddable":true,"href":"https:\/\/howtospa.com\/en\/wp-json\/wp\/v2\/product_tag?post=30751"}],"curies":[{"name":"wp","href":"https:\/\/api.w.org\/{rel}","templated":true}]}}