{"id":30942,"date":"2023-11-16T19:07:23","date_gmt":"2023-11-16T18:07:23","guid":{"rendered":"https:\/\/howtospa.com\/?post_type=product&#038;p=30942"},"modified":"2025-05-09T01:26:50","modified_gmt":"2025-05-08T23:26:50","slug":"huile-de-soin-visage-on-the-wild-side-2","status":"publish","type":"product","link":"https:\/\/howtospa.com\/en\/produit\/huile-de-soin-visage-on-the-wild-side-2\/","title":{"rendered":"Huile de Soin Visage On The Wild Side"},"content":{"rendered":"","protected":false},"excerpt":{"rendered":"<div id=\"e-1595933465094\" class=\"element-wrap\" data-label=\"Text Block\" data-icon=\"gpicon-textblock\" data-ver=\"1\" data-id=\"1595933465094\">\n<div class=\"elm text-edit gf-elm-left gf-elm-left-md gf-elm-left-sm gf_gs-text-paragraph-1 gf-elm-left-lg gf-elm-left-xs\" spellcheck=\"false\" data-gemlang=\"en\" data-exc=\"\" data-mci-spellchecked=\"true\">\n<p>L&#8217;Huile Visage On the Wild Side, originalement dans notre Kit Zen Mama, convient \u00e0 tous les types de peau. Son secret : un m\u00e9lange de 9 huiles v\u00e9g\u00e9tales et 2 plantes sauvages qui r\u00e9g\u00e9n\u00e8rent, repulpent et affinent le grain de peau, sans fini gras:<\/p>\n<p>\u2013 Huile de prune,\u00a0huile de tournesol\u00a0et\u00a0huile d\u2019abricot\u00a0qui adoucissent et nourrissent<\/p>\n<p>\u2013 Huile de p\u00e9pins de raisin,\u00a0huile d\u2019olive\u00a0et\u00a0huile de graine\u00a0de lin\u00a0qui pr\u00e9viennent le vieillissement cutan\u00e9<\/p>\n<p>\u2013 Huile d\u2019amande douce\u00a0et\u00a0huile de bourrache\u00a0qui apaisent et prot\u00e8gent<\/p>\n<p>\u2013 Huile de noisette\u00a0qui r\u00e9gule le s\u00e9bum<\/p>\n<p>Deux actifs issus de plantes sauvages : le bourgeon de h\u00eatre et la s\u00e8ve de bouleau.\u00a0En synergie, ces deux actifs permettent :<\/p>\n<p>\u2013 L\u2019am\u00e9lioration de la r\u00e9g\u00e9n\u00e9ration cellulaire<\/p>\n<p>\u2013 Le renforcement de la fonction barri\u00e8re de la peau<\/p>\n<p>\u2013 Le ralentissement du processus de stress oxydatif<\/p>\n<p>&nbsp;<\/p>\n<p>L&#8217;huile de soin est 100% d&#8217;origine naturelle et certifi\u00e9e Bio Ecocert<\/p>\n<\/div>\n<\/div>\n<div id=\"e-1689018188572\" class=\"element-wrap\" data-label=\"Text Block\" data-icon=\"gpicon-textblock\" data-ver=\"1\" data-id=\"1689018188572\">\n<div class=\"elm text-edit gf-elm-left gf-elm-left-md gf-elm-left-sm gf_gs-text-paragraph-1 gf-elm-left-xs gf-elm-left-lg\" spellcheck=\"false\" data-gemlang=\"en\" data-exc=\"\" data-mci-spellchecked=\"true\">\n<p>Flacon 15 ml<\/p>\n<p>Un parfum naturel et d\u00e9licat d\u2019amande douce et de prune<\/p>\n<\/div>\n<\/div>\n<div class=\"gf-il-content item-content\" data-index=\"2\" data-key=\"content1\">\n<div id=\"e-1689018053344\" class=\"element-wrap\" data-label=\"Text Block\" data-id=\"1689018053344\" data-icon=\"gpicon-textblock\" data-ver=\"1\">\n<div class=\"elm text-edit gf-elm-left gf_gs_ct gf-elm-left-sm gf-elm-left-xs gf-elm-left-lg gf-elm-left-md\" lang=\"merciapp\" spellcheck=\"false\" data-mci-spellchecked=\"true\" data-exc=\"\">\n<p>Fabrication 100% fran\u00e7aise<\/p>\n<\/div>\n<\/div>\n<\/div>\n<div id=\"e-1689017936401-5\" class=\"element-wrap\" data-label=\"Icon\" data-ver=\"2\" data-id=\"1689017936401-5\">\n<div class=\"elm gf-elm-center gf-elm-center-lg gf-elm-center-md gf-elm-center-sm gf-elm-center-xs\" data-exc=\"\">\n<div class=\"gf_icon-wrap\">\n<div class=\"elm text-edit gf-elm-left gf_gs_ct gf-elm-left-sm gf-elm-left-xs gf-elm-left-lg gf-elm-left-md\" lang=\"merciapp\" spellcheck=\"false\" data-mci-spellchecked=\"true\" data-exc=\"\">\n<p>\u00c9tui en carton FSC : pour un arbre coup\u00e9, un arbre replant\u00e9<\/p>\n<\/div>\n<\/div>\n<\/div>\n<\/div>\n","protected":false},"featured_media":28438,"template":"","meta":{"_ppp_document_settings_meta":""},"product_cat":[448,210],"product_tag":[],"composite_layout":"","composite_add_to_cart_form_location":"","composite_editable_in_cart":false,"composite_sold_individually_context":"","composite_shop_price_calc":"","composite_components":[],"composite_scenarios":[],"yoast_head":"<!-- This site is optimized with the Yoast SEO plugin v20.9 - https:\/\/yoast.com\/wordpress\/plugins\/seo\/ -->\n<title>Huile de Soin Visage On The Wild Side - HowToSpa - How to create your relaxation<\/title>\n<meta name=\"description\" content=\"L&#039;Huile Visage On the Wild Side, originalement dans notre Kit Zen Mama, convient \u00e0 tous les types de peau. Son secret : un m\u00e9lange de 9 huiles v\u00e9g\u00e9tales et 2 plantes sauvages qui r\u00e9g\u00e9n\u00e8rent, repulpent et affinent le grain de peau, sans fini gras:\" \/>\n<meta name=\"robots\" content=\"index, follow, max-snippet:-1, max-image-preview:large, max-video-preview:-1\" \/>\n<link rel=\"canonical\" href=\"https:\/\/howtospa.com\/produit\/huile-de-soin-visage-on-the-wild-side-2\/\" \/>\n<meta property=\"og:locale\" content=\"en_US\" \/>\n<meta property=\"og:type\" content=\"article\" \/>\n<meta property=\"og:title\" content=\"Huile de Soin Visage On The Wild Side - HowToSpa - How to create your relaxation\" \/>\n<meta property=\"og:description\" content=\"L&#039;Huile Visage On the Wild Side, originalement dans notre Kit Zen Mama, convient \u00e0 tous les types de peau. Son secret : un m\u00e9lange de 9 huiles v\u00e9g\u00e9tales et 2 plantes sauvages qui r\u00e9g\u00e9n\u00e8rent, repulpent et affinent le grain de peau, sans fini gras:\" \/>\n<meta property=\"og:url\" content=\"https:\/\/howtospa.com\/produit\/huile-de-soin-visage-on-the-wild-side-2\/\" \/>\n<meta property=\"og:site_name\" content=\"HowToSpa - How to create your relaxation\" \/>\n<meta property=\"article:modified_time\" content=\"2025-05-08T23:26:50+00:00\" \/>\n<meta property=\"og:image\" content=\"https:\/\/howtospa.com\/wp-content\/uploads\/2021\/08\/sans-titre-3.jpg\" \/>\n\t<meta property=\"og:image:width\" content=\"1333\" \/>\n\t<meta property=\"og:image:height\" content=\"2000\" \/>\n\t<meta property=\"og:image:type\" content=\"image\/jpeg\" \/>\n<meta name=\"twitter:card\" content=\"summary_large_image\" \/>\n<script type=\"application\/ld+json\" class=\"yoast-schema-graph\">{\"@context\":\"https:\/\/schema.org\",\"@graph\":[{\"@type\":\"WebPage\",\"@id\":\"https:\/\/howtospa.com\/produit\/huile-de-soin-visage-on-the-wild-side-2\/\",\"url\":\"https:\/\/howtospa.com\/produit\/huile-de-soin-visage-on-the-wild-side-2\/\",\"name\":\"Huile de Soin Visage On The Wild Side - HowToSpa - How to create your relaxation\",\"isPartOf\":{\"@id\":\"https:\/\/howtospa.com\/#website\"},\"datePublished\":\"2023-11-16T18:07:23+00:00\",\"dateModified\":\"2025-05-08T23:26:50+00:00\",\"description\":\"L'Huile Visage On the Wild Side, originalement dans notre Kit Zen Mama, convient \u00e0 tous les types de peau. Son secret : un m\u00e9lange de 9 huiles v\u00e9g\u00e9tales et 2 plantes sauvages qui r\u00e9g\u00e9n\u00e8rent, repulpent et affinent le grain de peau, sans fini gras:\",\"breadcrumb\":{\"@id\":\"https:\/\/howtospa.com\/produit\/huile-de-soin-visage-on-the-wild-side-2\/#breadcrumb\"},\"inLanguage\":\"en-US\",\"potentialAction\":[{\"@type\":\"ReadAction\",\"target\":[\"https:\/\/howtospa.com\/produit\/huile-de-soin-visage-on-the-wild-side-2\/\"]}]},{\"@type\":\"BreadcrumbList\",\"@id\":\"https:\/\/howtospa.com\/produit\/huile-de-soin-visage-on-the-wild-side-2\/#breadcrumb\",\"itemListElement\":[{\"@type\":\"ListItem\",\"position\":1,\"name\":\"Home\",\"item\":\"https:\/\/howtospa.com\/en\/\"},{\"@type\":\"ListItem\",\"position\":2,\"name\":\"Produits\",\"item\":\"https:\/\/howtospa.com\/shop\/\"},{\"@type\":\"ListItem\",\"position\":3,\"name\":\"Huile de Soin Visage On The Wild Side\"}]},{\"@type\":\"WebSite\",\"@id\":\"https:\/\/howtospa.com\/#website\",\"url\":\"https:\/\/howtospa.com\/\",\"name\":\"HowToSpa -How to vreate your relaxation\",\"description\":\"Kits, programmes et tutoriels de relaxation, auto-massage et bien-\u00eatre chez soi, au bureau ou dans les transports.\",\"publisher\":{\"@id\":\"https:\/\/howtospa.com\/#organization\"},\"potentialAction\":[{\"@type\":\"SearchAction\",\"target\":{\"@type\":\"EntryPoint\",\"urlTemplate\":\"https:\/\/howtospa.com\/?s={search_term_string}\"},\"query-input\":\"required name=search_term_string\"}],\"inLanguage\":\"en-US\"},{\"@type\":\"Organization\",\"@id\":\"https:\/\/howtospa.com\/#organization\",\"name\":\"HowToSpa -How to vreate your relaxation\",\"url\":\"https:\/\/howtospa.com\/\",\"logo\":{\"@type\":\"ImageObject\",\"inLanguage\":\"en-US\",\"@id\":\"https:\/\/howtospa.com\/#\/schema\/logo\/image\/\",\"url\":\"https:\/\/howtospa.com\/wp-content\/uploads\/2021\/05\/logo-new-site-2.png\",\"contentUrl\":\"https:\/\/howtospa.com\/wp-content\/uploads\/2021\/05\/logo-new-site-2.png\",\"width\":953,\"height\":332,\"caption\":\"HowToSpa -How to vreate your relaxation\"},\"image\":{\"@id\":\"https:\/\/howtospa.com\/#\/schema\/logo\/image\/\"},\"sameAs\":[\"https:\/\/www.pinterest.fr\/howtospa\"]}]}<\/script>\n<!-- \/ Yoast SEO plugin. -->","yoast_head_json":{"title":"Huile de Soin Visage On The Wild Side - HowToSpa - How to create your relaxation","description":"L'Huile Visage On the Wild Side, originalement dans notre Kit Zen Mama, convient \u00e0 tous les types de peau. Son secret : un m\u00e9lange de 9 huiles v\u00e9g\u00e9tales et 2 plantes sauvages qui r\u00e9g\u00e9n\u00e8rent, repulpent et affinent le grain de peau, sans fini gras:","robots":{"index":"index","follow":"follow","max-snippet":"max-snippet:-1","max-image-preview":"max-image-preview:large","max-video-preview":"max-video-preview:-1"},"canonical":"https:\/\/howtospa.com\/produit\/huile-de-soin-visage-on-the-wild-side-2\/","og_locale":"en_US","og_type":"article","og_title":"Huile de Soin Visage On The Wild Side - HowToSpa - How to create your relaxation","og_description":"L'Huile Visage On the Wild Side, originalement dans notre Kit Zen Mama, convient \u00e0 tous les types de peau. Son secret : un m\u00e9lange de 9 huiles v\u00e9g\u00e9tales et 2 plantes sauvages qui r\u00e9g\u00e9n\u00e8rent, repulpent et affinent le grain de peau, sans fini gras:","og_url":"https:\/\/howtospa.com\/produit\/huile-de-soin-visage-on-the-wild-side-2\/","og_site_name":"HowToSpa - How to create your relaxation","article_modified_time":"2025-05-08T23:26:50+00:00","og_image":[{"width":1333,"height":2000,"url":"https:\/\/howtospa.com\/wp-content\/uploads\/2021\/08\/sans-titre-3.jpg","type":"image\/jpeg"}],"twitter_card":"summary_large_image","schema":{"@context":"https:\/\/schema.org","@graph":[{"@type":"WebPage","@id":"https:\/\/howtospa.com\/produit\/huile-de-soin-visage-on-the-wild-side-2\/","url":"https:\/\/howtospa.com\/produit\/huile-de-soin-visage-on-the-wild-side-2\/","name":"Huile de Soin Visage On The Wild Side - HowToSpa - How to create your relaxation","isPartOf":{"@id":"https:\/\/howtospa.com\/#website"},"datePublished":"2023-11-16T18:07:23+00:00","dateModified":"2025-05-08T23:26:50+00:00","description":"L'Huile Visage On the Wild Side, originalement dans notre Kit Zen Mama, convient \u00e0 tous les types de peau. Son secret : un m\u00e9lange de 9 huiles v\u00e9g\u00e9tales et 2 plantes sauvages qui r\u00e9g\u00e9n\u00e8rent, repulpent et affinent le grain de peau, sans fini gras:","breadcrumb":{"@id":"https:\/\/howtospa.com\/produit\/huile-de-soin-visage-on-the-wild-side-2\/#breadcrumb"},"inLanguage":"en-US","potentialAction":[{"@type":"ReadAction","target":["https:\/\/howtospa.com\/produit\/huile-de-soin-visage-on-the-wild-side-2\/"]}]},{"@type":"BreadcrumbList","@id":"https:\/\/howtospa.com\/produit\/huile-de-soin-visage-on-the-wild-side-2\/#breadcrumb","itemListElement":[{"@type":"ListItem","position":1,"name":"Home","item":"https:\/\/howtospa.com\/en\/"},{"@type":"ListItem","position":2,"name":"Produits","item":"https:\/\/howtospa.com\/shop\/"},{"@type":"ListItem","position":3,"name":"Huile de Soin Visage On The Wild Side"}]},{"@type":"WebSite","@id":"https:\/\/howtospa.com\/#website","url":"https:\/\/howtospa.com\/","name":"HowToSpa -How to vreate your relaxation","description":"Kits, programmes et tutoriels de relaxation, auto-massage et bien-\u00eatre chez soi, au bureau ou dans les transports.","publisher":{"@id":"https:\/\/howtospa.com\/#organization"},"potentialAction":[{"@type":"SearchAction","target":{"@type":"EntryPoint","urlTemplate":"https:\/\/howtospa.com\/?s={search_term_string}"},"query-input":"required name=search_term_string"}],"inLanguage":"en-US"},{"@type":"Organization","@id":"https:\/\/howtospa.com\/#organization","name":"HowToSpa -How to vreate your relaxation","url":"https:\/\/howtospa.com\/","logo":{"@type":"ImageObject","inLanguage":"en-US","@id":"https:\/\/howtospa.com\/#\/schema\/logo\/image\/","url":"https:\/\/howtospa.com\/wp-content\/uploads\/2021\/05\/logo-new-site-2.png","contentUrl":"https:\/\/howtospa.com\/wp-content\/uploads\/2021\/05\/logo-new-site-2.png","width":953,"height":332,"caption":"HowToSpa -How to vreate your relaxation"},"image":{"@id":"https:\/\/howtospa.com\/#\/schema\/logo\/image\/"},"sameAs":["https:\/\/www.pinterest.fr\/howtospa"]}]}},"_links":{"self":[{"href":"https:\/\/howtospa.com\/en\/wp-json\/wp\/v2\/product\/30942"}],"collection":[{"href":"https:\/\/howtospa.com\/en\/wp-json\/wp\/v2\/product"}],"about":[{"href":"https:\/\/howtospa.com\/en\/wp-json\/wp\/v2\/types\/product"}],"wp:featuredmedia":[{"embeddable":true,"href":"https:\/\/howtospa.com\/en\/wp-json\/wp\/v2\/media\/28438"}],"wp:attachment":[{"href":"https:\/\/howtospa.com\/en\/wp-json\/wp\/v2\/media?parent=30942"}],"wp:term":[{"taxonomy":"product_cat","embeddable":true,"href":"https:\/\/howtospa.com\/en\/wp-json\/wp\/v2\/product_cat?post=30942"},{"taxonomy":"product_tag","embeddable":true,"href":"https:\/\/howtospa.com\/en\/wp-json\/wp\/v2\/product_tag?post=30942"}],"curies":[{"name":"wp","href":"https:\/\/api.w.org\/{rel}","templated":true}]}}