{"id":30944,"date":"2023-11-16T21:08:53","date_gmt":"2023-11-16T20:08:53","guid":{"rendered":"https:\/\/howtospa.com\/?post_type=product&#038;p=30944"},"modified":"2024-11-19T03:56:55","modified_gmt":"2024-11-19T02:56:55","slug":"bougie-la-sacree-de-mintpantari-2","status":"publish","type":"product","link":"https:\/\/howtospa.com\/en\/produit\/bougie-la-sacree-de-mintpantari-2\/","title":{"rendered":"Bougie La Sacr\u00e9e de MintPantari"},"content":{"rendered":"","protected":false},"excerpt":{"rendered":"<p>La bougie La Sacr\u00e9e de Mint Pantari, originalement dans notre Kit Zen Mama, vous emm\u00e8nera dans des senteurs envo\u00fbtantes avec son parfum au bois de Ga\u00efac <em>(Notes : Bois\u00e9es \u2219 Ambr\u00e9es \u2219 Santal). <\/em>Une bougie \u00e0 la cire v\u00e9g\u00e9tale de soja, agr\u00e9ablement parfum\u00e9e, coul\u00e9e dans son joli pot en verre et li\u00e8ge 100% naturel<\/p>\n<p>&nbsp;<\/p>\n<p>Combustion : 30h environ (vendue \u00e0 l\u2019unit\u00e9)<\/p>\n<p>Poids moyen : 280g<\/p>\n<p>Dimensions : H. 9cm x Diam. 7cm<\/p>\n<p>Fabrication artisanale dans le Sud-Ouest<\/p>\n","protected":false},"featured_media":28430,"template":"","meta":{"_ppp_document_settings_meta":""},"product_cat":[450],"product_tag":[189],"composite_layout":"","composite_add_to_cart_form_location":"","composite_editable_in_cart":false,"composite_sold_individually_context":"","composite_shop_price_calc":"","composite_components":[],"composite_scenarios":[],"yoast_head":"<!-- This site is optimized with the Yoast SEO plugin v20.9 - https:\/\/yoast.com\/wordpress\/plugins\/seo\/ -->\n<title>Bougie La Sacr\u00e9e de MintPantari<\/title>\n<meta name=\"description\" content=\"La bougie La Sacr\u00e9e de Mint Pantari, originalement dans notre Kit Zen Mama, vous emm\u00e8nera dans des senteurs envo\u00fbtantes avec son parfum au bois de Ga\u00efac (Notes : Bois\u00e9es \u2219 Ambr\u00e9es \u2219 Santal). Une bougie \u00e0 la cire v\u00e9g\u00e9tale de soja, agr\u00e9ablement parfum\u00e9e, coul\u00e9e dans son joli pot en verre et li\u00e8ge 100% nature\" \/>\n<meta name=\"robots\" content=\"index, follow, max-snippet:-1, max-image-preview:large, max-video-preview:-1\" \/>\n<link rel=\"canonical\" href=\"https:\/\/howtospa.com\/produit\/bougie-la-sacree-de-mintpantari-2\/\" \/>\n<meta property=\"og:locale\" content=\"en_US\" \/>\n<meta property=\"og:type\" content=\"article\" \/>\n<meta property=\"og:title\" content=\"Bougie La Sacr\u00e9e de MintPantari\" \/>\n<meta property=\"og:description\" content=\"La bougie La Sacr\u00e9e de Mint Pantari, originalement dans notre Kit Zen Mama, vous emm\u00e8nera dans des senteurs envo\u00fbtantes avec son parfum au bois de Ga\u00efac (Notes : Bois\u00e9es \u2219 Ambr\u00e9es \u2219 Santal). Une bougie \u00e0 la cire v\u00e9g\u00e9tale de soja, agr\u00e9ablement parfum\u00e9e, coul\u00e9e dans son joli pot en verre et li\u00e8ge 100% nature\" \/>\n<meta property=\"og:url\" content=\"https:\/\/howtospa.com\/produit\/bougie-la-sacree-de-mintpantari-2\/\" \/>\n<meta property=\"og:site_name\" content=\"HowToSpa - How to create your relaxation\" \/>\n<meta property=\"article:modified_time\" content=\"2024-11-19T02:56:55+00:00\" \/>\n<meta property=\"og:image\" content=\"https:\/\/howtospa.com\/wp-content\/uploads\/2021\/08\/IMG_4445.jpg\" \/>\n\t<meta property=\"og:image:width\" content=\"1333\" \/>\n\t<meta property=\"og:image:height\" content=\"2000\" \/>\n\t<meta property=\"og:image:type\" content=\"image\/jpeg\" \/>\n<meta name=\"twitter:card\" content=\"summary_large_image\" \/>\n<script type=\"application\/ld+json\" class=\"yoast-schema-graph\">{\"@context\":\"https:\/\/schema.org\",\"@graph\":[{\"@type\":\"WebPage\",\"@id\":\"https:\/\/howtospa.com\/produit\/bougie-la-sacree-de-mintpantari-2\/\",\"url\":\"https:\/\/howtospa.com\/produit\/bougie-la-sacree-de-mintpantari-2\/\",\"name\":\"Bougie La Sacr\u00e9e de MintPantari\",\"isPartOf\":{\"@id\":\"https:\/\/howtospa.com\/#website\"},\"datePublished\":\"2023-11-16T20:08:53+00:00\",\"dateModified\":\"2024-11-19T02:56:55+00:00\",\"description\":\"La bougie La Sacr\u00e9e de Mint Pantari, originalement dans notre Kit Zen Mama, vous emm\u00e8nera dans des senteurs envo\u00fbtantes avec son parfum au bois de Ga\u00efac (Notes : Bois\u00e9es \u2219 Ambr\u00e9es \u2219 Santal). Une bougie \u00e0 la cire v\u00e9g\u00e9tale de soja, agr\u00e9ablement parfum\u00e9e, coul\u00e9e dans son joli pot en verre et li\u00e8ge 100% nature\",\"breadcrumb\":{\"@id\":\"https:\/\/howtospa.com\/produit\/bougie-la-sacree-de-mintpantari-2\/#breadcrumb\"},\"inLanguage\":\"en-US\",\"potentialAction\":[{\"@type\":\"ReadAction\",\"target\":[\"https:\/\/howtospa.com\/produit\/bougie-la-sacree-de-mintpantari-2\/\"]}]},{\"@type\":\"BreadcrumbList\",\"@id\":\"https:\/\/howtospa.com\/produit\/bougie-la-sacree-de-mintpantari-2\/#breadcrumb\",\"itemListElement\":[{\"@type\":\"ListItem\",\"position\":1,\"name\":\"Home\",\"item\":\"https:\/\/howtospa.com\/en\/\"},{\"@type\":\"ListItem\",\"position\":2,\"name\":\"Produits\",\"item\":\"https:\/\/howtospa.com\/shop\/\"},{\"@type\":\"ListItem\",\"position\":3,\"name\":\"Bougie La Sacr\u00e9e de MintPantari\"}]},{\"@type\":\"WebSite\",\"@id\":\"https:\/\/howtospa.com\/#website\",\"url\":\"https:\/\/howtospa.com\/\",\"name\":\"HowToSpa -How to vreate your relaxation\",\"description\":\"Kits, programmes et tutoriels de relaxation, auto-massage et bien-\u00eatre chez soi, au bureau ou dans les transports.\",\"publisher\":{\"@id\":\"https:\/\/howtospa.com\/#organization\"},\"potentialAction\":[{\"@type\":\"SearchAction\",\"target\":{\"@type\":\"EntryPoint\",\"urlTemplate\":\"https:\/\/howtospa.com\/?s={search_term_string}\"},\"query-input\":\"required name=search_term_string\"}],\"inLanguage\":\"en-US\"},{\"@type\":\"Organization\",\"@id\":\"https:\/\/howtospa.com\/#organization\",\"name\":\"HowToSpa -How to vreate your relaxation\",\"url\":\"https:\/\/howtospa.com\/\",\"logo\":{\"@type\":\"ImageObject\",\"inLanguage\":\"en-US\",\"@id\":\"https:\/\/howtospa.com\/#\/schema\/logo\/image\/\",\"url\":\"https:\/\/howtospa.com\/wp-content\/uploads\/2021\/05\/logo-new-site-2.png\",\"contentUrl\":\"https:\/\/howtospa.com\/wp-content\/uploads\/2021\/05\/logo-new-site-2.png\",\"width\":953,\"height\":332,\"caption\":\"HowToSpa -How to vreate your relaxation\"},\"image\":{\"@id\":\"https:\/\/howtospa.com\/#\/schema\/logo\/image\/\"},\"sameAs\":[\"https:\/\/www.pinterest.fr\/howtospa\"]}]}<\/script>\n<!-- \/ Yoast SEO plugin. -->","yoast_head_json":{"title":"Bougie La Sacr\u00e9e de MintPantari","description":"La bougie La Sacr\u00e9e de Mint Pantari, originalement dans notre Kit Zen Mama, vous emm\u00e8nera dans des senteurs envo\u00fbtantes avec son parfum au bois de Ga\u00efac (Notes : Bois\u00e9es \u2219 Ambr\u00e9es \u2219 Santal). Une bougie \u00e0 la cire v\u00e9g\u00e9tale de soja, agr\u00e9ablement parfum\u00e9e, coul\u00e9e dans son joli pot en verre et li\u00e8ge 100% nature","robots":{"index":"index","follow":"follow","max-snippet":"max-snippet:-1","max-image-preview":"max-image-preview:large","max-video-preview":"max-video-preview:-1"},"canonical":"https:\/\/howtospa.com\/produit\/bougie-la-sacree-de-mintpantari-2\/","og_locale":"en_US","og_type":"article","og_title":"Bougie La Sacr\u00e9e de MintPantari","og_description":"La bougie La Sacr\u00e9e de Mint Pantari, originalement dans notre Kit Zen Mama, vous emm\u00e8nera dans des senteurs envo\u00fbtantes avec son parfum au bois de Ga\u00efac (Notes : Bois\u00e9es \u2219 Ambr\u00e9es \u2219 Santal). Une bougie \u00e0 la cire v\u00e9g\u00e9tale de soja, agr\u00e9ablement parfum\u00e9e, coul\u00e9e dans son joli pot en verre et li\u00e8ge 100% nature","og_url":"https:\/\/howtospa.com\/produit\/bougie-la-sacree-de-mintpantari-2\/","og_site_name":"HowToSpa - How to create your relaxation","article_modified_time":"2024-11-19T02:56:55+00:00","og_image":[{"width":1333,"height":2000,"url":"https:\/\/howtospa.com\/wp-content\/uploads\/2021\/08\/IMG_4445.jpg","type":"image\/jpeg"}],"twitter_card":"summary_large_image","schema":{"@context":"https:\/\/schema.org","@graph":[{"@type":"WebPage","@id":"https:\/\/howtospa.com\/produit\/bougie-la-sacree-de-mintpantari-2\/","url":"https:\/\/howtospa.com\/produit\/bougie-la-sacree-de-mintpantari-2\/","name":"Bougie La Sacr\u00e9e de MintPantari","isPartOf":{"@id":"https:\/\/howtospa.com\/#website"},"datePublished":"2023-11-16T20:08:53+00:00","dateModified":"2024-11-19T02:56:55+00:00","description":"La bougie La Sacr\u00e9e de Mint Pantari, originalement dans notre Kit Zen Mama, vous emm\u00e8nera dans des senteurs envo\u00fbtantes avec son parfum au bois de Ga\u00efac (Notes : Bois\u00e9es \u2219 Ambr\u00e9es \u2219 Santal). Une bougie \u00e0 la cire v\u00e9g\u00e9tale de soja, agr\u00e9ablement parfum\u00e9e, coul\u00e9e dans son joli pot en verre et li\u00e8ge 100% nature","breadcrumb":{"@id":"https:\/\/howtospa.com\/produit\/bougie-la-sacree-de-mintpantari-2\/#breadcrumb"},"inLanguage":"en-US","potentialAction":[{"@type":"ReadAction","target":["https:\/\/howtospa.com\/produit\/bougie-la-sacree-de-mintpantari-2\/"]}]},{"@type":"BreadcrumbList","@id":"https:\/\/howtospa.com\/produit\/bougie-la-sacree-de-mintpantari-2\/#breadcrumb","itemListElement":[{"@type":"ListItem","position":1,"name":"Home","item":"https:\/\/howtospa.com\/en\/"},{"@type":"ListItem","position":2,"name":"Produits","item":"https:\/\/howtospa.com\/shop\/"},{"@type":"ListItem","position":3,"name":"Bougie La Sacr\u00e9e de MintPantari"}]},{"@type":"WebSite","@id":"https:\/\/howtospa.com\/#website","url":"https:\/\/howtospa.com\/","name":"HowToSpa -How to vreate your relaxation","description":"Kits, programmes et tutoriels de relaxation, auto-massage et bien-\u00eatre chez soi, au bureau ou dans les transports.","publisher":{"@id":"https:\/\/howtospa.com\/#organization"},"potentialAction":[{"@type":"SearchAction","target":{"@type":"EntryPoint","urlTemplate":"https:\/\/howtospa.com\/?s={search_term_string}"},"query-input":"required name=search_term_string"}],"inLanguage":"en-US"},{"@type":"Organization","@id":"https:\/\/howtospa.com\/#organization","name":"HowToSpa -How to vreate your relaxation","url":"https:\/\/howtospa.com\/","logo":{"@type":"ImageObject","inLanguage":"en-US","@id":"https:\/\/howtospa.com\/#\/schema\/logo\/image\/","url":"https:\/\/howtospa.com\/wp-content\/uploads\/2021\/05\/logo-new-site-2.png","contentUrl":"https:\/\/howtospa.com\/wp-content\/uploads\/2021\/05\/logo-new-site-2.png","width":953,"height":332,"caption":"HowToSpa -How to vreate your relaxation"},"image":{"@id":"https:\/\/howtospa.com\/#\/schema\/logo\/image\/"},"sameAs":["https:\/\/www.pinterest.fr\/howtospa"]}]}},"_links":{"self":[{"href":"https:\/\/howtospa.com\/en\/wp-json\/wp\/v2\/product\/30944"}],"collection":[{"href":"https:\/\/howtospa.com\/en\/wp-json\/wp\/v2\/product"}],"about":[{"href":"https:\/\/howtospa.com\/en\/wp-json\/wp\/v2\/types\/product"}],"wp:featuredmedia":[{"embeddable":true,"href":"https:\/\/howtospa.com\/en\/wp-json\/wp\/v2\/media\/28430"}],"wp:attachment":[{"href":"https:\/\/howtospa.com\/en\/wp-json\/wp\/v2\/media?parent=30944"}],"wp:term":[{"taxonomy":"product_cat","embeddable":true,"href":"https:\/\/howtospa.com\/en\/wp-json\/wp\/v2\/product_cat?post=30944"},{"taxonomy":"product_tag","embeddable":true,"href":"https:\/\/howtospa.com\/en\/wp-json\/wp\/v2\/product_tag?post=30944"}],"curies":[{"name":"wp","href":"https:\/\/api.w.org\/{rel}","templated":true}]}}