{"id":30946,"date":"2023-11-16T21:47:34","date_gmt":"2023-11-16T20:47:34","guid":{"rendered":"https:\/\/howtospa.com\/?post_type=product&#038;p=30946"},"modified":"2024-12-20T16:57:19","modified_gmt":"2024-12-20T15:57:19","slug":"bougie-mon-evasion-de-nyssae","status":"publish","type":"product","link":"https:\/\/howtospa.com\/en\/produit\/bougie-mon-evasion-de-nyssae\/","title":{"rendered":"Bougie Mon Evasion de Nyssa\u00e9"},"content":{"rendered":"","protected":false},"excerpt":{"rendered":"<p>La bougie Mon Evasion de Nyssa\u00e9, originalement dans notre Kit Winter, vous apportera une ambiance apaisante \u00e0 n\u2019importe quelle pi\u00e8ce de votre maison. Gr\u00e2ce \u00e0 sa merveilleuse senteur de fleurs, vous vous sentirez imm\u00e9diatement dans un cocon de bien-\u00eatre !<\/p>\n<p>Avec un parfum \u00e0 la fois f\u00e9minin et d\u00e9licat, cette bougie naturelle est un v\u00e9ritable hommage \u00e0 toutes les femmes. Elle parfumera votre int\u00e9rieur en douceur et durablement. Vous prendrez plaisir \u00e0 sentir ce m\u00e9lange harmonieux de senteurs florales aux nuances fruit\u00e9es. Un c\u0153ur de tiar\u00e9, de muguet et d\u2019orchid\u00e9e aux notes de tonka qui s\u2019assemble \u00e0 de l\u2019ylang-ylang. Le tout est compl\u00e9t\u00e9 par des effluves de bergamote et d\u2019orange pour un r\u00e9sultat absolument enivrant\u00a0!<\/p>\n<p>Cette bougie v\u00e9g\u00e9tale est coul\u00e9e \u00e0 la main en France dans\u00a0 l&#8217;atelier Nyssa\u00e9 situ\u00e9 \u00e0 Aix-en-Provence. Elle est issue du savoir-faire s\u00e9culaire de nos ma\u00eetres artisans ciriers. La cire 100% v\u00e9g\u00e9tale est con\u00e7ue en France \u00e0 partir d\u2019huile d\u2019argan Nyssa\u00e9. La m\u00e8che quant \u00e0 elle est fabriqu\u00e9e en coton naturel. Garantie sans substances CMR (Canc\u00e9rig\u00e8nes, Mutag\u00e8nes et Reprotoxiques), cette bougie made in France est saine et s\u00fbre pour la sant\u00e9.<\/p>\n<p>&nbsp;<\/p>\n<p>&nbsp;<\/p>\n","protected":false},"featured_media":29855,"template":"","meta":{"_ppp_document_settings_meta":""},"product_cat":[450],"product_tag":[189],"composite_layout":"","composite_add_to_cart_form_location":"","composite_editable_in_cart":false,"composite_sold_individually_context":"","composite_shop_price_calc":"","composite_components":[],"composite_scenarios":[],"yoast_head":"<!-- This site is optimized with the Yoast SEO plugin v20.9 - https:\/\/yoast.com\/wordpress\/plugins\/seo\/ -->\n<title>Bougie Mon Evasion de Nyssa\u00e9<\/title>\n<meta name=\"description\" content=\"La bougie Mon Evasion de Nyssa\u00e9, originalement dans notre Kit Winter, vous apportera une ambiance apaisante \u00e0 n\u2019importe quelle pi\u00e8ce de votre maison. Gr\u00e2ce \u00e0 sa merveilleuse senteur de fleurs, vous vous sentirez imm\u00e9diatement dans un cocon de bien-\u00eatre !\" \/>\n<meta name=\"robots\" content=\"index, follow, max-snippet:-1, max-image-preview:large, max-video-preview:-1\" \/>\n<link rel=\"canonical\" href=\"https:\/\/howtospa.com\/produit\/bougie-mon-evasion-de-nyssae\/\" \/>\n<meta property=\"og:locale\" content=\"en_US\" \/>\n<meta property=\"og:type\" content=\"article\" \/>\n<meta property=\"og:title\" content=\"Bougie Mon Evasion de Nyssa\u00e9\" \/>\n<meta property=\"og:description\" content=\"La bougie Mon Evasion de Nyssa\u00e9, originalement dans notre Kit Winter, vous apportera une ambiance apaisante \u00e0 n\u2019importe quelle pi\u00e8ce de votre maison. Gr\u00e2ce \u00e0 sa merveilleuse senteur de fleurs, vous vous sentirez imm\u00e9diatement dans un cocon de bien-\u00eatre !\" \/>\n<meta property=\"og:url\" content=\"https:\/\/howtospa.com\/produit\/bougie-mon-evasion-de-nyssae\/\" \/>\n<meta property=\"og:site_name\" content=\"HowToSpa - How to create your relaxation\" \/>\n<meta property=\"article:modified_time\" content=\"2024-12-20T15:57:19+00:00\" \/>\n<meta property=\"og:image\" content=\"https:\/\/howtospa.com\/wp-content\/uploads\/2022\/11\/HTS2-scaled.jpg\" \/>\n\t<meta property=\"og:image:width\" content=\"2560\" \/>\n\t<meta property=\"og:image:height\" content=\"1707\" \/>\n\t<meta property=\"og:image:type\" content=\"image\/jpeg\" \/>\n<meta name=\"twitter:card\" content=\"summary_large_image\" \/>\n<script type=\"application\/ld+json\" class=\"yoast-schema-graph\">{\"@context\":\"https:\/\/schema.org\",\"@graph\":[{\"@type\":\"WebPage\",\"@id\":\"https:\/\/howtospa.com\/produit\/bougie-mon-evasion-de-nyssae\/\",\"url\":\"https:\/\/howtospa.com\/produit\/bougie-mon-evasion-de-nyssae\/\",\"name\":\"Bougie Mon Evasion de Nyssa\u00e9\",\"isPartOf\":{\"@id\":\"https:\/\/howtospa.com\/#website\"},\"datePublished\":\"2023-11-16T20:47:34+00:00\",\"dateModified\":\"2024-12-20T15:57:19+00:00\",\"description\":\"La bougie Mon Evasion de Nyssa\u00e9, originalement dans notre Kit Winter, vous apportera une ambiance apaisante \u00e0 n\u2019importe quelle pi\u00e8ce de votre maison. Gr\u00e2ce \u00e0 sa merveilleuse senteur de fleurs, vous vous sentirez imm\u00e9diatement dans un cocon de bien-\u00eatre !\",\"breadcrumb\":{\"@id\":\"https:\/\/howtospa.com\/produit\/bougie-mon-evasion-de-nyssae\/#breadcrumb\"},\"inLanguage\":\"en-US\",\"potentialAction\":[{\"@type\":\"ReadAction\",\"target\":[\"https:\/\/howtospa.com\/produit\/bougie-mon-evasion-de-nyssae\/\"]}]},{\"@type\":\"BreadcrumbList\",\"@id\":\"https:\/\/howtospa.com\/produit\/bougie-mon-evasion-de-nyssae\/#breadcrumb\",\"itemListElement\":[{\"@type\":\"ListItem\",\"position\":1,\"name\":\"Home\",\"item\":\"https:\/\/howtospa.com\/en\/\"},{\"@type\":\"ListItem\",\"position\":2,\"name\":\"Produits\",\"item\":\"https:\/\/howtospa.com\/shop\/\"},{\"@type\":\"ListItem\",\"position\":3,\"name\":\"Bougie Mon Evasion de Nyssa\u00e9\"}]},{\"@type\":\"WebSite\",\"@id\":\"https:\/\/howtospa.com\/#website\",\"url\":\"https:\/\/howtospa.com\/\",\"name\":\"HowToSpa -How to vreate your relaxation\",\"description\":\"Kits, programmes et tutoriels de relaxation, auto-massage et bien-\u00eatre chez soi, au bureau ou dans les transports.\",\"publisher\":{\"@id\":\"https:\/\/howtospa.com\/#organization\"},\"potentialAction\":[{\"@type\":\"SearchAction\",\"target\":{\"@type\":\"EntryPoint\",\"urlTemplate\":\"https:\/\/howtospa.com\/?s={search_term_string}\"},\"query-input\":\"required name=search_term_string\"}],\"inLanguage\":\"en-US\"},{\"@type\":\"Organization\",\"@id\":\"https:\/\/howtospa.com\/#organization\",\"name\":\"HowToSpa -How to vreate your relaxation\",\"url\":\"https:\/\/howtospa.com\/\",\"logo\":{\"@type\":\"ImageObject\",\"inLanguage\":\"en-US\",\"@id\":\"https:\/\/howtospa.com\/#\/schema\/logo\/image\/\",\"url\":\"https:\/\/howtospa.com\/wp-content\/uploads\/2021\/05\/logo-new-site-2.png\",\"contentUrl\":\"https:\/\/howtospa.com\/wp-content\/uploads\/2021\/05\/logo-new-site-2.png\",\"width\":953,\"height\":332,\"caption\":\"HowToSpa -How to vreate your relaxation\"},\"image\":{\"@id\":\"https:\/\/howtospa.com\/#\/schema\/logo\/image\/\"},\"sameAs\":[\"https:\/\/www.pinterest.fr\/howtospa\"]}]}<\/script>\n<!-- \/ Yoast SEO plugin. -->","yoast_head_json":{"title":"Bougie Mon Evasion de Nyssa\u00e9","description":"La bougie Mon Evasion de Nyssa\u00e9, originalement dans notre Kit Winter, vous apportera une ambiance apaisante \u00e0 n\u2019importe quelle pi\u00e8ce de votre maison. Gr\u00e2ce \u00e0 sa merveilleuse senteur de fleurs, vous vous sentirez imm\u00e9diatement dans un cocon de bien-\u00eatre !","robots":{"index":"index","follow":"follow","max-snippet":"max-snippet:-1","max-image-preview":"max-image-preview:large","max-video-preview":"max-video-preview:-1"},"canonical":"https:\/\/howtospa.com\/produit\/bougie-mon-evasion-de-nyssae\/","og_locale":"en_US","og_type":"article","og_title":"Bougie Mon Evasion de Nyssa\u00e9","og_description":"La bougie Mon Evasion de Nyssa\u00e9, originalement dans notre Kit Winter, vous apportera une ambiance apaisante \u00e0 n\u2019importe quelle pi\u00e8ce de votre maison. Gr\u00e2ce \u00e0 sa merveilleuse senteur de fleurs, vous vous sentirez imm\u00e9diatement dans un cocon de bien-\u00eatre !","og_url":"https:\/\/howtospa.com\/produit\/bougie-mon-evasion-de-nyssae\/","og_site_name":"HowToSpa - How to create your relaxation","article_modified_time":"2024-12-20T15:57:19+00:00","og_image":[{"width":2560,"height":1707,"url":"https:\/\/howtospa.com\/wp-content\/uploads\/2022\/11\/HTS2-scaled.jpg","type":"image\/jpeg"}],"twitter_card":"summary_large_image","schema":{"@context":"https:\/\/schema.org","@graph":[{"@type":"WebPage","@id":"https:\/\/howtospa.com\/produit\/bougie-mon-evasion-de-nyssae\/","url":"https:\/\/howtospa.com\/produit\/bougie-mon-evasion-de-nyssae\/","name":"Bougie Mon Evasion de Nyssa\u00e9","isPartOf":{"@id":"https:\/\/howtospa.com\/#website"},"datePublished":"2023-11-16T20:47:34+00:00","dateModified":"2024-12-20T15:57:19+00:00","description":"La bougie Mon Evasion de Nyssa\u00e9, originalement dans notre Kit Winter, vous apportera une ambiance apaisante \u00e0 n\u2019importe quelle pi\u00e8ce de votre maison. Gr\u00e2ce \u00e0 sa merveilleuse senteur de fleurs, vous vous sentirez imm\u00e9diatement dans un cocon de bien-\u00eatre !","breadcrumb":{"@id":"https:\/\/howtospa.com\/produit\/bougie-mon-evasion-de-nyssae\/#breadcrumb"},"inLanguage":"en-US","potentialAction":[{"@type":"ReadAction","target":["https:\/\/howtospa.com\/produit\/bougie-mon-evasion-de-nyssae\/"]}]},{"@type":"BreadcrumbList","@id":"https:\/\/howtospa.com\/produit\/bougie-mon-evasion-de-nyssae\/#breadcrumb","itemListElement":[{"@type":"ListItem","position":1,"name":"Home","item":"https:\/\/howtospa.com\/en\/"},{"@type":"ListItem","position":2,"name":"Produits","item":"https:\/\/howtospa.com\/shop\/"},{"@type":"ListItem","position":3,"name":"Bougie Mon Evasion de Nyssa\u00e9"}]},{"@type":"WebSite","@id":"https:\/\/howtospa.com\/#website","url":"https:\/\/howtospa.com\/","name":"HowToSpa -How to vreate your relaxation","description":"Kits, programmes et tutoriels de relaxation, auto-massage et bien-\u00eatre chez soi, au bureau ou dans les transports.","publisher":{"@id":"https:\/\/howtospa.com\/#organization"},"potentialAction":[{"@type":"SearchAction","target":{"@type":"EntryPoint","urlTemplate":"https:\/\/howtospa.com\/?s={search_term_string}"},"query-input":"required name=search_term_string"}],"inLanguage":"en-US"},{"@type":"Organization","@id":"https:\/\/howtospa.com\/#organization","name":"HowToSpa -How to vreate your relaxation","url":"https:\/\/howtospa.com\/","logo":{"@type":"ImageObject","inLanguage":"en-US","@id":"https:\/\/howtospa.com\/#\/schema\/logo\/image\/","url":"https:\/\/howtospa.com\/wp-content\/uploads\/2021\/05\/logo-new-site-2.png","contentUrl":"https:\/\/howtospa.com\/wp-content\/uploads\/2021\/05\/logo-new-site-2.png","width":953,"height":332,"caption":"HowToSpa -How to vreate your relaxation"},"image":{"@id":"https:\/\/howtospa.com\/#\/schema\/logo\/image\/"},"sameAs":["https:\/\/www.pinterest.fr\/howtospa"]}]}},"_links":{"self":[{"href":"https:\/\/howtospa.com\/en\/wp-json\/wp\/v2\/product\/30946"}],"collection":[{"href":"https:\/\/howtospa.com\/en\/wp-json\/wp\/v2\/product"}],"about":[{"href":"https:\/\/howtospa.com\/en\/wp-json\/wp\/v2\/types\/product"}],"wp:featuredmedia":[{"embeddable":true,"href":"https:\/\/howtospa.com\/en\/wp-json\/wp\/v2\/media\/29855"}],"wp:attachment":[{"href":"https:\/\/howtospa.com\/en\/wp-json\/wp\/v2\/media?parent=30946"}],"wp:term":[{"taxonomy":"product_cat","embeddable":true,"href":"https:\/\/howtospa.com\/en\/wp-json\/wp\/v2\/product_cat?post=30946"},{"taxonomy":"product_tag","embeddable":true,"href":"https:\/\/howtospa.com\/en\/wp-json\/wp\/v2\/product_tag?post=30946"}],"curies":[{"name":"wp","href":"https:\/\/api.w.org\/{rel}","templated":true}]}}