{"id":30949,"date":"2023-11-16T22:14:04","date_gmt":"2023-11-16T21:14:04","guid":{"rendered":"https:\/\/howtospa.com\/?post_type=product&#038;p=30949"},"modified":"2025-11-04T21:01:02","modified_gmt":"2025-11-04T20:01:02","slug":"huile-hiver-de-oden","status":"publish","type":"product","link":"https:\/\/howtospa.com\/en\/produit\/huile-hiver-de-oden\/","title":{"rendered":"Huile Visage d&#8217;Hiver de Oden"},"content":{"rendered":"","protected":false},"excerpt":{"rendered":"<div id=\"e-1595933465094\" class=\"element-wrap\" data-label=\"Text Block\" data-icon=\"gpicon-textblock\" data-ver=\"1\" data-id=\"1595933465094\">\n<div class=\"elm text-edit gf-elm-left gf-elm-left-md gf-elm-left-sm gf_gs-text-paragraph-1 gf-elm-left-lg gf-elm-left-xs\" spellcheck=\"false\" data-gemlang=\"en\" data-exc=\"\" data-mci-spellchecked=\"true\">\n<p>L&#8217;Huile d&#8217;Hiver de Oden, originalement dans notre Kit Winter, est un s<span class=\"OYPEnA text-decoration-none text-strikethrough-none\">ynergie d\u2019huiles pr\u00e9cieuses de sapin des Vosges et de chanvre breton, l\u2019Huile d\u2019Hiver lutte contre la d\u00e9shydratation de tous les types de peau.<br \/>\n<\/span><\/p>\n<p>Repulpe la peau avec l\u2019huile de sapin riche en acide gras pinol\u00e9nique<\/p>\n<p class=\"cvGsUA direction-ltr align-start para-style-body\"><span class=\"OYPEnA text-decoration-none text-strikethrough-none\">R\u00e9g\u00e9n\u00e8re avec l\u2019huile de sapin riche en antioxydants<\/span><\/p>\n<p class=\"cvGsUA direction-ltr align-start para-style-body\"><span class=\"OYPEnA text-decoration-none text-strikethrough-none\">Prot\u00e8ge des agressions climatiques avec l\u2019huile de chanvre riche en acides gras essentiels<\/span><\/p>\n<p>&nbsp;<\/p>\n<p class=\"cvGsUA direction-ltr align-start para-style-body\"><span class=\"OYPEnA text-decoration-none text-strikethrough-none\">Cette synergie botanique est imm\u00e9diatement absorb\u00e9e par la peau et son odeur vivifiante vous transporte au c\u0153ur d\u2019une for\u00eat Vosgienne. <\/span><span class=\"OYPEnA text-decoration-none text-strikethrough-none\">L\u2019huile de sapin des Vosges et de chanvre breton sont vierges, issues de plantes cultiv\u00e9es et transform\u00e9es en france.<\/span><\/p>\n<p>Flacon 15 ml<\/p>\n<\/div>\n<\/div>\n","protected":false},"featured_media":29857,"template":"","meta":{"_ppp_document_settings_meta":""},"product_cat":[448,210],"product_tag":[],"composite_layout":"","composite_add_to_cart_form_location":"","composite_editable_in_cart":false,"composite_sold_individually_context":"","composite_shop_price_calc":"","composite_components":[],"composite_scenarios":[],"yoast_head":"<!-- This site is optimized with the Yoast SEO plugin v20.9 - https:\/\/yoast.com\/wordpress\/plugins\/seo\/ -->\n<title>Huile Visage d&#039;Hiver de Oden - HowToSpa - How to create your relaxation<\/title>\n<meta name=\"description\" content=\"L&#039;Huile d&#039;Hiver de Oden, originalement dans notre Kit Winter, est un synergie d\u2019huiles pr\u00e9cieuses de sapin des Vosges et de chanvre breton, l\u2019Huile d\u2019Hiver lutte contre la d\u00e9shydratation de tous les types de peau\" \/>\n<meta name=\"robots\" content=\"index, follow, max-snippet:-1, max-image-preview:large, max-video-preview:-1\" \/>\n<link rel=\"canonical\" href=\"https:\/\/howtospa.com\/produit\/huile-hiver-de-oden\/\" \/>\n<meta property=\"og:locale\" content=\"en_US\" \/>\n<meta property=\"og:type\" content=\"article\" \/>\n<meta property=\"og:title\" content=\"Huile Visage d&#039;Hiver de Oden - HowToSpa - How to create your relaxation\" \/>\n<meta property=\"og:description\" content=\"L&#039;Huile d&#039;Hiver de Oden, originalement dans notre Kit Winter, est un synergie d\u2019huiles pr\u00e9cieuses de sapin des Vosges et de chanvre breton, l\u2019Huile d\u2019Hiver lutte contre la d\u00e9shydratation de tous les types de peau\" \/>\n<meta property=\"og:url\" content=\"https:\/\/howtospa.com\/produit\/huile-hiver-de-oden\/\" \/>\n<meta property=\"og:site_name\" content=\"HowToSpa - How to create your relaxation\" \/>\n<meta property=\"article:modified_time\" content=\"2025-11-04T20:01:02+00:00\" \/>\n<meta property=\"og:image\" content=\"https:\/\/howtospa.com\/wp-content\/uploads\/2022\/11\/HTS3-scaled.jpg\" \/>\n\t<meta property=\"og:image:width\" content=\"2560\" \/>\n\t<meta property=\"og:image:height\" content=\"1707\" \/>\n\t<meta property=\"og:image:type\" content=\"image\/jpeg\" \/>\n<meta name=\"twitter:card\" content=\"summary_large_image\" \/>\n<script type=\"application\/ld+json\" class=\"yoast-schema-graph\">{\"@context\":\"https:\/\/schema.org\",\"@graph\":[{\"@type\":\"WebPage\",\"@id\":\"https:\/\/howtospa.com\/produit\/huile-hiver-de-oden\/\",\"url\":\"https:\/\/howtospa.com\/produit\/huile-hiver-de-oden\/\",\"name\":\"Huile Visage d'Hiver de Oden - HowToSpa - How to create your relaxation\",\"isPartOf\":{\"@id\":\"https:\/\/howtospa.com\/#website\"},\"datePublished\":\"2023-11-16T21:14:04+00:00\",\"dateModified\":\"2025-11-04T20:01:02+00:00\",\"description\":\"L'Huile d'Hiver de Oden, originalement dans notre Kit Winter, est un synergie d\u2019huiles pr\u00e9cieuses de sapin des Vosges et de chanvre breton, l\u2019Huile d\u2019Hiver lutte contre la d\u00e9shydratation de tous les types de peau\",\"breadcrumb\":{\"@id\":\"https:\/\/howtospa.com\/produit\/huile-hiver-de-oden\/#breadcrumb\"},\"inLanguage\":\"en-US\",\"potentialAction\":[{\"@type\":\"ReadAction\",\"target\":[\"https:\/\/howtospa.com\/produit\/huile-hiver-de-oden\/\"]}]},{\"@type\":\"BreadcrumbList\",\"@id\":\"https:\/\/howtospa.com\/produit\/huile-hiver-de-oden\/#breadcrumb\",\"itemListElement\":[{\"@type\":\"ListItem\",\"position\":1,\"name\":\"Home\",\"item\":\"https:\/\/howtospa.com\/en\/\"},{\"@type\":\"ListItem\",\"position\":2,\"name\":\"Produits\",\"item\":\"https:\/\/howtospa.com\/shop\/\"},{\"@type\":\"ListItem\",\"position\":3,\"name\":\"Huile Visage d&#8217;Hiver de Oden\"}]},{\"@type\":\"WebSite\",\"@id\":\"https:\/\/howtospa.com\/#website\",\"url\":\"https:\/\/howtospa.com\/\",\"name\":\"HowToSpa -How to vreate your relaxation\",\"description\":\"Kits, programmes et tutoriels de relaxation, auto-massage et bien-\u00eatre chez soi, au bureau ou dans les transports.\",\"publisher\":{\"@id\":\"https:\/\/howtospa.com\/#organization\"},\"potentialAction\":[{\"@type\":\"SearchAction\",\"target\":{\"@type\":\"EntryPoint\",\"urlTemplate\":\"https:\/\/howtospa.com\/?s={search_term_string}\"},\"query-input\":\"required name=search_term_string\"}],\"inLanguage\":\"en-US\"},{\"@type\":\"Organization\",\"@id\":\"https:\/\/howtospa.com\/#organization\",\"name\":\"HowToSpa -How to vreate your relaxation\",\"url\":\"https:\/\/howtospa.com\/\",\"logo\":{\"@type\":\"ImageObject\",\"inLanguage\":\"en-US\",\"@id\":\"https:\/\/howtospa.com\/#\/schema\/logo\/image\/\",\"url\":\"https:\/\/howtospa.com\/wp-content\/uploads\/2021\/05\/logo-new-site-2.png\",\"contentUrl\":\"https:\/\/howtospa.com\/wp-content\/uploads\/2021\/05\/logo-new-site-2.png\",\"width\":953,\"height\":332,\"caption\":\"HowToSpa -How to vreate your relaxation\"},\"image\":{\"@id\":\"https:\/\/howtospa.com\/#\/schema\/logo\/image\/\"},\"sameAs\":[\"https:\/\/www.pinterest.fr\/howtospa\"]}]}<\/script>\n<!-- \/ Yoast SEO plugin. -->","yoast_head_json":{"title":"Huile Visage d'Hiver de Oden - HowToSpa - How to create your relaxation","description":"L'Huile d'Hiver de Oden, originalement dans notre Kit Winter, est un synergie d\u2019huiles pr\u00e9cieuses de sapin des Vosges et de chanvre breton, l\u2019Huile d\u2019Hiver lutte contre la d\u00e9shydratation de tous les types de peau","robots":{"index":"index","follow":"follow","max-snippet":"max-snippet:-1","max-image-preview":"max-image-preview:large","max-video-preview":"max-video-preview:-1"},"canonical":"https:\/\/howtospa.com\/produit\/huile-hiver-de-oden\/","og_locale":"en_US","og_type":"article","og_title":"Huile Visage d'Hiver de Oden - HowToSpa - How to create your relaxation","og_description":"L'Huile d'Hiver de Oden, originalement dans notre Kit Winter, est un synergie d\u2019huiles pr\u00e9cieuses de sapin des Vosges et de chanvre breton, l\u2019Huile d\u2019Hiver lutte contre la d\u00e9shydratation de tous les types de peau","og_url":"https:\/\/howtospa.com\/produit\/huile-hiver-de-oden\/","og_site_name":"HowToSpa - How to create your relaxation","article_modified_time":"2025-11-04T20:01:02+00:00","og_image":[{"width":2560,"height":1707,"url":"https:\/\/howtospa.com\/wp-content\/uploads\/2022\/11\/HTS3-scaled.jpg","type":"image\/jpeg"}],"twitter_card":"summary_large_image","schema":{"@context":"https:\/\/schema.org","@graph":[{"@type":"WebPage","@id":"https:\/\/howtospa.com\/produit\/huile-hiver-de-oden\/","url":"https:\/\/howtospa.com\/produit\/huile-hiver-de-oden\/","name":"Huile Visage d'Hiver de Oden - HowToSpa - How to create your relaxation","isPartOf":{"@id":"https:\/\/howtospa.com\/#website"},"datePublished":"2023-11-16T21:14:04+00:00","dateModified":"2025-11-04T20:01:02+00:00","description":"L'Huile d'Hiver de Oden, originalement dans notre Kit Winter, est un synergie d\u2019huiles pr\u00e9cieuses de sapin des Vosges et de chanvre breton, l\u2019Huile d\u2019Hiver lutte contre la d\u00e9shydratation de tous les types de peau","breadcrumb":{"@id":"https:\/\/howtospa.com\/produit\/huile-hiver-de-oden\/#breadcrumb"},"inLanguage":"en-US","potentialAction":[{"@type":"ReadAction","target":["https:\/\/howtospa.com\/produit\/huile-hiver-de-oden\/"]}]},{"@type":"BreadcrumbList","@id":"https:\/\/howtospa.com\/produit\/huile-hiver-de-oden\/#breadcrumb","itemListElement":[{"@type":"ListItem","position":1,"name":"Home","item":"https:\/\/howtospa.com\/en\/"},{"@type":"ListItem","position":2,"name":"Produits","item":"https:\/\/howtospa.com\/shop\/"},{"@type":"ListItem","position":3,"name":"Huile Visage d&#8217;Hiver de Oden"}]},{"@type":"WebSite","@id":"https:\/\/howtospa.com\/#website","url":"https:\/\/howtospa.com\/","name":"HowToSpa -How to vreate your relaxation","description":"Kits, programmes et tutoriels de relaxation, auto-massage et bien-\u00eatre chez soi, au bureau ou dans les transports.","publisher":{"@id":"https:\/\/howtospa.com\/#organization"},"potentialAction":[{"@type":"SearchAction","target":{"@type":"EntryPoint","urlTemplate":"https:\/\/howtospa.com\/?s={search_term_string}"},"query-input":"required name=search_term_string"}],"inLanguage":"en-US"},{"@type":"Organization","@id":"https:\/\/howtospa.com\/#organization","name":"HowToSpa -How to vreate your relaxation","url":"https:\/\/howtospa.com\/","logo":{"@type":"ImageObject","inLanguage":"en-US","@id":"https:\/\/howtospa.com\/#\/schema\/logo\/image\/","url":"https:\/\/howtospa.com\/wp-content\/uploads\/2021\/05\/logo-new-site-2.png","contentUrl":"https:\/\/howtospa.com\/wp-content\/uploads\/2021\/05\/logo-new-site-2.png","width":953,"height":332,"caption":"HowToSpa -How to vreate your relaxation"},"image":{"@id":"https:\/\/howtospa.com\/#\/schema\/logo\/image\/"},"sameAs":["https:\/\/www.pinterest.fr\/howtospa"]}]}},"_links":{"self":[{"href":"https:\/\/howtospa.com\/en\/wp-json\/wp\/v2\/product\/30949"}],"collection":[{"href":"https:\/\/howtospa.com\/en\/wp-json\/wp\/v2\/product"}],"about":[{"href":"https:\/\/howtospa.com\/en\/wp-json\/wp\/v2\/types\/product"}],"wp:featuredmedia":[{"embeddable":true,"href":"https:\/\/howtospa.com\/en\/wp-json\/wp\/v2\/media\/29857"}],"wp:attachment":[{"href":"https:\/\/howtospa.com\/en\/wp-json\/wp\/v2\/media?parent=30949"}],"wp:term":[{"taxonomy":"product_cat","embeddable":true,"href":"https:\/\/howtospa.com\/en\/wp-json\/wp\/v2\/product_cat?post=30949"},{"taxonomy":"product_tag","embeddable":true,"href":"https:\/\/howtospa.com\/en\/wp-json\/wp\/v2\/product_tag?post=30949"}],"curies":[{"name":"wp","href":"https:\/\/api.w.org\/{rel}","templated":true}]}}