{"id":31566,"date":"2024-06-19T19:38:58","date_gmt":"2024-06-19T17:38:58","guid":{"rendered":"https:\/\/howtospa.com\/?post_type=product&#038;p=31566"},"modified":"2024-10-10T19:56:35","modified_gmt":"2024-10-10T17:56:35","slug":"starter-set","status":"publish","type":"product","link":"https:\/\/howtospa.com\/en\/produit\/starter-set\/","title":{"rendered":"Starter Set"},"content":{"rendered":"","protected":false},"excerpt":{"rendered":"<ul>\n<li><strong>15 livrets tutoriel How To Spa<\/strong> \u00ab Spa \u00e0 la maison Cocooning \u00bb<span style=\"font-size: 8pt;\"><em> (L<\/em><\/span><span style=\"font-size: 8pt;\"><em>ivraison \u00e0 l&#8217;adresse de votre choix)<\/em><\/span><\/li>\n<li><strong>1 Guide t\u00e9l\u00e9chargeable<\/strong> pour la mise en place du tutoriel <span style=\"font-size: 8pt;\"><em>(<\/em><em>Livraison par email)<\/em><\/span><\/li>\n<li><strong>En bonus : une vid\u00e9o explicative<\/strong> <span style=\"font-size: 8pt;\"><em>(<\/em><em>Livraison par email)<\/em><\/span><\/li>\n<\/ul>\n","protected":false},"featured_media":32068,"template":"","meta":{"_ppp_document_settings_meta":""},"product_cat":[530,210],"product_tag":[],"composite_layout":"","composite_add_to_cart_form_location":"","composite_editable_in_cart":false,"composite_sold_individually_context":"","composite_shop_price_calc":"","composite_components":[],"composite_scenarios":[],"yoast_head":"<!-- This site is optimized with the Yoast SEO plugin v20.9 - https:\/\/yoast.com\/wordpress\/plugins\/seo\/ -->\n<title>Starter Set - HowToSpa - How to create your relaxation<\/title>\n<meta name=\"robots\" content=\"index, follow, max-snippet:-1, max-image-preview:large, max-video-preview:-1\" \/>\n<link rel=\"canonical\" href=\"https:\/\/howtospa.com\/produit\/starter-set\/\" \/>\n<meta property=\"og:locale\" content=\"en_US\" \/>\n<meta property=\"og:type\" content=\"article\" \/>\n<meta property=\"og:title\" content=\"Starter Set - HowToSpa - How to create your relaxation\" \/>\n<meta property=\"og:description\" content=\"15 livrets tutoriel How To Spa \u00ab Spa \u00e0 la maison Cocooning \u00bb (Livraison \u00e0 l&#039;adresse de votre choix)  1 Guide t\u00e9l\u00e9chargeable pour la mise en place du tutoriel (Livraison par email)  En bonus : une vid\u00e9o explicative (Livraison par email)\" \/>\n<meta property=\"og:url\" content=\"https:\/\/howtospa.com\/produit\/starter-set\/\" \/>\n<meta property=\"og:site_name\" content=\"HowToSpa - How to create your relaxation\" \/>\n<meta property=\"article:modified_time\" content=\"2024-10-10T17:56:35+00:00\" \/>\n<meta property=\"og:image\" content=\"https:\/\/howtospa.com\/wp-content\/uploads\/2024\/10\/starter-set-1-1024x839.png\" \/>\n\t<meta property=\"og:image:width\" content=\"1024\" \/>\n\t<meta property=\"og:image:height\" content=\"839\" \/>\n\t<meta property=\"og:image:type\" content=\"image\/png\" \/>\n<meta name=\"twitter:card\" content=\"summary_large_image\" \/>\n<script type=\"application\/ld+json\" class=\"yoast-schema-graph\">{\"@context\":\"https:\/\/schema.org\",\"@graph\":[{\"@type\":\"WebPage\",\"@id\":\"https:\/\/howtospa.com\/produit\/starter-set\/\",\"url\":\"https:\/\/howtospa.com\/produit\/starter-set\/\",\"name\":\"Starter Set - HowToSpa - How to create your relaxation\",\"isPartOf\":{\"@id\":\"https:\/\/howtospa.com\/#website\"},\"datePublished\":\"2024-06-19T17:38:58+00:00\",\"dateModified\":\"2024-10-10T17:56:35+00:00\",\"breadcrumb\":{\"@id\":\"https:\/\/howtospa.com\/produit\/starter-set\/#breadcrumb\"},\"inLanguage\":\"en-US\",\"potentialAction\":[{\"@type\":\"ReadAction\",\"target\":[\"https:\/\/howtospa.com\/produit\/starter-set\/\"]}]},{\"@type\":\"BreadcrumbList\",\"@id\":\"https:\/\/howtospa.com\/produit\/starter-set\/#breadcrumb\",\"itemListElement\":[{\"@type\":\"ListItem\",\"position\":1,\"name\":\"Home\",\"item\":\"https:\/\/howtospa.com\/en\/\"},{\"@type\":\"ListItem\",\"position\":2,\"name\":\"Produits\",\"item\":\"https:\/\/howtospa.com\/shop\/\"},{\"@type\":\"ListItem\",\"position\":3,\"name\":\"Starter Set\"}]},{\"@type\":\"WebSite\",\"@id\":\"https:\/\/howtospa.com\/#website\",\"url\":\"https:\/\/howtospa.com\/\",\"name\":\"HowToSpa -How to vreate your relaxation\",\"description\":\"Kits, programmes et tutoriels de relaxation, auto-massage et bien-\u00eatre chez soi, au bureau ou dans les transports.\",\"publisher\":{\"@id\":\"https:\/\/howtospa.com\/#organization\"},\"potentialAction\":[{\"@type\":\"SearchAction\",\"target\":{\"@type\":\"EntryPoint\",\"urlTemplate\":\"https:\/\/howtospa.com\/?s={search_term_string}\"},\"query-input\":\"required name=search_term_string\"}],\"inLanguage\":\"en-US\"},{\"@type\":\"Organization\",\"@id\":\"https:\/\/howtospa.com\/#organization\",\"name\":\"HowToSpa -How to vreate your relaxation\",\"url\":\"https:\/\/howtospa.com\/\",\"logo\":{\"@type\":\"ImageObject\",\"inLanguage\":\"en-US\",\"@id\":\"https:\/\/howtospa.com\/#\/schema\/logo\/image\/\",\"url\":\"https:\/\/howtospa.com\/wp-content\/uploads\/2021\/05\/logo-new-site-2.png\",\"contentUrl\":\"https:\/\/howtospa.com\/wp-content\/uploads\/2021\/05\/logo-new-site-2.png\",\"width\":953,\"height\":332,\"caption\":\"HowToSpa -How to vreate your relaxation\"},\"image\":{\"@id\":\"https:\/\/howtospa.com\/#\/schema\/logo\/image\/\"},\"sameAs\":[\"https:\/\/www.pinterest.fr\/howtospa\"]}]}<\/script>\n<!-- \/ Yoast SEO plugin. -->","yoast_head_json":{"title":"Starter Set - HowToSpa - How to create your relaxation","robots":{"index":"index","follow":"follow","max-snippet":"max-snippet:-1","max-image-preview":"max-image-preview:large","max-video-preview":"max-video-preview:-1"},"canonical":"https:\/\/howtospa.com\/produit\/starter-set\/","og_locale":"en_US","og_type":"article","og_title":"Starter Set - HowToSpa - How to create your relaxation","og_description":"15 livrets tutoriel How To Spa \u00ab Spa \u00e0 la maison Cocooning \u00bb (Livraison \u00e0 l'adresse de votre choix)  1 Guide t\u00e9l\u00e9chargeable pour la mise en place du tutoriel (Livraison par email)  En bonus : une vid\u00e9o explicative (Livraison par email)","og_url":"https:\/\/howtospa.com\/produit\/starter-set\/","og_site_name":"HowToSpa - How to create your relaxation","article_modified_time":"2024-10-10T17:56:35+00:00","og_image":[{"width":1024,"height":839,"url":"https:\/\/howtospa.com\/wp-content\/uploads\/2024\/10\/starter-set-1-1024x839.png","type":"image\/png"}],"twitter_card":"summary_large_image","schema":{"@context":"https:\/\/schema.org","@graph":[{"@type":"WebPage","@id":"https:\/\/howtospa.com\/produit\/starter-set\/","url":"https:\/\/howtospa.com\/produit\/starter-set\/","name":"Starter Set - HowToSpa - How to create your relaxation","isPartOf":{"@id":"https:\/\/howtospa.com\/#website"},"datePublished":"2024-06-19T17:38:58+00:00","dateModified":"2024-10-10T17:56:35+00:00","breadcrumb":{"@id":"https:\/\/howtospa.com\/produit\/starter-set\/#breadcrumb"},"inLanguage":"en-US","potentialAction":[{"@type":"ReadAction","target":["https:\/\/howtospa.com\/produit\/starter-set\/"]}]},{"@type":"BreadcrumbList","@id":"https:\/\/howtospa.com\/produit\/starter-set\/#breadcrumb","itemListElement":[{"@type":"ListItem","position":1,"name":"Home","item":"https:\/\/howtospa.com\/en\/"},{"@type":"ListItem","position":2,"name":"Produits","item":"https:\/\/howtospa.com\/shop\/"},{"@type":"ListItem","position":3,"name":"Starter Set"}]},{"@type":"WebSite","@id":"https:\/\/howtospa.com\/#website","url":"https:\/\/howtospa.com\/","name":"HowToSpa -How to vreate your relaxation","description":"Kits, programmes et tutoriels de relaxation, auto-massage et bien-\u00eatre chez soi, au bureau ou dans les transports.","publisher":{"@id":"https:\/\/howtospa.com\/#organization"},"potentialAction":[{"@type":"SearchAction","target":{"@type":"EntryPoint","urlTemplate":"https:\/\/howtospa.com\/?s={search_term_string}"},"query-input":"required name=search_term_string"}],"inLanguage":"en-US"},{"@type":"Organization","@id":"https:\/\/howtospa.com\/#organization","name":"HowToSpa -How to vreate your relaxation","url":"https:\/\/howtospa.com\/","logo":{"@type":"ImageObject","inLanguage":"en-US","@id":"https:\/\/howtospa.com\/#\/schema\/logo\/image\/","url":"https:\/\/howtospa.com\/wp-content\/uploads\/2021\/05\/logo-new-site-2.png","contentUrl":"https:\/\/howtospa.com\/wp-content\/uploads\/2021\/05\/logo-new-site-2.png","width":953,"height":332,"caption":"HowToSpa -How to vreate your relaxation"},"image":{"@id":"https:\/\/howtospa.com\/#\/schema\/logo\/image\/"},"sameAs":["https:\/\/www.pinterest.fr\/howtospa"]}]}},"_links":{"self":[{"href":"https:\/\/howtospa.com\/en\/wp-json\/wp\/v2\/product\/31566"}],"collection":[{"href":"https:\/\/howtospa.com\/en\/wp-json\/wp\/v2\/product"}],"about":[{"href":"https:\/\/howtospa.com\/en\/wp-json\/wp\/v2\/types\/product"}],"wp:featuredmedia":[{"embeddable":true,"href":"https:\/\/howtospa.com\/en\/wp-json\/wp\/v2\/media\/32068"}],"wp:attachment":[{"href":"https:\/\/howtospa.com\/en\/wp-json\/wp\/v2\/media?parent=31566"}],"wp:term":[{"taxonomy":"product_cat","embeddable":true,"href":"https:\/\/howtospa.com\/en\/wp-json\/wp\/v2\/product_cat?post=31566"},{"taxonomy":"product_tag","embeddable":true,"href":"https:\/\/howtospa.com\/en\/wp-json\/wp\/v2\/product_tag?post=31566"}],"curies":[{"name":"wp","href":"https:\/\/api.w.org\/{rel}","templated":true}]}}