{"id":31872,"date":"2024-09-06T21:12:08","date_gmt":"2024-09-06T19:12:08","guid":{"rendered":"https:\/\/howtospa.com\/?post_type=product&#038;p=31872"},"modified":"2025-11-04T21:10:19","modified_gmt":"2025-11-04T20:10:19","slug":"soin-energetique","status":"publish","type":"product","link":"https:\/\/howtospa.com\/en\/produit\/soin-energetique\/","title":{"rendered":"SOIN \u00c9NERG\u00c9TIQUE"},"content":{"rendered":"","protected":false},"excerpt":{"rendered":"<p><em>(valeur r\u00e9elle 107,5 \u20ac) <\/em><\/p>\n<p>&nbsp;<\/p>\n<p>Ce Kit contient<\/p>\n<ul>\n<li>Un <strong>Tote Bag <\/strong>How To Spa x Ninisea<\/li>\n<li>Un <strong>Tutoriel de Relaxation<\/strong><\/li>\n<li>La s\u00e9lection de nos experts:<\/li>\n<\/ul>\n<p>\u00b0 Des <strong>Cymbales Tib\u00e9taines\u00a0<\/strong> Peter &amp; Clo<\/p>\n<p>\u00b0 Un <strong>Roll On Chakra du C\u0153ur, \u00e0 base d&#8217;Huiles essentielles et Quartz Rose<\/strong> de Le Centre \u00c9l\u00e9ment<\/p>\n<p>\u00b0 Une <strong>Huile Corps Soyeuse Aimante, aux senteurs de Rose, Myrrhe et Santal\u00a0 <\/strong>de Aim\u00e9e de Mars<\/p>\n<p>\u00b0 <del>Une<strong> Infusion \u00c9lixir Bio au Gingembre et Citron <\/strong>de Chic des Plantes.<\/del> <strong>Rupture de stock, remplac\u00e9 par le th\u00e9 Sencha Lemon de Nunshen<\/strong><\/p>\n<p>&nbsp;<\/p>\n","protected":false},"featured_media":31848,"template":"","meta":{"_ppp_document_settings_meta":""},"product_cat":[210],"product_tag":[],"composite_layout":"","composite_add_to_cart_form_location":"","composite_editable_in_cart":false,"composite_sold_individually_context":"","composite_shop_price_calc":"","composite_components":[],"composite_scenarios":[],"yoast_head":"<!-- This site is optimized with the Yoast SEO plugin v20.9 - https:\/\/yoast.com\/wordpress\/plugins\/seo\/ -->\n<title>SOIN \u00c9NERG\u00c9TIQUE - HowToSpa - How to create your relaxation<\/title>\n<meta name=\"robots\" content=\"index, follow, max-snippet:-1, max-image-preview:large, max-video-preview:-1\" \/>\n<link rel=\"canonical\" href=\"https:\/\/howtospa.com\/produit\/soin-energetique\/\" \/>\n<meta property=\"og:locale\" content=\"en_US\" \/>\n<meta property=\"og:type\" content=\"article\" \/>\n<meta property=\"og:title\" content=\"SOIN \u00c9NERG\u00c9TIQUE - HowToSpa - How to create your relaxation\" \/>\n<meta property=\"og:description\" content=\"(valeur r\u00e9elle 107,5 \u20ac)   &nbsp;  Ce Kit contient   Un Tote Bag How To Spa x Ninisea  Un Tutoriel de Relaxation  La s\u00e9lection de nos experts:  \u00b0 Des Cymbales Tib\u00e9taines\u00a0 Peter &amp; Clo  \u00b0 Un Roll On Chakra du C\u0153ur, \u00e0 base d&#039;Huiles essentielles et Quartz Rose de Le Centre \u00c9l\u00e9ment  \u00b0 Une Huile Corps Soyeuse Aimante, aux senteurs de Rose, Myrrhe et Santal\u00a0 de Aim\u00e9e de Mars  \u00b0 Une Infusion \u00c9lixir Bio au Gingembre et Citron de Chic des Plantes. Rupture de stock, remplac\u00e9 par le th\u00e9 Sencha Lemon de Nunshen  &nbsp;\" \/>\n<meta property=\"og:url\" content=\"https:\/\/howtospa.com\/produit\/soin-energetique\/\" \/>\n<meta property=\"og:site_name\" content=\"HowToSpa - How to create your relaxation\" \/>\n<meta property=\"article:modified_time\" content=\"2025-11-04T20:10:19+00:00\" \/>\n<meta property=\"og:image\" content=\"https:\/\/howtospa.com\/wp-content\/uploads\/2024\/09\/Kit-SE.jpg\" \/>\n\t<meta property=\"og:image:width\" content=\"1196\" \/>\n\t<meta property=\"og:image:height\" content=\"1125\" \/>\n\t<meta property=\"og:image:type\" content=\"image\/jpeg\" \/>\n<meta name=\"twitter:card\" content=\"summary_large_image\" \/>\n<script type=\"application\/ld+json\" class=\"yoast-schema-graph\">{\"@context\":\"https:\/\/schema.org\",\"@graph\":[{\"@type\":\"WebPage\",\"@id\":\"https:\/\/howtospa.com\/produit\/soin-energetique\/\",\"url\":\"https:\/\/howtospa.com\/produit\/soin-energetique\/\",\"name\":\"SOIN \u00c9NERG\u00c9TIQUE - HowToSpa - How to create your relaxation\",\"isPartOf\":{\"@id\":\"https:\/\/howtospa.com\/#website\"},\"datePublished\":\"2024-09-06T19:12:08+00:00\",\"dateModified\":\"2025-11-04T20:10:19+00:00\",\"breadcrumb\":{\"@id\":\"https:\/\/howtospa.com\/produit\/soin-energetique\/#breadcrumb\"},\"inLanguage\":\"en-US\",\"potentialAction\":[{\"@type\":\"ReadAction\",\"target\":[\"https:\/\/howtospa.com\/produit\/soin-energetique\/\"]}]},{\"@type\":\"BreadcrumbList\",\"@id\":\"https:\/\/howtospa.com\/produit\/soin-energetique\/#breadcrumb\",\"itemListElement\":[{\"@type\":\"ListItem\",\"position\":1,\"name\":\"Home\",\"item\":\"https:\/\/howtospa.com\/en\/\"},{\"@type\":\"ListItem\",\"position\":2,\"name\":\"Produits\",\"item\":\"https:\/\/howtospa.com\/shop\/\"},{\"@type\":\"ListItem\",\"position\":3,\"name\":\"SOIN \u00c9NERG\u00c9TIQUE\"}]},{\"@type\":\"WebSite\",\"@id\":\"https:\/\/howtospa.com\/#website\",\"url\":\"https:\/\/howtospa.com\/\",\"name\":\"HowToSpa -How to vreate your relaxation\",\"description\":\"Kits, programmes et tutoriels de relaxation, auto-massage et bien-\u00eatre chez soi, au bureau ou dans les transports.\",\"publisher\":{\"@id\":\"https:\/\/howtospa.com\/#organization\"},\"potentialAction\":[{\"@type\":\"SearchAction\",\"target\":{\"@type\":\"EntryPoint\",\"urlTemplate\":\"https:\/\/howtospa.com\/?s={search_term_string}\"},\"query-input\":\"required name=search_term_string\"}],\"inLanguage\":\"en-US\"},{\"@type\":\"Organization\",\"@id\":\"https:\/\/howtospa.com\/#organization\",\"name\":\"HowToSpa -How to vreate your relaxation\",\"url\":\"https:\/\/howtospa.com\/\",\"logo\":{\"@type\":\"ImageObject\",\"inLanguage\":\"en-US\",\"@id\":\"https:\/\/howtospa.com\/#\/schema\/logo\/image\/\",\"url\":\"https:\/\/howtospa.com\/wp-content\/uploads\/2021\/05\/logo-new-site-2.png\",\"contentUrl\":\"https:\/\/howtospa.com\/wp-content\/uploads\/2021\/05\/logo-new-site-2.png\",\"width\":953,\"height\":332,\"caption\":\"HowToSpa -How to vreate your relaxation\"},\"image\":{\"@id\":\"https:\/\/howtospa.com\/#\/schema\/logo\/image\/\"},\"sameAs\":[\"https:\/\/www.pinterest.fr\/howtospa\"]}]}<\/script>\n<!-- \/ Yoast SEO plugin. -->","yoast_head_json":{"title":"SOIN \u00c9NERG\u00c9TIQUE - HowToSpa - How to create your relaxation","robots":{"index":"index","follow":"follow","max-snippet":"max-snippet:-1","max-image-preview":"max-image-preview:large","max-video-preview":"max-video-preview:-1"},"canonical":"https:\/\/howtospa.com\/produit\/soin-energetique\/","og_locale":"en_US","og_type":"article","og_title":"SOIN \u00c9NERG\u00c9TIQUE - HowToSpa - How to create your relaxation","og_description":"(valeur r\u00e9elle 107,5 \u20ac)   &nbsp;  Ce Kit contient   Un Tote Bag How To Spa x Ninisea  Un Tutoriel de Relaxation  La s\u00e9lection de nos experts:  \u00b0 Des Cymbales Tib\u00e9taines\u00a0 Peter &amp; Clo  \u00b0 Un Roll On Chakra du C\u0153ur, \u00e0 base d'Huiles essentielles et Quartz Rose de Le Centre \u00c9l\u00e9ment  \u00b0 Une Huile Corps Soyeuse Aimante, aux senteurs de Rose, Myrrhe et Santal\u00a0 de Aim\u00e9e de Mars  \u00b0 Une Infusion \u00c9lixir Bio au Gingembre et Citron de Chic des Plantes. Rupture de stock, remplac\u00e9 par le th\u00e9 Sencha Lemon de Nunshen  &nbsp;","og_url":"https:\/\/howtospa.com\/produit\/soin-energetique\/","og_site_name":"HowToSpa - How to create your relaxation","article_modified_time":"2025-11-04T20:10:19+00:00","og_image":[{"width":1196,"height":1125,"url":"https:\/\/howtospa.com\/wp-content\/uploads\/2024\/09\/Kit-SE.jpg","type":"image\/jpeg"}],"twitter_card":"summary_large_image","schema":{"@context":"https:\/\/schema.org","@graph":[{"@type":"WebPage","@id":"https:\/\/howtospa.com\/produit\/soin-energetique\/","url":"https:\/\/howtospa.com\/produit\/soin-energetique\/","name":"SOIN \u00c9NERG\u00c9TIQUE - HowToSpa - How to create your relaxation","isPartOf":{"@id":"https:\/\/howtospa.com\/#website"},"datePublished":"2024-09-06T19:12:08+00:00","dateModified":"2025-11-04T20:10:19+00:00","breadcrumb":{"@id":"https:\/\/howtospa.com\/produit\/soin-energetique\/#breadcrumb"},"inLanguage":"en-US","potentialAction":[{"@type":"ReadAction","target":["https:\/\/howtospa.com\/produit\/soin-energetique\/"]}]},{"@type":"BreadcrumbList","@id":"https:\/\/howtospa.com\/produit\/soin-energetique\/#breadcrumb","itemListElement":[{"@type":"ListItem","position":1,"name":"Home","item":"https:\/\/howtospa.com\/en\/"},{"@type":"ListItem","position":2,"name":"Produits","item":"https:\/\/howtospa.com\/shop\/"},{"@type":"ListItem","position":3,"name":"SOIN \u00c9NERG\u00c9TIQUE"}]},{"@type":"WebSite","@id":"https:\/\/howtospa.com\/#website","url":"https:\/\/howtospa.com\/","name":"HowToSpa -How to vreate your relaxation","description":"Kits, programmes et tutoriels de relaxation, auto-massage et bien-\u00eatre chez soi, au bureau ou dans les transports.","publisher":{"@id":"https:\/\/howtospa.com\/#organization"},"potentialAction":[{"@type":"SearchAction","target":{"@type":"EntryPoint","urlTemplate":"https:\/\/howtospa.com\/?s={search_term_string}"},"query-input":"required name=search_term_string"}],"inLanguage":"en-US"},{"@type":"Organization","@id":"https:\/\/howtospa.com\/#organization","name":"HowToSpa -How to vreate your relaxation","url":"https:\/\/howtospa.com\/","logo":{"@type":"ImageObject","inLanguage":"en-US","@id":"https:\/\/howtospa.com\/#\/schema\/logo\/image\/","url":"https:\/\/howtospa.com\/wp-content\/uploads\/2021\/05\/logo-new-site-2.png","contentUrl":"https:\/\/howtospa.com\/wp-content\/uploads\/2021\/05\/logo-new-site-2.png","width":953,"height":332,"caption":"HowToSpa -How to vreate your relaxation"},"image":{"@id":"https:\/\/howtospa.com\/#\/schema\/logo\/image\/"},"sameAs":["https:\/\/www.pinterest.fr\/howtospa"]}]}},"_links":{"self":[{"href":"https:\/\/howtospa.com\/en\/wp-json\/wp\/v2\/product\/31872"}],"collection":[{"href":"https:\/\/howtospa.com\/en\/wp-json\/wp\/v2\/product"}],"about":[{"href":"https:\/\/howtospa.com\/en\/wp-json\/wp\/v2\/types\/product"}],"wp:featuredmedia":[{"embeddable":true,"href":"https:\/\/howtospa.com\/en\/wp-json\/wp\/v2\/media\/31848"}],"wp:attachment":[{"href":"https:\/\/howtospa.com\/en\/wp-json\/wp\/v2\/media?parent=31872"}],"wp:term":[{"taxonomy":"product_cat","embeddable":true,"href":"https:\/\/howtospa.com\/en\/wp-json\/wp\/v2\/product_cat?post=31872"},{"taxonomy":"product_tag","embeddable":true,"href":"https:\/\/howtospa.com\/en\/wp-json\/wp\/v2\/product_tag?post=31872"}],"curies":[{"name":"wp","href":"https:\/\/api.w.org\/{rel}","templated":true}]}}