{"id":32179,"date":"2024-11-17T02:22:05","date_gmt":"2024-11-17T01:22:05","guid":{"rendered":"https:\/\/howtospa.com\/?post_type=product&#038;p=32179"},"modified":"2024-12-02T00:42:47","modified_gmt":"2024-12-01T23:42:47","slug":"kit-maison-energisant-mai-2024","status":"publish","type":"product","link":"https:\/\/howtospa.com\/en\/produit\/kit-maison-energisant-mai-2024\/","title":{"rendered":"Kit Maison \u00c9nergisant"},"content":{"rendered":"","protected":false},"excerpt":{"rendered":"<p>Pour un v\u00e9ritable moment de plaisir bien m\u00e9rit\u00e9,<\/p>\n<p>How To Spa vous propose dans ce kit:<\/p>\n<p>* Notre Tote Bag Offert<\/p>\n<p>* Notre Tutoriel de Relaxation &#8220;Spa \u00e0 la Maison \u00c9nergisant&#8221;<\/p>\n<p>* Le <a href=\"https:\/\/howtospa.com\/shop\/decoration\/statue-tibetaine-de-bouddha-de-peter-clo\/\" target=\"_blank\" rel=\"noopener\">Nettoyant Visage Solide de Uma\u00ef <\/a><\/p>\n<p>* Le <a href=\"https:\/\/howtospa.com\/shop\/cosmetiques\/gommage-corps-au-pamplemousse-de-blancreme\/\" target=\"_blank\" rel=\"noopener\">Gommage Corps au Pamplemousse de Blancreme<\/a><\/p>\n<p>* L&#8217;<a href=\"https:\/\/howtospa.com\/shop\/cosmetiques\/huile-dapres-belem-de-lart-du-bain\/\" target=\"_blank\" rel=\"noopener\">Huile Corps d&#8217;Apr\u00e8s Belem aux bois pr\u00e9cieux, \u00e9pic\u00e9 et enivrant, de l&#8217;Art du Bain<\/a><\/p>\n<p>* Les <a href=\"https:\/\/howtospa.com\/shop\/decoration\/cymbales-tingsha-tibetaines-de-peter-clo\/\" target=\"_blank\" rel=\"noopener\">Cymbales tib\u00e9taines de Peter &amp; Clo<\/a><\/p>\n<p>&nbsp;<\/p>\n","protected":false},"featured_media":32180,"template":"","meta":{"_ppp_document_settings_meta":""},"product_cat":[542,530],"product_tag":[],"composite_layout":"","composite_add_to_cart_form_location":"","composite_editable_in_cart":false,"composite_sold_individually_context":"","composite_shop_price_calc":"","composite_components":[],"composite_scenarios":[],"yoast_head":"<!-- This site is optimized with the Yoast SEO plugin v20.9 - https:\/\/yoast.com\/wordpress\/plugins\/seo\/ -->\n<title>Kit Maison \u00c9nergisant - HowToSpa - How to create your relaxation<\/title>\n<meta name=\"robots\" content=\"index, follow, max-snippet:-1, max-image-preview:large, max-video-preview:-1\" \/>\n<link rel=\"canonical\" href=\"https:\/\/howtospa.com\/produit\/kit-maison-energisant-mai-2024\/\" \/>\n<meta property=\"og:locale\" content=\"en_US\" \/>\n<meta property=\"og:type\" content=\"article\" \/>\n<meta property=\"og:title\" content=\"Kit Maison \u00c9nergisant - HowToSpa - How to create your relaxation\" \/>\n<meta property=\"og:description\" content=\"Pour un v\u00e9ritable moment de plaisir bien m\u00e9rit\u00e9,  How To Spa vous propose dans ce kit:  * Notre Tote Bag Offert  * Notre Tutoriel de Relaxation &quot;Spa \u00e0 la Maison \u00c9nergisant&quot;  * Le Nettoyant Visage Solide de Uma\u00ef   * Le Gommage Corps au Pamplemousse de Blancreme  * L&#039;Huile Corps d&#039;Apr\u00e8s Belem aux bois pr\u00e9cieux, \u00e9pic\u00e9 et enivrant, de l&#039;Art du Bain  * Les Cymbales tib\u00e9taines de Peter &amp; Clo  &nbsp;\" \/>\n<meta property=\"og:url\" content=\"https:\/\/howtospa.com\/produit\/kit-maison-energisant-mai-2024\/\" \/>\n<meta property=\"og:site_name\" content=\"HowToSpa - How to create your relaxation\" \/>\n<meta property=\"article:modified_time\" content=\"2024-12-01T23:42:47+00:00\" \/>\n<meta property=\"og:image\" content=\"https:\/\/howtospa.com\/wp-content\/uploads\/2024\/11\/Kit-Maison-Energisant-Mai-2024.png\" \/>\n\t<meta property=\"og:image:width\" content=\"847\" \/>\n\t<meta property=\"og:image:height\" content=\"848\" \/>\n\t<meta property=\"og:image:type\" content=\"image\/png\" \/>\n<meta name=\"twitter:card\" content=\"summary_large_image\" \/>\n<script type=\"application\/ld+json\" class=\"yoast-schema-graph\">{\"@context\":\"https:\/\/schema.org\",\"@graph\":[{\"@type\":\"WebPage\",\"@id\":\"https:\/\/howtospa.com\/produit\/kit-maison-energisant-mai-2024\/\",\"url\":\"https:\/\/howtospa.com\/produit\/kit-maison-energisant-mai-2024\/\",\"name\":\"Kit Maison \u00c9nergisant - HowToSpa - How to create your relaxation\",\"isPartOf\":{\"@id\":\"https:\/\/howtospa.com\/#website\"},\"datePublished\":\"2024-11-17T01:22:05+00:00\",\"dateModified\":\"2024-12-01T23:42:47+00:00\",\"breadcrumb\":{\"@id\":\"https:\/\/howtospa.com\/produit\/kit-maison-energisant-mai-2024\/#breadcrumb\"},\"inLanguage\":\"en-US\",\"potentialAction\":[{\"@type\":\"ReadAction\",\"target\":[\"https:\/\/howtospa.com\/produit\/kit-maison-energisant-mai-2024\/\"]}]},{\"@type\":\"BreadcrumbList\",\"@id\":\"https:\/\/howtospa.com\/produit\/kit-maison-energisant-mai-2024\/#breadcrumb\",\"itemListElement\":[{\"@type\":\"ListItem\",\"position\":1,\"name\":\"Home\",\"item\":\"https:\/\/howtospa.com\/en\/\"},{\"@type\":\"ListItem\",\"position\":2,\"name\":\"Produits\",\"item\":\"https:\/\/howtospa.com\/shop\/\"},{\"@type\":\"ListItem\",\"position\":3,\"name\":\"Kit Maison \u00c9nergisant\"}]},{\"@type\":\"WebSite\",\"@id\":\"https:\/\/howtospa.com\/#website\",\"url\":\"https:\/\/howtospa.com\/\",\"name\":\"HowToSpa -How to vreate your relaxation\",\"description\":\"Kits, programmes et tutoriels de relaxation, auto-massage et bien-\u00eatre chez soi, au bureau ou dans les transports.\",\"publisher\":{\"@id\":\"https:\/\/howtospa.com\/#organization\"},\"potentialAction\":[{\"@type\":\"SearchAction\",\"target\":{\"@type\":\"EntryPoint\",\"urlTemplate\":\"https:\/\/howtospa.com\/?s={search_term_string}\"},\"query-input\":\"required name=search_term_string\"}],\"inLanguage\":\"en-US\"},{\"@type\":\"Organization\",\"@id\":\"https:\/\/howtospa.com\/#organization\",\"name\":\"HowToSpa -How to vreate your relaxation\",\"url\":\"https:\/\/howtospa.com\/\",\"logo\":{\"@type\":\"ImageObject\",\"inLanguage\":\"en-US\",\"@id\":\"https:\/\/howtospa.com\/#\/schema\/logo\/image\/\",\"url\":\"https:\/\/howtospa.com\/wp-content\/uploads\/2021\/05\/logo-new-site-2.png\",\"contentUrl\":\"https:\/\/howtospa.com\/wp-content\/uploads\/2021\/05\/logo-new-site-2.png\",\"width\":953,\"height\":332,\"caption\":\"HowToSpa -How to vreate your relaxation\"},\"image\":{\"@id\":\"https:\/\/howtospa.com\/#\/schema\/logo\/image\/\"},\"sameAs\":[\"https:\/\/www.pinterest.fr\/howtospa\"]}]}<\/script>\n<!-- \/ Yoast SEO plugin. -->","yoast_head_json":{"title":"Kit Maison \u00c9nergisant - HowToSpa - How to create your relaxation","robots":{"index":"index","follow":"follow","max-snippet":"max-snippet:-1","max-image-preview":"max-image-preview:large","max-video-preview":"max-video-preview:-1"},"canonical":"https:\/\/howtospa.com\/produit\/kit-maison-energisant-mai-2024\/","og_locale":"en_US","og_type":"article","og_title":"Kit Maison \u00c9nergisant - HowToSpa - How to create your relaxation","og_description":"Pour un v\u00e9ritable moment de plaisir bien m\u00e9rit\u00e9,  How To Spa vous propose dans ce kit:  * Notre Tote Bag Offert  * Notre Tutoriel de Relaxation \"Spa \u00e0 la Maison \u00c9nergisant\"  * Le Nettoyant Visage Solide de Uma\u00ef   * Le Gommage Corps au Pamplemousse de Blancreme  * L'Huile Corps d'Apr\u00e8s Belem aux bois pr\u00e9cieux, \u00e9pic\u00e9 et enivrant, de l'Art du Bain  * Les Cymbales tib\u00e9taines de Peter &amp; Clo  &nbsp;","og_url":"https:\/\/howtospa.com\/produit\/kit-maison-energisant-mai-2024\/","og_site_name":"HowToSpa - How to create your relaxation","article_modified_time":"2024-12-01T23:42:47+00:00","og_image":[{"width":847,"height":848,"url":"https:\/\/howtospa.com\/wp-content\/uploads\/2024\/11\/Kit-Maison-Energisant-Mai-2024.png","type":"image\/png"}],"twitter_card":"summary_large_image","schema":{"@context":"https:\/\/schema.org","@graph":[{"@type":"WebPage","@id":"https:\/\/howtospa.com\/produit\/kit-maison-energisant-mai-2024\/","url":"https:\/\/howtospa.com\/produit\/kit-maison-energisant-mai-2024\/","name":"Kit Maison \u00c9nergisant - HowToSpa - How to create your relaxation","isPartOf":{"@id":"https:\/\/howtospa.com\/#website"},"datePublished":"2024-11-17T01:22:05+00:00","dateModified":"2024-12-01T23:42:47+00:00","breadcrumb":{"@id":"https:\/\/howtospa.com\/produit\/kit-maison-energisant-mai-2024\/#breadcrumb"},"inLanguage":"en-US","potentialAction":[{"@type":"ReadAction","target":["https:\/\/howtospa.com\/produit\/kit-maison-energisant-mai-2024\/"]}]},{"@type":"BreadcrumbList","@id":"https:\/\/howtospa.com\/produit\/kit-maison-energisant-mai-2024\/#breadcrumb","itemListElement":[{"@type":"ListItem","position":1,"name":"Home","item":"https:\/\/howtospa.com\/en\/"},{"@type":"ListItem","position":2,"name":"Produits","item":"https:\/\/howtospa.com\/shop\/"},{"@type":"ListItem","position":3,"name":"Kit Maison \u00c9nergisant"}]},{"@type":"WebSite","@id":"https:\/\/howtospa.com\/#website","url":"https:\/\/howtospa.com\/","name":"HowToSpa -How to vreate your relaxation","description":"Kits, programmes et tutoriels de relaxation, auto-massage et bien-\u00eatre chez soi, au bureau ou dans les transports.","publisher":{"@id":"https:\/\/howtospa.com\/#organization"},"potentialAction":[{"@type":"SearchAction","target":{"@type":"EntryPoint","urlTemplate":"https:\/\/howtospa.com\/?s={search_term_string}"},"query-input":"required name=search_term_string"}],"inLanguage":"en-US"},{"@type":"Organization","@id":"https:\/\/howtospa.com\/#organization","name":"HowToSpa -How to vreate your relaxation","url":"https:\/\/howtospa.com\/","logo":{"@type":"ImageObject","inLanguage":"en-US","@id":"https:\/\/howtospa.com\/#\/schema\/logo\/image\/","url":"https:\/\/howtospa.com\/wp-content\/uploads\/2021\/05\/logo-new-site-2.png","contentUrl":"https:\/\/howtospa.com\/wp-content\/uploads\/2021\/05\/logo-new-site-2.png","width":953,"height":332,"caption":"HowToSpa -How to vreate your relaxation"},"image":{"@id":"https:\/\/howtospa.com\/#\/schema\/logo\/image\/"},"sameAs":["https:\/\/www.pinterest.fr\/howtospa"]}]}},"_links":{"self":[{"href":"https:\/\/howtospa.com\/en\/wp-json\/wp\/v2\/product\/32179"}],"collection":[{"href":"https:\/\/howtospa.com\/en\/wp-json\/wp\/v2\/product"}],"about":[{"href":"https:\/\/howtospa.com\/en\/wp-json\/wp\/v2\/types\/product"}],"wp:featuredmedia":[{"embeddable":true,"href":"https:\/\/howtospa.com\/en\/wp-json\/wp\/v2\/media\/32180"}],"wp:attachment":[{"href":"https:\/\/howtospa.com\/en\/wp-json\/wp\/v2\/media?parent=32179"}],"wp:term":[{"taxonomy":"product_cat","embeddable":true,"href":"https:\/\/howtospa.com\/en\/wp-json\/wp\/v2\/product_cat?post=32179"},{"taxonomy":"product_tag","embeddable":true,"href":"https:\/\/howtospa.com\/en\/wp-json\/wp\/v2\/product_tag?post=32179"}],"curies":[{"name":"wp","href":"https:\/\/api.w.org\/{rel}","templated":true}]}}