{"id":33165,"date":"2025-11-04T21:58:32","date_gmt":"2025-11-04T20:58:32","guid":{"rendered":"https:\/\/howtospa.com\/?post_type=product&#038;p=33165"},"modified":"2025-11-04T22:07:17","modified_gmt":"2025-11-04T21:07:17","slug":"roll-on-chakra-du-coeur-de-le-centre-element","status":"publish","type":"product","link":"https:\/\/howtospa.com\/en\/produit\/roll-on-chakra-du-coeur-de-le-centre-element\/","title":{"rendered":"Roll On Chakra du C\u0153ur de Le Centre \u00c9l\u00e9ment"},"content":{"rendered":"","protected":false},"excerpt":{"rendered":"<div id=\"e-1595933465094\" class=\"element-wrap\" data-label=\"Text Block\" data-icon=\"gpicon-textblock\" data-ver=\"1\" data-id=\"1595933465094\">\n<div class=\"elm text-edit gf-elm-left gf-elm-left-md gf-elm-left-sm gf_gs-text-paragraph-1 gf-elm-left-lg gf-elm-left-xs\" spellcheck=\"false\" data-gemlang=\"en\" data-exc=\"\" data-mci-spellchecked=\"true\">\n<div class=\"wpb_wrapper\">\n<p>Issu de notre Kit <a href=\"https:\/\/howtospa.com\/soin-energetique\/\" target=\"_blank\" rel=\"noopener\">Soin \u00c9nerg\u00e9tique\u00a0<\/a><\/p>\n<p>\u201d Fondateur du concept bien-\u00eatre Le Centre \u00c9l\u00e9ment \u00e0 Paris et sp\u00e9cialis\u00e9 en soins vibratoires, Xavier propose \u00e9galement une superbe gamme de produit bien-\u00eatre.<br \/>\nCe m\u00e9lange d\u2019huile v\u00e9g\u00e9tale bio de Jojoba, Quartz rose et Huiles essentielles de G\u00e9ranium, Cannelle baie du N\u00e9pal, Maniguette fine, Menthe Arvensis, Rhododendron, Vanille (extrait), Magnolia et Verveine Sauvage, vous aidera \u00e0 entrer en r\u00e9sonance avec votre Chakra du Coeur, et contribuera \u00e0 l\u2019harmoniser. Les vertus \u00e9nerg\u00e9tiques et vibratoires des min\u00e9raux et des huiles essentielles vous apporteront une \u00e9nergie remplie d\u2019amour, avec une compassion infinie pour soi-m\u00eame et les autres. \u201d<\/p>\n<p><em>Fabriqu\u00e9 en France \u2013 100% du total des ingr\u00e9dients sont issus de l\u2019agriculture biologique.<\/em><\/p>\n<\/div>\n<p><strong>Flacon 10ml<\/strong><\/p>\n<p><strong>Composition<\/strong> \u00a0: Quartz rose , Huiles essentielles bio, 100% pures et naturelles de G\u00e9ranium Bourbon, Cannelle baie du N\u00e9pal, Maniguette fine, Menthe Arvensis, Rhododendron, Vanille (extrait), Magnolia et Verveine Sauvage, Huile v\u00e9g\u00e9tale bio de Jojoba.<\/p>\n<\/div>\n<\/div>\n","protected":false},"featured_media":31850,"template":"","meta":{"_ppp_document_settings_meta":""},"product_cat":[448,210],"product_tag":[],"composite_layout":"","composite_add_to_cart_form_location":"","composite_editable_in_cart":false,"composite_sold_individually_context":"","composite_shop_price_calc":"","composite_components":[],"composite_scenarios":[],"yoast_head":"<!-- This site is optimized with the Yoast SEO plugin v20.9 - https:\/\/yoast.com\/wordpress\/plugins\/seo\/ -->\n<title>Roll On Chakra du C\u0153ur de Le Centre \u00c9l\u00e9ment - HowToSpa - How to create your relaxation<\/title>\n<meta name=\"description\" content=\"Fondateur du concept bien-\u00eatre Le Centre \u00c9l\u00e9ment \u00e0 Paris et sp\u00e9cialis\u00e9 en soins vibratoires, Xavier propose \u00e9galement une superbe gamme de produit bien-\u00eatre.Ce m\u00e9lange d\u2019huile v\u00e9g\u00e9tale bio de Jojoba, Quartz rose et Huiles essentielles de G\u00e9ranium, Cannelle baie du N\u00e9pal, Maniguette fine, Menthe Arvensis, Rhododendron, Vanille (extrait), Magnolia et Verveine Sauvage, vous aidera \u00e0 entrer en r\u00e9sonance avec votre Chakra du Coeur, et contribuera \u00e0 l\u2019harmoniser. Les vertus \u00e9nerg\u00e9tiques et vibratoires des min\u00e9raux et des huiles essentielles vous apporteront une \u00e9nergie remplie d\u2019amour, avec une compassion infinie pour soi-m\u00eame et les autres.\" \/>\n<meta name=\"robots\" content=\"index, follow, max-snippet:-1, max-image-preview:large, max-video-preview:-1\" \/>\n<link rel=\"canonical\" href=\"https:\/\/howtospa.com\/produit\/roll-on-chakra-du-coeur-de-le-centre-element\/\" \/>\n<meta property=\"og:locale\" content=\"en_US\" \/>\n<meta property=\"og:type\" content=\"article\" \/>\n<meta property=\"og:title\" content=\"Roll On Chakra du C\u0153ur de Le Centre \u00c9l\u00e9ment - HowToSpa - How to create your relaxation\" \/>\n<meta property=\"og:description\" content=\"Fondateur du concept bien-\u00eatre Le Centre \u00c9l\u00e9ment \u00e0 Paris et sp\u00e9cialis\u00e9 en soins vibratoires, Xavier propose \u00e9galement une superbe gamme de produit bien-\u00eatre.Ce m\u00e9lange d\u2019huile v\u00e9g\u00e9tale bio de Jojoba, Quartz rose et Huiles essentielles de G\u00e9ranium, Cannelle baie du N\u00e9pal, Maniguette fine, Menthe Arvensis, Rhododendron, Vanille (extrait), Magnolia et Verveine Sauvage, vous aidera \u00e0 entrer en r\u00e9sonance avec votre Chakra du Coeur, et contribuera \u00e0 l\u2019harmoniser. Les vertus \u00e9nerg\u00e9tiques et vibratoires des min\u00e9raux et des huiles essentielles vous apporteront une \u00e9nergie remplie d\u2019amour, avec une compassion infinie pour soi-m\u00eame et les autres.\" \/>\n<meta property=\"og:url\" content=\"https:\/\/howtospa.com\/produit\/roll-on-chakra-du-coeur-de-le-centre-element\/\" \/>\n<meta property=\"og:site_name\" content=\"HowToSpa - How to create your relaxation\" \/>\n<meta property=\"article:modified_time\" content=\"2025-11-04T21:07:17+00:00\" \/>\n<meta property=\"og:image\" content=\"https:\/\/howtospa.com\/wp-content\/uploads\/2024\/09\/Roll-on-chakra.jpg\" \/>\n\t<meta property=\"og:image:width\" content=\"1125\" \/>\n\t<meta property=\"og:image:height\" content=\"1125\" \/>\n\t<meta property=\"og:image:type\" content=\"image\/jpeg\" \/>\n<meta name=\"twitter:card\" content=\"summary_large_image\" \/>\n<script type=\"application\/ld+json\" class=\"yoast-schema-graph\">{\"@context\":\"https:\/\/schema.org\",\"@graph\":[{\"@type\":\"WebPage\",\"@id\":\"https:\/\/howtospa.com\/produit\/roll-on-chakra-du-coeur-de-le-centre-element\/\",\"url\":\"https:\/\/howtospa.com\/produit\/roll-on-chakra-du-coeur-de-le-centre-element\/\",\"name\":\"Roll On Chakra du C\u0153ur de Le Centre \u00c9l\u00e9ment - HowToSpa - How to create your relaxation\",\"isPartOf\":{\"@id\":\"https:\/\/howtospa.com\/#website\"},\"datePublished\":\"2025-11-04T20:58:32+00:00\",\"dateModified\":\"2025-11-04T21:07:17+00:00\",\"description\":\"Fondateur du concept bien-\u00eatre Le Centre \u00c9l\u00e9ment \u00e0 Paris et sp\u00e9cialis\u00e9 en soins vibratoires, Xavier propose \u00e9galement une superbe gamme de produit bien-\u00eatre.Ce m\u00e9lange d\u2019huile v\u00e9g\u00e9tale bio de Jojoba, Quartz rose et Huiles essentielles de G\u00e9ranium, Cannelle baie du N\u00e9pal, Maniguette fine, Menthe Arvensis, Rhododendron, Vanille (extrait), Magnolia et Verveine Sauvage, vous aidera \u00e0 entrer en r\u00e9sonance avec votre Chakra du Coeur, et contribuera \u00e0 l\u2019harmoniser. Les vertus \u00e9nerg\u00e9tiques et vibratoires des min\u00e9raux et des huiles essentielles vous apporteront une \u00e9nergie remplie d\u2019amour, avec une compassion infinie pour soi-m\u00eame et les autres.\",\"breadcrumb\":{\"@id\":\"https:\/\/howtospa.com\/produit\/roll-on-chakra-du-coeur-de-le-centre-element\/#breadcrumb\"},\"inLanguage\":\"en-US\",\"potentialAction\":[{\"@type\":\"ReadAction\",\"target\":[\"https:\/\/howtospa.com\/produit\/roll-on-chakra-du-coeur-de-le-centre-element\/\"]}]},{\"@type\":\"BreadcrumbList\",\"@id\":\"https:\/\/howtospa.com\/produit\/roll-on-chakra-du-coeur-de-le-centre-element\/#breadcrumb\",\"itemListElement\":[{\"@type\":\"ListItem\",\"position\":1,\"name\":\"Home\",\"item\":\"https:\/\/howtospa.com\/en\/\"},{\"@type\":\"ListItem\",\"position\":2,\"name\":\"Produits\",\"item\":\"https:\/\/howtospa.com\/shop\/\"},{\"@type\":\"ListItem\",\"position\":3,\"name\":\"Roll On Chakra du C\u0153ur de Le Centre \u00c9l\u00e9ment\"}]},{\"@type\":\"WebSite\",\"@id\":\"https:\/\/howtospa.com\/#website\",\"url\":\"https:\/\/howtospa.com\/\",\"name\":\"HowToSpa -How to vreate your relaxation\",\"description\":\"Kits, programmes et tutoriels de relaxation, auto-massage et bien-\u00eatre chez soi, au bureau ou dans les transports.\",\"publisher\":{\"@id\":\"https:\/\/howtospa.com\/#organization\"},\"potentialAction\":[{\"@type\":\"SearchAction\",\"target\":{\"@type\":\"EntryPoint\",\"urlTemplate\":\"https:\/\/howtospa.com\/?s={search_term_string}\"},\"query-input\":\"required name=search_term_string\"}],\"inLanguage\":\"en-US\"},{\"@type\":\"Organization\",\"@id\":\"https:\/\/howtospa.com\/#organization\",\"name\":\"HowToSpa -How to vreate your relaxation\",\"url\":\"https:\/\/howtospa.com\/\",\"logo\":{\"@type\":\"ImageObject\",\"inLanguage\":\"en-US\",\"@id\":\"https:\/\/howtospa.com\/#\/schema\/logo\/image\/\",\"url\":\"https:\/\/howtospa.com\/wp-content\/uploads\/2021\/05\/logo-new-site-2.png\",\"contentUrl\":\"https:\/\/howtospa.com\/wp-content\/uploads\/2021\/05\/logo-new-site-2.png\",\"width\":953,\"height\":332,\"caption\":\"HowToSpa -How to vreate your relaxation\"},\"image\":{\"@id\":\"https:\/\/howtospa.com\/#\/schema\/logo\/image\/\"},\"sameAs\":[\"https:\/\/www.pinterest.fr\/howtospa\"]}]}<\/script>\n<!-- \/ Yoast SEO plugin. -->","yoast_head_json":{"title":"Roll On Chakra du C\u0153ur de Le Centre \u00c9l\u00e9ment - HowToSpa - How to create your relaxation","description":"Fondateur du concept bien-\u00eatre Le Centre \u00c9l\u00e9ment \u00e0 Paris et sp\u00e9cialis\u00e9 en soins vibratoires, Xavier propose \u00e9galement une superbe gamme de produit bien-\u00eatre.Ce m\u00e9lange d\u2019huile v\u00e9g\u00e9tale bio de Jojoba, Quartz rose et Huiles essentielles de G\u00e9ranium, Cannelle baie du N\u00e9pal, Maniguette fine, Menthe Arvensis, Rhododendron, Vanille (extrait), Magnolia et Verveine Sauvage, vous aidera \u00e0 entrer en r\u00e9sonance avec votre Chakra du Coeur, et contribuera \u00e0 l\u2019harmoniser. Les vertus \u00e9nerg\u00e9tiques et vibratoires des min\u00e9raux et des huiles essentielles vous apporteront une \u00e9nergie remplie d\u2019amour, avec une compassion infinie pour soi-m\u00eame et les autres.","robots":{"index":"index","follow":"follow","max-snippet":"max-snippet:-1","max-image-preview":"max-image-preview:large","max-video-preview":"max-video-preview:-1"},"canonical":"https:\/\/howtospa.com\/produit\/roll-on-chakra-du-coeur-de-le-centre-element\/","og_locale":"en_US","og_type":"article","og_title":"Roll On Chakra du C\u0153ur de Le Centre \u00c9l\u00e9ment - HowToSpa - How to create your relaxation","og_description":"Fondateur du concept bien-\u00eatre Le Centre \u00c9l\u00e9ment \u00e0 Paris et sp\u00e9cialis\u00e9 en soins vibratoires, Xavier propose \u00e9galement une superbe gamme de produit bien-\u00eatre.Ce m\u00e9lange d\u2019huile v\u00e9g\u00e9tale bio de Jojoba, Quartz rose et Huiles essentielles de G\u00e9ranium, Cannelle baie du N\u00e9pal, Maniguette fine, Menthe Arvensis, Rhododendron, Vanille (extrait), Magnolia et Verveine Sauvage, vous aidera \u00e0 entrer en r\u00e9sonance avec votre Chakra du Coeur, et contribuera \u00e0 l\u2019harmoniser. Les vertus \u00e9nerg\u00e9tiques et vibratoires des min\u00e9raux et des huiles essentielles vous apporteront une \u00e9nergie remplie d\u2019amour, avec une compassion infinie pour soi-m\u00eame et les autres.","og_url":"https:\/\/howtospa.com\/produit\/roll-on-chakra-du-coeur-de-le-centre-element\/","og_site_name":"HowToSpa - How to create your relaxation","article_modified_time":"2025-11-04T21:07:17+00:00","og_image":[{"width":1125,"height":1125,"url":"https:\/\/howtospa.com\/wp-content\/uploads\/2024\/09\/Roll-on-chakra.jpg","type":"image\/jpeg"}],"twitter_card":"summary_large_image","schema":{"@context":"https:\/\/schema.org","@graph":[{"@type":"WebPage","@id":"https:\/\/howtospa.com\/produit\/roll-on-chakra-du-coeur-de-le-centre-element\/","url":"https:\/\/howtospa.com\/produit\/roll-on-chakra-du-coeur-de-le-centre-element\/","name":"Roll On Chakra du C\u0153ur de Le Centre \u00c9l\u00e9ment - HowToSpa - How to create your relaxation","isPartOf":{"@id":"https:\/\/howtospa.com\/#website"},"datePublished":"2025-11-04T20:58:32+00:00","dateModified":"2025-11-04T21:07:17+00:00","description":"Fondateur du concept bien-\u00eatre Le Centre \u00c9l\u00e9ment \u00e0 Paris et sp\u00e9cialis\u00e9 en soins vibratoires, Xavier propose \u00e9galement une superbe gamme de produit bien-\u00eatre.Ce m\u00e9lange d\u2019huile v\u00e9g\u00e9tale bio de Jojoba, Quartz rose et Huiles essentielles de G\u00e9ranium, Cannelle baie du N\u00e9pal, Maniguette fine, Menthe Arvensis, Rhododendron, Vanille (extrait), Magnolia et Verveine Sauvage, vous aidera \u00e0 entrer en r\u00e9sonance avec votre Chakra du Coeur, et contribuera \u00e0 l\u2019harmoniser. Les vertus \u00e9nerg\u00e9tiques et vibratoires des min\u00e9raux et des huiles essentielles vous apporteront une \u00e9nergie remplie d\u2019amour, avec une compassion infinie pour soi-m\u00eame et les autres.","breadcrumb":{"@id":"https:\/\/howtospa.com\/produit\/roll-on-chakra-du-coeur-de-le-centre-element\/#breadcrumb"},"inLanguage":"en-US","potentialAction":[{"@type":"ReadAction","target":["https:\/\/howtospa.com\/produit\/roll-on-chakra-du-coeur-de-le-centre-element\/"]}]},{"@type":"BreadcrumbList","@id":"https:\/\/howtospa.com\/produit\/roll-on-chakra-du-coeur-de-le-centre-element\/#breadcrumb","itemListElement":[{"@type":"ListItem","position":1,"name":"Home","item":"https:\/\/howtospa.com\/en\/"},{"@type":"ListItem","position":2,"name":"Produits","item":"https:\/\/howtospa.com\/shop\/"},{"@type":"ListItem","position":3,"name":"Roll On Chakra du C\u0153ur de Le Centre \u00c9l\u00e9ment"}]},{"@type":"WebSite","@id":"https:\/\/howtospa.com\/#website","url":"https:\/\/howtospa.com\/","name":"HowToSpa -How to vreate your relaxation","description":"Kits, programmes et tutoriels de relaxation, auto-massage et bien-\u00eatre chez soi, au bureau ou dans les transports.","publisher":{"@id":"https:\/\/howtospa.com\/#organization"},"potentialAction":[{"@type":"SearchAction","target":{"@type":"EntryPoint","urlTemplate":"https:\/\/howtospa.com\/?s={search_term_string}"},"query-input":"required name=search_term_string"}],"inLanguage":"en-US"},{"@type":"Organization","@id":"https:\/\/howtospa.com\/#organization","name":"HowToSpa -How to vreate your relaxation","url":"https:\/\/howtospa.com\/","logo":{"@type":"ImageObject","inLanguage":"en-US","@id":"https:\/\/howtospa.com\/#\/schema\/logo\/image\/","url":"https:\/\/howtospa.com\/wp-content\/uploads\/2021\/05\/logo-new-site-2.png","contentUrl":"https:\/\/howtospa.com\/wp-content\/uploads\/2021\/05\/logo-new-site-2.png","width":953,"height":332,"caption":"HowToSpa -How to vreate your relaxation"},"image":{"@id":"https:\/\/howtospa.com\/#\/schema\/logo\/image\/"},"sameAs":["https:\/\/www.pinterest.fr\/howtospa"]}]}},"_links":{"self":[{"href":"https:\/\/howtospa.com\/en\/wp-json\/wp\/v2\/product\/33165"}],"collection":[{"href":"https:\/\/howtospa.com\/en\/wp-json\/wp\/v2\/product"}],"about":[{"href":"https:\/\/howtospa.com\/en\/wp-json\/wp\/v2\/types\/product"}],"wp:featuredmedia":[{"embeddable":true,"href":"https:\/\/howtospa.com\/en\/wp-json\/wp\/v2\/media\/31850"}],"wp:attachment":[{"href":"https:\/\/howtospa.com\/en\/wp-json\/wp\/v2\/media?parent=33165"}],"wp:term":[{"taxonomy":"product_cat","embeddable":true,"href":"https:\/\/howtospa.com\/en\/wp-json\/wp\/v2\/product_cat?post=33165"},{"taxonomy":"product_tag","embeddable":true,"href":"https:\/\/howtospa.com\/en\/wp-json\/wp\/v2\/product_tag?post=33165"}],"curies":[{"name":"wp","href":"https:\/\/api.w.org\/{rel}","templated":true}]}}