{"id":33167,"date":"2025-11-04T22:14:47","date_gmt":"2025-11-04T21:14:47","guid":{"rendered":"https:\/\/howtospa.com\/?post_type=product&#038;p=33167"},"modified":"2025-11-04T22:25:02","modified_gmt":"2025-11-04T21:25:02","slug":"huile-soyeuse-aimante-de-aimee-de-mars","status":"publish","type":"product","link":"https:\/\/howtospa.com\/en\/produit\/huile-soyeuse-aimante-de-aimee-de-mars\/","title":{"rendered":"L&#8217;Huile Soyeuse Aimante de Aim\u00e9e de Mars"},"content":{"rendered":"","protected":false},"excerpt":{"rendered":"<div id=\"e-1595933465094\" class=\"element-wrap\" data-label=\"Text Block\" data-icon=\"gpicon-textblock\" data-ver=\"1\" data-id=\"1595933465094\">\n<div class=\"elm text-edit gf-elm-left gf-elm-left-md gf-elm-left-sm gf_gs-text-paragraph-1 gf-elm-left-lg gf-elm-left-xs\" spellcheck=\"false\" data-gemlang=\"en\" data-exc=\"\" data-mci-spellchecked=\"true\">\n<div class=\"wpb_wrapper\">\n<p>Issu de notre Kit <a href=\"https:\/\/howtospa.com\/soin-energetique\/\" target=\"_blank\" rel=\"noopener\">Soin \u00c9nerg\u00e9tique\u00a0<\/a><\/p>\n<p>\u201d Val\u00e9rie, fondatrice de la belle marque Aim\u00e9e de Mars, est une vrai passionn\u00e9e de parfum. Ces cr\u00e9ations sont toutes plus d\u00e9licates les unes que les autres, dont de superbes huiles visages et corps. Pour votre automassage, cette huile agit sur l\u2019ouverture du c\u0153ur et l\u2019expression de soi. Enrichie en CBD et formul\u00e9e avec 3 huiles v\u00e9g\u00e9tales s\u00e8ches et biologiques (huiles de P\u00e9rilla, Jojoba, et Tournesol) elle est \u00e0 la fois r\u00e9g\u00e9n\u00e9rante, relaxante et nourrissante. L\u2019accord de la rose, de la myrrhe et du santal agit tel un baume r\u00e9confortant et lib\u00e8re les \u00e9motions.Ce m\u00e9lange d\u2019huiles essentielles de Romarin, Orange douce, Gingembre, Lavandin, G\u00e9ranium, Bergamote et Rose de Damas vous emm\u00e8neront dans un cocon de douceur. \u201d<\/p>\n<p><em>100% d\u2019origine naturelle, certifi\u00e9e Cosmos Natural.<\/em><\/p>\n<\/div>\n<p><strong>Flacon 50ml<\/strong><\/p>\n<p><strong>Composition<\/strong> \u00a0: Helianthus Annuus Seed Oil, Caprylic\/Capric Triglyceride, Coco-Caprilate\/Caprate, Perilla Ocymoides Seed Oil*, Simmondsia Chinensis Seed Oil*, Parfum,\u00a0 Farnesol, Geraniol, Limonene, Linalool, Coumarin, Cannabidiol, Tocopherol, Et Une Genereuse Dose De Tendresse.<\/p>\n<p>*Ingr\u00e9dients issus de l\u2019agriculture biologique.<\/p>\n<\/div>\n<\/div>\n","protected":false},"featured_media":31846,"template":"","meta":{"_ppp_document_settings_meta":""},"product_cat":[448,210],"product_tag":[],"composite_layout":"","composite_add_to_cart_form_location":"","composite_editable_in_cart":false,"composite_sold_individually_context":"","composite_shop_price_calc":"","composite_components":[],"composite_scenarios":[],"yoast_head":"<!-- This site is optimized with the Yoast SEO plugin v20.9 - https:\/\/yoast.com\/wordpress\/plugins\/seo\/ -->\n<title>L&#039;Huile Soyeuse Aimante de Aim\u00e9e de Mars - HowToSpa - How to create your relaxation<\/title>\n<meta name=\"description\" content=\"\u201d Val\u00e9rie, fondatrice de la belle marque Aim\u00e9e de Mars, est une vrai passionn\u00e9e de parfum. Ces cr\u00e9ations sont toutes plus d\u00e9licates les unes que les autres, dont de superbes huiles visages et corps. Pour votre automassage, cette huile agit sur l\u2019ouverture du c\u0153ur et l\u2019expression de soi. Enrichie en CBD et formul\u00e9e avec 3 huiles v\u00e9g\u00e9tales s\u00e8ches et biologiques (huiles de P\u00e9rilla, Jojoba, et Tournesol) elle est \u00e0 la fois r\u00e9g\u00e9n\u00e9rante, relaxante et nourrissante. L\u2019accord de la rose, de la myrrhe et du santal agit tel un baume r\u00e9confortant et lib\u00e8re les \u00e9motions.Ce m\u00e9lange d\u2019huiles essentielles de Romarin, Orange douce, Gingembre, Lavandin, G\u00e9ranium, Bergamote et Rose de Damas vous emm\u00e8neront dans un cocon de douceur. \u201d100% d\u2019origine naturelle, certifi\u00e9e Cosmos Natural.\" \/>\n<meta name=\"robots\" content=\"index, follow, max-snippet:-1, max-image-preview:large, max-video-preview:-1\" \/>\n<link rel=\"canonical\" href=\"https:\/\/howtospa.com\/produit\/huile-soyeuse-aimante-de-aimee-de-mars\/\" \/>\n<meta property=\"og:locale\" content=\"en_US\" \/>\n<meta property=\"og:type\" content=\"article\" \/>\n<meta property=\"og:title\" content=\"L&#039;Huile Soyeuse Aimante de Aim\u00e9e de Mars - HowToSpa - How to create your relaxation\" \/>\n<meta property=\"og:description\" content=\"\u201d Val\u00e9rie, fondatrice de la belle marque Aim\u00e9e de Mars, est une vrai passionn\u00e9e de parfum. Ces cr\u00e9ations sont toutes plus d\u00e9licates les unes que les autres, dont de superbes huiles visages et corps. Pour votre automassage, cette huile agit sur l\u2019ouverture du c\u0153ur et l\u2019expression de soi. Enrichie en CBD et formul\u00e9e avec 3 huiles v\u00e9g\u00e9tales s\u00e8ches et biologiques (huiles de P\u00e9rilla, Jojoba, et Tournesol) elle est \u00e0 la fois r\u00e9g\u00e9n\u00e9rante, relaxante et nourrissante. L\u2019accord de la rose, de la myrrhe et du santal agit tel un baume r\u00e9confortant et lib\u00e8re les \u00e9motions.Ce m\u00e9lange d\u2019huiles essentielles de Romarin, Orange douce, Gingembre, Lavandin, G\u00e9ranium, Bergamote et Rose de Damas vous emm\u00e8neront dans un cocon de douceur. \u201d100% d\u2019origine naturelle, certifi\u00e9e Cosmos Natural.\" \/>\n<meta property=\"og:url\" content=\"https:\/\/howtospa.com\/produit\/huile-soyeuse-aimante-de-aimee-de-mars\/\" \/>\n<meta property=\"og:site_name\" content=\"HowToSpa - How to create your relaxation\" \/>\n<meta property=\"article:modified_time\" content=\"2025-11-04T21:25:02+00:00\" \/>\n<meta property=\"og:image\" content=\"https:\/\/howtospa.com\/wp-content\/uploads\/2024\/09\/Huile-corps-soyeuse.jpg\" \/>\n\t<meta property=\"og:image:width\" content=\"1125\" \/>\n\t<meta property=\"og:image:height\" content=\"1125\" \/>\n\t<meta property=\"og:image:type\" content=\"image\/jpeg\" \/>\n<meta name=\"twitter:card\" content=\"summary_large_image\" \/>\n<script type=\"application\/ld+json\" class=\"yoast-schema-graph\">{\"@context\":\"https:\/\/schema.org\",\"@graph\":[{\"@type\":\"WebPage\",\"@id\":\"https:\/\/howtospa.com\/produit\/huile-soyeuse-aimante-de-aimee-de-mars\/\",\"url\":\"https:\/\/howtospa.com\/produit\/huile-soyeuse-aimante-de-aimee-de-mars\/\",\"name\":\"L'Huile Soyeuse Aimante de Aim\u00e9e de Mars - HowToSpa - How to create your relaxation\",\"isPartOf\":{\"@id\":\"https:\/\/howtospa.com\/#website\"},\"datePublished\":\"2025-11-04T21:14:47+00:00\",\"dateModified\":\"2025-11-04T21:25:02+00:00\",\"description\":\"\u201d Val\u00e9rie, fondatrice de la belle marque Aim\u00e9e de Mars, est une vrai passionn\u00e9e de parfum. Ces cr\u00e9ations sont toutes plus d\u00e9licates les unes que les autres, dont de superbes huiles visages et corps. Pour votre automassage, cette huile agit sur l\u2019ouverture du c\u0153ur et l\u2019expression de soi. Enrichie en CBD et formul\u00e9e avec 3 huiles v\u00e9g\u00e9tales s\u00e8ches et biologiques (huiles de P\u00e9rilla, Jojoba, et Tournesol) elle est \u00e0 la fois r\u00e9g\u00e9n\u00e9rante, relaxante et nourrissante. L\u2019accord de la rose, de la myrrhe et du santal agit tel un baume r\u00e9confortant et lib\u00e8re les \u00e9motions.Ce m\u00e9lange d\u2019huiles essentielles de Romarin, Orange douce, Gingembre, Lavandin, G\u00e9ranium, Bergamote et Rose de Damas vous emm\u00e8neront dans un cocon de douceur. \u201d100% d\u2019origine naturelle, certifi\u00e9e Cosmos Natural.\",\"breadcrumb\":{\"@id\":\"https:\/\/howtospa.com\/produit\/huile-soyeuse-aimante-de-aimee-de-mars\/#breadcrumb\"},\"inLanguage\":\"en-US\",\"potentialAction\":[{\"@type\":\"ReadAction\",\"target\":[\"https:\/\/howtospa.com\/produit\/huile-soyeuse-aimante-de-aimee-de-mars\/\"]}]},{\"@type\":\"BreadcrumbList\",\"@id\":\"https:\/\/howtospa.com\/produit\/huile-soyeuse-aimante-de-aimee-de-mars\/#breadcrumb\",\"itemListElement\":[{\"@type\":\"ListItem\",\"position\":1,\"name\":\"Home\",\"item\":\"https:\/\/howtospa.com\/en\/\"},{\"@type\":\"ListItem\",\"position\":2,\"name\":\"Produits\",\"item\":\"https:\/\/howtospa.com\/shop\/\"},{\"@type\":\"ListItem\",\"position\":3,\"name\":\"L&#8217;Huile Soyeuse Aimante de Aim\u00e9e de Mars\"}]},{\"@type\":\"WebSite\",\"@id\":\"https:\/\/howtospa.com\/#website\",\"url\":\"https:\/\/howtospa.com\/\",\"name\":\"HowToSpa -How to vreate your relaxation\",\"description\":\"Kits, programmes et tutoriels de relaxation, auto-massage et bien-\u00eatre chez soi, au bureau ou dans les transports.\",\"publisher\":{\"@id\":\"https:\/\/howtospa.com\/#organization\"},\"potentialAction\":[{\"@type\":\"SearchAction\",\"target\":{\"@type\":\"EntryPoint\",\"urlTemplate\":\"https:\/\/howtospa.com\/?s={search_term_string}\"},\"query-input\":\"required name=search_term_string\"}],\"inLanguage\":\"en-US\"},{\"@type\":\"Organization\",\"@id\":\"https:\/\/howtospa.com\/#organization\",\"name\":\"HowToSpa -How to vreate your relaxation\",\"url\":\"https:\/\/howtospa.com\/\",\"logo\":{\"@type\":\"ImageObject\",\"inLanguage\":\"en-US\",\"@id\":\"https:\/\/howtospa.com\/#\/schema\/logo\/image\/\",\"url\":\"https:\/\/howtospa.com\/wp-content\/uploads\/2021\/05\/logo-new-site-2.png\",\"contentUrl\":\"https:\/\/howtospa.com\/wp-content\/uploads\/2021\/05\/logo-new-site-2.png\",\"width\":953,\"height\":332,\"caption\":\"HowToSpa -How to vreate your relaxation\"},\"image\":{\"@id\":\"https:\/\/howtospa.com\/#\/schema\/logo\/image\/\"},\"sameAs\":[\"https:\/\/www.pinterest.fr\/howtospa\"]}]}<\/script>\n<!-- \/ Yoast SEO plugin. -->","yoast_head_json":{"title":"L'Huile Soyeuse Aimante de Aim\u00e9e de Mars - HowToSpa - How to create your relaxation","description":"\u201d Val\u00e9rie, fondatrice de la belle marque Aim\u00e9e de Mars, est une vrai passionn\u00e9e de parfum. Ces cr\u00e9ations sont toutes plus d\u00e9licates les unes que les autres, dont de superbes huiles visages et corps. Pour votre automassage, cette huile agit sur l\u2019ouverture du c\u0153ur et l\u2019expression de soi. Enrichie en CBD et formul\u00e9e avec 3 huiles v\u00e9g\u00e9tales s\u00e8ches et biologiques (huiles de P\u00e9rilla, Jojoba, et Tournesol) elle est \u00e0 la fois r\u00e9g\u00e9n\u00e9rante, relaxante et nourrissante. L\u2019accord de la rose, de la myrrhe et du santal agit tel un baume r\u00e9confortant et lib\u00e8re les \u00e9motions.Ce m\u00e9lange d\u2019huiles essentielles de Romarin, Orange douce, Gingembre, Lavandin, G\u00e9ranium, Bergamote et Rose de Damas vous emm\u00e8neront dans un cocon de douceur. \u201d100% d\u2019origine naturelle, certifi\u00e9e Cosmos Natural.","robots":{"index":"index","follow":"follow","max-snippet":"max-snippet:-1","max-image-preview":"max-image-preview:large","max-video-preview":"max-video-preview:-1"},"canonical":"https:\/\/howtospa.com\/produit\/huile-soyeuse-aimante-de-aimee-de-mars\/","og_locale":"en_US","og_type":"article","og_title":"L'Huile Soyeuse Aimante de Aim\u00e9e de Mars - HowToSpa - How to create your relaxation","og_description":"\u201d Val\u00e9rie, fondatrice de la belle marque Aim\u00e9e de Mars, est une vrai passionn\u00e9e de parfum. Ces cr\u00e9ations sont toutes plus d\u00e9licates les unes que les autres, dont de superbes huiles visages et corps. Pour votre automassage, cette huile agit sur l\u2019ouverture du c\u0153ur et l\u2019expression de soi. Enrichie en CBD et formul\u00e9e avec 3 huiles v\u00e9g\u00e9tales s\u00e8ches et biologiques (huiles de P\u00e9rilla, Jojoba, et Tournesol) elle est \u00e0 la fois r\u00e9g\u00e9n\u00e9rante, relaxante et nourrissante. L\u2019accord de la rose, de la myrrhe et du santal agit tel un baume r\u00e9confortant et lib\u00e8re les \u00e9motions.Ce m\u00e9lange d\u2019huiles essentielles de Romarin, Orange douce, Gingembre, Lavandin, G\u00e9ranium, Bergamote et Rose de Damas vous emm\u00e8neront dans un cocon de douceur. \u201d100% d\u2019origine naturelle, certifi\u00e9e Cosmos Natural.","og_url":"https:\/\/howtospa.com\/produit\/huile-soyeuse-aimante-de-aimee-de-mars\/","og_site_name":"HowToSpa - How to create your relaxation","article_modified_time":"2025-11-04T21:25:02+00:00","og_image":[{"width":1125,"height":1125,"url":"https:\/\/howtospa.com\/wp-content\/uploads\/2024\/09\/Huile-corps-soyeuse.jpg","type":"image\/jpeg"}],"twitter_card":"summary_large_image","schema":{"@context":"https:\/\/schema.org","@graph":[{"@type":"WebPage","@id":"https:\/\/howtospa.com\/produit\/huile-soyeuse-aimante-de-aimee-de-mars\/","url":"https:\/\/howtospa.com\/produit\/huile-soyeuse-aimante-de-aimee-de-mars\/","name":"L'Huile Soyeuse Aimante de Aim\u00e9e de Mars - HowToSpa - How to create your relaxation","isPartOf":{"@id":"https:\/\/howtospa.com\/#website"},"datePublished":"2025-11-04T21:14:47+00:00","dateModified":"2025-11-04T21:25:02+00:00","description":"\u201d Val\u00e9rie, fondatrice de la belle marque Aim\u00e9e de Mars, est une vrai passionn\u00e9e de parfum. Ces cr\u00e9ations sont toutes plus d\u00e9licates les unes que les autres, dont de superbes huiles visages et corps. Pour votre automassage, cette huile agit sur l\u2019ouverture du c\u0153ur et l\u2019expression de soi. Enrichie en CBD et formul\u00e9e avec 3 huiles v\u00e9g\u00e9tales s\u00e8ches et biologiques (huiles de P\u00e9rilla, Jojoba, et Tournesol) elle est \u00e0 la fois r\u00e9g\u00e9n\u00e9rante, relaxante et nourrissante. L\u2019accord de la rose, de la myrrhe et du santal agit tel un baume r\u00e9confortant et lib\u00e8re les \u00e9motions.Ce m\u00e9lange d\u2019huiles essentielles de Romarin, Orange douce, Gingembre, Lavandin, G\u00e9ranium, Bergamote et Rose de Damas vous emm\u00e8neront dans un cocon de douceur. \u201d100% d\u2019origine naturelle, certifi\u00e9e Cosmos Natural.","breadcrumb":{"@id":"https:\/\/howtospa.com\/produit\/huile-soyeuse-aimante-de-aimee-de-mars\/#breadcrumb"},"inLanguage":"en-US","potentialAction":[{"@type":"ReadAction","target":["https:\/\/howtospa.com\/produit\/huile-soyeuse-aimante-de-aimee-de-mars\/"]}]},{"@type":"BreadcrumbList","@id":"https:\/\/howtospa.com\/produit\/huile-soyeuse-aimante-de-aimee-de-mars\/#breadcrumb","itemListElement":[{"@type":"ListItem","position":1,"name":"Home","item":"https:\/\/howtospa.com\/en\/"},{"@type":"ListItem","position":2,"name":"Produits","item":"https:\/\/howtospa.com\/shop\/"},{"@type":"ListItem","position":3,"name":"L&#8217;Huile Soyeuse Aimante de Aim\u00e9e de Mars"}]},{"@type":"WebSite","@id":"https:\/\/howtospa.com\/#website","url":"https:\/\/howtospa.com\/","name":"HowToSpa -How to vreate your relaxation","description":"Kits, programmes et tutoriels de relaxation, auto-massage et bien-\u00eatre chez soi, au bureau ou dans les transports.","publisher":{"@id":"https:\/\/howtospa.com\/#organization"},"potentialAction":[{"@type":"SearchAction","target":{"@type":"EntryPoint","urlTemplate":"https:\/\/howtospa.com\/?s={search_term_string}"},"query-input":"required name=search_term_string"}],"inLanguage":"en-US"},{"@type":"Organization","@id":"https:\/\/howtospa.com\/#organization","name":"HowToSpa -How to vreate your relaxation","url":"https:\/\/howtospa.com\/","logo":{"@type":"ImageObject","inLanguage":"en-US","@id":"https:\/\/howtospa.com\/#\/schema\/logo\/image\/","url":"https:\/\/howtospa.com\/wp-content\/uploads\/2021\/05\/logo-new-site-2.png","contentUrl":"https:\/\/howtospa.com\/wp-content\/uploads\/2021\/05\/logo-new-site-2.png","width":953,"height":332,"caption":"HowToSpa -How to vreate your relaxation"},"image":{"@id":"https:\/\/howtospa.com\/#\/schema\/logo\/image\/"},"sameAs":["https:\/\/www.pinterest.fr\/howtospa"]}]}},"_links":{"self":[{"href":"https:\/\/howtospa.com\/en\/wp-json\/wp\/v2\/product\/33167"}],"collection":[{"href":"https:\/\/howtospa.com\/en\/wp-json\/wp\/v2\/product"}],"about":[{"href":"https:\/\/howtospa.com\/en\/wp-json\/wp\/v2\/types\/product"}],"wp:featuredmedia":[{"embeddable":true,"href":"https:\/\/howtospa.com\/en\/wp-json\/wp\/v2\/media\/31846"}],"wp:attachment":[{"href":"https:\/\/howtospa.com\/en\/wp-json\/wp\/v2\/media?parent=33167"}],"wp:term":[{"taxonomy":"product_cat","embeddable":true,"href":"https:\/\/howtospa.com\/en\/wp-json\/wp\/v2\/product_cat?post=33167"},{"taxonomy":"product_tag","embeddable":true,"href":"https:\/\/howtospa.com\/en\/wp-json\/wp\/v2\/product_tag?post=33167"}],"curies":[{"name":"wp","href":"https:\/\/api.w.org\/{rel}","templated":true}]}}