{"id":33168,"date":"2025-11-04T22:26:52","date_gmt":"2025-11-04T21:26:52","guid":{"rendered":"https:\/\/howtospa.com\/?post_type=product&#038;p=33168"},"modified":"2025-11-05T01:06:07","modified_gmt":"2025-11-05T00:06:07","slug":"lange-double-de-douceur-de-coton","status":"publish","type":"product","link":"https:\/\/howtospa.com\/en\/produit\/lange-double-de-douceur-de-coton\/","title":{"rendered":"Lange Doubl\u00e9 de Douceur de Coton"},"content":{"rendered":"","protected":false},"excerpt":{"rendered":"<div id=\"e-1595933465094\" class=\"element-wrap\" data-label=\"Text Block\" data-icon=\"gpicon-textblock\" data-ver=\"1\" data-id=\"1595933465094\">\n<div class=\"elm text-edit gf-elm-left gf-elm-left-md gf-elm-left-sm gf_gs-text-paragraph-1 gf-elm-left-lg gf-elm-left-xs\" spellcheck=\"false\" data-gemlang=\"en\" data-exc=\"\" data-mci-spellchecked=\"true\">\n<div class=\"wpb_wrapper\">\n<p>Issu de notre Kit <a href=\"https:\/\/howtospa.com\/kit-relaxation-zen-baby\/\" target=\"_blank\" rel=\"noopener\">Zen Baby<\/a><\/p>\n<p>\u201d Sabrina, la fondatrice de la marque Douceur de Coton, a confectionn\u00e9 ce superbe lange doubl\u00e9 sur-mesure, afin que votre enfant se retrouve sur un v\u00e9ritable cocon de douceur pour son massage \u201d<br \/>\nDouble gaz et coton bio certifi\u00e9s Oeko Tex. Cousu main en France, avec amour.<\/p>\n<\/div>\n<p>Tissu en double gaze doubl\u00e9e de gaze unie \u00e9crue 50cm x70 cm<\/p>\n<\/div>\n<\/div>\n","protected":false},"featured_media":30435,"template":"","meta":{"_ppp_document_settings_meta":""},"product_cat":[210,450],"product_tag":[],"composite_layout":"","composite_add_to_cart_form_location":"","composite_editable_in_cart":false,"composite_sold_individually_context":"","composite_shop_price_calc":"","composite_components":[],"composite_scenarios":[],"yoast_head":"<!-- This site is optimized with the Yoast SEO plugin v20.9 - https:\/\/yoast.com\/wordpress\/plugins\/seo\/ -->\n<title>Lange Doubl\u00e9 de Douceur de Coton - HowToSpa - How to create your relaxation<\/title>\n<meta name=\"description\" content=\"\u201d Sabrina, la fondatrice de la marque Douceur de Coton, a confectionn\u00e9 ce superbe lange doubl\u00e9 sur-mesure, afin que votre enfant se retrouve sur un v\u00e9ritable cocon de douceur pour son massage \u201dDouble gaz et coton bio certifi\u00e9s Oeko Tex. Cousu main en France, avec amour.\" \/>\n<meta name=\"robots\" content=\"index, follow, max-snippet:-1, max-image-preview:large, max-video-preview:-1\" \/>\n<link rel=\"canonical\" href=\"https:\/\/howtospa.com\/produit\/lange-double-de-douceur-de-coton\/\" \/>\n<meta property=\"og:locale\" content=\"en_US\" \/>\n<meta property=\"og:type\" content=\"article\" \/>\n<meta property=\"og:title\" content=\"Lange Doubl\u00e9 de Douceur de Coton - HowToSpa - How to create your relaxation\" \/>\n<meta property=\"og:description\" content=\"\u201d Sabrina, la fondatrice de la marque Douceur de Coton, a confectionn\u00e9 ce superbe lange doubl\u00e9 sur-mesure, afin que votre enfant se retrouve sur un v\u00e9ritable cocon de douceur pour son massage \u201dDouble gaz et coton bio certifi\u00e9s Oeko Tex. Cousu main en France, avec amour.\" \/>\n<meta property=\"og:url\" content=\"https:\/\/howtospa.com\/produit\/lange-double-de-douceur-de-coton\/\" \/>\n<meta property=\"og:site_name\" content=\"HowToSpa - How to create your relaxation\" \/>\n<meta property=\"article:modified_time\" content=\"2025-11-05T00:06:07+00:00\" \/>\n<meta property=\"og:image\" content=\"https:\/\/howtospa.com\/wp-content\/uploads\/2023\/05\/Lange-Double-1.jpg\" \/>\n\t<meta property=\"og:image:width\" content=\"1002\" \/>\n\t<meta property=\"og:image:height\" content=\"1053\" \/>\n\t<meta property=\"og:image:type\" content=\"image\/jpeg\" \/>\n<meta name=\"twitter:card\" content=\"summary_large_image\" \/>\n<script type=\"application\/ld+json\" class=\"yoast-schema-graph\">{\"@context\":\"https:\/\/schema.org\",\"@graph\":[{\"@type\":\"WebPage\",\"@id\":\"https:\/\/howtospa.com\/produit\/lange-double-de-douceur-de-coton\/\",\"url\":\"https:\/\/howtospa.com\/produit\/lange-double-de-douceur-de-coton\/\",\"name\":\"Lange Doubl\u00e9 de Douceur de Coton - HowToSpa - How to create your relaxation\",\"isPartOf\":{\"@id\":\"https:\/\/howtospa.com\/#website\"},\"datePublished\":\"2025-11-04T21:26:52+00:00\",\"dateModified\":\"2025-11-05T00:06:07+00:00\",\"description\":\"\u201d Sabrina, la fondatrice de la marque Douceur de Coton, a confectionn\u00e9 ce superbe lange doubl\u00e9 sur-mesure, afin que votre enfant se retrouve sur un v\u00e9ritable cocon de douceur pour son massage \u201dDouble gaz et coton bio certifi\u00e9s Oeko Tex. Cousu main en France, avec amour.\",\"breadcrumb\":{\"@id\":\"https:\/\/howtospa.com\/produit\/lange-double-de-douceur-de-coton\/#breadcrumb\"},\"inLanguage\":\"en-US\",\"potentialAction\":[{\"@type\":\"ReadAction\",\"target\":[\"https:\/\/howtospa.com\/produit\/lange-double-de-douceur-de-coton\/\"]}]},{\"@type\":\"BreadcrumbList\",\"@id\":\"https:\/\/howtospa.com\/produit\/lange-double-de-douceur-de-coton\/#breadcrumb\",\"itemListElement\":[{\"@type\":\"ListItem\",\"position\":1,\"name\":\"Home\",\"item\":\"https:\/\/howtospa.com\/en\/\"},{\"@type\":\"ListItem\",\"position\":2,\"name\":\"Produits\",\"item\":\"https:\/\/howtospa.com\/shop\/\"},{\"@type\":\"ListItem\",\"position\":3,\"name\":\"Lange Doubl\u00e9 de Douceur de Coton\"}]},{\"@type\":\"WebSite\",\"@id\":\"https:\/\/howtospa.com\/#website\",\"url\":\"https:\/\/howtospa.com\/\",\"name\":\"HowToSpa -How to vreate your relaxation\",\"description\":\"Kits, programmes et tutoriels de relaxation, auto-massage et bien-\u00eatre chez soi, au bureau ou dans les transports.\",\"publisher\":{\"@id\":\"https:\/\/howtospa.com\/#organization\"},\"potentialAction\":[{\"@type\":\"SearchAction\",\"target\":{\"@type\":\"EntryPoint\",\"urlTemplate\":\"https:\/\/howtospa.com\/?s={search_term_string}\"},\"query-input\":\"required name=search_term_string\"}],\"inLanguage\":\"en-US\"},{\"@type\":\"Organization\",\"@id\":\"https:\/\/howtospa.com\/#organization\",\"name\":\"HowToSpa -How to vreate your relaxation\",\"url\":\"https:\/\/howtospa.com\/\",\"logo\":{\"@type\":\"ImageObject\",\"inLanguage\":\"en-US\",\"@id\":\"https:\/\/howtospa.com\/#\/schema\/logo\/image\/\",\"url\":\"https:\/\/howtospa.com\/wp-content\/uploads\/2021\/05\/logo-new-site-2.png\",\"contentUrl\":\"https:\/\/howtospa.com\/wp-content\/uploads\/2021\/05\/logo-new-site-2.png\",\"width\":953,\"height\":332,\"caption\":\"HowToSpa -How to vreate your relaxation\"},\"image\":{\"@id\":\"https:\/\/howtospa.com\/#\/schema\/logo\/image\/\"},\"sameAs\":[\"https:\/\/www.pinterest.fr\/howtospa\"]}]}<\/script>\n<!-- \/ Yoast SEO plugin. -->","yoast_head_json":{"title":"Lange Doubl\u00e9 de Douceur de Coton - HowToSpa - How to create your relaxation","description":"\u201d Sabrina, la fondatrice de la marque Douceur de Coton, a confectionn\u00e9 ce superbe lange doubl\u00e9 sur-mesure, afin que votre enfant se retrouve sur un v\u00e9ritable cocon de douceur pour son massage \u201dDouble gaz et coton bio certifi\u00e9s Oeko Tex. Cousu main en France, avec amour.","robots":{"index":"index","follow":"follow","max-snippet":"max-snippet:-1","max-image-preview":"max-image-preview:large","max-video-preview":"max-video-preview:-1"},"canonical":"https:\/\/howtospa.com\/produit\/lange-double-de-douceur-de-coton\/","og_locale":"en_US","og_type":"article","og_title":"Lange Doubl\u00e9 de Douceur de Coton - HowToSpa - How to create your relaxation","og_description":"\u201d Sabrina, la fondatrice de la marque Douceur de Coton, a confectionn\u00e9 ce superbe lange doubl\u00e9 sur-mesure, afin que votre enfant se retrouve sur un v\u00e9ritable cocon de douceur pour son massage \u201dDouble gaz et coton bio certifi\u00e9s Oeko Tex. Cousu main en France, avec amour.","og_url":"https:\/\/howtospa.com\/produit\/lange-double-de-douceur-de-coton\/","og_site_name":"HowToSpa - How to create your relaxation","article_modified_time":"2025-11-05T00:06:07+00:00","og_image":[{"width":1002,"height":1053,"url":"https:\/\/howtospa.com\/wp-content\/uploads\/2023\/05\/Lange-Double-1.jpg","type":"image\/jpeg"}],"twitter_card":"summary_large_image","schema":{"@context":"https:\/\/schema.org","@graph":[{"@type":"WebPage","@id":"https:\/\/howtospa.com\/produit\/lange-double-de-douceur-de-coton\/","url":"https:\/\/howtospa.com\/produit\/lange-double-de-douceur-de-coton\/","name":"Lange Doubl\u00e9 de Douceur de Coton - HowToSpa - How to create your relaxation","isPartOf":{"@id":"https:\/\/howtospa.com\/#website"},"datePublished":"2025-11-04T21:26:52+00:00","dateModified":"2025-11-05T00:06:07+00:00","description":"\u201d Sabrina, la fondatrice de la marque Douceur de Coton, a confectionn\u00e9 ce superbe lange doubl\u00e9 sur-mesure, afin que votre enfant se retrouve sur un v\u00e9ritable cocon de douceur pour son massage \u201dDouble gaz et coton bio certifi\u00e9s Oeko Tex. Cousu main en France, avec amour.","breadcrumb":{"@id":"https:\/\/howtospa.com\/produit\/lange-double-de-douceur-de-coton\/#breadcrumb"},"inLanguage":"en-US","potentialAction":[{"@type":"ReadAction","target":["https:\/\/howtospa.com\/produit\/lange-double-de-douceur-de-coton\/"]}]},{"@type":"BreadcrumbList","@id":"https:\/\/howtospa.com\/produit\/lange-double-de-douceur-de-coton\/#breadcrumb","itemListElement":[{"@type":"ListItem","position":1,"name":"Home","item":"https:\/\/howtospa.com\/en\/"},{"@type":"ListItem","position":2,"name":"Produits","item":"https:\/\/howtospa.com\/shop\/"},{"@type":"ListItem","position":3,"name":"Lange Doubl\u00e9 de Douceur de Coton"}]},{"@type":"WebSite","@id":"https:\/\/howtospa.com\/#website","url":"https:\/\/howtospa.com\/","name":"HowToSpa -How to vreate your relaxation","description":"Kits, programmes et tutoriels de relaxation, auto-massage et bien-\u00eatre chez soi, au bureau ou dans les transports.","publisher":{"@id":"https:\/\/howtospa.com\/#organization"},"potentialAction":[{"@type":"SearchAction","target":{"@type":"EntryPoint","urlTemplate":"https:\/\/howtospa.com\/?s={search_term_string}"},"query-input":"required name=search_term_string"}],"inLanguage":"en-US"},{"@type":"Organization","@id":"https:\/\/howtospa.com\/#organization","name":"HowToSpa -How to vreate your relaxation","url":"https:\/\/howtospa.com\/","logo":{"@type":"ImageObject","inLanguage":"en-US","@id":"https:\/\/howtospa.com\/#\/schema\/logo\/image\/","url":"https:\/\/howtospa.com\/wp-content\/uploads\/2021\/05\/logo-new-site-2.png","contentUrl":"https:\/\/howtospa.com\/wp-content\/uploads\/2021\/05\/logo-new-site-2.png","width":953,"height":332,"caption":"HowToSpa -How to vreate your relaxation"},"image":{"@id":"https:\/\/howtospa.com\/#\/schema\/logo\/image\/"},"sameAs":["https:\/\/www.pinterest.fr\/howtospa"]}]}},"_links":{"self":[{"href":"https:\/\/howtospa.com\/en\/wp-json\/wp\/v2\/product\/33168"}],"collection":[{"href":"https:\/\/howtospa.com\/en\/wp-json\/wp\/v2\/product"}],"about":[{"href":"https:\/\/howtospa.com\/en\/wp-json\/wp\/v2\/types\/product"}],"wp:featuredmedia":[{"embeddable":true,"href":"https:\/\/howtospa.com\/en\/wp-json\/wp\/v2\/media\/30435"}],"wp:attachment":[{"href":"https:\/\/howtospa.com\/en\/wp-json\/wp\/v2\/media?parent=33168"}],"wp:term":[{"taxonomy":"product_cat","embeddable":true,"href":"https:\/\/howtospa.com\/en\/wp-json\/wp\/v2\/product_cat?post=33168"},{"taxonomy":"product_tag","embeddable":true,"href":"https:\/\/howtospa.com\/en\/wp-json\/wp\/v2\/product_tag?post=33168"}],"curies":[{"name":"wp","href":"https:\/\/api.w.org\/{rel}","templated":true}]}}