{"id":33171,"date":"2025-11-05T00:57:47","date_gmt":"2025-11-04T23:57:47","guid":{"rendered":"http:\/\/preprod.howtospa.com\/?post_type=product&#038;p=33171"},"modified":"2025-11-05T01:07:59","modified_gmt":"2025-11-05T00:07:59","slug":"kit-de-pierres-apaisantes-de-mint-pantari","status":"publish","type":"product","link":"https:\/\/howtospa.com\/en\/produit\/kit-de-pierres-apaisantes-de-mint-pantari\/","title":{"rendered":"Kit de Pierres Apaisantes de Mint Pantari"},"content":{"rendered":"","protected":false},"excerpt":{"rendered":"<p>Un superbe kit sp\u00e9cialement compos\u00e9 par la fondatrice de Mint Pantari, M\u00e9lanie, \u00e0 disposer dans votre maison<br \/>\nCompos\u00e9 de 4 pierres s\u00e9lectionn\u00e9es pour un effet calmant et bienfaiteur : Quartz rose, Calc\u00e9doine bleue, Aventurine verte et Howlite<\/p>\n<p>Contenu dans son petit pochon Coton Bio<\/p>\n","protected":false},"featured_media":30426,"template":"","meta":{"_ppp_document_settings_meta":""},"product_cat":[210,454,451],"product_tag":[],"class_list":{"0":"post-33171","1":"product","2":"type-product","3":"status-publish","4":"has-post-thumbnail","6":"product_cat-uncategorized","7":"product_cat-accessoires","8":"product_cat-decoration"},"composite_layout":"","composite_add_to_cart_form_location":"","composite_editable_in_cart":false,"composite_sold_individually_context":"","composite_shop_price_calc":"","composite_components":[],"composite_scenarios":[],"yoast_head":"<!-- This site is optimized with the Yoast SEO plugin v20.9 - https:\/\/yoast.com\/wordpress\/plugins\/seo\/ -->\n<title>Kit de Pierres Apaisantes de Mint Pantari - HowToSpa - How to create your relaxation<\/title>\n<meta name=\"description\" content=\"Un superbe kit sp\u00e9cialement compos\u00e9 par la fondatrice de Mint Pantari, M\u00e9lanie, \u00e0 disposer dans votre maisonCompos\u00e9 de 4 pierres s\u00e9lectionn\u00e9es pour un effet calmant et bienfaiteur : Quartz rose, Calc\u00e9doine bleue, Aventurine verte et Howlite\u00a0\" \/>\n<meta name=\"robots\" content=\"index, follow, max-snippet:-1, max-image-preview:large, max-video-preview:-1\" \/>\n<link rel=\"canonical\" href=\"https:\/\/howtospa.com\/en\/produit\/kit-de-pierres-apaisantes-de-mint-pantari\/\" \/>\n<meta property=\"og:locale\" content=\"en_US\" \/>\n<meta property=\"og:type\" content=\"article\" \/>\n<meta property=\"og:title\" content=\"Kit de Pierres Apaisantes de Mint Pantari - HowToSpa - How to create your relaxation\" \/>\n<meta property=\"og:description\" content=\"Un superbe kit sp\u00e9cialement compos\u00e9 par la fondatrice de Mint Pantari, M\u00e9lanie, \u00e0 disposer dans votre maisonCompos\u00e9 de 4 pierres s\u00e9lectionn\u00e9es pour un effet calmant et bienfaiteur : Quartz rose, Calc\u00e9doine bleue, Aventurine verte et Howlite\u00a0\" \/>\n<meta property=\"og:url\" content=\"https:\/\/howtospa.com\/en\/produit\/kit-de-pierres-apaisantes-de-mint-pantari\/\" \/>\n<meta property=\"og:site_name\" content=\"HowToSpa - How to create your relaxation\" \/>\n<meta property=\"article:modified_time\" content=\"2025-11-05T00:07:59+00:00\" \/>\n<meta property=\"og:image\" content=\"https:\/\/howtospa.com\/wp-content\/uploads\/2023\/05\/Pierers-Apaisantes-1.jpg\" \/>\n\t<meta property=\"og:image:width\" content=\"1054\" \/>\n\t<meta property=\"og:image:height\" content=\"1125\" \/>\n\t<meta property=\"og:image:type\" content=\"image\/jpeg\" \/>\n<meta name=\"twitter:card\" content=\"summary_large_image\" \/>\n<script type=\"application\/ld+json\" class=\"yoast-schema-graph\">{\"@context\":\"https:\/\/schema.org\",\"@graph\":[{\"@type\":\"WebPage\",\"@id\":\"https:\/\/howtospa.com\/en\/produit\/kit-de-pierres-apaisantes-de-mint-pantari\/\",\"url\":\"https:\/\/howtospa.com\/en\/produit\/kit-de-pierres-apaisantes-de-mint-pantari\/\",\"name\":\"Kit de Pierres Apaisantes de Mint Pantari - HowToSpa - How to create your relaxation\",\"isPartOf\":{\"@id\":\"https:\/\/howtospa.com\/en\/#website\"},\"datePublished\":\"2025-11-04T23:57:47+00:00\",\"dateModified\":\"2025-11-05T00:07:59+00:00\",\"description\":\"Un superbe kit sp\u00e9cialement compos\u00e9 par la fondatrice de Mint Pantari, M\u00e9lanie, \u00e0 disposer dans votre maisonCompos\u00e9 de 4 pierres s\u00e9lectionn\u00e9es pour un effet calmant et bienfaiteur : Quartz rose, Calc\u00e9doine bleue, Aventurine verte et Howlite\u00a0\",\"breadcrumb\":{\"@id\":\"https:\/\/howtospa.com\/en\/produit\/kit-de-pierres-apaisantes-de-mint-pantari\/#breadcrumb\"},\"inLanguage\":\"en-US\",\"potentialAction\":[{\"@type\":\"ReadAction\",\"target\":[\"https:\/\/howtospa.com\/en\/produit\/kit-de-pierres-apaisantes-de-mint-pantari\/\"]}]},{\"@type\":\"BreadcrumbList\",\"@id\":\"https:\/\/howtospa.com\/en\/produit\/kit-de-pierres-apaisantes-de-mint-pantari\/#breadcrumb\",\"itemListElement\":[{\"@type\":\"ListItem\",\"position\":1,\"name\":\"Home\",\"item\":\"https:\/\/howtospa.com\/\"},{\"@type\":\"ListItem\",\"position\":2,\"name\":\"Products\",\"item\":\"https:\/\/howtospa.com\/en\/shop\/\"},{\"@type\":\"ListItem\",\"position\":3,\"name\":\"Kit de Pierres Apaisantes de Mint Pantari\"}]},{\"@type\":\"WebSite\",\"@id\":\"https:\/\/howtospa.com\/en\/#website\",\"url\":\"https:\/\/howtospa.com\/en\/\",\"name\":\"HowToSpa -How to vreate your relaxation\",\"description\":\"Kits, programmes et tutoriels de relaxation, auto-massage et bien-\u00eatre chez soi, au bureau ou dans les transports.\",\"publisher\":{\"@id\":\"https:\/\/howtospa.com\/en\/#organization\"},\"potentialAction\":[{\"@type\":\"SearchAction\",\"target\":{\"@type\":\"EntryPoint\",\"urlTemplate\":\"https:\/\/howtospa.com\/en\/?s={search_term_string}\"},\"query-input\":\"required name=search_term_string\"}],\"inLanguage\":\"en-US\"},{\"@type\":\"Organization\",\"@id\":\"https:\/\/howtospa.com\/en\/#organization\",\"name\":\"HowToSpa -How to vreate your relaxation\",\"url\":\"https:\/\/howtospa.com\/en\/\",\"logo\":{\"@type\":\"ImageObject\",\"inLanguage\":\"en-US\",\"@id\":\"https:\/\/howtospa.com\/en\/#\/schema\/logo\/image\/\",\"url\":\"http:\/\/preprod.howtospa.com\/wp-content\/uploads\/2021\/05\/logo-new-site-2.png\",\"contentUrl\":\"http:\/\/preprod.howtospa.com\/wp-content\/uploads\/2021\/05\/logo-new-site-2.png\",\"width\":953,\"height\":332,\"caption\":\"HowToSpa -How to vreate your relaxation\"},\"image\":{\"@id\":\"https:\/\/howtospa.com\/en\/#\/schema\/logo\/image\/\"},\"sameAs\":[\"https:\/\/www.pinterest.fr\/howtospa\"]}]}<\/script>\n<!-- \/ Yoast SEO plugin. -->","yoast_head_json":{"title":"Kit de Pierres Apaisantes de Mint Pantari - HowToSpa - How to create your relaxation","description":"Un superbe kit sp\u00e9cialement compos\u00e9 par la fondatrice de Mint Pantari, M\u00e9lanie, \u00e0 disposer dans votre maisonCompos\u00e9 de 4 pierres s\u00e9lectionn\u00e9es pour un effet calmant et bienfaiteur : Quartz rose, Calc\u00e9doine bleue, Aventurine verte et Howlite\u00a0","robots":{"index":"index","follow":"follow","max-snippet":"max-snippet:-1","max-image-preview":"max-image-preview:large","max-video-preview":"max-video-preview:-1"},"canonical":"https:\/\/howtospa.com\/en\/produit\/kit-de-pierres-apaisantes-de-mint-pantari\/","og_locale":"en_US","og_type":"article","og_title":"Kit de Pierres Apaisantes de Mint Pantari - HowToSpa - How to create your relaxation","og_description":"Un superbe kit sp\u00e9cialement compos\u00e9 par la fondatrice de Mint Pantari, M\u00e9lanie, \u00e0 disposer dans votre maisonCompos\u00e9 de 4 pierres s\u00e9lectionn\u00e9es pour un effet calmant et bienfaiteur : Quartz rose, Calc\u00e9doine bleue, Aventurine verte et Howlite\u00a0","og_url":"https:\/\/howtospa.com\/en\/produit\/kit-de-pierres-apaisantes-de-mint-pantari\/","og_site_name":"HowToSpa - How to create your relaxation","article_modified_time":"2025-11-05T00:07:59+00:00","og_image":[{"width":1054,"height":1125,"url":"https:\/\/howtospa.com\/wp-content\/uploads\/2023\/05\/Pierers-Apaisantes-1.jpg","type":"image\/jpeg"}],"twitter_card":"summary_large_image","schema":{"@context":"https:\/\/schema.org","@graph":[{"@type":"WebPage","@id":"https:\/\/howtospa.com\/en\/produit\/kit-de-pierres-apaisantes-de-mint-pantari\/","url":"https:\/\/howtospa.com\/en\/produit\/kit-de-pierres-apaisantes-de-mint-pantari\/","name":"Kit de Pierres Apaisantes de Mint Pantari - HowToSpa - How to create your relaxation","isPartOf":{"@id":"https:\/\/howtospa.com\/en\/#website"},"datePublished":"2025-11-04T23:57:47+00:00","dateModified":"2025-11-05T00:07:59+00:00","description":"Un superbe kit sp\u00e9cialement compos\u00e9 par la fondatrice de Mint Pantari, M\u00e9lanie, \u00e0 disposer dans votre maisonCompos\u00e9 de 4 pierres s\u00e9lectionn\u00e9es pour un effet calmant et bienfaiteur : Quartz rose, Calc\u00e9doine bleue, Aventurine verte et Howlite\u00a0","breadcrumb":{"@id":"https:\/\/howtospa.com\/en\/produit\/kit-de-pierres-apaisantes-de-mint-pantari\/#breadcrumb"},"inLanguage":"en-US","potentialAction":[{"@type":"ReadAction","target":["https:\/\/howtospa.com\/en\/produit\/kit-de-pierres-apaisantes-de-mint-pantari\/"]}]},{"@type":"BreadcrumbList","@id":"https:\/\/howtospa.com\/en\/produit\/kit-de-pierres-apaisantes-de-mint-pantari\/#breadcrumb","itemListElement":[{"@type":"ListItem","position":1,"name":"Home","item":"https:\/\/howtospa.com\/"},{"@type":"ListItem","position":2,"name":"Products","item":"https:\/\/howtospa.com\/en\/shop\/"},{"@type":"ListItem","position":3,"name":"Kit de Pierres Apaisantes de Mint Pantari"}]},{"@type":"WebSite","@id":"https:\/\/howtospa.com\/en\/#website","url":"https:\/\/howtospa.com\/en\/","name":"HowToSpa -How to vreate your relaxation","description":"Kits, programmes et tutoriels de relaxation, auto-massage et bien-\u00eatre chez soi, au bureau ou dans les transports.","publisher":{"@id":"https:\/\/howtospa.com\/en\/#organization"},"potentialAction":[{"@type":"SearchAction","target":{"@type":"EntryPoint","urlTemplate":"https:\/\/howtospa.com\/en\/?s={search_term_string}"},"query-input":"required name=search_term_string"}],"inLanguage":"en-US"},{"@type":"Organization","@id":"https:\/\/howtospa.com\/en\/#organization","name":"HowToSpa -How to vreate your relaxation","url":"https:\/\/howtospa.com\/en\/","logo":{"@type":"ImageObject","inLanguage":"en-US","@id":"https:\/\/howtospa.com\/en\/#\/schema\/logo\/image\/","url":"http:\/\/preprod.howtospa.com\/wp-content\/uploads\/2021\/05\/logo-new-site-2.png","contentUrl":"http:\/\/preprod.howtospa.com\/wp-content\/uploads\/2021\/05\/logo-new-site-2.png","width":953,"height":332,"caption":"HowToSpa -How to vreate your relaxation"},"image":{"@id":"https:\/\/howtospa.com\/en\/#\/schema\/logo\/image\/"},"sameAs":["https:\/\/www.pinterest.fr\/howtospa"]}]}},"_links":{"self":[{"href":"https:\/\/howtospa.com\/en\/wp-json\/wp\/v2\/product\/33171","targetHints":{"allow":["GET"]}}],"collection":[{"href":"https:\/\/howtospa.com\/en\/wp-json\/wp\/v2\/product"}],"about":[{"href":"https:\/\/howtospa.com\/en\/wp-json\/wp\/v2\/types\/product"}],"wp:featuredmedia":[{"embeddable":true,"href":"https:\/\/howtospa.com\/en\/wp-json\/wp\/v2\/media\/30426"}],"wp:attachment":[{"href":"https:\/\/howtospa.com\/en\/wp-json\/wp\/v2\/media?parent=33171"}],"wp:term":[{"taxonomy":"product_cat","embeddable":true,"href":"https:\/\/howtospa.com\/en\/wp-json\/wp\/v2\/product_cat?post=33171"},{"taxonomy":"product_tag","embeddable":true,"href":"https:\/\/howtospa.com\/en\/wp-json\/wp\/v2\/product_tag?post=33171"}],"curies":[{"name":"wp","href":"https:\/\/api.w.org\/{rel}","templated":true}]}}