{"id":33174,"date":"2025-11-05T01:12:21","date_gmt":"2025-11-05T00:12:21","guid":{"rendered":"http:\/\/preprod.howtospa.com\/?post_type=product&#038;p=33174"},"modified":"2025-11-05T01:25:41","modified_gmt":"2025-11-05T00:25:41","slug":"trousse-xl-de-ninisea","status":"publish","type":"product","link":"https:\/\/howtospa.com\/en\/produit\/trousse-xl-de-ninisea\/","title":{"rendered":"Trousse XL de Ninisea"},"content":{"rendered":"","protected":false},"excerpt":{"rendered":"<p>Agathe, la fondatrice de Ninisea, nous propose le format de sa c\u00e9l\u00e8bre trousse XL adapt\u00e9e pour vos soins du quotidien Une tr\u00e8s belle marque \u00e9thique, dont les produits sont faits mains et en France. Un format pens\u00e9 pratique pour y mettre tous vos produits beaut\u00e9 !<\/p>\n<p>Trousse XL en coton bio, avec fermeture \u00e9claire.<\/p>\n","protected":false},"featured_media":33177,"template":"","meta":{"_ppp_document_settings_meta":""},"product_cat":[210,454],"product_tag":[],"class_list":{"0":"post-33174","1":"product","2":"type-product","3":"status-publish","4":"has-post-thumbnail","6":"product_cat-uncategorized","7":"product_cat-accessoires"},"composite_layout":"","composite_add_to_cart_form_location":"","composite_editable_in_cart":false,"composite_sold_individually_context":"","composite_shop_price_calc":"","composite_components":[],"composite_scenarios":[],"yoast_head":"<!-- This site is optimized with the Yoast SEO plugin v20.9 - https:\/\/yoast.com\/wordpress\/plugins\/seo\/ -->\n<title>Trousse XL de Ninisea - HowToSpa - How to create your relaxation<\/title>\n<meta name=\"description\" content=\"Agathe, la fondatrice de Ninisea, nous propose le format de sa c\u00e9l\u00e8bre trousse XL adapt\u00e9e pour vos soins du quotidien Une tr\u00e8s belle marque \u00e9thique, dont les produits sont faits mains et en France. Un format pens\u00e9 pratique pour y mettre tous vos produits beaut\u00e9 !\" \/>\n<meta name=\"robots\" content=\"index, follow, max-snippet:-1, max-image-preview:large, max-video-preview:-1\" \/>\n<link rel=\"canonical\" href=\"https:\/\/howtospa.com\/produit\/trousse-xl-de-ninisea\/\" \/>\n<meta property=\"og:locale\" content=\"en_US\" \/>\n<meta property=\"og:type\" content=\"article\" \/>\n<meta property=\"og:title\" content=\"Trousse XL de Ninisea - HowToSpa - How to create your relaxation\" \/>\n<meta property=\"og:description\" content=\"Agathe, la fondatrice de Ninisea, nous propose le format de sa c\u00e9l\u00e8bre trousse XL adapt\u00e9e pour vos soins du quotidien Une tr\u00e8s belle marque \u00e9thique, dont les produits sont faits mains et en France. Un format pens\u00e9 pratique pour y mettre tous vos produits beaut\u00e9 !\" \/>\n<meta property=\"og:url\" content=\"https:\/\/howtospa.com\/produit\/trousse-xl-de-ninisea\/\" \/>\n<meta property=\"og:site_name\" content=\"HowToSpa - How to create your relaxation\" \/>\n<meta property=\"article:modified_time\" content=\"2025-11-05T00:25:41+00:00\" \/>\n<meta property=\"og:image\" content=\"https:\/\/howtospa.com\/wp-content\/uploads\/2025\/11\/Image1.jpg\" \/>\n\t<meta property=\"og:image:width\" content=\"1780\" \/>\n\t<meta property=\"og:image:height\" content=\"1452\" \/>\n\t<meta property=\"og:image:type\" content=\"image\/jpeg\" \/>\n<meta name=\"twitter:card\" content=\"summary_large_image\" \/>\n<script type=\"application\/ld+json\" class=\"yoast-schema-graph\">{\"@context\":\"https:\/\/schema.org\",\"@graph\":[{\"@type\":\"WebPage\",\"@id\":\"https:\/\/howtospa.com\/produit\/trousse-xl-de-ninisea\/\",\"url\":\"https:\/\/howtospa.com\/produit\/trousse-xl-de-ninisea\/\",\"name\":\"Trousse XL de Ninisea - HowToSpa - How to create your relaxation\",\"isPartOf\":{\"@id\":\"https:\/\/howtospa.com\/en\/#website\"},\"datePublished\":\"2025-11-05T00:12:21+00:00\",\"dateModified\":\"2025-11-05T00:25:41+00:00\",\"description\":\"Agathe, la fondatrice de Ninisea, nous propose le format de sa c\u00e9l\u00e8bre trousse XL adapt\u00e9e pour vos soins du quotidien Une tr\u00e8s belle marque \u00e9thique, dont les produits sont faits mains et en France. Un format pens\u00e9 pratique pour y mettre tous vos produits beaut\u00e9 !\",\"breadcrumb\":{\"@id\":\"https:\/\/howtospa.com\/produit\/trousse-xl-de-ninisea\/#breadcrumb\"},\"inLanguage\":\"en-US\",\"potentialAction\":[{\"@type\":\"ReadAction\",\"target\":[\"https:\/\/howtospa.com\/produit\/trousse-xl-de-ninisea\/\"]}]},{\"@type\":\"BreadcrumbList\",\"@id\":\"https:\/\/howtospa.com\/produit\/trousse-xl-de-ninisea\/#breadcrumb\",\"itemListElement\":[{\"@type\":\"ListItem\",\"position\":1,\"name\":\"Home\",\"item\":\"https:\/\/howtospa.com\/\"},{\"@type\":\"ListItem\",\"position\":2,\"name\":\"Products\",\"item\":\"https:\/\/howtospa.com\/en\/shop\/\"},{\"@type\":\"ListItem\",\"position\":3,\"name\":\"Trousse XL de Ninisea\"}]},{\"@type\":\"WebSite\",\"@id\":\"https:\/\/howtospa.com\/en\/#website\",\"url\":\"https:\/\/howtospa.com\/en\/\",\"name\":\"HowToSpa -How to vreate your relaxation\",\"description\":\"Kits, programmes et tutoriels de relaxation, auto-massage et bien-\u00eatre chez soi, au bureau ou dans les transports.\",\"publisher\":{\"@id\":\"https:\/\/howtospa.com\/en\/#organization\"},\"potentialAction\":[{\"@type\":\"SearchAction\",\"target\":{\"@type\":\"EntryPoint\",\"urlTemplate\":\"https:\/\/howtospa.com\/en\/?s={search_term_string}\"},\"query-input\":\"required name=search_term_string\"}],\"inLanguage\":\"en-US\"},{\"@type\":\"Organization\",\"@id\":\"https:\/\/howtospa.com\/en\/#organization\",\"name\":\"HowToSpa -How to vreate your relaxation\",\"url\":\"https:\/\/howtospa.com\/en\/\",\"logo\":{\"@type\":\"ImageObject\",\"inLanguage\":\"en-US\",\"@id\":\"https:\/\/howtospa.com\/en\/#\/schema\/logo\/image\/\",\"url\":\"http:\/\/preprod.howtospa.com\/wp-content\/uploads\/2021\/05\/logo-new-site-2.png\",\"contentUrl\":\"http:\/\/preprod.howtospa.com\/wp-content\/uploads\/2021\/05\/logo-new-site-2.png\",\"width\":953,\"height\":332,\"caption\":\"HowToSpa -How to vreate your relaxation\"},\"image\":{\"@id\":\"https:\/\/howtospa.com\/en\/#\/schema\/logo\/image\/\"},\"sameAs\":[\"https:\/\/www.pinterest.fr\/howtospa\"]}]}<\/script>\n<!-- \/ Yoast SEO plugin. -->","yoast_head_json":{"title":"Trousse XL de Ninisea - HowToSpa - How to create your relaxation","description":"Agathe, la fondatrice de Ninisea, nous propose le format de sa c\u00e9l\u00e8bre trousse XL adapt\u00e9e pour vos soins du quotidien Une tr\u00e8s belle marque \u00e9thique, dont les produits sont faits mains et en France. Un format pens\u00e9 pratique pour y mettre tous vos produits beaut\u00e9 !","robots":{"index":"index","follow":"follow","max-snippet":"max-snippet:-1","max-image-preview":"max-image-preview:large","max-video-preview":"max-video-preview:-1"},"canonical":"https:\/\/howtospa.com\/produit\/trousse-xl-de-ninisea\/","og_locale":"en_US","og_type":"article","og_title":"Trousse XL de Ninisea - HowToSpa - How to create your relaxation","og_description":"Agathe, la fondatrice de Ninisea, nous propose le format de sa c\u00e9l\u00e8bre trousse XL adapt\u00e9e pour vos soins du quotidien Une tr\u00e8s belle marque \u00e9thique, dont les produits sont faits mains et en France. Un format pens\u00e9 pratique pour y mettre tous vos produits beaut\u00e9 !","og_url":"https:\/\/howtospa.com\/produit\/trousse-xl-de-ninisea\/","og_site_name":"HowToSpa - How to create your relaxation","article_modified_time":"2025-11-05T00:25:41+00:00","og_image":[{"width":1780,"height":1452,"url":"https:\/\/howtospa.com\/wp-content\/uploads\/2025\/11\/Image1.jpg","type":"image\/jpeg"}],"twitter_card":"summary_large_image","schema":{"@context":"https:\/\/schema.org","@graph":[{"@type":"WebPage","@id":"https:\/\/howtospa.com\/produit\/trousse-xl-de-ninisea\/","url":"https:\/\/howtospa.com\/produit\/trousse-xl-de-ninisea\/","name":"Trousse XL de Ninisea - HowToSpa - How to create your relaxation","isPartOf":{"@id":"https:\/\/howtospa.com\/en\/#website"},"datePublished":"2025-11-05T00:12:21+00:00","dateModified":"2025-11-05T00:25:41+00:00","description":"Agathe, la fondatrice de Ninisea, nous propose le format de sa c\u00e9l\u00e8bre trousse XL adapt\u00e9e pour vos soins du quotidien Une tr\u00e8s belle marque \u00e9thique, dont les produits sont faits mains et en France. Un format pens\u00e9 pratique pour y mettre tous vos produits beaut\u00e9 !","breadcrumb":{"@id":"https:\/\/howtospa.com\/produit\/trousse-xl-de-ninisea\/#breadcrumb"},"inLanguage":"en-US","potentialAction":[{"@type":"ReadAction","target":["https:\/\/howtospa.com\/produit\/trousse-xl-de-ninisea\/"]}]},{"@type":"BreadcrumbList","@id":"https:\/\/howtospa.com\/produit\/trousse-xl-de-ninisea\/#breadcrumb","itemListElement":[{"@type":"ListItem","position":1,"name":"Home","item":"https:\/\/howtospa.com\/"},{"@type":"ListItem","position":2,"name":"Products","item":"https:\/\/howtospa.com\/en\/shop\/"},{"@type":"ListItem","position":3,"name":"Trousse XL de Ninisea"}]},{"@type":"WebSite","@id":"https:\/\/howtospa.com\/en\/#website","url":"https:\/\/howtospa.com\/en\/","name":"HowToSpa -How to vreate your relaxation","description":"Kits, programmes et tutoriels de relaxation, auto-massage et bien-\u00eatre chez soi, au bureau ou dans les transports.","publisher":{"@id":"https:\/\/howtospa.com\/en\/#organization"},"potentialAction":[{"@type":"SearchAction","target":{"@type":"EntryPoint","urlTemplate":"https:\/\/howtospa.com\/en\/?s={search_term_string}"},"query-input":"required name=search_term_string"}],"inLanguage":"en-US"},{"@type":"Organization","@id":"https:\/\/howtospa.com\/en\/#organization","name":"HowToSpa -How to vreate your relaxation","url":"https:\/\/howtospa.com\/en\/","logo":{"@type":"ImageObject","inLanguage":"en-US","@id":"https:\/\/howtospa.com\/en\/#\/schema\/logo\/image\/","url":"http:\/\/preprod.howtospa.com\/wp-content\/uploads\/2021\/05\/logo-new-site-2.png","contentUrl":"http:\/\/preprod.howtospa.com\/wp-content\/uploads\/2021\/05\/logo-new-site-2.png","width":953,"height":332,"caption":"HowToSpa -How to vreate your relaxation"},"image":{"@id":"https:\/\/howtospa.com\/en\/#\/schema\/logo\/image\/"},"sameAs":["https:\/\/www.pinterest.fr\/howtospa"]}]}},"_links":{"self":[{"href":"https:\/\/howtospa.com\/en\/wp-json\/wp\/v2\/product\/33174","targetHints":{"allow":["GET"]}}],"collection":[{"href":"https:\/\/howtospa.com\/en\/wp-json\/wp\/v2\/product"}],"about":[{"href":"https:\/\/howtospa.com\/en\/wp-json\/wp\/v2\/types\/product"}],"wp:featuredmedia":[{"embeddable":true,"href":"https:\/\/howtospa.com\/en\/wp-json\/wp\/v2\/media\/33177"}],"wp:attachment":[{"href":"https:\/\/howtospa.com\/en\/wp-json\/wp\/v2\/media?parent=33174"}],"wp:term":[{"taxonomy":"product_cat","embeddable":true,"href":"https:\/\/howtospa.com\/en\/wp-json\/wp\/v2\/product_cat?post=33174"},{"taxonomy":"product_tag","embeddable":true,"href":"https:\/\/howtospa.com\/en\/wp-json\/wp\/v2\/product_tag?post=33174"}],"curies":[{"name":"wp","href":"https:\/\/api.w.org\/{rel}","templated":true}]}}