{"id":33186,"date":"2025-11-05T21:38:18","date_gmt":"2025-11-05T20:38:18","guid":{"rendered":"http:\/\/preprod.howtospa.com\/?post_type=product&#038;p=33186"},"modified":"2025-11-05T22:19:58","modified_gmt":"2025-11-05T21:19:58","slug":"huile-cheveux-de-oden","status":"publish","type":"product","link":"https:\/\/howtospa.com\/en\/produit\/huile-cheveux-de-oden\/","title":{"rendered":"Huile Cheveux de Oden"},"content":{"rendered":"","protected":false},"excerpt":{"rendered":"<p>Issu du <a href=\"http:\/\/preprod.howtospa.com\/kit-summer-2023\/\" target=\"_blank\" rel=\"noopener\">Kit Summer<\/a><\/p>\n<div class=\"lightly-spaced-row not-in-quickbuy\">\n<div class=\"product-info-block\">Huile Cheveux Nourrissante &amp; fortifiante<\/div>\n<\/div>\n<div class=\"lightly-spaced-row not-in-quickbuy\">\n<div class=\"product-info-block\">50ml | 4 \u00e0 6 mois d\u2019utilisation<\/div>\n<\/div>\n<div class=\"price-container\">\n<div class=\"product-info__price product-price product-price--large\">\n<div class=\"price\">\n<div class=\"price__default\"><\/div>\n<\/div>\n<\/div>\n<\/div>\n<div class=\"lightly-spaced-row not-in-quickbuy\">\n<div class=\"product-info-block\">\n<div class=\"rte cf\">\n<div class=\"metafield-rich_text_field\">\n<p>L\u2019Huile Cheveux nourrit en profondeur les cheveux secs, d\u00e9vitalis\u00e9s et ab\u00eem\u00e9s, leur redonnant brillance et une texture soyeuse.<\/p>\n<p>Assemblage de 5 huiles v\u00e9g\u00e9tales fran\u00e7aises d\u2019exception, reconnues pour leurs propri\u00e9t\u00e9s :<\/p>\n<p>\u2714\ufe0f Revitalisante : r\u00e9pare la fibre capillaire, redonnant brillance aux cheveux<\/p>\n<p>\u2714\ufe0f Fortifiante : stimule la pousse des cheveux, freinant leur chute<\/p>\n<p>\u2714\ufe0f Anti-oxydante : prot\u00e8ge des agressions ext\u00e9rieures (UVs, pollution\u2026)<\/p>\n<p>Huile \u00e0 la texture riche et au parfum solaire.<\/p>\n<p>Toutes les huiles sont vierges, de premi\u00e8re pression \u00e0 froid, issues de plantes cultiv\u00e9es et transform\u00e9es en France.<\/p>\n<\/div>\n<\/div>\n<\/div>\n<\/div>\n<p>&nbsp;<\/p>\n","protected":false},"featured_media":30529,"template":"","meta":{"_ppp_document_settings_meta":""},"product_cat":[210,448],"product_tag":[],"class_list":{"0":"post-33186","1":"product","2":"type-product","3":"status-publish","4":"has-post-thumbnail","6":"product_cat-uncategorized","7":"product_cat-cosmetiques"},"composite_layout":"","composite_add_to_cart_form_location":"","composite_editable_in_cart":false,"composite_sold_individually_context":"","composite_shop_price_calc":"","composite_components":[],"composite_scenarios":[],"yoast_head":"<!-- This site is optimized with the Yoast SEO plugin v20.9 - https:\/\/yoast.com\/wordpress\/plugins\/seo\/ -->\n<title>Huile Cheveux de Oden - HowToSpa - How to create your relaxation<\/title>\n<meta name=\"description\" content=\"Un Tote bag r\u00e9utilisable, esth\u00e9tique et de haute qualit\u00e9, en coton bio et fabriqu\u00e9 main par NiniseaHuile Cheveux Nourrissante &amp; fortifiante50ml | 4 \u00e0 6 mois d\u2019utilisationL\u2019Huile Cheveux nourrit en profondeur les cheveux secs, d\u00e9vitalis\u00e9s et ab\u00eem\u00e9s, leur redonnant brillance et une texture soyeuse.Assemblage de 5 huiles v\u00e9g\u00e9tales fran\u00e7aises d\u2019exception, reconnues pour leurs propri\u00e9t\u00e9s :\u00a0\u2714\ufe0f Revitalisante : r\u00e9pare la fibre capillaire, redonnant brillance aux cheveux\u2714\ufe0f Fortifiante : stimule la pousse des cheveux, freinant leur chute\u2714\ufe0f Anti-oxydante : prot\u00e8ge des agressions ext\u00e9rieures (UVs, pollution\u2026)Huile \u00e0 la texture riche et au parfum solaire.Toutes les huiles sont vierges, de premi\u00e8re pression \u00e0 froid, issues de plantes cultiv\u00e9es et transform\u00e9es en France.\" \/>\n<meta name=\"robots\" content=\"index, follow, max-snippet:-1, max-image-preview:large, max-video-preview:-1\" \/>\n<link rel=\"canonical\" href=\"https:\/\/howtospa.com\/produit\/huile-cheveux-de-oden\/\" \/>\n<meta property=\"og:locale\" content=\"en_US\" \/>\n<meta property=\"og:type\" content=\"article\" \/>\n<meta property=\"og:title\" content=\"Huile Cheveux de Oden - HowToSpa - How to create your relaxation\" \/>\n<meta property=\"og:description\" content=\"Un Tote bag r\u00e9utilisable, esth\u00e9tique et de haute qualit\u00e9, en coton bio et fabriqu\u00e9 main par NiniseaHuile Cheveux Nourrissante &amp; fortifiante50ml | 4 \u00e0 6 mois d\u2019utilisationL\u2019Huile Cheveux nourrit en profondeur les cheveux secs, d\u00e9vitalis\u00e9s et ab\u00eem\u00e9s, leur redonnant brillance et une texture soyeuse.Assemblage de 5 huiles v\u00e9g\u00e9tales fran\u00e7aises d\u2019exception, reconnues pour leurs propri\u00e9t\u00e9s :\u00a0\u2714\ufe0f Revitalisante : r\u00e9pare la fibre capillaire, redonnant brillance aux cheveux\u2714\ufe0f Fortifiante : stimule la pousse des cheveux, freinant leur chute\u2714\ufe0f Anti-oxydante : prot\u00e8ge des agressions ext\u00e9rieures (UVs, pollution\u2026)Huile \u00e0 la texture riche et au parfum solaire.Toutes les huiles sont vierges, de premi\u00e8re pression \u00e0 froid, issues de plantes cultiv\u00e9es et transform\u00e9es en France.\" \/>\n<meta property=\"og:url\" content=\"https:\/\/howtospa.com\/produit\/huile-cheveux-de-oden\/\" \/>\n<meta property=\"og:site_name\" content=\"HowToSpa - How to create your relaxation\" \/>\n<meta property=\"article:modified_time\" content=\"2025-11-05T21:19:58+00:00\" \/>\n<meta property=\"og:image\" content=\"https:\/\/howtospa.com\/wp-content\/uploads\/2023\/06\/Huile-Cheveux.jpg\" \/>\n\t<meta property=\"og:image:width\" content=\"844\" \/>\n\t<meta property=\"og:image:height\" content=\"1141\" \/>\n\t<meta property=\"og:image:type\" content=\"image\/jpeg\" \/>\n<meta name=\"twitter:card\" content=\"summary_large_image\" \/>\n<script type=\"application\/ld+json\" class=\"yoast-schema-graph\">{\"@context\":\"https:\/\/schema.org\",\"@graph\":[{\"@type\":\"WebPage\",\"@id\":\"https:\/\/howtospa.com\/produit\/huile-cheveux-de-oden\/\",\"url\":\"https:\/\/howtospa.com\/produit\/huile-cheveux-de-oden\/\",\"name\":\"Huile Cheveux de Oden - HowToSpa - How to create your relaxation\",\"isPartOf\":{\"@id\":\"https:\/\/howtospa.com\/en\/#website\"},\"datePublished\":\"2025-11-05T20:38:18+00:00\",\"dateModified\":\"2025-11-05T21:19:58+00:00\",\"description\":\"Un Tote bag r\u00e9utilisable, esth\u00e9tique et de haute qualit\u00e9, en coton bio et fabriqu\u00e9 main par NiniseaHuile Cheveux Nourrissante & fortifiante50ml | 4 \u00e0 6 mois d\u2019utilisationL\u2019Huile Cheveux nourrit en profondeur les cheveux secs, d\u00e9vitalis\u00e9s et ab\u00eem\u00e9s, leur redonnant brillance et une texture soyeuse.Assemblage de 5 huiles v\u00e9g\u00e9tales fran\u00e7aises d\u2019exception, reconnues pour leurs propri\u00e9t\u00e9s :\u00a0\u2714\ufe0f Revitalisante : r\u00e9pare la fibre capillaire, redonnant brillance aux cheveux\u2714\ufe0f Fortifiante : stimule la pousse des cheveux, freinant leur chute\u2714\ufe0f Anti-oxydante : prot\u00e8ge des agressions ext\u00e9rieures (UVs, pollution\u2026)Huile \u00e0 la texture riche et au parfum solaire.Toutes les huiles sont vierges, de premi\u00e8re pression \u00e0 froid, issues de plantes cultiv\u00e9es et transform\u00e9es en France.\",\"breadcrumb\":{\"@id\":\"https:\/\/howtospa.com\/produit\/huile-cheveux-de-oden\/#breadcrumb\"},\"inLanguage\":\"en-US\",\"potentialAction\":[{\"@type\":\"ReadAction\",\"target\":[\"https:\/\/howtospa.com\/produit\/huile-cheveux-de-oden\/\"]}]},{\"@type\":\"BreadcrumbList\",\"@id\":\"https:\/\/howtospa.com\/produit\/huile-cheveux-de-oden\/#breadcrumb\",\"itemListElement\":[{\"@type\":\"ListItem\",\"position\":1,\"name\":\"Home\",\"item\":\"https:\/\/howtospa.com\/\"},{\"@type\":\"ListItem\",\"position\":2,\"name\":\"Products\",\"item\":\"https:\/\/howtospa.com\/en\/shop\/\"},{\"@type\":\"ListItem\",\"position\":3,\"name\":\"Huile Cheveux de Oden\"}]},{\"@type\":\"WebSite\",\"@id\":\"https:\/\/howtospa.com\/en\/#website\",\"url\":\"https:\/\/howtospa.com\/en\/\",\"name\":\"HowToSpa -How to vreate your relaxation\",\"description\":\"Kits, programmes et tutoriels de relaxation, auto-massage et bien-\u00eatre chez soi, au bureau ou dans les transports.\",\"publisher\":{\"@id\":\"https:\/\/howtospa.com\/en\/#organization\"},\"potentialAction\":[{\"@type\":\"SearchAction\",\"target\":{\"@type\":\"EntryPoint\",\"urlTemplate\":\"https:\/\/howtospa.com\/en\/?s={search_term_string}\"},\"query-input\":\"required name=search_term_string\"}],\"inLanguage\":\"en-US\"},{\"@type\":\"Organization\",\"@id\":\"https:\/\/howtospa.com\/en\/#organization\",\"name\":\"HowToSpa -How to vreate your relaxation\",\"url\":\"https:\/\/howtospa.com\/en\/\",\"logo\":{\"@type\":\"ImageObject\",\"inLanguage\":\"en-US\",\"@id\":\"https:\/\/howtospa.com\/en\/#\/schema\/logo\/image\/\",\"url\":\"http:\/\/preprod.howtospa.com\/wp-content\/uploads\/2021\/05\/logo-new-site-2.png\",\"contentUrl\":\"http:\/\/preprod.howtospa.com\/wp-content\/uploads\/2021\/05\/logo-new-site-2.png\",\"width\":953,\"height\":332,\"caption\":\"HowToSpa -How to vreate your relaxation\"},\"image\":{\"@id\":\"https:\/\/howtospa.com\/en\/#\/schema\/logo\/image\/\"},\"sameAs\":[\"https:\/\/www.pinterest.fr\/howtospa\"]}]}<\/script>\n<!-- \/ Yoast SEO plugin. -->","yoast_head_json":{"title":"Huile Cheveux de Oden - HowToSpa - How to create your relaxation","description":"Un Tote bag r\u00e9utilisable, esth\u00e9tique et de haute qualit\u00e9, en coton bio et fabriqu\u00e9 main par NiniseaHuile Cheveux Nourrissante & fortifiante50ml | 4 \u00e0 6 mois d\u2019utilisationL\u2019Huile Cheveux nourrit en profondeur les cheveux secs, d\u00e9vitalis\u00e9s et ab\u00eem\u00e9s, leur redonnant brillance et une texture soyeuse.Assemblage de 5 huiles v\u00e9g\u00e9tales fran\u00e7aises d\u2019exception, reconnues pour leurs propri\u00e9t\u00e9s :\u00a0\u2714\ufe0f Revitalisante : r\u00e9pare la fibre capillaire, redonnant brillance aux cheveux\u2714\ufe0f Fortifiante : stimule la pousse des cheveux, freinant leur chute\u2714\ufe0f Anti-oxydante : prot\u00e8ge des agressions ext\u00e9rieures (UVs, pollution\u2026)Huile \u00e0 la texture riche et au parfum solaire.Toutes les huiles sont vierges, de premi\u00e8re pression \u00e0 froid, issues de plantes cultiv\u00e9es et transform\u00e9es en France.","robots":{"index":"index","follow":"follow","max-snippet":"max-snippet:-1","max-image-preview":"max-image-preview:large","max-video-preview":"max-video-preview:-1"},"canonical":"https:\/\/howtospa.com\/produit\/huile-cheveux-de-oden\/","og_locale":"en_US","og_type":"article","og_title":"Huile Cheveux de Oden - HowToSpa - How to create your relaxation","og_description":"Un Tote bag r\u00e9utilisable, esth\u00e9tique et de haute qualit\u00e9, en coton bio et fabriqu\u00e9 main par NiniseaHuile Cheveux Nourrissante & fortifiante50ml | 4 \u00e0 6 mois d\u2019utilisationL\u2019Huile Cheveux nourrit en profondeur les cheveux secs, d\u00e9vitalis\u00e9s et ab\u00eem\u00e9s, leur redonnant brillance et une texture soyeuse.Assemblage de 5 huiles v\u00e9g\u00e9tales fran\u00e7aises d\u2019exception, reconnues pour leurs propri\u00e9t\u00e9s :\u00a0\u2714\ufe0f Revitalisante : r\u00e9pare la fibre capillaire, redonnant brillance aux cheveux\u2714\ufe0f Fortifiante : stimule la pousse des cheveux, freinant leur chute\u2714\ufe0f Anti-oxydante : prot\u00e8ge des agressions ext\u00e9rieures (UVs, pollution\u2026)Huile \u00e0 la texture riche et au parfum solaire.Toutes les huiles sont vierges, de premi\u00e8re pression \u00e0 froid, issues de plantes cultiv\u00e9es et transform\u00e9es en France.","og_url":"https:\/\/howtospa.com\/produit\/huile-cheveux-de-oden\/","og_site_name":"HowToSpa - How to create your relaxation","article_modified_time":"2025-11-05T21:19:58+00:00","og_image":[{"width":844,"height":1141,"url":"https:\/\/howtospa.com\/wp-content\/uploads\/2023\/06\/Huile-Cheveux.jpg","type":"image\/jpeg"}],"twitter_card":"summary_large_image","schema":{"@context":"https:\/\/schema.org","@graph":[{"@type":"WebPage","@id":"https:\/\/howtospa.com\/produit\/huile-cheveux-de-oden\/","url":"https:\/\/howtospa.com\/produit\/huile-cheveux-de-oden\/","name":"Huile Cheveux de Oden - HowToSpa - How to create your relaxation","isPartOf":{"@id":"https:\/\/howtospa.com\/en\/#website"},"datePublished":"2025-11-05T20:38:18+00:00","dateModified":"2025-11-05T21:19:58+00:00","description":"Un Tote bag r\u00e9utilisable, esth\u00e9tique et de haute qualit\u00e9, en coton bio et fabriqu\u00e9 main par NiniseaHuile Cheveux Nourrissante & fortifiante50ml | 4 \u00e0 6 mois d\u2019utilisationL\u2019Huile Cheveux nourrit en profondeur les cheveux secs, d\u00e9vitalis\u00e9s et ab\u00eem\u00e9s, leur redonnant brillance et une texture soyeuse.Assemblage de 5 huiles v\u00e9g\u00e9tales fran\u00e7aises d\u2019exception, reconnues pour leurs propri\u00e9t\u00e9s :\u00a0\u2714\ufe0f Revitalisante : r\u00e9pare la fibre capillaire, redonnant brillance aux cheveux\u2714\ufe0f Fortifiante : stimule la pousse des cheveux, freinant leur chute\u2714\ufe0f Anti-oxydante : prot\u00e8ge des agressions ext\u00e9rieures (UVs, pollution\u2026)Huile \u00e0 la texture riche et au parfum solaire.Toutes les huiles sont vierges, de premi\u00e8re pression \u00e0 froid, issues de plantes cultiv\u00e9es et transform\u00e9es en France.","breadcrumb":{"@id":"https:\/\/howtospa.com\/produit\/huile-cheveux-de-oden\/#breadcrumb"},"inLanguage":"en-US","potentialAction":[{"@type":"ReadAction","target":["https:\/\/howtospa.com\/produit\/huile-cheveux-de-oden\/"]}]},{"@type":"BreadcrumbList","@id":"https:\/\/howtospa.com\/produit\/huile-cheveux-de-oden\/#breadcrumb","itemListElement":[{"@type":"ListItem","position":1,"name":"Home","item":"https:\/\/howtospa.com\/"},{"@type":"ListItem","position":2,"name":"Products","item":"https:\/\/howtospa.com\/en\/shop\/"},{"@type":"ListItem","position":3,"name":"Huile Cheveux de Oden"}]},{"@type":"WebSite","@id":"https:\/\/howtospa.com\/en\/#website","url":"https:\/\/howtospa.com\/en\/","name":"HowToSpa -How to vreate your relaxation","description":"Kits, programmes et tutoriels de relaxation, auto-massage et bien-\u00eatre chez soi, au bureau ou dans les transports.","publisher":{"@id":"https:\/\/howtospa.com\/en\/#organization"},"potentialAction":[{"@type":"SearchAction","target":{"@type":"EntryPoint","urlTemplate":"https:\/\/howtospa.com\/en\/?s={search_term_string}"},"query-input":"required name=search_term_string"}],"inLanguage":"en-US"},{"@type":"Organization","@id":"https:\/\/howtospa.com\/en\/#organization","name":"HowToSpa -How to vreate your relaxation","url":"https:\/\/howtospa.com\/en\/","logo":{"@type":"ImageObject","inLanguage":"en-US","@id":"https:\/\/howtospa.com\/en\/#\/schema\/logo\/image\/","url":"http:\/\/preprod.howtospa.com\/wp-content\/uploads\/2021\/05\/logo-new-site-2.png","contentUrl":"http:\/\/preprod.howtospa.com\/wp-content\/uploads\/2021\/05\/logo-new-site-2.png","width":953,"height":332,"caption":"HowToSpa -How to vreate your relaxation"},"image":{"@id":"https:\/\/howtospa.com\/en\/#\/schema\/logo\/image\/"},"sameAs":["https:\/\/www.pinterest.fr\/howtospa"]}]}},"_links":{"self":[{"href":"https:\/\/howtospa.com\/en\/wp-json\/wp\/v2\/product\/33186","targetHints":{"allow":["GET"]}}],"collection":[{"href":"https:\/\/howtospa.com\/en\/wp-json\/wp\/v2\/product"}],"about":[{"href":"https:\/\/howtospa.com\/en\/wp-json\/wp\/v2\/types\/product"}],"wp:featuredmedia":[{"embeddable":true,"href":"https:\/\/howtospa.com\/en\/wp-json\/wp\/v2\/media\/30529"}],"wp:attachment":[{"href":"https:\/\/howtospa.com\/en\/wp-json\/wp\/v2\/media?parent=33186"}],"wp:term":[{"taxonomy":"product_cat","embeddable":true,"href":"https:\/\/howtospa.com\/en\/wp-json\/wp\/v2\/product_cat?post=33186"},{"taxonomy":"product_tag","embeddable":true,"href":"https:\/\/howtospa.com\/en\/wp-json\/wp\/v2\/product_tag?post=33186"}],"curies":[{"name":"wp","href":"https:\/\/api.w.org\/{rel}","templated":true}]}}