{"id":33187,"date":"2025-11-05T22:22:23","date_gmt":"2025-11-05T21:22:23","guid":{"rendered":"http:\/\/preprod.howtospa.com\/?post_type=product&#038;p=33187"},"modified":"2025-11-05T22:29:23","modified_gmt":"2025-11-05T21:29:23","slug":"huile-serum-mon-elixir-de-nyssae","status":"publish","type":"product","link":"https:\/\/howtospa.com\/en\/produit\/huile-serum-mon-elixir-de-nyssae\/","title":{"rendered":"Huile S\u00e9rum Mon Elixir de Nyssae"},"content":{"rendered":"","protected":false},"excerpt":{"rendered":"<p>Issu du <a href=\"http:\/\/preprod.howtospa.com\/kit-summer-2023\/\" target=\"_blank\" rel=\"noopener\">Kit Summer<\/a><\/p>\n<div class=\"lightly-spaced-row not-in-quickbuy\"><\/div>\n<div class=\"lightly-spaced-row not-in-quickbuy\">\n<div class=\"product-info-block\">\n<div class=\"rte cf\">\n<div class=\"metafield-rich_text_field\">\n<div class=\"woocommerce-product-details__short-description\">\n<p><strong>Mon Elixir Serum : <\/strong><strong>Argan et Figue de Barbarie, un concentr\u00e9 100% naturel \u00e0 emporter partout avec vous !<\/strong><\/p>\n<p><strong>Vous voulez r\u00e9veiller la beaut\u00e9 naturelle de votre peau<\/strong> ? Mon Elixir, c\u2019est le soin anti-\u00e2ge con\u00e7u pour les femmes qui recherchent l\u2019excellence pour leur corps. <strong>Le secret de son pouvoir r\u00e9g\u00e9n\u00e9rant<\/strong>\u00a0? Il puise dans les richesses de la terre avec les huiles naturelles d\u2019argan et de p\u00e9pins de figue de Barbarie, associ\u00e9es \u00e0 l\u2019extrait de myrtilles.<\/p>\n<p>Trois actifs puissants r\u00e9unis pour <strong>une formule rare et d\u2019une qualit\u00e9 exceptionnelle.<\/strong><\/p>\n<p>&nbsp;<\/p>\n<\/div>\n<p>Flacon 8 ml<\/p>\n<p>Ingr\u00e9dients : Huile d\u2019argan biologique, Huile de p\u00e9pins de figues de Barbarie biologique, Extrait de myrtilles biologique<\/p>\n<p>100% pur<\/p>\n<p>0% parfum<\/p>\n<p>0% additifs<\/p>\n<p>0% huiles essentielles<\/p>\n<p>0% huile de coco<\/p>\n<p>0% huile de palme<\/p>\n<\/div>\n<\/div>\n<\/div>\n<\/div>\n","protected":false},"featured_media":30535,"template":"","meta":{"_ppp_document_settings_meta":""},"product_cat":[210,448],"product_tag":[],"class_list":{"0":"post-33187","1":"product","2":"type-product","3":"status-publish","4":"has-post-thumbnail","6":"product_cat-uncategorized","7":"product_cat-cosmetiques"},"composite_layout":"","composite_add_to_cart_form_location":"","composite_editable_in_cart":false,"composite_sold_individually_context":"","composite_shop_price_calc":"","composite_components":[],"composite_scenarios":[],"yoast_head":"<!-- This site is optimized with the Yoast SEO plugin v20.9 - https:\/\/yoast.com\/wordpress\/plugins\/seo\/ -->\n<title>Huile S\u00e9rum Mon Elixir de Nyssae - HowToSpa - How to create your relaxation<\/title>\n<meta name=\"description\" content=\"Mon Elixir Serum : Argan et Figue de Barbarie, un concentr\u00e9 100% naturel \u00e0 emporter partout avec vous !Vous voulez r\u00e9veiller la beaut\u00e9 naturelle de votre peau ? Mon Elixir, c\u2019est le soin anti-\u00e2ge con\u00e7u pour les femmes qui recherchent l\u2019excellence pour leur corps. Le secret de son pouvoir r\u00e9g\u00e9n\u00e9rant\u00a0? Il puise dans les richesses de la terre avec les huiles naturelles d\u2019argan et de p\u00e9pins de figue de Barbarie, associ\u00e9es \u00e0 l\u2019extrait de myrtilles.Trois actifs puissants r\u00e9unis pour une formule rare et d\u2019une qualit\u00e9 exceptionnelle.Flacon 8 mlIngr\u00e9dients : Huile d\u2019argan biologique, Huile de p\u00e9pins de figues de Barbarie biologique, Extrait de myrtilles biologique100% pur0% parfum0% additifs0% huiles essentielles0% huile de coco0% huile de palme\" \/>\n<meta name=\"robots\" content=\"index, follow, max-snippet:-1, max-image-preview:large, max-video-preview:-1\" \/>\n<link rel=\"canonical\" href=\"https:\/\/howtospa.com\/produit\/huile-serum-mon-elixir-de-nyssae\/\" \/>\n<meta property=\"og:locale\" content=\"en_US\" \/>\n<meta property=\"og:type\" content=\"article\" \/>\n<meta property=\"og:title\" content=\"Huile S\u00e9rum Mon Elixir de Nyssae - HowToSpa - How to create your relaxation\" \/>\n<meta property=\"og:description\" content=\"Mon Elixir Serum : Argan et Figue de Barbarie, un concentr\u00e9 100% naturel \u00e0 emporter partout avec vous !Vous voulez r\u00e9veiller la beaut\u00e9 naturelle de votre peau ? Mon Elixir, c\u2019est le soin anti-\u00e2ge con\u00e7u pour les femmes qui recherchent l\u2019excellence pour leur corps. Le secret de son pouvoir r\u00e9g\u00e9n\u00e9rant\u00a0? Il puise dans les richesses de la terre avec les huiles naturelles d\u2019argan et de p\u00e9pins de figue de Barbarie, associ\u00e9es \u00e0 l\u2019extrait de myrtilles.Trois actifs puissants r\u00e9unis pour une formule rare et d\u2019une qualit\u00e9 exceptionnelle.Flacon 8 mlIngr\u00e9dients : Huile d\u2019argan biologique, Huile de p\u00e9pins de figues de Barbarie biologique, Extrait de myrtilles biologique100% pur0% parfum0% additifs0% huiles essentielles0% huile de coco0% huile de palme\" \/>\n<meta property=\"og:url\" content=\"https:\/\/howtospa.com\/produit\/huile-serum-mon-elixir-de-nyssae\/\" \/>\n<meta property=\"og:site_name\" content=\"HowToSpa - How to create your relaxation\" \/>\n<meta property=\"article:modified_time\" content=\"2025-11-05T21:29:23+00:00\" \/>\n<meta property=\"og:image\" content=\"https:\/\/howtospa.com\/wp-content\/uploads\/2023\/06\/Mon-elixir.jpg\" \/>\n\t<meta property=\"og:image:width\" content=\"844\" \/>\n\t<meta property=\"og:image:height\" content=\"1125\" \/>\n\t<meta property=\"og:image:type\" content=\"image\/jpeg\" \/>\n<meta name=\"twitter:card\" content=\"summary_large_image\" \/>\n<script type=\"application\/ld+json\" class=\"yoast-schema-graph\">{\"@context\":\"https:\/\/schema.org\",\"@graph\":[{\"@type\":\"WebPage\",\"@id\":\"https:\/\/howtospa.com\/produit\/huile-serum-mon-elixir-de-nyssae\/\",\"url\":\"https:\/\/howtospa.com\/produit\/huile-serum-mon-elixir-de-nyssae\/\",\"name\":\"Huile S\u00e9rum Mon Elixir de Nyssae - HowToSpa - How to create your relaxation\",\"isPartOf\":{\"@id\":\"https:\/\/howtospa.com\/en\/#website\"},\"datePublished\":\"2025-11-05T21:22:23+00:00\",\"dateModified\":\"2025-11-05T21:29:23+00:00\",\"description\":\"Mon Elixir Serum : Argan et Figue de Barbarie, un concentr\u00e9 100% naturel \u00e0 emporter partout avec vous !Vous voulez r\u00e9veiller la beaut\u00e9 naturelle de votre peau ? Mon Elixir, c\u2019est le soin anti-\u00e2ge con\u00e7u pour les femmes qui recherchent l\u2019excellence pour leur corps. Le secret de son pouvoir r\u00e9g\u00e9n\u00e9rant\u00a0? Il puise dans les richesses de la terre avec les huiles naturelles d\u2019argan et de p\u00e9pins de figue de Barbarie, associ\u00e9es \u00e0 l\u2019extrait de myrtilles.Trois actifs puissants r\u00e9unis pour une formule rare et d\u2019une qualit\u00e9 exceptionnelle.Flacon 8 mlIngr\u00e9dients : Huile d\u2019argan biologique, Huile de p\u00e9pins de figues de Barbarie biologique, Extrait de myrtilles biologique100% pur0% parfum0% additifs0% huiles essentielles0% huile de coco0% huile de palme\",\"breadcrumb\":{\"@id\":\"https:\/\/howtospa.com\/produit\/huile-serum-mon-elixir-de-nyssae\/#breadcrumb\"},\"inLanguage\":\"en-US\",\"potentialAction\":[{\"@type\":\"ReadAction\",\"target\":[\"https:\/\/howtospa.com\/produit\/huile-serum-mon-elixir-de-nyssae\/\"]}]},{\"@type\":\"BreadcrumbList\",\"@id\":\"https:\/\/howtospa.com\/produit\/huile-serum-mon-elixir-de-nyssae\/#breadcrumb\",\"itemListElement\":[{\"@type\":\"ListItem\",\"position\":1,\"name\":\"Home\",\"item\":\"https:\/\/howtospa.com\/\"},{\"@type\":\"ListItem\",\"position\":2,\"name\":\"Products\",\"item\":\"https:\/\/howtospa.com\/en\/shop\/\"},{\"@type\":\"ListItem\",\"position\":3,\"name\":\"Huile S\u00e9rum Mon Elixir de Nyssae\"}]},{\"@type\":\"WebSite\",\"@id\":\"https:\/\/howtospa.com\/en\/#website\",\"url\":\"https:\/\/howtospa.com\/en\/\",\"name\":\"HowToSpa -How to vreate your relaxation\",\"description\":\"Kits, programmes et tutoriels de relaxation, auto-massage et bien-\u00eatre chez soi, au bureau ou dans les transports.\",\"publisher\":{\"@id\":\"https:\/\/howtospa.com\/en\/#organization\"},\"potentialAction\":[{\"@type\":\"SearchAction\",\"target\":{\"@type\":\"EntryPoint\",\"urlTemplate\":\"https:\/\/howtospa.com\/en\/?s={search_term_string}\"},\"query-input\":\"required name=search_term_string\"}],\"inLanguage\":\"en-US\"},{\"@type\":\"Organization\",\"@id\":\"https:\/\/howtospa.com\/en\/#organization\",\"name\":\"HowToSpa -How to vreate your relaxation\",\"url\":\"https:\/\/howtospa.com\/en\/\",\"logo\":{\"@type\":\"ImageObject\",\"inLanguage\":\"en-US\",\"@id\":\"https:\/\/howtospa.com\/en\/#\/schema\/logo\/image\/\",\"url\":\"http:\/\/preprod.howtospa.com\/wp-content\/uploads\/2021\/05\/logo-new-site-2.png\",\"contentUrl\":\"http:\/\/preprod.howtospa.com\/wp-content\/uploads\/2021\/05\/logo-new-site-2.png\",\"width\":953,\"height\":332,\"caption\":\"HowToSpa -How to vreate your relaxation\"},\"image\":{\"@id\":\"https:\/\/howtospa.com\/en\/#\/schema\/logo\/image\/\"},\"sameAs\":[\"https:\/\/www.pinterest.fr\/howtospa\"]}]}<\/script>\n<!-- \/ Yoast SEO plugin. -->","yoast_head_json":{"title":"Huile S\u00e9rum Mon Elixir de Nyssae - HowToSpa - How to create your relaxation","description":"Mon Elixir Serum : Argan et Figue de Barbarie, un concentr\u00e9 100% naturel \u00e0 emporter partout avec vous !Vous voulez r\u00e9veiller la beaut\u00e9 naturelle de votre peau ? Mon Elixir, c\u2019est le soin anti-\u00e2ge con\u00e7u pour les femmes qui recherchent l\u2019excellence pour leur corps. Le secret de son pouvoir r\u00e9g\u00e9n\u00e9rant\u00a0? Il puise dans les richesses de la terre avec les huiles naturelles d\u2019argan et de p\u00e9pins de figue de Barbarie, associ\u00e9es \u00e0 l\u2019extrait de myrtilles.Trois actifs puissants r\u00e9unis pour une formule rare et d\u2019une qualit\u00e9 exceptionnelle.Flacon 8 mlIngr\u00e9dients : Huile d\u2019argan biologique, Huile de p\u00e9pins de figues de Barbarie biologique, Extrait de myrtilles biologique100% pur0% parfum0% additifs0% huiles essentielles0% huile de coco0% huile de palme","robots":{"index":"index","follow":"follow","max-snippet":"max-snippet:-1","max-image-preview":"max-image-preview:large","max-video-preview":"max-video-preview:-1"},"canonical":"https:\/\/howtospa.com\/produit\/huile-serum-mon-elixir-de-nyssae\/","og_locale":"en_US","og_type":"article","og_title":"Huile S\u00e9rum Mon Elixir de Nyssae - HowToSpa - How to create your relaxation","og_description":"Mon Elixir Serum : Argan et Figue de Barbarie, un concentr\u00e9 100% naturel \u00e0 emporter partout avec vous !Vous voulez r\u00e9veiller la beaut\u00e9 naturelle de votre peau ? Mon Elixir, c\u2019est le soin anti-\u00e2ge con\u00e7u pour les femmes qui recherchent l\u2019excellence pour leur corps. Le secret de son pouvoir r\u00e9g\u00e9n\u00e9rant\u00a0? Il puise dans les richesses de la terre avec les huiles naturelles d\u2019argan et de p\u00e9pins de figue de Barbarie, associ\u00e9es \u00e0 l\u2019extrait de myrtilles.Trois actifs puissants r\u00e9unis pour une formule rare et d\u2019une qualit\u00e9 exceptionnelle.Flacon 8 mlIngr\u00e9dients : Huile d\u2019argan biologique, Huile de p\u00e9pins de figues de Barbarie biologique, Extrait de myrtilles biologique100% pur0% parfum0% additifs0% huiles essentielles0% huile de coco0% huile de palme","og_url":"https:\/\/howtospa.com\/produit\/huile-serum-mon-elixir-de-nyssae\/","og_site_name":"HowToSpa - How to create your relaxation","article_modified_time":"2025-11-05T21:29:23+00:00","og_image":[{"width":844,"height":1125,"url":"https:\/\/howtospa.com\/wp-content\/uploads\/2023\/06\/Mon-elixir.jpg","type":"image\/jpeg"}],"twitter_card":"summary_large_image","schema":{"@context":"https:\/\/schema.org","@graph":[{"@type":"WebPage","@id":"https:\/\/howtospa.com\/produit\/huile-serum-mon-elixir-de-nyssae\/","url":"https:\/\/howtospa.com\/produit\/huile-serum-mon-elixir-de-nyssae\/","name":"Huile S\u00e9rum Mon Elixir de Nyssae - HowToSpa - How to create your relaxation","isPartOf":{"@id":"https:\/\/howtospa.com\/en\/#website"},"datePublished":"2025-11-05T21:22:23+00:00","dateModified":"2025-11-05T21:29:23+00:00","description":"Mon Elixir Serum : Argan et Figue de Barbarie, un concentr\u00e9 100% naturel \u00e0 emporter partout avec vous !Vous voulez r\u00e9veiller la beaut\u00e9 naturelle de votre peau ? Mon Elixir, c\u2019est le soin anti-\u00e2ge con\u00e7u pour les femmes qui recherchent l\u2019excellence pour leur corps. Le secret de son pouvoir r\u00e9g\u00e9n\u00e9rant\u00a0? Il puise dans les richesses de la terre avec les huiles naturelles d\u2019argan et de p\u00e9pins de figue de Barbarie, associ\u00e9es \u00e0 l\u2019extrait de myrtilles.Trois actifs puissants r\u00e9unis pour une formule rare et d\u2019une qualit\u00e9 exceptionnelle.Flacon 8 mlIngr\u00e9dients : Huile d\u2019argan biologique, Huile de p\u00e9pins de figues de Barbarie biologique, Extrait de myrtilles biologique100% pur0% parfum0% additifs0% huiles essentielles0% huile de coco0% huile de palme","breadcrumb":{"@id":"https:\/\/howtospa.com\/produit\/huile-serum-mon-elixir-de-nyssae\/#breadcrumb"},"inLanguage":"en-US","potentialAction":[{"@type":"ReadAction","target":["https:\/\/howtospa.com\/produit\/huile-serum-mon-elixir-de-nyssae\/"]}]},{"@type":"BreadcrumbList","@id":"https:\/\/howtospa.com\/produit\/huile-serum-mon-elixir-de-nyssae\/#breadcrumb","itemListElement":[{"@type":"ListItem","position":1,"name":"Home","item":"https:\/\/howtospa.com\/"},{"@type":"ListItem","position":2,"name":"Products","item":"https:\/\/howtospa.com\/en\/shop\/"},{"@type":"ListItem","position":3,"name":"Huile S\u00e9rum Mon Elixir de Nyssae"}]},{"@type":"WebSite","@id":"https:\/\/howtospa.com\/en\/#website","url":"https:\/\/howtospa.com\/en\/","name":"HowToSpa -How to vreate your relaxation","description":"Kits, programmes et tutoriels de relaxation, auto-massage et bien-\u00eatre chez soi, au bureau ou dans les transports.","publisher":{"@id":"https:\/\/howtospa.com\/en\/#organization"},"potentialAction":[{"@type":"SearchAction","target":{"@type":"EntryPoint","urlTemplate":"https:\/\/howtospa.com\/en\/?s={search_term_string}"},"query-input":"required name=search_term_string"}],"inLanguage":"en-US"},{"@type":"Organization","@id":"https:\/\/howtospa.com\/en\/#organization","name":"HowToSpa -How to vreate your relaxation","url":"https:\/\/howtospa.com\/en\/","logo":{"@type":"ImageObject","inLanguage":"en-US","@id":"https:\/\/howtospa.com\/en\/#\/schema\/logo\/image\/","url":"http:\/\/preprod.howtospa.com\/wp-content\/uploads\/2021\/05\/logo-new-site-2.png","contentUrl":"http:\/\/preprod.howtospa.com\/wp-content\/uploads\/2021\/05\/logo-new-site-2.png","width":953,"height":332,"caption":"HowToSpa -How to vreate your relaxation"},"image":{"@id":"https:\/\/howtospa.com\/en\/#\/schema\/logo\/image\/"},"sameAs":["https:\/\/www.pinterest.fr\/howtospa"]}]}},"_links":{"self":[{"href":"https:\/\/howtospa.com\/en\/wp-json\/wp\/v2\/product\/33187","targetHints":{"allow":["GET"]}}],"collection":[{"href":"https:\/\/howtospa.com\/en\/wp-json\/wp\/v2\/product"}],"about":[{"href":"https:\/\/howtospa.com\/en\/wp-json\/wp\/v2\/types\/product"}],"wp:featuredmedia":[{"embeddable":true,"href":"https:\/\/howtospa.com\/en\/wp-json\/wp\/v2\/media\/30535"}],"wp:attachment":[{"href":"https:\/\/howtospa.com\/en\/wp-json\/wp\/v2\/media?parent=33187"}],"wp:term":[{"taxonomy":"product_cat","embeddable":true,"href":"https:\/\/howtospa.com\/en\/wp-json\/wp\/v2\/product_cat?post=33187"},{"taxonomy":"product_tag","embeddable":true,"href":"https:\/\/howtospa.com\/en\/wp-json\/wp\/v2\/product_tag?post=33187"}],"curies":[{"name":"wp","href":"https:\/\/api.w.org\/{rel}","templated":true}]}}